{"id":1030,"date":"2021-11-10T19:58:00","date_gmt":"2021-11-10T18:58:00","guid":{"rendered":"https:\/\/mama-niemowlaka.pl\/sklep\/?page_id=1030"},"modified":"2024-09-30T03:17:54","modified_gmt":"2024-09-30T01:17:54","slug":"kontakt","status":"publish","type":"page","link":"https:\/\/mama-niemowlaka.pl\/sklep\/kontakt\/","title":{"rendered":"Kontakt"},"content":{"rendered":"\n<h1 class=\"wp-block-heading\">Kontakt ze Sklepem<\/h1>\n\n\n\n<h2 class=\"wp-block-heading\"><strong>Zapraszamy do kontaktu z zespo\u0142em sklepu za pomoc\u0105 :<\/strong><\/h2>\n\n\n\n<p>Adres e-mail:        <strong><a href=\"mailto:bok@mama-niemowlaka.pl\" target=\"_blank\" rel=\"noreferrer noopener\">bok@mama-niemowlaka.pl<\/a><\/strong><br>Numer telefonu:    <a href=\"tel:505760389\" target=\"_blank\" rel=\"noreferrer noopener\">505-760-389<\/a> <\/p>\n\n\n\n<p><a href=\"https:\/\/instagram.com\/mamaniemowlaka\" target=\"_blank\" rel=\"noopener\">https:\/\/instagram.com\/mamaniemowlaka<\/a><\/p>\n\n\n\n<div class=\"wp-block-media-text alignwide is-vertically-aligned-center has-woostify-heading-color has-text-color\" style=\"grid-template-columns:15% auto\"><figure class=\"wp-block-media-text__media\"><img decoding=\"async\" src=\"https:\/\/mama-niemowlaka.pl\/sklep\/wp-content\/uploads\/sites\/3\/2021\/11\/Mail-icon.png\" alt=\"\" class=\"wp-image-1543 size-full\" title=\"\"><\/figure><div class=\"wp-block-media-text__content\">\n<h2 class=\"wp-block-heading\"><strong> Adres Sprzedawcy do zwrot\u00f3w :   <\/strong><\/h2>\n\n\n\n<p><strong>mama-niemowlaka.pl <\/strong><\/p>\n\n\n\n<p>Iwa\u0144czuk Sp\u00f3\u0142ka Jawna<br>ul. Melonowa 29,<br>05-552 Warszawa.<\/p>\n<\/div><\/div>\n\n\n\n<p>Numer rachunku bankowego Sprzedawcy w mBank: 48 1140 2004 0000 3002 8190 2063<\/p>\n","protected":false},"excerpt":{"rendered":"<p>Kontakt ze Sklepem Zapraszamy do kontaktu z zespo\u0142em sklepu za pomoc\u0105 : Adres e-mail: bok@mama-niemowlaka.plNumer telefonu: 505-760-389 https:\/\/instagram.com\/mamaniemowlaka Adres Sprzedawcy&#8230;<\/p>\n","protected":false},"author":1,"featured_media":0,"parent":0,"menu_order":0,"comment_status":"closed","ping_status":"closed","template":"","meta":{"footnotes":""},"class_list":["post-1030","page","type-page","status-publish","hentry"],"_links":{"self":[{"href":"https:\/\/mama-niemowlaka.pl\/sklep\/wp-json\/wp\/v2\/pages\/1030","targetHints":{"allow":["GET"]}}],"collection":[{"href":"https:\/\/mama-niemowlaka.pl\/sklep\/wp-json\/wp\/v2\/pages"}],"about":[{"href":"https:\/\/mama-niemowlaka.pl\/sklep\/wp-json\/wp\/v2\/types\/page"}],"author":[{"embeddable":true,"href":"https:\/\/mama-niemowlaka.pl\/sklep\/wp-json\/wp\/v2\/users\/1"}],"replies":[{"embeddable":true,"href":"https:\/\/mama-niemowlaka.pl\/sklep\/wp-json\/wp\/v2\/comments?post=1030"}],"version-history":[{"count":0,"href":"https:\/\/mama-niemowlaka.pl\/sklep\/wp-json\/wp\/v2\/pages\/1030\/revisions"}],"wp:attachment":[{"href":"https:\/\/mama-niemowlaka.pl\/sklep\/wp-json\/wp\/v2\/media?parent=1030"}],"curies":[{"name":"wp","href":"https:\/\/api.w.org\/{rel}","templated":true}]}}