{"id":13553,"date":"2024-03-02T01:36:35","date_gmt":"2024-03-02T00:36:35","guid":{"rendered":"https:\/\/mama-niemowlaka.pl\/sklep\/?page_id=13553"},"modified":"2024-03-07T01:11:38","modified_gmt":"2024-03-07T00:11:38","slug":"polityka-cookies","status":"publish","type":"page","link":"https:\/\/mama-niemowlaka.pl\/sklep\/polityka-cookies\/","title":{"rendered":"Polityka Cookies"},"content":{"rendered":"\n<h1 class=\"wp-block-heading\" style=\"font-size:2rem;font-style:normal;font-weight:800\">Polityka Cookies<\/h1>\n\n\n\n<p>To Twoje dane osobowe, kt\u00f3re pobierane s\u0105 automatycznie po wej\u015bciu na mama-niemowlaka.pl<\/p>\n\n\n\n<p>Pliki cookies (tzw. \u201eciasteczka\u201d) stanowi\u0105 dane informatyczne, w szczeg\u00f3lno\u015bci pliki tekstowe, kt\u00f3re przechowywane s\u0105 w urz\u0105dzeniu ko\u0144cowym Klienta mama-niemowlaka.pl.<br>W ramach mama-niemowlaka.pl stosowane s\u0105 dwa zasadnicze rodzaje plik\u00f3w cookies: \u201esesyjne\u201d (session cookies) oraz \u201esta\u0142e\u201d (persistent cookies).<br>Cookies \u201esesyjne\u201d s\u0105 plikami tymczasowymi, kt\u00f3re przechowywane s\u0105 w urz\u0105dzeniu ko\u0144cowym Klienta do czasu wylogowania, opuszczenia strony internetowej lub wy\u0142\u0105czenia oprogramowania (przegl\u0105darki internetowej).<br>\u201eSta\u0142e\u201d pliki cookies przechowywane s\u0105 w urz\u0105dzeniu ko\u0144cowym Klienta przez czas okre\u015blony w parametrach plik\u00f3w cookies lub do czasu ich usuni\u0119cia przez Klienta.<\/p>\n\n\n\n<h2 class=\"wp-block-heading strona\" style=\"font-size:2rem;font-style:normal;font-weight:500\">I. Twoje zgody na Cookies<\/h2>\n\n\n\n<p>Mo\u017cesz nimi <a href=\"https:\/\/mama-niemowlaka.pl\/sklep\/cookies\/\">zarz\u0105dza\u0107 pod tym linkiem<\/a>&nbsp;<\/p>\n\n\n\n<h2 class=\"wp-block-heading strona\" style=\"font-size:2rem;font-style:normal;font-weight:500\">II. Banner o Cookies<\/h2>\n\n\n\n<p>Do zarz\u0105dzania plikami cookie i podobnymi wykorzystywanymi technologiami (piksele \u015bledz\u0105ce, web beacons itp.) oraz powi\u0105zanymi zgodami u\u017cywamy narz\u0119dzia do wyra\u017cania zgody &#8222;Real Cookie Banner&#8221;. Szczeg\u00f3\u0142y na temat tego, jak dzia\u0142a &#8222;Real Cookie Banner&#8221; mo\u017cna znale\u017a\u0107 na<a href=\"https:\/\/devowl.io\/rcb\/data-processing\/\" target=\"_blank\" rel=\"noopener\"> https:\/\/devowl.io\/rcb\/data-processing\/<\/a>.<\/p>\n\n\n\n<p>Podstaw\u0105 prawn\u0105 przetwarzania danych osobowych w tym kontek\u015bcie jest <a href=\"https:\/\/devowl.io\/rcb\/data-processing\/\" target=\"_blank\" rel=\"noopener\">art. 6 ust. 1 lit. c RODO oraz art. 6 ust. 1 lit. f RODO<\/a>. Naszym uzasadnionym interesem jest zarz\u0105dzanie plikami cookie i podobnymi wykorzystywanymi technologiami oraz zwi\u0105zanymi z nimi zgodami.<\/p>\n\n\n\n<p>Podanie danych osobowych (adresu IP) nie jest wymagane umownie ani konieczne do zawarcia umowy. Nie s\u0105 Pa\u0144stwo zobowi\u0105zani do podania danych osobowych. Je\u015bli nie podadz\u0105 Pa\u0144stwo danych osobowych, nie b\u0119dziemy mogli zarz\u0105dza\u0107 Pa\u0144stwa zgodami.<\/p>\n\n\n\n<h2 class=\"wp-block-heading strona\" style=\"font-size:2rem;font-style:normal;font-weight:500\">III. Rodzaje Cookies<\/h2>\n\n\n\n<p>W ramach mama-niemowlaka.pl stosowane s\u0105 nast\u0119puj\u0105ce rodzaje plik\u00f3w cookies:<\/p>\n\n\n\n<ul class=\"wp-block-list\">\n<li>\u201e<strong>niezb\u0119dne<\/strong>\u201d Us\u0142ugi niezb\u0119dne wymagane s\u0105 do podstawowej funkcjonalno\u015bci witryny. Obejmuj\u0105 one wy\u0142\u0105cznie us\u0142ugi potrzebne z technicznego punktu widzenia. Nie mo\u017cna wnie\u015b\u0107 sprzeciwu wobec tych us\u0142ug. <br>np. uwierzytelniaj\u0105ce pliki cookies wykorzystywane do us\u0142ug wymagaj\u0105cych uwierzytelniania (zalogowania); cookies pami\u0119taj\u0105ce Tw\u00f3j koszyk i inne ustawienia w sklepie Ecommerce;&nbsp;<\/li>\n\n\n\n<li>\u201e<strong>statystyczne<\/strong>\u201d Us\u0142ugi statystyczne s\u0105 potrzebne do gromadzenia anonimowych danych o odwiedzaj\u0105cych witryn\u0119. Dane te pozwalaj\u0105 nam lepiej zrozumie\u0107 odwiedzaj\u0105cych i zoptymalizowa\u0107 witryn\u0119 <em><strong>mama-niemowlaka.pl<\/strong><\/em>;<\/li>\n\n\n\n<li>\u201e<strong>funkcjonalne<\/strong>\u201d Us\u0142ugi funkcjonalne s\u0105 konieczne do zapewnienia funkcji wykraczaj\u0105cych poza podstawow\u0105 funkcjonalno\u015b\u0107, takich jak \u0142adniejsze czcionki, odtwarzanie wideo lub interaktywne funkcje web 2.0. Tre\u015bci pochodz\u0105ce np. z platform wideo i medi\u00f3w spo\u0142eczno\u015bciowych s\u0105 domy\u015blnie blokowane i mo\u017cna wyrazi\u0107 na nie zgod\u0119. <\/li>\n\n\n\n<li>\u201e<strong>marketingowe<\/strong>\u201d Us\u0142ugi marketingowe s\u0105 wykorzystywane przez nas i strony trzecie (Google, Meta) do \u015bledzenia zachowa\u0144 poszczeg\u00f3lnych odwiedzaj\u0105cych (na wielu stronach), analizowania zebranych danych i, na przyk\u0142ad, wy\u015bwietlania spersonalizowanych reklam. Us\u0142ugi te umo\u017cliwiaj\u0105 nam \u015bledzenie odwiedzaj\u0105cych na wielu stronach internetowych. <\/li>\n<\/ul>\n\n\n\n<p>W wielu przypadkach oprogramowanie s\u0142u\u017c\u0105ce do przegl\u0105dania stron internetowych (przegl\u0105darka internetowa) domy\u015blnie dopuszcza przechowywanie plik\u00f3w cookies. Je\u015bli nie zgadzasz si\u0119 na umieszczanie na swoim urz\u0105dzeniu plik\u00f3w cookies, mo\u017cesz zablokowa\u0107 ich umieszczenie odpowiednio konfiguruj\u0105c swoja przegl\u0105dark\u0119 internetow\u0105. Informacje jak to zrobi\u0107 znajdziesz w plikach pomocy swojej przegl\u0105darki internetowej. Niestety w przypadku zablokowania plik\u00f3w cookies pochodz\u0105cych z<em><strong> mama-niemowlaka.pl<\/strong> <\/em>nie mo\u017cemy zagwarantowa\u0107&nbsp; poprawnego dzia\u0142ania sklepu.<br>Je\u017celi zgadzasz si\u0119 na umieszczanie na swoim urz\u0105dzeniu plik\u00f3w cookies, ale po zako\u0144czeniu odwiedzin w <em><strong>mama-niemowlaka.pl<\/strong> <\/em>chcia\u0142by\u015b je skasowa\u0107, mo\u017cesz to zrobi\u0107 bez ryzyka a informacj\u0119 o tym jak, to zrobi\u0107 znajdziesz w plikach pomocy swojej przegl\u0105darki internetowej lub za pomoc\u0105 dedykowanej aplikacji kasuj\u0105cej zb\u0119dne pliki na twoim urz\u0105dzeniu.<\/p>\n\n\n\n<h3 class=\"wp-block-heading strona\" id=\"strona\" style=\"font-size:1.8rem\">A. Sklep mama-niemowlaka.pl (serwer)<\/h3>\n\n\n\n<p>System informatyczny, z kt\u00f3rego korzysta<em><strong> mama-niemowlaka.pl<\/strong> <\/em>automatycznie gromadzi w logach dane zwi\u0105zane z urz\u0105dzeniem, z kt\u00f3rego korzystasz \u0142\u0105cz\u0105c si\u0119 z mama-niemowlaka.pl. Dane te gromadzone s\u0105 jedynie w celach statystycznych i dotycz\u0105: typu urz\u0105dzenia, systemu operacyjnego, rodzaju przegl\u0105darki internetowej, rozdzielczo\u015bci ekranu, g\u0142\u0119bi kolor\u00f3w, IP, dostawcy us\u0142ug internetowych, czy adres wej\u015bcia na mama-niemowlaka.pl i s\u0105 wykorzystywane jedynie w procesie optymalizacji <em><strong>mama-niemowlaka.pl<\/strong><\/em> w celu zapewnienia jak najwi\u0119kszej wygody korzystania.<br>Dane te nie s\u0105 nigdy \u0142\u0105czone z danymi podanymi, o kt\u00f3rych mowa w IV cz\u0119\u015bci i stanowi\u0105 jedynie materia\u0142 do analizy statystycznej i mechanizm\u00f3w korygowania b\u0142\u0119d\u00f3w systemowych.<br>Dane s\u0105 przetwarzane przez 24 miesi\u0105ce od ostatniej aktywno\u015bci.<\/p>\n\n\n\n<h3 class=\"wp-block-heading\" style=\"font-size:2rem\">B. Strona mama-niemowlaka.pl (cookies)<\/h3>\n\n\n\n<p><em><strong>mama-niemowlaka.pl<\/strong> <\/em>wykorzystuje technologi\u0119 \u201ecookies\u201d, czyli plik\u00f3w tekstowych umieszczanych na Twoim urz\u0105dzeniu, w celu umo\u017cliwienia <em><strong>mama-niemowlaka.pl<\/strong><\/em> rozpoznania Ciebie i dostosowania sklepu <em><strong>mama-niemowlaka.pl<\/strong><\/em> do Twoich potrzeb.<br><em><strong>mama-niemowlaka.pl<\/strong> <\/em>wykorzystuje cookies do:<\/p>\n\n\n\n<ul class=\"wp-block-list\">\n<li>zapami\u0119tania zalogowania (sesja trwa 30 minut od ostatniej aktywno\u015bci, po czym cookie jest kasowane);<\/li>\n\n\n\n<li>zapami\u0119tania zawarto\u015bci Twojego koszyka (sesja trwa 30 dni od ostatniej aktywno\u015bci, po czym cookie jest kasowane);<\/li>\n\n\n\n<li>zapami\u0119tania Twoich preferencji wy\u015bwietlania <em><strong>mama-niemowlaka.pl<\/strong> <\/em>(sesja trwa 30 dni od ostatniej aktywno\u015bci, po czym cookie jest kasowane);<\/li>\n\n\n\n<li>tworzenia statystyk i raport\u00f3w ogl\u0105dalno\u015bci funkcjonowania <em><strong>mama-niemowlaka.pl<\/strong><\/em>; (sesja trwa 30 dni od ostatniej aktywno\u015bci, po czym cookie jest kasowane);<\/li>\n\n\n\n<li>personalizowania wygl\u0105du <em><strong>mama-niemowlaka.pl<\/strong><\/em> przez wy\u015bwietlanie produkt\u00f3w, kt\u00f3re algorytm sklepu wska\u017ce jako interesuj\u0105ce dla Ciebie w oparciu o produkty jakie kupi\u0142e\u015b, w\u0142o\u017cy\u0142e\u015b do koszyka, wyszuka\u0142e\u015b w sklepie, a tak\u017ce ich autor\u00f3w, producent\u00f3w, kategori\u0119 \u2013 s\u0142owem produkty podobne, ale nigdy nie \u0142\u0105czone bezpo\u015brednio z Twoimi danymi osobowymi. (sesja trwa 30 dni od ostatniej aktywno\u015bci, po czym cookie jest kasowane);<\/li>\n<\/ul>\n\n\n\n<h3 class=\"wp-block-heading\" style=\"font-size:1.8rem\">C. Google Tag i Google Analytics (cookies)<\/h3>\n\n\n\n<p>Google Analytics wykorzystuje technologi\u0119 \u201ecookies\u201d, czyli plik\u00f3w tekstowych umieszczanych na Twoim urz\u0105dzeniu, w celu umo\u017cliwienia przeanalizowania przez <em><strong>mama-niemowlaka.pl<\/strong><\/em> \u017ar\u00f3de\u0142 ruchu i sposobu, w jaki odwiedzaj\u0105cy korzystaj\u0105 z niego.<br>Google gromadzi na swoich serwerach dane pozyskane z umieszczania na urz\u0105dzeniach plik\u00f3w cookies i korzysta z tych informacji w celu tworzenia raport\u00f3w i \u015bwiadczenia innych us\u0142ug zwi\u0105zanych z ruchem i korzystaniem z internetu.<br>Google mo\u017ce r\u00f3wnie\u017c przekazywa\u0107 te informacje osobom trzecim, je\u017celi b\u0119dzie zobowi\u0105zana to uczyni\u0107 na podstawie przepis\u00f3w prawa lub w przypadku, gdy osoby te przetwarzaj\u0105 takie informacje w imieniu Google.<br>Dane te nigdy nie s\u0105 \u0142\u0105czone z danymi podanymi przez Ciebie w celu realizacji zam\u00f3wienia, stanowi\u0105 jedynie materia\u0142 do analizy statystycznej i mechanizm\u00f3w korygowania b\u0142\u0119d\u00f3w systemowych.<br>Dane s\u0105 przetwarzane przez 12 miesi\u0119cy od ostatniej aktywno\u015bci, po czym cookie jest kasowane.<\/p>\n\n\n\n<h3 class=\"wp-block-heading\" style=\"font-size:2rem\">D. Google AdWords (cookies)<\/h3>\n\n\n\n<p>Google AdWords wykorzystuje technologi\u0119 \u201ecookies\u201d, czyli plik\u00f3w tekstowych umieszczanych na Twoim urz\u0105dzeniu, w celu umo\u017cliwienia przez <em><strong>mama-niemowlaka.pl<\/strong> <\/em>oceny poprawno\u015bci i skuteczno\u015bci prowadzonej dzia\u0142alno\u015bci reklamowej z wykorzystaniem sieci AdWords.<br>Google gromadzi na swoich serwerach dane pozyskane z umieszczania na urz\u0105dzeniach plik\u00f3w cookies i korzysta z tych informacji w celu tworzenia raport\u00f3w i \u015bwiadczenia innych us\u0142ug zwi\u0105zanych z ruchem i korzystaniem z internetu.<br>Google mo\u017ce r\u00f3wnie\u017c przekazywa\u0107 te informacje osobom trzecim, je\u017celi b\u0119dzie zobowi\u0105zana to uczyni\u0107 na podstawie przepis\u00f3w prawa lub w przypadku, gdy osoby te przetwarzaj\u0105 takie informacje w imieniu Google.<br>Dane te nigdy nie s\u0105 \u0142\u0105czone z danymi podanymi przez Ciebie w celu realizacji zam\u00f3wienia, stanowi\u0105 jedynie materia\u0142 do analizy statystycznej i mechanizm\u00f3w korygowania b\u0142\u0119d\u00f3w systemowych.<br>Dane s\u0105 przetwarzane przez 12 miesi\u0119cy od ostatniej aktywno\u015bci, po czym cookie jest kasowane.<\/p>\n\n\n\n<h3 class=\"wp-block-heading\" style=\"font-size:1.8rem\">E. Real Cookie Banner<\/h3>\n\n\n\n<p>Real Cookie Banner prosi odwiedzaj\u0105cych witryn\u0119 o zgod\u0119 na ustawienie plik\u00f3w cookie i przetwarzanie danych osobowych. W tym celu ka\u017cdej osobie odwiedzaj\u0105cej witryn\u0119 przypisywany jest UUID (anonimowy identyfikator u\u017cytkownika), kt\u00f3ry jest wa\u017cny do momentu wyga\u015bni\u0119cia pliku cookie w celu przechowywania zgody. Pliki cookie s\u0105 u\u017cywane do testowania, czy pliki cookie mog\u0105 by\u0107 ustawione, do przechowywania odniesienia do udokumentowanej zgody, do przechowywania, na kt\u00f3re us\u0142ugi, z kt\u00f3rych grup us\u0142ug odwiedzaj\u0105cy wyrazi\u0142 zgod\u0119, oraz, je\u015bli zgoda zosta\u0142a uzyskana zgodnie z Transparency &amp; Consent Framework (TCF), do przechowywania zgody w partnerach TCF, celach, celach specjalnych, funkcjach i funkcjach specjalnych. W ramach obowi\u0105zku ujawnienia zgodnie z RODO zebrana zgoda jest w pe\u0142ni udokumentowana. Obejmuje to, opr\u00f3cz us\u0142ug i grup us\u0142ug, na kt\u00f3re odwiedzaj\u0105cy wyrazi\u0142 zgod\u0119, a je\u015bli zgoda zosta\u0142a uzyskana zgodnie ze standardem TCF, na kt\u00f3rych partner\u00f3w TCF, cele i funkcje odwiedzaj\u0105cy wyrazi\u0142 zgod\u0119, wszystkie ustawienia baner\u00f3w plik\u00f3w cookie w momencie wyra\u017cenia zgody, a tak\u017ce okoliczno\u015bci techniczne (np. rozmiar wy\u015bwietlanego obszaru w momencie wyra\u017cenia zgody) oraz interakcje u\u017cytkownika (np. klikni\u0119cia przycisk\u00f3w), kt\u00f3re doprowadzi\u0142y do wyra\u017cenia zgody. Zgoda jest zbierana jeden raz na ka\u017cdy j\u0119zyk.<\/p>\n\n\n\n<h3 class=\"wp-block-heading\" style=\"font-size:1.8rem\">F. Cookies pochodz\u0105ce z serwer\u00f3w partner\u00f3w<\/h3>\n\n\n\n<p><strong><em>mama-niemowlaka.pl<\/em> <\/strong> korzysta ze skrypt\u00f3w i element\u00f3w oprogramowania dostarczonych i znajduj\u0105cych si\u0119 na serwerach jej partner\u00f3w biznesowych. Cookie takie mog\u0105 zawiera\u0107 dane niezb\u0119dne partnerowi do realizacji us\u0142ugi dostarczanej <em><strong>mama-niemowlaka.pl<\/strong> <\/em>lub zawieraj\u0105ce inne ni\u017c wymienione w polityce prywatno\u015bci dane.<\/p>\n\n\n\n<p><strong><em>mama-niemowlaka.pl<\/em> <\/strong>bardzo starannie dobiera swoich partner\u00f3w biznesowych nie odpowiada jednak za ich polityk\u0119 w zakresie cookies. Dlatego zalecamy weryfikacj\u0119 ka\u017cdego z naszych partner\u00f3w w zakresie w\u0142asnym i samodzielne podj\u0119cie decyzji, czy chcesz akceptowa\u0107 ich cookies.<\/p>\n\n\n\n<p><strong><em>mama-niemowlaka.pl<\/em> <\/strong>wykorzystuje skrypty nast\u0119puj\u0105cych partner\u00f3w:<\/p>\n\n\n\n<p>Google Inc. z siedzib\u0105 w Mountain View (CA, USA ) &#8211; analityka ruchu, profilowanie reklam<br>Meta (Facebook) Ireland Ltd,&nbsp; 4 Grand Canal Square,&nbsp; Grand Canal Harbour,&nbsp; Dublin 2 Ireland &#8211;  profilowanie reklam<br>TrustMate S.A z siedzib\u0105 we Wroc\u0142awiu &#8211; polski serwis opinii klienckich<br><strong>devowl.io GmbH<\/strong>  (Real Cookie Baner) z siedzib\u0105 w Tannet 12, 94539 Grafling, Germany &#8211; zarz\u0105dzanie zgodami na cookies<br><\/p>\n\n\n\n<h2 class=\"wp-block-heading\" style=\"font-size:2rem\">IV. Polityka prywatno\u015bci bezpiecze\u0144stwa partner\u00f3w mama-niemowlaka.pl<\/h2>\n\n\n\n<p>Aktualny tekst polityki prywatno\u015bci zawsze b\u0119dzie znajdowa\u0107 si\u0119 pod adresem <a href=\"https:\/\/mama-niemowlaka.pl\/sklep\/polityka-prywatnosci\" target=\"_blank\" rel=\"noopener\">https:\/\/mama-niemowlaka.pl\/sklep\/polityka-prywatnosci<\/a>.<\/p>\n","protected":false},"excerpt":{"rendered":"<p>Polityka Cookies To Twoje dane osobowe, kt\u00f3re pobierane s\u0105 automatycznie po wej\u015bciu na mama-niemowlaka.pl Pliki cookies (tzw. \u201eciasteczka\u201d) stanowi\u0105 dane&#8230;<\/p>\n","protected":false},"author":1,"featured_media":0,"parent":0,"menu_order":0,"comment_status":"closed","ping_status":"closed","template":"","meta":{"footnotes":""},"class_list":["post-13553","page","type-page","status-publish","hentry"],"_links":{"self":[{"href":"https:\/\/mama-niemowlaka.pl\/sklep\/wp-json\/wp\/v2\/pages\/13553","targetHints":{"allow":["GET"]}}],"collection":[{"href":"https:\/\/mama-niemowlaka.pl\/sklep\/wp-json\/wp\/v2\/pages"}],"about":[{"href":"https:\/\/mama-niemowlaka.pl\/sklep\/wp-json\/wp\/v2\/types\/page"}],"author":[{"embeddable":true,"href":"https:\/\/mama-niemowlaka.pl\/sklep\/wp-json\/wp\/v2\/users\/1"}],"replies":[{"embeddable":true,"href":"https:\/\/mama-niemowlaka.pl\/sklep\/wp-json\/wp\/v2\/comments?post=13553"}],"version-history":[{"count":0,"href":"https:\/\/mama-niemowlaka.pl\/sklep\/wp-json\/wp\/v2\/pages\/13553\/revisions"}],"wp:attachment":[{"href":"https:\/\/mama-niemowlaka.pl\/sklep\/wp-json\/wp\/v2\/media?parent=13553"}],"curies":[{"name":"wp","href":"https:\/\/api.w.org\/{rel}","templated":true}]}}