{"id":14817,"date":"2024-05-04T00:25:06","date_gmt":"2024-05-03T22:25:06","guid":{"rendered":"https:\/\/mama-niemowlaka.pl\/sklep\/?page_id=14817"},"modified":"2025-11-07T22:14:28","modified_gmt":"2025-11-07T21:14:28","slug":"dla-mamy","status":"publish","type":"page","link":"https:\/\/mama-niemowlaka.pl\/sklep\/dla-mamy\/","title":{"rendered":"Dla mamy"},"content":{"rendered":"\n<h1 class=\"wp-block-heading has-text-align-center\"><b>Wyprawka do szpitala dla mamy<\/b><\/h1>\n\n\n\n\n<figure class=\"wp-block-table aligncenter\"><table class=\"has-fixed-layout\">\n<!-- <table style=\"width: 500px;  border:none\">-->\n<tbody>\n<tr>\n<td class=\"has-text-align-center\" style=\"border:none\" data-align=\"center\"><p style=\"font-size:1.2em\"><a href=\"https:\/\/mama-niemowlaka.pl\/sklep\/c\/dlamamy\/koszule-do-karmienia\/\">Koszule nocne<\/a><\/p>\n<a href=\"https:\/\/mama-niemowlaka.pl\/sklep\/c\/dlamamy\/koszule-do-karmienia\/\"><img decoding=\"async\" height=\"150\" src=\"https:\/\/mama-niemowlaka.pl\/sklep\/wp-content\/uploads\/sites\/3\/2023\/08\/koszula-ciazowa-do-karmienia-niebieska-z-kwiatkiem-l-300x300.jpg\" alt=\"koszula do karmienia bawe\u0142niana b\u0142\u0119kitne kwiaty\" title=\"\"><\/a><\/td>\n<td class=\"has-text-align-center\" style=\"border:none\" data-align=\"center\"><p style=\"font-size:1.2em\"><a href=\"https:\/\/mama-niemowlaka.pl\/sklep\/c\/dlamamy\/bielizna-poporodowa\/\">Bielizna poporodowa<\/a><\/p>\n<a href=\"https:\/\/mama-niemowlaka.pl\/sklep\/c\/dlamamy\/bielizna-poporodowa\/\"><img decoding=\"async\" height=\"150\" src=\"https:\/\/mama-niemowlaka.pl\/sklep\/wp-content\/uploads\/sites\/3\/2023\/03\/blondynka-w-bieliznie-ciazowej--300x300.png\" alt=\"bielizna poporodowa\" title=\"\"><\/a><\/td>\n<td class=\"has-text-align-center\" style=\"border:none\" data-align=\"center\"><p style=\"font-size:1.2em\"><a href=\"https:\/\/mama-niemowlaka.pl\/sklep\/c\/dlamamy\/dresy-ciazowe\/\">Dresy ci\u0105\u017cowe<\/a><\/p><a href=\"https:\/\/mama-niemowlaka.pl\/sklep\/c\/dlamamy\/dresy-ciazowe\/\"><img decoding=\"async\" height=\"150\" src=\"https:\/\/mama-niemowlaka.pl\/sklep\/wp-content\/uploads\/sites\/3\/2022\/05\/niebieska-bluza-dresowa-z-suwakiem-dla-mam-karmiacych-300x300.jpeg\" alt=\"bluza dresowa dla mam karmi\u0105cych niebieska z suwakiem\" title=\"\"><\/a><\/td>\n<\/tr><tr>\n<td class=\"has-text-align-center\" style=\"border:none\" data-align=\"center\"><p style=\"font-size:1.2em\"><a href=\"https:\/\/mama-niemowlaka.pl\/sklep\/c\/dlamamy\/szlafrok-ciazowy\/\">Szlafroki ci\u0105\u017cowe<\/a><\/p><a href=\"https:\/\/mama-niemowlaka.pl\/sklep\/c\/dlamamy\/szlafrok-ciazowy\/\"><img decoding=\"async\" height=\"150\" src=\"https:\/\/mama-niemowlaka.pl\/sklep\/wp-content\/uploads\/sites\/3\/2023\/05\/szlafrok-i-koszula-do-karmienia-w-kwiaty-fb-400x400.jpg\" alt=\"szlafrok ci\u0105\u017cowy granatowy w kwiaty\" title=\"\"><\/a><\/td>\n<td class=\"has-text-align-center\" style=\"border:none\" data-align=\"center\"><p style=\"font-size:1.2em\"><a href=\"https:\/\/mama-niemowlaka.pl\/sklep\/c\/dlamamy\/pizamy-do-karmienia\/\">Pi\u017camy do karmienia<\/a><\/p>\n<a href=\"https:\/\/mama-niemowlaka.pl\/sklep\/c\/dlamamy\/pizamy-do-karmienia\/\"><img decoding=\"async\" height=\"160\" src=\"https:\/\/mama-niemowlaka.pl\/sklep\/wp-content\/uploads\/sites\/3\/2023\/08\/pidzama-do-karmienia-szara-300x300.webp\" alt=\"szara pi\u017cama do karmienia kr\u00f3tki r\u0119kaw\" title=\"\"><\/a><\/td>\n<td class=\"has-text-align-center \" style=\"border:none \" data-align=\"center\"><p style=\"font-size:1.2em\"><a href=\"https:\/\/mama-niemowlaka.pl\/sklep\/c\/dlamamy\/koszula-i-szlafrok-do-porodu\/\">Zestawy<\/a><\/p><a href=\"https:\/\/mama-niemowlaka.pl\/sklep\/c\/dlamamy\/koszula-i-szlafrok-do-porodu\/\"><img decoding=\"async\" height=\"160\" src=\"https:\/\/mama-niemowlaka.pl\/sklep\/wp-content\/uploads\/sites\/3\/2023\/09\/komplet-szlafrok-i-koszula-ciazowa-\u2013-rozowy-300x300.webp\" alt=\"komplet koszula i szlafrok do szpitala r\u00f3\u017cowy\" title=\"\"><\/a><\/td><\/tr><\/tbody><\/table><\/figure>\n\n\n\n<h2 class=\"wp-block-heading has-text-align-left has-text-align-center\" style=\"font-size:2rem\"><strong>Co powinno si\u0119 znale\u017a\u0107 w wyprawce dla przysz\u0142ej mamy i noworodka<\/strong><\/h2>\n\n\n\n<p>Okres ci\u0105\u017cy to czas oczekiwania na Maluszka, ale r\u00f3wnie\u017c czas kiedy przygotowujemy wszystko aby po porodzie zaj\u0105\u0107 si\u0119 niemowlakiem. Przygotowanie wyprawki do szpitala jest jednym z zada\u0144, o kt\u00f3rych przysz\u0142a mama musi pomy\u015ble\u0107 ju\u017c kilka tygodni przed porodem, aby mie\u0107 pewno\u015b\u0107, \u017ce znajduje si\u0119 w niej wszystko co potrzebne. Szykuj\u0105c wyprawk\u0119 do szpitala osobno spakuj torb\u0119 dla mamy a osobno torb\u0119 dla noworodka. Ale co powinna zawiera\u0107 wyprawka do szpitala dla mamy? Podpowiemy Ci co warto mie\u0107 w szpitalu dla mamy, hak spakowa\u0107 torb\u0119 do szpitala na por\u00f3d. Co zabra\u0107 na pobyt w szpitalu dla siebie i niemowl\u0119cia, a co nie powinna pakowa\u0107 przysz\u0142a mama na pierwsze dni po porodzie do szpitala.<\/p>\n\n\n\n<h2 class=\"wp-block-heading has-text-align-left has-text-align-center\" style=\"font-size:2rem\"><strong>Niezb\u0119dne rzeczy do szpitala dla mamy i dla niemowlaka<\/strong><\/h2>\n\n\n\n<p>W wi\u0119kszo\u015bci szpitali do przyj\u0119cia do porodu potrzebne s\u0105:<\/p>\n\n\n<p>\n\n\n<ul class=\"wp-block-list\">\n<li>dokument to\u017csamo\u015bci<\/li>\n\n\n\n<li>karta prowadzenia ci\u0105\u017cy<\/li>\n\n\n\n<li>wyniki bada\u0144: grupa krwi, naj\u015bwie\u017csza morfologia, HBs, HIV, HCV, WR, ostatnie badanie USG ci\u0105\u017cy i wynik posiewu GBS.<\/li>\n<\/ul>\n\n\n<\/p>\n\n\n<p>Opr\u00f3cz tego wi\u0119kszo\u015b\u0107 szpitali informuje co przysz\u0142a mama powinna spakowa\u0107 do torby dla siebie i dla malucha. Przed podj\u0119ciem decyzji co spakowa\u0107 do szpitala dla mamy dowiedz si\u0119, co szpital w kt\u00f3rym planujesz rodzi\u0107 zapewnia, a co musisz przynie\u015b\u0107 sama. Ogranicz rzeczy w torbie do szpitala do niezb\u0119dnego minimum. Ka\u017cda rzecz zabrana do szpitala, a p\u00f3\u017aniej do domu jest potencjalnym transportem bakterii szpitalnych. Nie pakuj do torby do szpitala rzeczy warto\u015bciowych lub takich, kt\u00f3re b\u0119dzie Ci szkoda wypra\u0107 w wysokiej temperaturze lub zdezynfekowa\u0107.<\/p>\n\n\n\n<h2 class=\"wp-block-heading has-text-align-left has-text-align-center\" style=\"font-size:2rem\"><strong>Kiedy szykowa\u0107 wyprawk\u0119 dla noworodka i mamy do szpitala?<\/strong><\/h2>\n\n\n\n<p>Kompletowanie wyprawki do szpitala to du\u017ce wyzwanie dla ka\u017cdej przysz\u0142ej mamy. Szczeg\u00f3lnie problematyczne i stresuj\u0105ce jest to je\u017celi robimy to pierwszy raz i nie wiemy co mo\u017ce si\u0119 przyda\u0107 przysz\u0142ej mamie. Torb\u0119 do porodu warto przygotowa\u0107 wcze\u015bniej, jednak kobieta nie musi zabiera\u0107 jej ze sob\u0105 do szpitala. Po porodzie mo\u017ce przywie\u017a\u0107 j\u0105 bliska osoba.<\/p>\n\n\n\n<p>Wyprawka dla noworodka i mamy do szpitala powinna by\u0107 przygotowana na oko\u0142o miesi\u0105c przed planowanym terminem porodu. Warto jednak pami\u0119ta\u0107, \u017ce je\u015bli przebieg ci\u0105\u017cy by\u0142 problematyczny, wyprawka mo\u017ce by\u0107 potrzebna znacznie szybciej &#8211; przy mo\u017cliwo\u015bci wcze\u015bniejszego porodu. Lista rzeczy do szpitala dla mamy i noworodka powinna zosta\u0107 stworzona jeszcze wcze\u015bniej.<\/p>\n\n\n\n<h2 class=\"wp-block-heading has-text-align-left has-text-align-center\" style=\"font-size:2rem\"><strong>Co spakowa\u0107 do szpitala dla mamy? Wyprawka do szpitala dla mamy<\/strong><\/h2>\n\n\n\n<p>Lista rzeczy do szpitala dla mamy zale\u017cy od tego co zapewnia Wam szpital, ale wi\u0119kszo\u015b\u0107 rzeczy jest niezb\u0119dna niezale\u017cnie od tego czy rodzicie w szpitalu pa\u0144stwowym czy prywatnym. Poni\u017cej znajdziesz list\u0119 do szpitala rzeczy, kt\u00f3re warto mie\u0107 w szpitalu dla mamy:<\/p>\n\n\n\n<ul class=\"wp-block-list\">\n<li>Koszula do porodu.<\/li>\n\n\n\n<li>Trzy koszule nocne dla mamy. Je\u017celi planujesz karmi\u0107 piersi\u0105 wybierz koszule do karmienia &#8211; zapiane na guziki lub napy.<\/li>\n\n\n\n<li>Pi\u0119\u0107 sztuk majtek poporodowych &#8211; wybierz bardziej wygodne dla ciebie majtki. Albo jednorazowe majtki siateczkowe lub wielorazowe, bawe\u0142niane majtki poporodowe, kt\u00f3re wykorzystasz tak\u017ce podczas po\u0142ogu.<\/li>\n\n\n\n<li>Trzy biustonosze do karmienia &#8211; wybierz, wygodne bawe\u0142niane biustonosze bez fiszbin.<\/li>\n\n\n\n<li>Klapki &#8211; ewentualnie dorzu\u0107 ciep\u0142e skarpetki dla mamy.<\/li>\n\n\n\n<li>Szlafrok ci\u0105\u017cowy &#8211; przyda si\u0119, gdy b\u0119dziesz musia\u0142a przej\u015b\u0107 si\u0119 na badania do innej sali. Pami\u0119taj jednak, \u017ce na oddzia\u0142ach po\u0142o\u017cniczych i noworodkowych jest bardzo ciep\u0142o. Kupuj\u0105c szlafrok wybierz bawe\u0142niany, cienki szlafrok ci\u0105\u017cowy.<\/li>\n\n\n\n<li>Kosmetyczka i artyku\u0142y higieniczne dla mamy &#8211; szczoteczka do z\u0119b\u00f3w i pasta, myd\u0142o, szampon, szczotka do w\u0142os\u00f3w.<\/li>\n\n\n\n<li>R\u0119cznik k\u0105pielowy &#8211; spakuj te\u017c dodatkowo ma\u0142y r\u0119cznik do r\u0105k<\/li>\n\n\n\n<li>Dwa opakowania podk\u0142ad\u00f3w poporodowych<\/li>\n\n\n\n<li>Ubranie na wyj\u015bcie ze szpitala<\/li>\n\n\n\n<li>\u0141adowarka do telefonu<\/li>\n<\/ul>\n\n\n\n<h2 class=\"wp-block-heading has-text-align-left has-text-align-center\" style=\"font-size:2rem\"><strong>Na ile dni spakowa\u0107 torb\u0119 do szpitala na por\u00f3d?<\/strong><\/h2>\n\n\n\n<p>Do torby do porodu nie nale\u017cy zabiera\u0107 zbyt wielu akcesori\u00f3w. Najlepiej spakowa\u0107 si\u0119 na 3 dniowy pobyt w szpitalu, poniewa\u017c po tym czasie kobieta wraz z dzieckiem s\u0105 wypisywani do domu. W razie przed\u0142u\u017caj\u0105cego si\u0119 pobytu bliska osoba zd\u0105\u017cy przynie\u015b\u0107 dodatkowe ubrania lub pieluszki.<\/p>\n\n\n\n<h2 class=\"wp-block-heading\" style=\"font-size:2rem\"><strong>Co do torby na por\u00f3d? Dedykowana torba do porodu<\/strong><\/h2>\n\n\n\n<p>Szykuj\u0105c wyprawk\u0119 do szpitala osobno spakuj torb\u0119 dla mamy a osobno torb\u0119 dla noworodka. W czasie porodu z torby dla noworodka b\u0119d\u0105 potrzebne pierwsze ubranka noworodka, ro\u017cek i pieluszki jednorazowe. Pozosta\u0142e ubranka i akcesoria dla niemowlaka b\u0119dziesz potrzebowa\u0142a p\u00f3\u017aniej.<\/p>\n\n\n\n<h2 class=\"wp-block-heading has-text-align-left has-text-align-center\" style=\"font-size:2rem\"><strong>Wyprawka do szpitala dla noworodka<\/strong><\/h2>\n\n\n\n<p>Przygotowuj\u0105c wyprawk\u0119 do szpitala dla mamy, nale\u017cy pami\u0119ta\u0107 tak\u017ce o podstawowych produktach dla niemowlaka jak ubrania dla dziecka i artyk u\u0142y higieniczne. Warto przygotowa\u0107 wi\u0119cej ubranek i kosmetyk\u00f3w, bior\u0105c pod uwag\u0119 fakt, \u017ce nie wiadomo ile dni m\u0142oda mama sp\u0119dzi w szpitalu ze swoim dzieckiem. Zwykle s\u0105 to dwa dni, jednak przygotowanie si\u0119 na trzy czy cztery mo\u017ce okaza\u0107 si\u0119 bardziej praktyczne. Je\u015bli szpital nie zapewnia \u017cadnych rzeczy dla noworodka, wtedy nale\u017cy zaopatrzy\u0107 si\u0119 przede wszystkim w ubranka dla dziecka &#8211; wygodne pajacyki, kaftaniki, body zapinane kopertowo, p\u00f3\u0142\u015bpiochy, czy specjalne komplety. W wi\u0119kszo\u015bci szpitali potrzebne b\u0119d\u0105 dla niemowlaka r\u00f3wnie\u017c: pieluchy jednorazowe, pieluchy tetrowe, chusteczki nawil\u017cane, kosmetyki do piel\u0119gnacji noworodka.<\/p>\n\n\n\n<h2 class=\"wp-block-heading has-text-align-left has-text-align-center\" style=\"font-size:2rem\"><strong>Rzeczy na wyj\u015bcie ze szpitala dla mamy i noworodka<\/strong><\/h2>\n\n\n\n<p>Najlepiej wr\u00f3ci\u0107 ze szpitala w tym w czym si\u0119 przyjecha\u0142o. Wybierz wi\u0119c dla siebie wygodny dres ci\u0105\u017cowy. Ubranko dla maluszka na powr\u00f3t do domu dostosuj w zale\u017cno\u015bci od pory roku i temperatury na zewn\u0105trz.<\/p>\n\n\n\n<h2 class=\"wp-block-heading has-text-align-left has-text-align-center\" style=\"font-size:2rem\"><strong>Zestaw do szpitala dla mamy i dla noworodka w naszym sklepie<\/strong><\/h2>\n\n\n\n<p>W sklepie <a href=\"https:\/\/mama-niemowlaka.pl\/sklep\"><strong>mama-niemowlaka.pl<\/strong><\/a> znajdziesz wi\u0119kszo\u015b\u0107 niezb\u0119dnych rzeczy do szpitala dla mamy i dla malucha:<\/p>\n\n\n\n<ul class=\"wp-block-list\">\n<li><a href=\"https:\/\/mama-niemowlaka.pl\/sklep\/c\/dlamamy\/koszule-do-karmienia\/\" target=\"_blank\" rel=\"noopener\"><u>koszule do karmienia<\/u><\/a><\/li>\n\n\n\n<li><a href=\"https:\/\/mama-niemowlaka.pl\/sklep\/c\/dlamamy\/koszule-do-karmienia\/\" target=\"_blank\" rel=\"noopener\"><u>koszule do porodu<\/u><\/a><\/li>\n\n\n\n<li><a href=\"https:\/\/mama-niemowlaka.pl\/sklep\/c\/dlamamy\/szlafroki\/\" target=\"_blank\" rel=\"noopener\"><u>szlafroki ci\u0105\u017cowe<\/u><\/a><\/li>\n\n\n\n<li><a href=\"https:\/\/mama-niemowlaka.pl\/sklep\/c\/dlamamy\/dresy-ciazowe\/\" target=\"_blank\" rel=\"noopener\"><u>dresy ci\u0105\u017cowe<\/u><\/a><\/li>\n\n\n\n<li><a href=\"https:\/\/mama-niemowlaka.pl\/sklep\/c\/dlamamy\/bielizna-poporodowa\/\" target=\"_blank\" rel=\"noopener\"><u>majtki poporodowe<\/u><\/a><\/li>\n\n\n\n<li><a href=\"https:\/\/mama-niemowlaka.pl\/sklep\/c\/dlamamy\/bielizna-poporodowa\/\" target=\"_blank\" rel=\"noopener\"><u>biustonosze do karmienia<\/u><\/a><\/li>\n\n\n\n<li><a href=\"https:\/\/mama-niemowlaka.pl\/sklep\/t\/ubranka-dla-noworodkow\/\" target=\"_blank\" rel=\"noopener\"><u>wyprawka dla noworodka<\/u><\/a><\/li>\n<\/ul>\n\n\n\n<p>Odwied\u017a nasz sklep internetowy <a href=\"https:\/\/mama-niemowlaka.pl\/sklep\"><strong>mama-niemowlaka.pl<\/strong><\/a>, gdzie znajdziesz szeroki wyb\u00f3r najwy\u017cszej jako\u015bci rzeczy do wyprawki do szpitala dla mamy i noworodka. Gwarantujemy wysy\u0142k\u0119 zam\u00f3wienia w ci\u0105gu 48 godzin oraz darmow\u0105 wymian\u0119 towaru lub mo\u017cliwo\u015b\u0107 zwrotu w ci\u0105gu 14 dni. Co wi\u0119cej, je\u015bli zam\u00f3wisz za minimum 249 PLN, dostawa b\u0119dzie ca\u0142kowicie darmowa.<\/p>\n","protected":false},"excerpt":{"rendered":"<p>Wyprawka do szpitala dla mamy<\/p>\n","protected":false},"author":1,"featured_media":10637,"parent":0,"menu_order":0,"comment_status":"closed","ping_status":"closed","template":"","meta":{"footnotes":""},"class_list":["post-14817","page","type-page","status-publish","has-post-thumbnail","hentry"],"_links":{"self":[{"href":"https:\/\/mama-niemowlaka.pl\/sklep\/wp-json\/wp\/v2\/pages\/14817","targetHints":{"allow":["GET"]}}],"collection":[{"href":"https:\/\/mama-niemowlaka.pl\/sklep\/wp-json\/wp\/v2\/pages"}],"about":[{"href":"https:\/\/mama-niemowlaka.pl\/sklep\/wp-json\/wp\/v2\/types\/page"}],"author":[{"embeddable":true,"href":"https:\/\/mama-niemowlaka.pl\/sklep\/wp-json\/wp\/v2\/users\/1"}],"replies":[{"embeddable":true,"href":"https:\/\/mama-niemowlaka.pl\/sklep\/wp-json\/wp\/v2\/comments?post=14817"}],"version-history":[{"count":0,"href":"https:\/\/mama-niemowlaka.pl\/sklep\/wp-json\/wp\/v2\/pages\/14817\/revisions"}],"wp:featuredmedia":[{"embeddable":true,"href":"https:\/\/mama-niemowlaka.pl\/sklep\/wp-json\/wp\/v2\/media\/10637"}],"wp:attachment":[{"href":"https:\/\/mama-niemowlaka.pl\/sklep\/wp-json\/wp\/v2\/media?parent=14817"}],"curies":[{"name":"wp","href":"https:\/\/api.w.org\/{rel}","templated":true}]}}