{"id":1939,"date":"2022-01-19T17:53:54","date_gmt":"2022-01-19T16:53:54","guid":{"rendered":"https:\/\/mama-niemowlaka.pl\/sklep\/?page_id=1939"},"modified":"2023-11-22T01:23:25","modified_gmt":"2023-11-22T00:23:25","slug":"o-sklepie","status":"publish","type":"page","link":"https:\/\/mama-niemowlaka.pl\/sklep\/o-sklepie\/","title":{"rendered":"O sklepie"},"content":{"rendered":"\n<h2 class=\"wp-block-heading\">Witaj w sklepie internetowym <a href=\"https:\/\/mama-niemowlaka.pl\/sklep\/\" target=\"_blank\" rel=\"noreferrer noopener\">mama-niemowlaka.pl<\/a>, dedykowanym dla rodzic\u00f3w, kt\u00f3rzy szukaj\u0105 ubranek z najwy\u017cszej jako\u015bci tkanin oraz akcesori\u00f3w dla niemowlak\u00f3w.<\/h2>\n\n\n\n<p>W naszej ofercie znajdziesz <a href=\"https:\/\/mama-niemowlaka.pl\/sklep\/ubranka\/\" rel=\"noreferrer noopener\" target=\"_blank\">ubranka<\/a><a href=\"https:\/\/mama-niemowlaka.pl\/sklep\/ubranka\/\" rel=\"noreferrer noopener\" target=\"_blank\"> dla niemowl\u0105t<\/a>, dzieci w wieku przedszkolnym oraz bielizn\u0119 dla kobiet w ci\u0105\u017cy i mam karmi\u0105cych. Nasze produkty s\u0105 starannie wyselekcjonowane i zawsze dost\u0119pne w konkurencyjnych cenach. Wybieraj\u0105c produkty do naszego sklepu przede wszystkim najwa\u017cniejsza dla nas jest najwy\u017csza jako\u015b\u0107 ubranek. Wybierz nasz\u0105 odzie\u017c niemowl\u0119c\u0105, a przekonasz si\u0119, \u017ce to ulubiony sklep internetowy rodzic\u00f3w kt\u00f3rzy chc\u0105 kupi\u0107 dla swoich pociech ubranka niemowl\u0119ce.<\/p>\n\n\n\n<h2 class=\"wp-block-heading\">W ofercie naszego sklepu znajdziesz ubranka niemowl\u0119ce wykonane ze 100% bawe\u0142ny.<\/h2>\n\n\n\n<p>Oferujemy szerok\u0105 gam\u0119 ubranek dla niemowl\u0105t, w tym mi\u0119kkie i wygodne <a rel=\"noreferrer noopener\" href=\"https:\/\/mama-niemowlaka.pl\/sklep\/c\/ubranka\/body\/\" target=\"_blank\">body niemowl\u0119ce<\/a>, body niemowl\u0119ce kopertowe, <a rel=\"noreferrer noopener\" href=\"https:\/\/mama-niemowlaka.pl\/sklep\/c\/ubranka\/pajacyki-i-rampersy\/\" target=\"_blank\">pajacyki niemowl\u0119ce<\/a>, <a rel=\"noreferrer noopener\" href=\"https:\/\/mama-niemowlaka.pl\/sklep\/c\/ubranka\/eleganckie\/\" target=\"_blank\">komplet niemowl\u0119cy do Chrztu<\/a>, wyj\u0105tkowe <a rel=\"noreferrer noopener\" href=\"https:\/\/mama-niemowlaka.pl\/sklep\/c\/ubranka\/sukienki\/\" target=\"_blank\">sukienki<\/a> do Chrztu oraz na co dzie\u0144, <a rel=\"noreferrer noopener\" href=\"https:\/\/mama-niemowlaka.pl\/sklep\/c\/ubranka\/komplety-niemowlece\/\" target=\"_blank\">zestawy ubranek<\/a>, \u015bpioszki, <a rel=\"noreferrer noopener\" href=\"https:\/\/mama-niemowlaka.pl\/sklep\/c\/ubranka\/komplety-niemowlece\/\" target=\"_blank\">kombinezony<\/a>, <a rel=\"noreferrer noopener\" href=\"https:\/\/mama-niemowlaka.pl\/sklep\/c\/ubranka\/sweterki\/\" target=\"_blank\">sweterki niemowl\u0119ce<\/a>, <a href=\"https:\/\/mama-niemowlaka.pl\/sklep\/c\/ubranka\/dresy-niemowlece\/\" target=\"_blank\" rel=\"noreferrer noopener\">dresiki niemowl\u0119ce<\/a> oraz <a rel=\"noreferrer noopener\" href=\"https:\/\/mama-niemowlaka.pl\/sklep\/c\/ubranka\/spodnie\/\" target=\"_blank\">spodenki<\/a>. W naszym sklepie znajdziesz tak\u017ce akcesoria dla dzieci, takie jak <a rel=\"noreferrer noopener\" href=\"https:\/\/mama-niemowlaka.pl\/sklep\/c\/pielegnacja\/posciel\/\" target=\"_blank\">kocyki<\/a>, <a rel=\"noreferrer noopener\" href=\"https:\/\/mama-niemowlaka.pl\/sklep\/c\/pielegnacja\/posciel\/\" target=\"_blank\">po\u015bciel<\/a>, <a rel=\"noreferrer noopener\" href=\"https:\/\/mama-niemowlaka.pl\/sklep\/c\/ubranka\/dodatki\/\" target=\"_blank\">czapki niemowl\u0119ce<\/a> , <a rel=\"noreferrer noopener\" href=\"https:\/\/mama-niemowlaka.pl\/sklep\/c\/ubranka\/dodatki\/\" target=\"_blank\">szelki i muchy<\/a>, <a rel=\"noreferrer noopener\" href=\"https:\/\/mama-niemowlaka.pl\/sklep\/c\/pielegnacja\/akcesoria\/\" target=\"_blank\">zestawy do piel\u0119gnacji niemowl\u0105t<\/a>, <a rel=\"noreferrer noopener\" href=\"https:\/\/mama-niemowlaka.pl\/sklep\/c\/pielegnacja\/akcesoria\/\" target=\"_blank\">kosmetyczki dla niemowl\u0105t<\/a>, <a rel=\"noreferrer noopener\" href=\"https:\/\/mama-niemowlaka.pl\/sklep\/c\/pielegnacja\/akcesoria\/\" target=\"_blank\">okrycia k\u0105pielowe<\/a> oraz wiele innych.<\/p>\n\n\n\n<p>Nasze produkty s\u0105 wykonane z najwy\u017cszej jako\u015bci materia\u0142\u00f3w i zgodne z najnowszymi trendami w modzie dzieci\u0119cej. Dbamy o to, aby nasze ubranka by\u0142y wygodne i bezpieczne dla delikatnej sk\u00f3ry dziecka, a zarazem funkcjonalne i pi\u0119kne.<\/p>\n\n\n\n<h3 class=\"wp-block-heading\"><a href=\"https:\/\/mama-niemowlaka.pl\/sklep\/c\/ubranka\/wyprawki-dla-niemowlaka\/\" rel=\"noreferrer noopener\" target=\"_blank\">Wyprawka niemowl\u0119ca<\/a><\/h3>\n\n\n\n<p>Bez wzgl\u0119du na p\u0142e\u0107 w garderobie dziecka powinny znale\u017a\u0107 si\u0119 najlepsze ubranka tak, aby przygotowa\u0107 wyprawk\u0119 dziecku. W ofercie dzieci\u0119cych ubranek znajdziesz jednokolorowe ubranka niemowl\u0119ce od pierwszych dni \u017cycia. S\u0105 to ubranka przyjazne sk\u00f3rze maluszka poniewa\u017c s\u0105 wykonane z bawe\u0142ny organicznej. Wybieraj\u0105c ubranka niemowl\u0119ce z bawe\u0142ny zadbasz o delikatn\u0105 sk\u00f3r\u0119 niemowl\u0105t. Nasz komplet niemowl\u0119cy to obowi\u0105zkowy elementy wyprawki niemowl\u0119cej. Sprawd\u017a dost\u0119pne opcje naszych <a href=\"https:\/\/mama-niemowlaka.pl\/sklep\/c\/ubranka\/wyprawki-dla-niemowlaka\/\" rel=\"noreferrer noopener\" target=\"_blank\">wyprawek dla noworodka<\/a>.<\/p>\n\n\n\n<h3 class=\"wp-block-heading\">Sprawd\u017a nasz\u0105 ofert\u0119 <a href=\"https:\/\/mama-niemowlaka.pl\/sklep\/dla-maluszka\/\" rel=\"noreferrer noopener\" target=\"_blank\">Dla malucha<\/a> i przekonaj si\u0119, \u017ce najlepsze ciuszki niemowl\u0119ce to zar\u00f3wno wygodne ubranka jak i ubranka niemowl\u0119ce pozwol\u0105, aby Twoje dziecko wygl\u0105da\u0142o modnie. Kupuj\u0105c ubranka niemowl\u0119ce pami\u0119taj, \u017ce komfort dziecka i ochrona mi\u0119kkiej sk\u00f3ry dziecka s\u0105 najwa\u017cniejsze.<\/h3>\n\n\n\n<h2 class=\"wp-block-heading\">Opr\u00f3cz ubranek znajdziecie te\u017c w ofercie naszego sklepu <a href=\"https:\/\/mama-niemowlaka.pl\/sklep\/dla-mamy\/\" rel=\"noreferrer noopener\" target=\"_blank\">ubrania i bielizn\u0119 dla kobiet w ci\u0105\u017cy<\/a>.<\/h2>\n\n\n\n<p>Mamy znajd\u0105 u nas elementy garderoby, kt\u00f3re u\u0142atwi\u0105 czas podczas ci\u0105\u017cy. Przede wszystkim, to z czego jeste\u015bmy najbardziej dumni, to posiadamy ciekaw\u0105 ofert\u0119 <a href=\"https:\/\/mama-niemowlaka.pl\/sklep\/c\/dlamamy\/bielizna-poporodowa\/\" rel=\"noreferrer noopener\" target=\"_blank\">bielizny poporodowej<\/a>. <a href=\"https:\/\/mama-niemowlaka.pl\/sklep\/produkt\/dlamamy\/bielizna-poporodowa\/majtki-poporodowe\/\" rel=\"noreferrer noopener\" target=\"_blank\">Majtki poporodowe bawe\u0142niane<\/a> to genialna alternatywa dla jednorazowych majtek siateczkowych. <a href=\"https:\/\/mama-niemowlaka.pl\/sklep\/produkt\/dlamamy\/bielizna-poporodowa\/biustonosz-do-karmienia\/\" rel=\"noreferrer noopener\" target=\"_blank\">Biustonosze do karmienia<\/a> wykonane z bawe\u0142ny b\u0119d\u0105 waszym ulubionym elementem garderoby podczas po\u0142ogu. Jednak naszym najwi\u0119kszym odkryciem s\u0105 <a href=\"https:\/\/mama-niemowlaka.pl\/sklep\/produkt\/dlamamy\/bielizna-poporodowa\/majtki-menstruacyjne-bawelniane-2szt\/\" rel=\"noreferrer noopener\" target=\"_blank\">majtki menstruacyjne,<\/a> kt\u00f3re mo\u017cesz stosowa\u0107 zaraz po porodzie dzi\u0119ki czemu nie musisz u\u017cywa\u0107 podk\u0142ad\u00f3w poporodowych.<\/p>\n\n\n\n<h3 class=\"wp-block-heading\">Bawe\u0142niane koszule nocne ci\u0105\u017cowe u\u0142atwiaj\u0105ce karmienie piersi\u0105.<\/h3>\n\n\n\n<p>Opr\u00f3cz bielizny posiadamy r\u00f3wnie\u017c w ofercie <a href=\"https:\/\/mama-niemowlaka.pl\/sklep\/c\/dlamamy\/koszule-do-karmienia\/\" rel=\"noreferrer noopener\" target=\"_blank\">koszule ci\u0105\u017cowe z mo\u017cliwo\u015bci\u0105 karmienia<\/a> oraz <a href=\"https:\/\/mama-niemowlaka.pl\/sklep\/c\/dlamamy\/dresy-ciazowe\/\" rel=\"noreferrer noopener\" target=\"_blank\">ubrania ci\u0105\u017cowe<\/a> r\u00f3wnie\u017c z mo\u017cliwo\u015bci\u0105 karmienia. Produkty te sprawdz\u0105 si\u0119 podczas ci\u0105\u017cy jak r\u00f3wnie\u017c w po\u0142ogu.<\/p>\n\n\n\n<p>W ofercie koszul ci\u0105\u017cowych znajdziesz bawe\u0142niane koszule nocne uszyte z wysokiej jako\u015bci bawe\u0142ny. W naszej ofercie znajdziesz ulubion\u0105 koszul\u0119 nocn\u0105, kt\u00f3ra podkre\u015bli ci\u0105\u017cowy brzuszek oraz zapewni wygodne karmienie piersi\u0105. W ofercie koszul znajdziesz koszule ci\u0105\u017cowe z kr\u00f3tkim r\u0119kawem oraz szlafrok ci\u0105\u017cowy.<\/p>\n\n\n\n<h3 class=\"wp-block-heading\">Ubrania ci\u0105\u017cowe<\/h3>\n\n\n\n<p>Ka\u017cda przysz\u0142a mama potrzebuje wygodnych ubra\u0144 zar\u00f3wno w ci\u0105\u017cy jak i po porodzie. \u015awietnym rozwi\u0105zaniem s\u0105 <a href=\"https:\/\/mama-niemowlaka.pl\/sklep\/c\/dlamamy\/dresy-ciazowe\/\" rel=\"noreferrer noopener\" target=\"_blank\">dresy ci\u0105\u017cowe<\/a>. Nasz komplet dresowy ci\u0105\u017cowy sk\u0142ada si\u0119 z wygodnych element\u00f3w. Spodnie dresowe ci\u0105\u017cowe zapewniaj\u0105 wygod\u0119 podczas ci\u0105\u017cy jak i w po\u0142ogu. Bluzy ci\u0105\u017cowe posiadaj\u0105 ukryte zamki, dzi\u0119ki kt\u00f3rym mo\u017cna zar\u00f3wno wygodnie jak i dyskretnie karmi\u0107 malucha piersi\u0105.<\/p>\n\n\n\n<h2 class=\"wp-block-heading\">Sprawd\u017a dost\u0119pne opcje dostawy i zam\u00f3w najlepsze ubranka dzieci\u0119ce dla swojego dziecka.<\/h2>\n\n\n\n<p>Jeste\u015bmy zawsze gotowi s\u0142u\u017cy\u0107 Ci fachow\u0105 pomoc\u0105 i odpowiedzie\u0107 na wszelkie pytania dotycz\u0105ce naszych produkt\u00f3w. Nasz cel to zapewnienie Tobie i Twojemu dziecku najlepszej jako\u015bci i satysfakcji z zakup\u00f3w w naszym sklepie internetowym. Zapraszamy do zakup\u00f3w i \u017cyczymy mi\u0142ych i udanych zakup\u00f3w na <a href=\"https:\/\/mama-niemowlaka.pl\/sklep\/\" rel=\"noreferrer noopener\" target=\"_blank\">mama-niemowlaka.pl<\/a>!<\/p>\n\n\n\n<p>Nasz sklep zosta\u0142 stworzony, aby wesprze\u0107 przysz\u0142e mamy oraz ich maluszki.<\/p>\n\n\n\n<p>\ufeffSklep stworzy\u0142a mama dla mam\u2026.<\/p>\n","protected":false},"excerpt":{"rendered":"<p>Witaj w sklepie internetowym mama-niemowlaka.pl, dedykowanym dla rodzic\u00f3w, kt\u00f3rzy szukaj\u0105 ubranek z najwy\u017cszej jako\u015bci tkanin oraz akcesori\u00f3w dla niemowlak\u00f3w. W&#8230;<\/p>\n","protected":false},"author":2,"featured_media":0,"parent":0,"menu_order":0,"comment_status":"closed","ping_status":"closed","template":"","meta":{"footnotes":""},"class_list":["post-1939","page","type-page","status-publish","hentry"],"_links":{"self":[{"href":"https:\/\/mama-niemowlaka.pl\/sklep\/wp-json\/wp\/v2\/pages\/1939","targetHints":{"allow":["GET"]}}],"collection":[{"href":"https:\/\/mama-niemowlaka.pl\/sklep\/wp-json\/wp\/v2\/pages"}],"about":[{"href":"https:\/\/mama-niemowlaka.pl\/sklep\/wp-json\/wp\/v2\/types\/page"}],"author":[{"embeddable":true,"href":"https:\/\/mama-niemowlaka.pl\/sklep\/wp-json\/wp\/v2\/users\/2"}],"replies":[{"embeddable":true,"href":"https:\/\/mama-niemowlaka.pl\/sklep\/wp-json\/wp\/v2\/comments?post=1939"}],"version-history":[{"count":0,"href":"https:\/\/mama-niemowlaka.pl\/sklep\/wp-json\/wp\/v2\/pages\/1939\/revisions"}],"wp:attachment":[{"href":"https:\/\/mama-niemowlaka.pl\/sklep\/wp-json\/wp\/v2\/media?parent=1939"}],"curies":[{"name":"wp","href":"https:\/\/api.w.org\/{rel}","templated":true}]}}