{"id":6244,"date":"2023-03-22T21:29:10","date_gmt":"2023-03-22T20:29:10","guid":{"rendered":"https:\/\/mama-niemowlaka.pl\/sklep\/?page_id=6244"},"modified":"2024-05-04T12:55:29","modified_gmt":"2024-05-04T10:55:29","slug":"pielegnacja","status":"publish","type":"page","link":"https:\/\/mama-niemowlaka.pl\/sklep\/pielegnacja\/","title":{"rendered":"Pielegnacja"},"content":{"rendered":"\n<h1 class=\"has-text-align-center wp-block-heading\">Piel\u0119gnacja<\/h2>\n\n\n\n<figure class=\"wp-block-table is-style-stripes\"><table border=\"0\" style=\"width: 800px; margin: auto\">\n<tbody><tr>\n<td><p class=\"has-text-align-center\"><a href=\"https:\/\/mama-niemowlaka.pl\/sklep\/c\/pielegnacja\/akcesoria\/\">Akcesoria niemowl\u0119ce<\/a><\/p><\/td>\n<td><p class=\"has-text-align-center\"><a href=\"https:\/\/mama-niemowlaka.pl\/sklep\/c\/pielegnacja\/posciel\/\">Po\u015bciel i kocyki&nbsp;<\/a><\/p><\/td><\/tr>\n<tr><td><a href=\"https:\/\/mama-niemowlaka.pl\/sklep\/c\/pielegnacja\/akcesoria\/\"><img decoding=\"async\" height=\"250\" src=\"https:\/\/mama-niemowlaka.pl\/sklep\/wp-content\/uploads\/sites\/3\/2023\/03\/pielegancja.png\" alt=\"piel\u0119gancja\" title=\"\"><\/a><\/td>\n<td><a href=\"https:\/\/mama-niemowlaka.pl\/sklep\/c\/pielegnacja\/posciel\/\"><img decoding=\"async\" height=\"250\" src=\"https:\/\/mama-niemowlaka.pl\/sklep\/wp-content\/uploads\/sites\/3\/2023\/03\/akcesoria.png\" alt=\"akcesoria\" title=\"\"><\/a><\/td><\/tr><\/tbody><\/table><\/figure>\n\n","protected":false},"excerpt":{"rendered":"<p>Piel\u0119gnacja Akcesoria niemowl\u0119ce Po\u015bciel i kocyki&nbsp;<\/p>\n","protected":false},"author":1,"featured_media":1346,"parent":0,"menu_order":0,"comment_status":"closed","ping_status":"closed","template":"","meta":{"footnotes":""},"class_list":["post-6244","page","type-page","status-publish","has-post-thumbnail","hentry"],"_links":{"self":[{"href":"https:\/\/mama-niemowlaka.pl\/sklep\/wp-json\/wp\/v2\/pages\/6244","targetHints":{"allow":["GET"]}}],"collection":[{"href":"https:\/\/mama-niemowlaka.pl\/sklep\/wp-json\/wp\/v2\/pages"}],"about":[{"href":"https:\/\/mama-niemowlaka.pl\/sklep\/wp-json\/wp\/v2\/types\/page"}],"author":[{"embeddable":true,"href":"https:\/\/mama-niemowlaka.pl\/sklep\/wp-json\/wp\/v2\/users\/1"}],"replies":[{"embeddable":true,"href":"https:\/\/mama-niemowlaka.pl\/sklep\/wp-json\/wp\/v2\/comments?post=6244"}],"version-history":[{"count":0,"href":"https:\/\/mama-niemowlaka.pl\/sklep\/wp-json\/wp\/v2\/pages\/6244\/revisions"}],"wp:featuredmedia":[{"embeddable":true,"href":"https:\/\/mama-niemowlaka.pl\/sklep\/wp-json\/wp\/v2\/media\/1346"}],"wp:attachment":[{"href":"https:\/\/mama-niemowlaka.pl\/sklep\/wp-json\/wp\/v2\/media?parent=6244"}],"curies":[{"name":"wp","href":"https:\/\/api.w.org\/{rel}","templated":true}]}}