{"id":9109,"date":"2023-08-21T10:53:27","date_gmt":"2023-08-21T08:53:27","guid":{"rendered":"https:\/\/mama-niemowlaka.pl\/sklep\/?page_id=9109"},"modified":"2025-12-03T19:59:30","modified_gmt":"2025-12-03T18:59:30","slug":"promocje","status":"publish","type":"page","link":"https:\/\/mama-niemowlaka.pl\/sklep\/promocje\/","title":{"rendered":"Aktualne promocje ubranka dla niemowl\u0105t"},"content":{"rendered":"\n<h1 class=\"wp-block-heading has-text-align-center\"><strong>Aktualne promocje<\/strong><\/h1>\n\n\n\n<p><strong><a href=\"https:\/\/mama-niemowlaka.pl\/sklep\/promocje\/\">Aktualne promocje<\/a><\/strong> w sklepie <a href=\"https:\/\/mama-niemowlaka.pl\/sklep\/\">mama-niemowlaka.pl<\/a>. Kup wygodne <strong><a href=\"https:\/\/mama-niemowlaka.pl\/sklep\/ubranka-niemowlece\/\">ubranka dla niemowl\u0105t<\/a><\/strong> i <strong><a href=\"https:\/\/mama-niemowlaka.pl\/sklep\/c\/dlamamy\/koszule-do-karmienia\/\">koszule do karmienia<\/a><\/strong> w atrakcyjnych cenach.<\/p>\n\n\n\n<ul id=\"inpost\" class=\"wp-block-list\">\n<li>Promocja na wysy\u0142k\u0119 paczkomatem Inpost zam\u00f3wie\u0144 o warto\u015bci powy\u017cej 149 z\u0142<\/li>\n<\/ul>\n\n\n<div class=\"wp-block-image\">\n<figure class=\"aligncenter size-full\"><img loading=\"lazy\" decoding=\"async\" width=\"1181\" height=\"364\" src=\"https:\/\/mama-niemowlaka.pl\/sklep\/wp-content\/uploads\/sites\/3\/2025\/12\/paczkomat-149-za5pln.webp\" alt=\"\" class=\"wp-image-18767\" title=\"\" srcset=\"https:\/\/mama-niemowlaka.pl\/sklep\/wp-content\/uploads\/sites\/3\/2025\/12\/paczkomat-149-za5pln.webp 1181w, https:\/\/mama-niemowlaka.pl\/sklep\/wp-content\/uploads\/sites\/3\/2025\/12\/paczkomat-149-za5pln-400x123.webp 400w, https:\/\/mama-niemowlaka.pl\/sklep\/wp-content\/uploads\/sites\/3\/2025\/12\/paczkomat-149-za5pln-600x185.webp 600w, https:\/\/mama-niemowlaka.pl\/sklep\/wp-content\/uploads\/sites\/3\/2025\/12\/paczkomat-149-za5pln-1024x316.webp 1024w, https:\/\/mama-niemowlaka.pl\/sklep\/wp-content\/uploads\/sites\/3\/2025\/12\/paczkomat-149-za5pln-768x237.webp 768w\" sizes=\"auto, (max-width: 1181px) 100vw, 1181px\" \/><\/figure>\n<\/div>\n\n\n<ul class=\"wp-block-list\">\n<li>Skompletuj wyprawk\u0119 na noworodka<\/li>\n<\/ul>\n\n\n<div class=\"wp-block-image\">\n<figure class=\"aligncenter size-full\"><img loading=\"lazy\" decoding=\"async\" width=\"845\" height=\"600\" src=\"https:\/\/mama-niemowlaka.pl\/sklep\/wp-content\/uploads\/sites\/3\/2024\/07\/Rabat_noworodek.webp\" alt=\"\" class=\"wp-image-15478\" title=\"\" srcset=\"https:\/\/mama-niemowlaka.pl\/sklep\/wp-content\/uploads\/sites\/3\/2024\/07\/Rabat_noworodek.webp 845w, https:\/\/mama-niemowlaka.pl\/sklep\/wp-content\/uploads\/sites\/3\/2024\/07\/Rabat_noworodek-400x284.webp 400w, https:\/\/mama-niemowlaka.pl\/sklep\/wp-content\/uploads\/sites\/3\/2024\/07\/Rabat_noworodek-600x426.webp 600w, https:\/\/mama-niemowlaka.pl\/sklep\/wp-content\/uploads\/sites\/3\/2024\/07\/Rabat_noworodek-768x545.webp 768w\" sizes=\"auto, (max-width: 845px) 100vw, 845px\" \/><\/figure>\n<\/div>\n\n\n<p><\/p>\n","protected":false},"excerpt":{"rendered":"<p>Aktualne promocje Aktualne promocje w sklepie mama-niemowlaka.pl. Kup wygodne ubranka dla niemowl\u0105t i koszule do karmienia w atrakcyjnych cenach.<\/p>\n","protected":false},"author":1,"featured_media":9980,"parent":0,"menu_order":0,"comment_status":"closed","ping_status":"closed","template":"","meta":{"footnotes":""},"class_list":["post-9109","page","type-page","status-publish","has-post-thumbnail","hentry"],"_links":{"self":[{"href":"https:\/\/mama-niemowlaka.pl\/sklep\/wp-json\/wp\/v2\/pages\/9109","targetHints":{"allow":["GET"]}}],"collection":[{"href":"https:\/\/mama-niemowlaka.pl\/sklep\/wp-json\/wp\/v2\/pages"}],"about":[{"href":"https:\/\/mama-niemowlaka.pl\/sklep\/wp-json\/wp\/v2\/types\/page"}],"author":[{"embeddable":true,"href":"https:\/\/mama-niemowlaka.pl\/sklep\/wp-json\/wp\/v2\/users\/1"}],"replies":[{"embeddable":true,"href":"https:\/\/mama-niemowlaka.pl\/sklep\/wp-json\/wp\/v2\/comments?post=9109"}],"version-history":[{"count":0,"href":"https:\/\/mama-niemowlaka.pl\/sklep\/wp-json\/wp\/v2\/pages\/9109\/revisions"}],"wp:featuredmedia":[{"embeddable":true,"href":"https:\/\/mama-niemowlaka.pl\/sklep\/wp-json\/wp\/v2\/media\/9980"}],"wp:attachment":[{"href":"https:\/\/mama-niemowlaka.pl\/sklep\/wp-json\/wp\/v2\/media?parent=9109"}],"curies":[{"name":"wp","href":"https:\/\/api.w.org\/{rel}","templated":true}]}}