{"id":10137,"date":"2023-10-01T00:03:30","date_gmt":"2023-09-30T22:03:30","guid":{"rendered":"https:\/\/mama-niemowlaka.pl\/sklep\/?post_type=product&#038;p=10137"},"modified":"2025-07-15T10:56:23","modified_gmt":"2025-07-15T08:56:23","slug":"dres-i-kamizelka-niemowleca-rozowy","status":"publish","type":"product","link":"https:\/\/mama-niemowlaka.pl\/sklep\/produkt\/ubranka-niemowlece\/dres-dla-niemowlaka\/dres-i-kamizelka-niemowleca-rozowy\/","title":{"rendered":"Dres i kamizelka niemowl\u0119ca &#8211; r\u00f3\u017cowy"},"content":{"rendered":"<h2 data-pm-slice=\"1 1 []\">Bezr\u0119kawniki dzieci\u0119ce &#8211; Kamizelka dla niemowlaka idealny wyb\u00f3r dla dziewczynek<\/h2>\n<p>Ciep\u0142a kamizelka niemowl\u0119ca to ubranko w niemowl\u0119cej garderobie, kt\u00f3re jest \u015bwietnym dodatkiem do wielu stylizacji. Bezr\u0119kawnik dla ch\u0142opc\u00f3w jest bardzo uniwersalnym produktem. Warto je kupi\u0107 poniewa\u017c pasuje do wi\u0119kszo\u015bci ubranek niemowl\u0119cych. Bezr\u0119kawnik niemowl\u0119cy mo\u017cna za\u0142o\u017cy\u0107 dziecku na wiele okazji takich jak urodziny, spacer, zabawa w piaskownicy czy jako dodatkow\u0105 warstw\u0119 podczas ch\u0142odniejszych dni.<\/p>\n<p>Wygodny komplet dres\u00f3w niemowl\u0119cych, kt\u00f3ry jest w komplecie bezr\u0119kawnikiem dzieci\u0119cym na ch\u0142odniejsze dni to ubranko uszyte z delikatnej bawe\u0142ny, co zapewnia mi\u0119kko\u015b\u0107 i delikatno\u015b\u0107 dla sk\u00f3ry dziecka. Dres niemowl\u0119cy w komplecie z ciep\u0142\u0105 bezr\u0119kawnikiem dziewcz\u0119cym to dobrze zaprojektowany i praktyczny komplet, kt\u00f3ry sprawdzi si\u0119 jako codzienna stylizacja dla ka\u017cdej dziewczynki. Kamizelka niemowl\u0119ca wspaniale pasuje do dresiku, kt\u00f3ry jest w komplecie.<\/p>\n<h2>Kamizelki niemowl\u0119ce czyli bezr\u0119kawniki w sklepie <a href=\"https:\/\/mama-niemowlaka.pl\">mama-niemowlaka.pl<\/a><\/h2>\n<p>Odwied\u017a nasz sklep internetowy <a href=\"https:\/\/mama-niemowlaka.pl\">mama-niemowlaka.pl<\/a>, gdzie znajdziesz szeroki wyb\u00f3r najwy\u017cszej jako\u015bci ubra\u0144 niemowl\u0119cych. Gwarantujemy wysy\u0142k\u0119 zam\u00f3wienia w ci\u0105gu 48 godzin oraz darmow\u0105 wymian\u0119 towaru lub mo\u017cliwo\u015b\u0107 zwrotu w ci\u0105gu 14 dni. Co wi\u0119cej, je\u015bli zam\u00f3wisz za minimum 249 PLN, dostawa b\u0119dzie ca\u0142kowicie darmowa.<\/p>\n<h2>Kamizelki dla dziewczynek w sklepie <a href=\"https:\/\/mama-niemowlaka.pl\">mama-niemowlaka.pl<\/a><\/h2>\n<p>W naszym sklepie znajdziesz kilka propozycji bezr\u0119kawnik\u00f3w dla niemowl\u0105t. Znajdziesz zar\u00f3wno kamizelki ch\u0142opi\u0119ce dla niemowl\u0105t jak i bezr\u0119kawnik dla dziewczynek. Wybierz najlepsze bezr\u0119kawniki niemowl\u0119ce. Pozosta\u0142e modele bezr\u0119kawnik\u00f3w dla niemowl\u0105t znajdziesz w kategorii <a href=\"https:\/\/mama-niemowlaka.pl\/sklep\/c\/ubranka\/okrycia\/\" target=\"_blank\" rel=\"noopener\"><strong>Okrycia wierzchnie<\/strong><\/a>.<\/p>\n<p>Dbamy o wygod\u0119 i bezpiecze\u0144stwo Twojego dziecka, dlatego nasze ubrania niemowl\u0119ce s\u0105 starannie wyselekcjonowane. Nie tra\u0107 wi\u0119cej czasu na przeszukiwanie innych sklep\u00f3w \u2013 <a href=\"https:\/\/mama-niemowlaka.pl\">mama-niemowlaka.pl<\/a> ma wszystko, czego potrzebujesz!<\/p>\n<p>Skorzystaj teraz z naszych us\u0142ug i sprawd\u017a nasz\u0105 ofert\u0119 ju\u017c dzi\u015b!<\/p>\n","protected":false},"excerpt":{"rendered":"<p data-pm-slice=\"1 1 []\">Dres i kamizelka niemowl\u0119ca to doskona\u0142y wyb\u00f3r dla ka\u017cdego rodzica, kt\u00f3ry szuka wygodnych i funkcjonalnych ubra\u0144 dla swojego maluszka. To obowi\u0105zkowy element niemowl\u0119cej garderoby, kt\u00f3ry warto mie\u0107 w swojej szafie na wiosn\u0119 czy jesie\u0144. W sk\u0142ad kompletu wchodz\u0105 dresy niemowl\u0119ce w kolorze bia\u0142o-r\u00f3\u017cowym oraz bezr\u0119kawnik, kt\u00f3ry mo\u017cna nosi\u0107 osobno lub w po\u0142\u0105czeniu z dresikiem oraz bezr\u0119kawnik dla niemowlaka. Kamizelka dla niemowlaka jest ocieplana, a podszewka jest uszyta z mi\u0119kkiej bawe\u0142ny. Bezr\u0119kawnik dziewcz\u0119cy ozdobiony jest urocz\u0105 falbank\u0105,<\/p>\n<p>Dres i kamizelka niemowl\u0119ca wyst\u0119puj\u0105 w czterech rozmiarach: 74, 80, 86 i 92.<\/p>\n<p>Sk\u0142ad: Dresik &#8211; 100% bawe\u0142na, Kamizelka niemowl\u0119ca &#8211; 50% poliester, 50% bawe\u0142na.<\/p>\n","protected":false},"featured_media":10155,"template":"","meta":[],"product_brand":[],"product_cat":[136,217,57],"product_tag":[118,222,152,237],"class_list":{"0":"post-10137","1":"product","2":"type-product","3":"status-publish","4":"has-post-thumbnail","6":"product_cat-dres-dla-niemowlaka","7":"product_cat-okrycia-wierzchnie","8":"product_cat-ubranka-niemowlece","9":"product_tag-bawelna","10":"product_tag-bezrekawniki-dla-niemowlat","11":"product_tag-ubranka-dla-niemowlat-dziewczynek","12":"product_tag-dresik-dla-dziewczynki","13":"product_shipping_class-duza","14":"pa_rozmiar-314","15":"pa_rozmiar-315","16":"pa_rozmiar-316","17":"pa_rozmiar-317","19":"first","20":"instock","21":"taxable","22":"shipping-taxable","23":"purchasable","24":"product-type-variable","25":"has-default-attributes","26":"wvs-archive-product-wrapper"},"_links":{"self":[{"href":"https:\/\/mama-niemowlaka.pl\/sklep\/wp-json\/wp\/v2\/product\/10137","targetHints":{"allow":["GET"]}}],"collection":[{"href":"https:\/\/mama-niemowlaka.pl\/sklep\/wp-json\/wp\/v2\/product"}],"about":[{"href":"https:\/\/mama-niemowlaka.pl\/sklep\/wp-json\/wp\/v2\/types\/product"}],"wp:featuredmedia":[{"embeddable":true,"href":"https:\/\/mama-niemowlaka.pl\/sklep\/wp-json\/wp\/v2\/media\/10155"}],"wp:attachment":[{"href":"https:\/\/mama-niemowlaka.pl\/sklep\/wp-json\/wp\/v2\/media?parent=10137"}],"wp:term":[{"taxonomy":"product_brand","embeddable":true,"href":"https:\/\/mama-niemowlaka.pl\/sklep\/wp-json\/wp\/v2\/product_brand?post=10137"},{"taxonomy":"product_cat","embeddable":true,"href":"https:\/\/mama-niemowlaka.pl\/sklep\/wp-json\/wp\/v2\/product_cat?post=10137"},{"taxonomy":"product_tag","embeddable":true,"href":"https:\/\/mama-niemowlaka.pl\/sklep\/wp-json\/wp\/v2\/product_tag?post=10137"}],"curies":[{"name":"wp","href":"https:\/\/api.w.org\/{rel}","templated":true}]}}