{"id":10207,"date":"2023-09-30T20:44:29","date_gmt":"2023-09-30T18:44:29","guid":{"rendered":"https:\/\/mama-niemowlaka.pl\/sklep\/?post_type=product&#038;p=10207"},"modified":"2024-07-21T08:06:57","modified_gmt":"2024-07-21T06:06:57","slug":"sukienka-dla-niemowlaka-z-bawelniany-organicznej-niebieska","status":"publish","type":"product","link":"https:\/\/mama-niemowlaka.pl\/sklep\/produkt\/ubranka-niemowlece\/sukienki-dla-niemowlat\/sukienka-dla-niemowlaka-z-bawelniany-organicznej-niebieska\/","title":{"rendered":"Sukienka dla niemowlaka z bawe\u0142ny organicznej &#8211; niebieska"},"content":{"rendered":"<h2 data-pm-slice=\"1 1 []\">Urocze sukienki dla dziewczynek niemowl\u0105t &#8211; sukienka dla niemowlaka z bawe\u0142ny organicznej<\/h2>\n<p>Sukienka z d\u0142ugim r\u0119kawem dla niemowlaka z bawe\u0142ny organicznej to idealny wyb\u00f3r na ch\u0142odniejsze dni. W\u0142\u00f3kna ekologicznej bawe\u0142ny s\u0105 znacznie silniejsze, nie zawieraj\u0105 chemikali\u00f3w i materia\u0142 lepiej oddycha, co oznacza, \u017ce ubranka z organicznej bawe\u0142ny dla dzieci, \u015bwietnie s\u0142u\u017c\u0105 delikatnej sk\u00f3rze dziecka. Sukienka niemowl\u0119ca zosta\u0142a uszyta z bawe\u0142ny organicznej z delikatnym puszkiem na wewn\u0119trznej stronie. Cieplejsze sukienki niemowl\u0119ce doskonale si\u0119 sprawdz\u0105 na uroczysto\u015bci zim\u0105 lub jesieni\u0105. Ta wygodna sukienka niemowl\u0119ca doskonale sprawdzi si\u0119 jako elegancka sukienka niemowl\u0119ca, ale tak\u017ce jako sukienka na co dzie\u0144<\/p>\n<p>Nasza sukienka niemowl\u0119ca to doskona\u0142y wyb\u00f3r dla Twojego dziecka. To r\u00f3wnie\u017c idealna sukienka dla niemowlaka na prezent.<\/p>\n<h2>Gdzie kupi\u0107 ubranka dla ma\u0142ej dziewczynki? Sukienki dla niemowl\u0105t w sklepie <a href=\"https:\/\/www.mama-niemowlaka.pl\">mama-niemowlaka.pl<\/a><\/h2>\n<p>Odwied\u017a nasz sklep internetowy <a href=\"https:\/\/www.mama-niemowlaka.pl\">mama-niemowlaka.pl<\/a>, gdzie znajdziesz szeroki wyb\u00f3r najwy\u017cszej jako\u015bci ubranek niemowl\u0119cych. W naszym sklepie znajdziesz wygodne sukienki dla niemowlaka, ubranka na co dzie\u0144 i od \u015bwi\u0119ta, eleganckie sukienki dla niemowl\u0105t oraz sukienki na chrzest. Ca\u0142\u0105 ofert\u0119 sukieneczek dla niemowl\u0105t znajdziesz w kategorii <a href=\"https:\/\/mama-niemowlaka.pl\/sklep\/c\/ubranka\/sukienki\/\" target=\"_blank\" rel=\"noopener\"><strong>sukienki dla niemowl\u0105t<\/strong><\/a>.<\/p>\n<p>Gwarantujemy wysy\u0142k\u0119 zam\u00f3wienia w ci\u0105gu 48 godzin oraz darmow\u0105 wymian\u0119 towaru lub mo\u017cliwo\u015b\u0107 zwrotu w ci\u0105gu 14 dni. Co wi\u0119cej, je\u015bli zam\u00f3wisz za minimum 249 PLN, dostawa b\u0119dzie ca\u0142kowicie darmowa.<\/p>\n<h2>Sukienki niemowl\u0119ce eleganckie i codzienne<\/h2>\n<p>Dbamy o wygod\u0119 i bezpiecze\u0144stwo Twojego dziecka, dlatego nasze ubranka dla niemowl\u0105t s\u0105 starannie wyselekcjonowane. Nie tra\u0107 wi\u0119cej czasu na przeszukiwanie innych sklep\u00f3w \u2013 <a href=\"https:\/\/www.mama-niemowlaka.pl\">mama-niemowlaka.pl<\/a> ma wszystko, czego potrzebujesz!<\/p>\n<p>Skorzystaj teraz z naszych us\u0142ug i sprawd\u017a nasz\u0105 ofert\u0119 ju\u017c dzi\u015b!<\/p>\n","protected":false},"excerpt":{"rendered":"<p data-pm-slice=\"1 1 []\">Sukienka dla niemowlaka z mi\u0119sistej bawe\u0142ny organicznej w kolorze niebieskim. W komplecie z sukienk\u0105 jest opaska na g\u0142ow\u0119. Z przodu sukieneczka niemowl\u0119ca zosta\u0142a ozdobiona czerwon\u0105 kokard\u0105. Materia\u0142, z kt\u00f3rego zosta\u0142a uszyta sukienka jest mi\u0119sisty i ciep\u0142y &#8211; na wewn\u0119trznej stronie jest delikatny puszek. Ta wygodna sukienka niemowl\u0119ca posiada d\u0142ugi r\u0119kaw, dzi\u0119ki czemu doskonale si\u0119 sprawdzi w ch\u0142odniejsze dni. Sukienka niemowl\u0119ca jest niezwykle ciep\u0142a i wygodna. Dziewcz\u0119cego oraz zwiewnego charakteru tej sukience niemowl\u0119cej nadaje marszczenie w pasie. Sukieneczka dla niemowlaka zapinana jest na cztery bezniklowe napy z ty\u0142u. Ta sukienka niemowl\u0119ca doskonale si\u0119 sprawdzi jako sukienka wizytowa i sukienka na co dzie\u0144.<\/p>\n<p>Sukienka dla niemowlaka wyst\u0119puje w czterech rozmiarach: 62, 68, 74, 80. Sukieneczk\u0119 dla niemowlaka mo\u017cesz kupi\u0107 innej wersji kolorystycznej: <a href=\"https:\/\/mama-niemowlaka.pl\/sklep\/produkt\/ubranka\/sukienki\/sukieneczka-niemowleca-z-bawelniany-organicznej-biala\/\" target=\"_blank\" rel=\"noopener\"><strong>Sukieneczka niemowl\u0119ca z bawe\u0142niany organicznej &#8211; bia\u0142a.<\/strong><\/a><\/p>\n<p>Sk\u0142ad: 95% bawe\u0142na organiczna, 5% lycra<\/p>\n","protected":false},"featured_media":10208,"template":"","meta":[],"product_brand":[],"product_cat":[126,57],"product_tag":[94,152,156],"class_list":{"0":"post-10207","1":"product","2":"type-product","3":"status-publish","4":"has-post-thumbnail","6":"product_cat-sukienki-dla-niemowlat","7":"product_cat-ubranka-niemowlece","8":"product_tag-bawelna-organiczna","9":"product_tag-ubranka-dla-niemowlat-dziewczynek","10":"product_tag-sukienka","11":"product_shipping_class-lekka","12":"pa_rozmiar-312","13":"pa_rozmiar-313","14":"pa_rozmiar-314","15":"pa_rozmiar-315","17":"first","18":"instock","19":"taxable","20":"shipping-taxable","21":"purchasable","22":"product-type-variable","23":"has-default-attributes","24":"wvs-archive-product-wrapper"},"_links":{"self":[{"href":"https:\/\/mama-niemowlaka.pl\/sklep\/wp-json\/wp\/v2\/product\/10207","targetHints":{"allow":["GET"]}}],"collection":[{"href":"https:\/\/mama-niemowlaka.pl\/sklep\/wp-json\/wp\/v2\/product"}],"about":[{"href":"https:\/\/mama-niemowlaka.pl\/sklep\/wp-json\/wp\/v2\/types\/product"}],"wp:featuredmedia":[{"embeddable":true,"href":"https:\/\/mama-niemowlaka.pl\/sklep\/wp-json\/wp\/v2\/media\/10208"}],"wp:attachment":[{"href":"https:\/\/mama-niemowlaka.pl\/sklep\/wp-json\/wp\/v2\/media?parent=10207"}],"wp:term":[{"taxonomy":"product_brand","embeddable":true,"href":"https:\/\/mama-niemowlaka.pl\/sklep\/wp-json\/wp\/v2\/product_brand?post=10207"},{"taxonomy":"product_cat","embeddable":true,"href":"https:\/\/mama-niemowlaka.pl\/sklep\/wp-json\/wp\/v2\/product_cat?post=10207"},{"taxonomy":"product_tag","embeddable":true,"href":"https:\/\/mama-niemowlaka.pl\/sklep\/wp-json\/wp\/v2\/product_tag?post=10207"}],"curies":[{"name":"wp","href":"https:\/\/api.w.org\/{rel}","templated":true}]}}