{"id":10219,"date":"2023-09-30T00:11:42","date_gmt":"2023-09-29T22:11:42","guid":{"rendered":"https:\/\/mama-niemowlaka.pl\/sklep\/?post_type=product&#038;p=10219"},"modified":"2024-07-21T08:04:22","modified_gmt":"2024-07-21T06:04:22","slug":"sukieneczka-niemowleca-z-bawelniany-organicznej-biala","status":"publish","type":"product","link":"https:\/\/mama-niemowlaka.pl\/sklep\/produkt\/ubranka-niemowlece\/sukienki-dla-niemowlat\/sukieneczka-niemowleca-z-bawelniany-organicznej-biala\/","title":{"rendered":"Sukieneczka niemowl\u0119ca z bawe\u0142ny organicznej &#8211; bia\u0142a"},"content":{"rendered":"<h2 data-pm-slice=\"1 1 []\">Sukienka niemowl\u0119ca na ka\u017cd\u0105 okazj\u0119 &#8211; sukieneczka niemowl\u0119ca z bawe\u0142ny organicznej<\/h2>\n<p>Sukienka z d\u0142ugim r\u0119kawem dla niemowlaka z bawe\u0142ny organicznej to idealny wyb\u00f3r na ch\u0142odniejsze dni. W\u0142\u00f3kna ekologicznej bawe\u0142ny s\u0105 znacznie silniejsze, nie zawieraj\u0105 chemikali\u00f3w i materia\u0142 lepiej oddycha, co oznacza, \u017ce ubranka z organicznej bawe\u0142ny dla dzieci, \u015bwietnie s\u0142u\u017c\u0105 delikatnej sk\u00f3rze dziecka. Sukieneczka dla niemowl\u0105t zosta\u0142a uszyta z bawe\u0142ny organicznej z delikatnym puszkiem na wewn\u0119trznej stronie. Grubsza sukienka dla niemowlaka doskonale si\u0119 sprawdzi na uroczysto\u015bci zim\u0105 lub jesieni\u0105. Ta wygodna sukienka niemowl\u0119ca doskonale sprawdzi si\u0119 jako elegancka sukienka niemowl\u0119ca, ale tak\u017ce jako sukienka na co dzie\u0144<\/p>\n<p>Nasza wygodna sukienka niemowl\u0119ca to doskona\u0142y wyb\u00f3r dla Twojego dziecka. To r\u00f3wnie\u017c idealna sukienka niemowl\u0119ca na prezent.<\/p>\n<h2>Gdzie kupi\u0107 ubranka dla ma\u0142ej dziewczynki? Sukienki dla niemowl\u0105t w sklepie <a href=\"https:\/\/www.mama-niemowlaka.pl\">mama-niemowlaka.pl<\/a><\/h2>\n<p>Odwied\u017a nasz sklep internetowy <a href=\"https:\/\/www.mama-niemowlaka.pl\">mama-niemowlaka.pl<\/a>, gdzie znajdziesz szeroki wyb\u00f3r najwy\u017cszej jako\u015bci ubranek dla niemowl\u0105t. W naszym sklepie znajdziesz wygodne sukienki dla niemowlaka, ubranka na co dzie\u0144 i od \u015bwi\u0119ta, eleganckie sukienki dla niemowl\u0105t oraz sukienki na chrzest. Sukienki w ofercie naszego sklepu znajdziesz w kategorii <a href=\"https:\/\/mama-niemowlaka.pl\/sklep\/c\/ubranka\/sukienki\/\" target=\"_blank\" rel=\"noopener\"><strong>sukienki dla niemowl\u0105t<\/strong><\/a>.<\/p>\n<p>Wszystkie dost\u0119pne sukienki niemowl\u0119ce w naszym sklepie s\u0105 na naszym magazynie. Dzi\u0119ki czemu gwarantujemy wysy\u0142k\u0119 zam\u00f3wienia w ci\u0105gu 48 godzin oraz darmow\u0105 wymian\u0119 towaru lub mo\u017cliwo\u015b\u0107 zwrotu w ci\u0105gu 14 dni. Co wi\u0119cej, je\u015bli zam\u00f3wisz za minimum 249 PLN, dostawa b\u0119dzie ca\u0142kowicie darmowa.<\/p>\n<h2>Ubrania dla niemowl\u0105t &#8211; Sukienki niemowl\u0119ce eleganckie i codzienne<\/h2>\n<p>Dbamy o wygod\u0119 i bezpiecze\u0144stwo Twojego dziecka, dlatego nasze ubranka dla niemowl\u0105t s\u0105 starannie wyselekcjonowane. Nie tra\u0107 wi\u0119cej czasu na przeszukiwanie innych sklep\u00f3w \u2013 <a href=\"https:\/\/www.mama-niemowlaka.pl\">mama-niemowlaka.pl<\/a> ma wszystko, czego potrzebujesz!<\/p>\n<p>Skorzystaj teraz z naszych us\u0142ug i sprawd\u017a nasz\u0105 ofert\u0119 ju\u017c dzi\u015b!<\/p>\n","protected":false},"excerpt":{"rendered":"<p data-pm-slice=\"1 1 []\">Sukieneczka niemowl\u0119ca z mi\u0119sistej bawe\u0142ny organicznej w kolorze bia\u0142ym z motylkami. W komplecie z sukienk\u0105 jest opaska na g\u0142ow\u0119. Z przodu sukieneczka niemowl\u0119ca zosta\u0142a ozdobiona czerwon\u0105 kokard\u0105. Sukienka dla niemowl\u0105t uszyta z bawe\u0142ny organicznej jest bardzo ciep\u0142a &#8211; na wewn\u0119trznej stronie jest delikatny puszek. Ta wygodna sukienka niemowl\u0119ca posiada d\u0142ugi r\u0119kaw, dzi\u0119ki czemu doskonale si\u0119 sprawdzi w ch\u0142odniejsze dni. Bia\u0142a sukienka niemowl\u0119ca jest niezwykle ciep\u0142a i wygodna. Dziewcz\u0119cego oraz zwiewnego charakteru tej sukience dla niemowlaka nadaje marszczenie w pasie. Sukieneczka dla niemowlaka zapinana jest na cztery bezniklowe napy z ty\u0142u. Ta bia\u0142a sukienka niemowl\u0119ca doskonale si\u0119 sprawdzi jako sukienka wizytowa i sukienka na co dzie\u0144.<\/p>\n<p>Sukieneczka niemowl\u0119ca wyst\u0119puje w czterech rozmiarach: 62, 68, 74, 80. Sukienk\u0119 dla niemowlaka mo\u017cesz kupi\u0107 innej wersji kolorystycznej: <a href=\"https:\/\/mama-niemowlaka.pl\/sklep\/produkt\/ubranka\/sukienki\/sukienka-dla-niemowlaka-z-bawelniany-organicznej-niebieska\/\" target=\"_blank\" rel=\"noopener\"><strong>Sukienka dla niemowlaka z bawe\u0142niany organicznej \u2013 niebieska<\/strong><\/a><\/p>\n<p>Sk\u0142ad: 95% bawe\u0142na organiczna, 5% lycra<\/p>\n","protected":false},"featured_media":10399,"template":"","meta":[],"product_brand":[],"product_cat":[126,57],"product_tag":[94,170,152],"class_list":{"0":"post-10219","1":"product","2":"type-product","3":"status-publish","4":"has-post-thumbnail","6":"product_cat-sukienki-dla-niemowlat","7":"product_cat-ubranka-niemowlece","8":"product_tag-bawelna-organiczna","9":"product_tag-biala-sukienka-dla-niemowlaka","10":"product_tag-ubranka-dla-niemowlat-dziewczynek","11":"product_shipping_class-lekka","12":"pa_rozmiar-312","13":"pa_rozmiar-313","14":"pa_rozmiar-314","15":"pa_rozmiar-315","17":"first","18":"instock","19":"taxable","20":"shipping-taxable","21":"purchasable","22":"product-type-variable","23":"has-default-attributes","24":"wvs-archive-product-wrapper"},"_links":{"self":[{"href":"https:\/\/mama-niemowlaka.pl\/sklep\/wp-json\/wp\/v2\/product\/10219","targetHints":{"allow":["GET"]}}],"collection":[{"href":"https:\/\/mama-niemowlaka.pl\/sklep\/wp-json\/wp\/v2\/product"}],"about":[{"href":"https:\/\/mama-niemowlaka.pl\/sklep\/wp-json\/wp\/v2\/types\/product"}],"wp:featuredmedia":[{"embeddable":true,"href":"https:\/\/mama-niemowlaka.pl\/sklep\/wp-json\/wp\/v2\/media\/10399"}],"wp:attachment":[{"href":"https:\/\/mama-niemowlaka.pl\/sklep\/wp-json\/wp\/v2\/media?parent=10219"}],"wp:term":[{"taxonomy":"product_brand","embeddable":true,"href":"https:\/\/mama-niemowlaka.pl\/sklep\/wp-json\/wp\/v2\/product_brand?post=10219"},{"taxonomy":"product_cat","embeddable":true,"href":"https:\/\/mama-niemowlaka.pl\/sklep\/wp-json\/wp\/v2\/product_cat?post=10219"},{"taxonomy":"product_tag","embeddable":true,"href":"https:\/\/mama-niemowlaka.pl\/sklep\/wp-json\/wp\/v2\/product_tag?post=10219"}],"curies":[{"name":"wp","href":"https:\/\/api.w.org\/{rel}","templated":true}]}}