{"id":10326,"date":"2023-12-08T22:18:04","date_gmt":"2023-12-08T21:18:04","guid":{"rendered":"https:\/\/mama-niemowlaka.pl\/sklep\/?post_type=product&#038;p=10326"},"modified":"2024-08-02T16:02:52","modified_gmt":"2024-08-02T14:02:52","slug":"kombinezon-dla-noworodka-zimowy-rozowy-2","status":"publish","type":"product","link":"https:\/\/mama-niemowlaka.pl\/sklep\/produkt\/ubranka-niemowlece\/kombinezony-dla-niemowlat\/kombinezon-dla-noworodka-zimowy-rozowy-2\/","title":{"rendered":"Kombinezon dla noworodka zimowy &#8211; r\u00f3\u017cowy"},"content":{"rendered":"<h2 data-pm-slice=\"1 1 []\">Jaki kombinezon dla noworodka? Kombinezony dla dzieci idealne na zim\u0119.<\/h2>\n<p>Kombinezon dla niemowlaka to bardzo wa\u017cna cz\u0119\u015b\u0107 dzieci\u0119cej garderoby. Co wi\u0119cej, ciep\u0142e kombinezony noworodki powinny nosi\u0107 przez ca\u0142y rok \u2013 nawet wiosn\u0105 czy latem. Zatem jaki kombinezon wybra\u0107? Czym kierowa\u0107 si\u0119 podczas jego wyboru szczeg\u00f3lnie zim\u0105? Dobry kombinezon dla noworodka na zim\u0119 to jednocz\u0119\u015bciowy kombinezon zimowy.<\/p>\n<h2>Kombinezon dla noworodka zimowy dla dziewczynki<\/h2>\n<p>Nasz kombinezon dla noworodka zimowy zosta\u0142 uszyty z dba\u0142o\u015bci\u0105 o najmniejsze detale. Kombinezon zimowy dla niemowlaka zapinany jest na bezniklowe napy po ca\u0142ej d\u0142ugo\u015bci oraz w kroku, dzi\u0119ki czemu bez problemu zmienisz pieluszk\u0119 maluszkowi. Nogawki kombinezonu zimowego dla niemowlaka zosta\u0142y zako\u0144czone st\u00f3pkami, kt\u00f3re zast\u0119puj\u0105 buciki. Dzi\u0119ki zabudowanym st\u00f3pkom i kapturowi kombinezon niemowl\u0119cy na zim\u0119 doskonale chroni Twojego maluszka przed zimnem. To idealny kombinezon dla noworodka do fotelika i w\u00f3zka na zimowe spacery.<\/p>\n<h2>Jaki kombinezon dla niemowlaka b\u0119dzie odpowiedni? Jaki rozmiar kombinezonu dla noworodka?<\/h2>\n<p>Wyb\u00f3r odpowiedniego kombinezonu niemowl\u0119cego mo\u017ce by\u0107 kluczowy dla komfortu i bezpiecze\u0144stwa Twojego dziecka. Je\u017celi chcesz kupi\u0107 swojemu maluszkowi kombinezon zimowy wybierz odpowiedni rozmiar kombinezonu noworodka. Ale jaki rozmiar kombinezonu dla niemowlaka kupi\u0107? Dla noworodka, kt\u00f3ry wychodzi ze szpitala, najlepiej kupi\u0107 kombinezon na zim\u0119 w rozmiarze 56 lub 62. Dla du\u017cych noworodk\u00f3w mo\u017cna kupi\u0107 kombinezon ocieplany niemowl\u0119cy w rozmiarze 68. Co z wcze\u015bniakami? Dla dzieci o wadze urodzeniowej poni\u017cej 3 kg, sprawdz\u0105 si\u0119 kombinezony dla niemowl\u0105t w rozmiarze 44.<\/p>\n<h2>Ciep\u0142e kombinezony dla noworodk\u00f3w w sklepie <a href=\"https:\/\/mama-niemowlaka.pl\">mama-niemowlaka.pl<\/a><\/h2>\n<p>Je\u015bli szukasz ubranek dla swojego niemowlaka, to <a href=\"https:\/\/mama-niemowlaka.pl\"><strong>mama-niemowlaka.pl<\/strong><\/a> jest idealnym miejscem dla Ciebie. Oferujemy szeroki wyb\u00f3r ubranek dla niemowl\u0105t. Nasze produkty s\u0105 starannie wyselekcjonowane, aby zapewni\u0107 maksymalny komfort i bezpiecze\u0144stwo Twojemu dziecku. W naszym sklepie mo\u017cesz znale\u017a\u0107 urocze kombinezony dzieci\u0119ce zar\u00f3wno ciep\u0142y kombinezon na zim\u0119 jak i kombinezon przej\u015bciowy niemowl\u0119cy czy kombinezony niemowl\u0119ce na ch\u0142odne dni. Dodatkowo, oferujemy szybk\u0105 dostaw\u0119 (w ci\u0105gu 48 godzin), darmow\u0105 wymian\u0119 oraz mo\u017cliwo\u015b\u0107 zwrotu w ci\u0105gu 14 dni. A je\u015bli Tw\u00f3j zakup przekroczy 249 PLN, masz darmow\u0105 dostaw\u0119!<\/p>\n<h2>Komfortowe kombinezony dla niemowl\u0105t &#8211; kombinezony na jesie\u0144 oraz kombinezony zimowe niemowl\u0119ce<\/h2>\n<p>Nie tra\u0107 ju\u017c wi\u0119cej czasu na przeszukiwanie innych sklep\u00f3w \u2013 <a href=\"https:\/\/mama-niemowlaka.pl\"><strong>mama-niemowlaka.pl<\/strong><\/a> ma wszystko, czego potrzebujesz! Skorzystaj teraz z naszych us\u0142ug i sprawd\u017a nasz\u0105 ofert\u0119 ju\u017c dzi\u015b! Kup ju\u017c dzi\u015b wyj\u0105tkowe kombinezony zimowe dla niemowlaka. Pozosta\u0142e kombinezony zimowe dla dzieci i niemowl\u0105t znajdziesz w kategorii <a href=\"https:\/\/mama-niemowlaka.pl\/sklep\/c\/ubranka\/kombinezony\/\" target=\"_blank\" rel=\"noopener\"><strong>kombinezony dla niemowl\u0105t<\/strong><\/a>.<\/p>\n","protected":false},"excerpt":{"rendered":"<p data-pm-slice=\"1 1 []\">Ocieplany kombinezon dla noworodka zimowy z kapturem w uroczym, r\u00f3\u017cowym kolorze. Cieplutki, mi\u0119kki w dotyku kombinezon niemowl\u0119cy zimowy ocieplany dla dziewczynki. Zewn\u0119trzna warstwa kombinezonu dla niemowlaka to wiatroszczelny i wodoodporny materia\u0142, natomiast w \u015brodku delikatny mi\u015b. Pomi\u0119dzy warstwami kombinezonu na zim\u0119 znajduje si\u0119 ciep\u0142e wype\u0142nienie, idealne na zim\u0119. Kombinezon dla noworodka nie jest bardzo gruby, dzi\u0119ki czemu mo\u017cesz go ubiera\u0107 do fotelika podczas podr\u00f3\u017cy samochodem. Kombinezon niemowl\u0119cy rozpinany jest przez \u015brodek, oraz w kroku i na n\u00f3\u017ckach na bezniklowe napy. Ten spos\u00f3b zapinania kombinezonu na zim\u0119 znacznie u\u0142atwi przebieranie i przewijanie dziecka. Kombinezon dla noworodka posiada kaptur, kt\u00f3ry idealnie chroni delikatne uszy dziecka przed ch\u0142odem i wiatrem. Ciep\u0142y kombinezon dla noworodka idealnie sprawdzi si\u0119 podczas zimy.<\/p>\n<p>Kombinezon dla noworodka zimowy wyst\u0119puje w trzech rozmiarach: 62, 68 i 74. Kombinezon jest r\u00f3wnie\u017c dost\u0119pny w wersji dla ch\u0142opca, w kolorze niebieski &#8211; <a href=\"https:\/\/mama-niemowlaka.pl\/sklep\/produkt\/ubranka\/kombinezony\/kombinezon-zimowy-dla-noworodka-niebieski\/\" target=\"_blank\" rel=\"noopener\"><strong>Kombinezon zimowy dla noworodka ch\u0142opca niebieski<\/strong>.<\/a><\/p>\n<p>Sk\u0142ad: 100% poliester<\/p>\n","protected":false},"featured_media":10437,"template":"","meta":[],"product_brand":[],"product_cat":[78,217,57],"product_tag":[152,211,339,231,229,230],"class_list":{"0":"post-10326","1":"product","2":"type-product","3":"status-publish","4":"has-post-thumbnail","6":"product_cat-kombinezony-dla-niemowlat","7":"product_cat-okrycia-wierzchnie","8":"product_cat-ubranka-niemowlece","9":"product_tag-ubranka-dla-niemowlat-dziewczynek","10":"product_tag-kombinezon","11":"product_tag-kombinezon-dla-noworodka","12":"product_tag-kombinezon-niemowlecy-jesienny","13":"product_tag-kombinezon-niemowlecy-zimowy","14":"product_tag-kombinezon-zimowy-dla-dziewczynki","15":"product_shipping_class-lekka","16":"pa_rozmiar-312","17":"pa_rozmiar-313","18":"pa_rozmiar-314","20":"first","21":"instock","22":"taxable","23":"shipping-taxable","24":"purchasable","25":"product-type-variable","26":"has-default-attributes","27":"wvs-archive-product-wrapper"},"_links":{"self":[{"href":"https:\/\/mama-niemowlaka.pl\/sklep\/wp-json\/wp\/v2\/product\/10326","targetHints":{"allow":["GET"]}}],"collection":[{"href":"https:\/\/mama-niemowlaka.pl\/sklep\/wp-json\/wp\/v2\/product"}],"about":[{"href":"https:\/\/mama-niemowlaka.pl\/sklep\/wp-json\/wp\/v2\/types\/product"}],"wp:featuredmedia":[{"embeddable":true,"href":"https:\/\/mama-niemowlaka.pl\/sklep\/wp-json\/wp\/v2\/media\/10437"}],"wp:attachment":[{"href":"https:\/\/mama-niemowlaka.pl\/sklep\/wp-json\/wp\/v2\/media?parent=10326"}],"wp:term":[{"taxonomy":"product_brand","embeddable":true,"href":"https:\/\/mama-niemowlaka.pl\/sklep\/wp-json\/wp\/v2\/product_brand?post=10326"},{"taxonomy":"product_cat","embeddable":true,"href":"https:\/\/mama-niemowlaka.pl\/sklep\/wp-json\/wp\/v2\/product_cat?post=10326"},{"taxonomy":"product_tag","embeddable":true,"href":"https:\/\/mama-niemowlaka.pl\/sklep\/wp-json\/wp\/v2\/product_tag?post=10326"}],"curies":[{"name":"wp","href":"https:\/\/api.w.org\/{rel}","templated":true}]}}