{"id":10329,"date":"2023-10-12T12:23:40","date_gmt":"2023-10-12T10:23:40","guid":{"rendered":"https:\/\/mama-niemowlaka.pl\/sklep\/?post_type=product&#038;p=10329"},"modified":"2024-11-13T17:07:40","modified_gmt":"2024-11-13T16:07:40","slug":"kombinezon-kozuszek-dzieciecy-brazowy-1","status":"publish","type":"product","link":"https:\/\/mama-niemowlaka.pl\/sklep\/produkt\/ubranka-niemowlece\/kombinezony-dla-niemowlat\/kombinezon-kozuszek-dzieciecy-brazowy-1\/","title":{"rendered":"Kombinezon ko\u017cuszek dzieci\u0119cy &#8211; br\u0105zowy"},"content":{"rendered":"<h2 data-pm-slice=\"1 1 []\">Kombinezon ko\u017cuszek dla dziecka \u2013 Kombinezony dzieci\u0119ce dost\u0119pne w sklepie <a href=\"https:\/\/mama-niemowlaka.pl\">mama-niemowlaka.pl<\/a><\/h2>\n<p>Je\u015bli szukasz ubranek dla swojego niemowlaka, to <a href=\"https:\/\/mama-niemowlaka.pl\"><strong>mama-niemowlaka.pl<\/strong><\/a> jest idealnym miejscem dla Ciebie. Oferujemy szeroki wyb\u00f3r ubranek dla niemowl\u0105t. Nasze produkty s\u0105 starannie wyselekcjonowane, aby zapewni\u0107 maksymalny komfort i bezpiecze\u0144stwo Twojemu dziecku. W naszym sklepie znajdziesz kombinezon zimowy dla dziewczynki i dla ch\u0142opca. Oferujemy kombinezony: kombinezony jesienne, ciep\u0142e kombinezony zimowe dla niemowl\u0105t, lekkie kombinezony zimowe, kombinezony zimowe dzieci\u0119ce zar\u00f3wno dla ch\u0142opca jak i dziewczynki. Dodatkowo, oferujemy szybk\u0105 dostaw\u0119 (w ci\u0105gu 48 godzin), darmow\u0105 wymian\u0119 oraz mo\u017cliwo\u015b\u0107 zwrotu w ci\u0105gu 14 dni. A je\u015bli Tw\u00f3j zakup przekroczy 249 PLN, masz darmow\u0105 dostaw\u0119!<\/p>\n<p>Nie tra\u0107 ju\u017c wi\u0119cej czasu na przeszukiwanie innych sklep\u00f3w \u2013 <a href=\"https:\/\/mama-niemowlaka.pl\"><strong>mama-niemowlaka.pl<\/strong><\/a> ma wszystko, czego potrzebujesz! Sprawd\u017a <a href=\"https:\/\/mama-niemowlaka.pl\"><strong>mama-niemowlaka.pl<\/strong><\/a> i wybierz idealny kombinezon niemowl\u0119cy ju\u017c dzi\u015b! Pozosta\u0142e kombinezony zimowe dla dzieci i niemowl\u0105t znajdziesz w kategorii <a href=\"https:\/\/mama-niemowlaka.pl\/sklep\/c\/ubranka\/kombinezony\/\" target=\"_blank\" rel=\"noopener\"><strong>kombinezony dla niemowl\u0105t<\/strong><\/a>.<\/p>\n<p>Kup ju\u017c dzi\u015b ten uroczy kombinezon ko\u017cuszek dla dziecka w sklepie <a href=\"https:\/\/mama-niemowlaka.pl\"><strong>mama-niemowlaka.pl<\/strong><\/a> .<\/p>\n","protected":false},"excerpt":{"rendered":"<p data-pm-slice=\"1 1 []\">Uroczy kombinezon ko\u017cuszek dzieci\u0119cy z kapturem w neutralnym, br\u0105zowym kolorze. Cieplutki, mi\u0119kki w dotyku kombinezon zimowy ko\u017cuszek ocieplany dla niemowlaka. Zewn\u0119trzna warstwa kombinezonu dla niemowlaka to wiatroszczelny materia\u0142, natomiast w \u015brodku delikatny ko\u017cuszek. Ko\u017cuszek dzieci\u0119cy rozpinany jest przez \u015brodek na bezniklowe napy. Kombinezon zimowy dla niemowlaka posiada kaptur, kt\u00f3ry idealnie chroni delikatne uszy dziecka przed ch\u0142odem i wiatrem. Kaptur ozdobiony jest uroczymi, ma\u0142ymi uszkami. Ciep\u0142y kombinezon ko\u017cuszek dzieci\u0119cy idealnie sprawdzi si\u0119 podczas zimy. Dodatkowo kombinezon posiada dwie urocze kieszonki, kt\u00f3re nadaj\u0105 ubranku dzieci\u0119cego uroku. Nogawki i r\u0119kawy wyko\u0144czone s\u0105 uroczym ko\u017cuszkiem.<\/p>\n<p>Kombinezon ko\u017cuszek dzieci\u0119cy w kolorze br\u0105zowym wyst\u0119puje w czterech rozmiarach: 74, 80, 86 i 92. Kombinezon dost\u0119pny jest r\u00f3wnie\u017c w kolorze r\u00f3\u017cowym: <strong><a href=\"https:\/\/mama-niemowlaka.pl\/sklep\/produkt\/ubranka\/kombinezony\/kombinezon-kozuszek-dla-dziewczynki-rozowy\/\" target=\"_blank\" rel=\"noopener\">Kombinezon ko\u017cuszek dla dziewczynki &#8211; r\u00f3\u017cowy<\/a>.<\/strong><\/p>\n<p>Sk\u0142ad: 100% poliester<\/p>\n","protected":false},"featured_media":10342,"template":"","meta":[],"product_brand":[],"product_cat":[78,217,57],"product_tag":[145,152,211,229,232,230],"class_list":{"0":"post-10329","1":"product","2":"type-product","3":"status-publish","4":"has-post-thumbnail","6":"product_cat-kombinezony-dla-niemowlat","7":"product_cat-okrycia-wierzchnie","8":"product_cat-ubranka-niemowlece","9":"product_tag-ubranka-dla-niemowlat-chlopca","10":"product_tag-ubranka-dla-niemowlat-dziewczynek","11":"product_tag-kombinezon","12":"product_tag-kombinezon-niemowlecy-zimowy","13":"product_tag-kombinezon-zimowy-dla-chlopca","14":"product_tag-kombinezon-zimowy-dla-dziewczynki","15":"product_shipping_class-duza","16":"pa_rozmiar-314","17":"pa_rozmiar-315","18":"pa_rozmiar-316","19":"pa_rozmiar-317","21":"first","22":"outofstock","23":"taxable","24":"shipping-taxable","25":"product-type-variable","26":"has-default-attributes","27":"wvs-archive-product-wrapper"},"_links":{"self":[{"href":"https:\/\/mama-niemowlaka.pl\/sklep\/wp-json\/wp\/v2\/product\/10329","targetHints":{"allow":["GET"]}}],"collection":[{"href":"https:\/\/mama-niemowlaka.pl\/sklep\/wp-json\/wp\/v2\/product"}],"about":[{"href":"https:\/\/mama-niemowlaka.pl\/sklep\/wp-json\/wp\/v2\/types\/product"}],"wp:featuredmedia":[{"embeddable":true,"href":"https:\/\/mama-niemowlaka.pl\/sklep\/wp-json\/wp\/v2\/media\/10342"}],"wp:attachment":[{"href":"https:\/\/mama-niemowlaka.pl\/sklep\/wp-json\/wp\/v2\/media?parent=10329"}],"wp:term":[{"taxonomy":"product_brand","embeddable":true,"href":"https:\/\/mama-niemowlaka.pl\/sklep\/wp-json\/wp\/v2\/product_brand?post=10329"},{"taxonomy":"product_cat","embeddable":true,"href":"https:\/\/mama-niemowlaka.pl\/sklep\/wp-json\/wp\/v2\/product_cat?post=10329"},{"taxonomy":"product_tag","embeddable":true,"href":"https:\/\/mama-niemowlaka.pl\/sklep\/wp-json\/wp\/v2\/product_tag?post=10329"}],"curies":[{"name":"wp","href":"https:\/\/api.w.org\/{rel}","templated":true}]}}