{"id":10346,"date":"2023-10-04T01:15:18","date_gmt":"2023-10-03T23:15:18","guid":{"rendered":"https:\/\/mama-niemowlaka.pl\/sklep\/?post_type=product&#038;p=10346"},"modified":"2026-02-16T21:03:35","modified_gmt":"2026-02-16T20:03:35","slug":"futerkowy-komplet-dresowy-dla-niemowlaka-dziewczynki","status":"publish","type":"product","link":"https:\/\/mama-niemowlaka.pl\/sklep\/produkt\/ubranka-niemowlece\/dres-dla-niemowlaka\/futerkowy-komplet-dresowy-dla-niemowlaka-dziewczynki\/","title":{"rendered":"Futerkowy dres dla niemowlaka &#8211; be\u017cowy"},"content":{"rendered":"<h2 data-pm-slice=\"1 1 []\">Komplety dresowe dla niemowl\u0105t &#8211; komplet dresowy dla niemowlaka: bluza dresowa dla niemowlaka, spodenki i bluzeczka<\/h2>\n<p>Dziecko potrzebuje wygodnych ubranek niemowl\u0119cych. Komplety dresowe dla niemowl\u0105t to niezb\u0119dne elementy niemowl\u0119cej garderoby. Ten zestaw dresowy to ciep\u0142y komplet ubranek dla niemowlaka. Komplet ciuszk\u00f3w niemowl\u0119cych sk\u0142ada si\u0119 z trzech element\u00f3w: bluzeczki z d\u0142ugim r\u0119kawem, rozpinanej bluzy z kapturem i spodenek. Nasz be\u017cowy komplet dresowy dla niemowlaka ma wiele zastosowa\u0144 &#8211; dresy idealnie mog\u0105 s\u0142u\u017cy\u0107 jako ubranko na co dzie\u0144 w domu lub mog\u0105 by\u0107 u\u017cyte jako warstwa zewn\u0119trzna na spacerach jesieni\u0105. Ten zestaw ubranek dla dziewczynki to doskona\u0142y wyb\u00f3r poniewa\u017c nie tylko zapewni\u0105 komfort termiczny dla Twojego dziecka, ale tak\u017ce s\u0105 bezpieczne dla sk\u00f3ry dziecka. Jest r\u00f3wnie\u017c \u015bwietnym zamiennikiem jednocz\u0119\u015bciowego kombinezonu, poniewa\u017c mo\u017cna go nosi\u0107 jako ca\u0142y komplet, sam\u0105 bluz\u0119 dzieci\u0119c\u0105 lub same spodenki w razie potrzeby. Ten zestawy ubranek dla niemowl\u0105t doskonale sprawdzi si\u0119 od wczesnej jesieni do p\u00f3\u017anej wiosny i stanowi \u015bwietny pomys\u0142 na prezent! Nie czekaj i zam\u00f3w ju\u017c dzi\u015b ten uroczy komplet ciuszk\u00f3w niemowl\u0119cych.<\/p>\n<h2>Komplety niemowl\u0119ce dla dziewczynek i ch\u0142opc\u00f3w w sklepie <a href=\"https:\/\/www.mama-niemowlaka.pl\">mama-niemowlaka.pl<\/a> &#8211; dresy niemowl\u0119ce<\/h2>\n<p>Doskonale wiemy, \u017ce Twoje dziecko potrzebuje wygodnych ubra\u0144 na ka\u017cd\u0105 okazj\u0119. Odwied\u017a nasz sklep internetowy <a href=\"https:\/\/www.mama-niemowlaka.pl\"><strong>mama-niemowlaka.pl<\/strong><\/a>, gdzie znajdziesz szeroki wyb\u00f3r najwy\u017cszej jako\u015bci ubranek niemowl\u0119cych. Na szczeg\u00f3ln\u0105 uwag\u0119 zas\u0142uguj\u0105 komplety dresowe dla niemowl\u0105t, gotowe zestawy, dzi\u0119ki czemu nie musisz wybiera\u0107 wielu ubranek dla niemowlaka. Zestawy dresowe to jedne z najpopularniejszych ubranek niemowl\u0119cych. Gwarantujemy wysy\u0142k\u0119 zam\u00f3wienia w ci\u0105gu 48 godzin oraz darmow\u0105 wymian\u0119 towaru lub mo\u017cliwo\u015b\u0107 zwrotu w ci\u0105gu 14 dni. Co wi\u0119cej, je\u015bli zam\u00f3wisz za minimum 249 PLN, dostawa b\u0119dzie ca\u0142kowicie darmowa.<\/p>\n<h2>Komplety ubranek dla niemowl\u0105t &#8211; szeroki wyb\u00f3r ubranek<\/h2>\n<p>Dbamy o wygod\u0119 i bezpiecze\u0144stwo Twojego dziecka, dlatego nasze produkty s\u0105 starannie wyselekcjonowane. Nie tra\u0107 wi\u0119cej czasu na przeszukiwanie innych sklep\u00f3w \u2013 <a href=\"https:\/\/www.mama-niemowlaka.pl\"><strong>mama-niemowlaka.pl<\/strong><\/a> ma wszystko, czego potrzebujesz!<\/p>\n<p>Skorzystaj teraz z naszych us\u0142ug i sprawd\u017a nasz\u0105 ofert\u0119 ubranek dla niemowlaka ju\u017c dzi\u015b! Wybierz wygodne ubranka dla niemowlaka. Pozosta\u0142e komplety i dresy dla niemowl\u0105t w sklepie <a href=\"https:\/\/www.mama-niemowlaka.pl\"><strong>mama-niemowlaka.pl<\/strong><\/a> znajdziesz w kategorii <a href=\"https:\/\/mama-niemowlaka.pl\/sklep\/c\/ubranka\/dresy-niemowlece\/\" target=\"_blank\" rel=\"noopener\"><strong>dresy dla niemowl\u0105t<\/strong><\/a>.<\/p>\n","protected":false},"excerpt":{"rendered":"<p data-pm-slice=\"1 1 []\">Be\u017cowy futerkowy komplet dresowy dla niemowlaka to niezwykle przytulna i mi\u0119ciutka opcja na ch\u0142odne jesienne i zimowe dni, kt\u00f3ry zapewni Twojemu dziecku komfort termiczny. Dresy idealnie nadaj\u0105 si\u0119 dla niemowl\u0105t poniewa\u017c zar\u00f3wno bluza dresowa, jak i spodenki s\u0105 zaprojektowane bez wystaj\u0105cych element\u00f3w na plecach, co sprawia, \u017ce s\u0105 idealne nawet dla dzieci le\u017c\u0105cych. Bluza dresowa dla niemowlaka ma swobodny kr\u00f3j z wygodnym zamkiem i kapturem z uroczymi uszkami. R\u0119kawy i d\u00f3\u0142 bluzy niemowl\u0119cej maj\u0105 delikatne \u015bci\u0105gacze, kt\u00f3re utrzymuj\u0105 j\u0105 na miejscu i poprawiaj\u0105 komfort cieplny. Spodenki maj\u0105 prosty swobodny kr\u00f3j z nogawkami, kt\u00f3re nieco zw\u0119\u017caj\u0105 si\u0119 ku do\u0142owi. W pasie znajduje si\u0119 delikatny \u015bci\u0105gacz, kt\u00f3ry nie uciska brzuszka. Dodatkowo maj\u0105 sznurek do wi\u0105zania w pasie. Bluzeczka z d\u0142ugim r\u0119kawem wk\u0142adana przez g\u0142ow\u0119, kt\u00f3ra jest w komplecie ma uroczy \u0142ososiowy kolor i zapinana jest na dwie napy na ramionku. Ten ciep\u0142y komplet ubranek to idealny zestaw ubranek dla dziewczynki.<\/p>\n<p>Futerkowy komplet dresowy dla niemowlaka wyst\u0119puje w pi\u0119ciu rozmiarach: 74, 80, 86, 92 i 98.<\/p>\n<p>Sk\u0142ad kompletu niemowl\u0119cego: bluzeczka 100% bawe\u0142na, bluza dresowa i spodnie 100% poliester<\/p>\n","protected":false},"featured_media":20339,"template":"","meta":[],"product_brand":[],"product_cat":[136,122,57],"product_tag":[152,237,351],"class_list":{"0":"post-10346","1":"product","2":"type-product","3":"status-publish","4":"has-post-thumbnail","6":"product_cat-dres-dla-niemowlaka","7":"product_cat-komplet-niemowlecy","8":"product_cat-ubranka-niemowlece","9":"product_tag-ubranka-dla-niemowlat-dziewczynek","10":"product_tag-dresik-dla-dziewczynki","11":"product_tag-komplety-niemowlece-dla-dziewczynki","12":"product_shipping_class-lekka","13":"pa_rozmiar-314","14":"pa_rozmiar-315","15":"pa_rozmiar-316","16":"pa_rozmiar-317","17":"pa_rozmiar-318","19":"first","20":"instock","21":"taxable","22":"shipping-taxable","23":"purchasable","24":"product-type-variable","25":"has-default-attributes","26":"wvs-archive-product-wrapper"},"_links":{"self":[{"href":"https:\/\/mama-niemowlaka.pl\/sklep\/wp-json\/wp\/v2\/product\/10346","targetHints":{"allow":["GET"]}}],"collection":[{"href":"https:\/\/mama-niemowlaka.pl\/sklep\/wp-json\/wp\/v2\/product"}],"about":[{"href":"https:\/\/mama-niemowlaka.pl\/sklep\/wp-json\/wp\/v2\/types\/product"}],"wp:featuredmedia":[{"embeddable":true,"href":"https:\/\/mama-niemowlaka.pl\/sklep\/wp-json\/wp\/v2\/media\/20339"}],"wp:attachment":[{"href":"https:\/\/mama-niemowlaka.pl\/sklep\/wp-json\/wp\/v2\/media?parent=10346"}],"wp:term":[{"taxonomy":"product_brand","embeddable":true,"href":"https:\/\/mama-niemowlaka.pl\/sklep\/wp-json\/wp\/v2\/product_brand?post=10346"},{"taxonomy":"product_cat","embeddable":true,"href":"https:\/\/mama-niemowlaka.pl\/sklep\/wp-json\/wp\/v2\/product_cat?post=10346"},{"taxonomy":"product_tag","embeddable":true,"href":"https:\/\/mama-niemowlaka.pl\/sklep\/wp-json\/wp\/v2\/product_tag?post=10346"}],"curies":[{"name":"wp","href":"https:\/\/api.w.org\/{rel}","templated":true}]}}