{"id":10347,"date":"2023-10-12T01:49:28","date_gmt":"2023-10-11T23:49:28","guid":{"rendered":"https:\/\/mama-niemowlaka.pl\/sklep\/?post_type=product&#038;p=10347"},"modified":"2024-11-16T11:13:01","modified_gmt":"2024-11-16T10:13:01","slug":"kombinezon-zimowy-dla-dziewczynki-brazowy-kwiatki","status":"publish","type":"product","link":"https:\/\/mama-niemowlaka.pl\/sklep\/produkt\/ubranka-niemowlece\/kombinezony-dla-niemowlat\/kombinezon-zimowy-dla-dziewczynki-brazowy-kwiatki\/","title":{"rendered":"Lekki kombinezon zimowy dla dziewczynki &#8211; br\u0105zowy"},"content":{"rendered":"<h2 data-pm-slice=\"1 1 []\">Lekki kombinezon zimowy dla dziewczynki &#8211; kombinezony niemowl\u0119ce na ch\u0142odne dni. Jak wybra\u0107 idealny kombinezon dla dziewczynki?<\/h2>\n<p>Zastanawiasz si\u0119 jaki kupi\u0107 kombinezon na zim\u0119 dla dziewczynki? Powinna\u015b mie\u0107 kombinezon zimowy dla niemowlaka dostosowany do waszych potrzeb. Na spacery zim\u0105 wybierz gruby, ciep\u0142y, wodoodporny kombinezon zimowy, kt\u00f3ry maksymalnie zapewni ciep\u0142o dla Twojego maluszka. Natomiast je\u017celi podr\u00f3\u017cujecie samochodem, a dziecko znajduje si\u0119 w foteliku wybierz znacznie l\u017cejszy, ale tak\u017ce ciep\u0142y, dobry kombinezon zimowy. Gruby kombinezon zimowy dla malucha czy kurtka uniemo\u017cliwiaj\u0105 w\u0142a\u015bciwe zapi\u0119cie pas\u00f3w, kt\u00f3re powinny \u015bci\u015ble przylega\u0107 do cia\u0142a dziecka! A dziecko podczas podr\u00f3\u017c powinno by\u0107 przede wszystkim bezpieczne. Pami\u0119taj, \u017ce przewo\u017cenie dziecka w foteliku w grubym kombinezonie zimowym dla niemowl\u0105t jest bardzo ryzykowne! Lekki kombinezon na zim\u0119 zapewni doskona\u0142y komfort podczas podr\u00f3\u017cy twojemu dziecku. A rozpinane obie nogawki, b\u0119d\u0105 niezwykle u\u017cyteczne podczas zmiany pieluszki.<\/p>\n<h2>Kombinezony dla dziewczynki. Zastanawiasz si\u0119 jaki kombinezon b\u0119dzie najlepszy dla ma\u0142ej dziewczynki?<\/h2>\n<p>Kupuj\u0105c kombinezony dla dziewczynki zwracamy uwag\u0119 nie tylko na ciep\u0142e wype\u0142nienie, ale tak\u017ce na wygl\u0105d kombinezonu dla dziewczynki. Nasz uroczy, lekki kombinezon zimowy to idealne rozwi\u0105zanie dla ka\u017cdej ma\u0142ej damy. Wybierz ju\u017c dzi\u015b ten dobry kombinezon dla dziewczynki i podaruj dziecku wygodny kombinezon zimowy.<\/p>\n<h2>Kombinezony zimowe dla dzieci i niemowl\u0105t w sklepie <a href=\"https:\/\/mama-niemowlaka.pl\">mama-niemowlaka.pl<\/a><\/h2>\n<p>Je\u015bli szukasz ubranek dla swojego niemowlaka, to <strong><a href=\"https:\/\/mama-niemowlaka.pl\">mama-niemowlaka.pl<\/a><\/strong> jest idealnym miejscem dla Ciebie. Oferujemy szeroki wyb\u00f3r ubranek dla niemowl\u0105t. Nasze produkty s\u0105 starannie wyselekcjonowane, aby zapewni\u0107 maksymalny komfort i bezpiecze\u0144stwo Twojemu dziecku. W naszym sklepie znajdziesz kombinezon zimowy dla dziewczynki i dla ch\u0142opca. Oferujemy r\u00f3\u017cne kombinezony dzieci\u0119ce zar\u00f3wno kombinezon dla ch\u0142opc\u00f3w jak i kombinezony dla dziewczynki, m.in: kombinezony przej\u015bciowe dla dziewczynek, kombinezony zimowe dla ch\u0142opca, lekkie kombinezony zimowe. Dodatkowo, oferujemy szybk\u0105 dostaw\u0119 (w ci\u0105gu 48 godzin), darmow\u0105 wymian\u0119 oraz mo\u017cliwo\u015b\u0107 zwrotu w ci\u0105gu 14 dni. A je\u015bli Tw\u00f3j zakup przekroczy 249 PLN, masz darmow\u0105 dostaw\u0119!<\/p>\n<p>Nie tra\u0107 ju\u017c wi\u0119cej czasu na przeszukiwanie innych sklep\u00f3w \u2013 <strong><a href=\"https:\/\/mama-niemowlaka.pl\">mama-niemowlaka.pl<\/a><\/strong> ma wszystko, czego potrzebujesz! Sprawd\u017a <strong><a href=\"https:\/\/mama-niemowlaka.pl\">mama-niemowlaka.pl<\/a><\/strong> i zam\u00f3w kombinezony zimowe ju\u017c dzi\u015b! Pozosta\u0142e kombinezony zimowe dla dzieci i niemowl\u0105t znajdziesz w kategorii <a href=\"https:\/\/mama-niemowlaka.pl\/sklep\/c\/ubranka\/kombinezony\/\" target=\"_blank\" rel=\"noopener\"><strong>kombinezony dla niemowl\u0105t<\/strong><\/a>.<\/p>\n<p>Kup zimowy kombinezon dla dziewczynki w naszym sklepie.<\/p>\n","protected":false},"excerpt":{"rendered":"<p data-pm-slice=\"1 1 []\">Lekki kombinezon zimowy dla dziewczynki w kolorze br\u0105zowym wyko\u0144czony uroczym misiem. Dziewcz\u0119cego uroku dodaj\u0105 mu delikatne kwiatki w jesiennych kolorach. Kombinezon dla ma\u0142ej dziewczynki jest doskona\u0142y podczas podr\u00f3\u017cy z dzieckiem &#8211; to idealny kombinezon dziewcz\u0119cy zimowy do fotelika w samochodzie. Przewo\u017cenie dziecka w foteliku w grubym kombinezonie na zim\u0119 jest bardzo ryzykowne. Nasz lekki kombinezon zimowy dla dziewczynki zapewni doskona\u0142y komfort dla Twojego dziecka. Kombinezon na zim\u0119 zapinany jest na bezniklowe napy od szyi do kroczku, a tak\u017ce na obu n\u00f3\u017ckach. Nogawki i r\u0119kawy wyko\u0144czone s\u0105 uroczym misiem, kt\u00f3ry mo\u017cesz odwin\u0105\u0107, dzi\u0119ki czemu kombinezon dziewcz\u0119cy ro\u015bnie razem z dzieckiem. Dodatkowo kombinezon zimowy dla malucha posiada kaptur, aby chroni\u0107 g\u0142\u00f3wk\u0119 dziecka przed wiatrem. Ten kombinezon zimowy zapewni dziecku doskona\u0142\u0105 ochron\u0119 podczas spacer\u00f3w w ch\u0142odne dni i podczas podr\u00f3\u017cy samochodem w foteliku zim\u0105.<\/p>\n<p>Lekki kombinezon zimowy dla dziewczynki wyst\u0119puje w czterech rozmiarach: 74, 80, 86 i 92.<\/p>\n<p>Sk\u0142ad: 100% poliester<\/p>\n","protected":false},"featured_media":10420,"template":"","meta":[],"product_brand":[],"product_cat":[78,217,57],"product_tag":[152,211,231,229,230],"class_list":{"0":"post-10347","1":"product","2":"type-product","3":"status-publish","4":"has-post-thumbnail","6":"product_cat-kombinezony-dla-niemowlat","7":"product_cat-okrycia-wierzchnie","8":"product_cat-ubranka-niemowlece","9":"product_tag-ubranka-dla-niemowlat-dziewczynek","10":"product_tag-kombinezon","11":"product_tag-kombinezon-niemowlecy-jesienny","12":"product_tag-kombinezon-niemowlecy-zimowy","13":"product_tag-kombinezon-zimowy-dla-dziewczynki","14":"product_shipping_class-duza","15":"pa_rozmiar-314","16":"pa_rozmiar-315","17":"pa_rozmiar-316","18":"pa_rozmiar-317","20":"first","21":"instock","22":"taxable","23":"shipping-taxable","24":"purchasable","25":"product-type-variable","26":"has-default-attributes","27":"wvs-archive-product-wrapper"},"_links":{"self":[{"href":"https:\/\/mama-niemowlaka.pl\/sklep\/wp-json\/wp\/v2\/product\/10347","targetHints":{"allow":["GET"]}}],"collection":[{"href":"https:\/\/mama-niemowlaka.pl\/sklep\/wp-json\/wp\/v2\/product"}],"about":[{"href":"https:\/\/mama-niemowlaka.pl\/sklep\/wp-json\/wp\/v2\/types\/product"}],"wp:featuredmedia":[{"embeddable":true,"href":"https:\/\/mama-niemowlaka.pl\/sklep\/wp-json\/wp\/v2\/media\/10420"}],"wp:attachment":[{"href":"https:\/\/mama-niemowlaka.pl\/sklep\/wp-json\/wp\/v2\/media?parent=10347"}],"wp:term":[{"taxonomy":"product_brand","embeddable":true,"href":"https:\/\/mama-niemowlaka.pl\/sklep\/wp-json\/wp\/v2\/product_brand?post=10347"},{"taxonomy":"product_cat","embeddable":true,"href":"https:\/\/mama-niemowlaka.pl\/sklep\/wp-json\/wp\/v2\/product_cat?post=10347"},{"taxonomy":"product_tag","embeddable":true,"href":"https:\/\/mama-niemowlaka.pl\/sklep\/wp-json\/wp\/v2\/product_tag?post=10347"}],"curies":[{"name":"wp","href":"https:\/\/api.w.org\/{rel}","templated":true}]}}