{"id":10476,"date":"2023-12-27T23:30:00","date_gmt":"2023-12-27T22:30:00","guid":{"rendered":"https:\/\/mama-niemowlaka.pl\/sklep\/?post_type=product&#038;p=10476"},"modified":"2024-10-13T08:29:17","modified_gmt":"2024-10-13T06:29:17","slug":"pajacyk-niemowlecy-ze-stopkami-domki-bezowy","status":"publish","type":"product","link":"https:\/\/mama-niemowlaka.pl\/sklep\/produkt\/ubranka-niemowlece\/pajacyki-dla-niemowlat\/pajacyk-niemowlecy-ze-stopkami-domki-bezowy\/","title":{"rendered":"Pajacyk niemowl\u0119cy ze st\u00f3pkami &#8211; domki be\u017cowy"},"content":{"rendered":"<h2 data-pm-slice=\"1 1 []\"><strong>Wygodny pajac niemowl\u0119cy<\/strong><\/h2>\n<p style=\"text-align: left\" data-pm-slice=\"1 1 []\">Bawe\u0142niany pajacyk niemowl\u0119cy ze st\u00f3pkami dla dziecka do wyprawki dla noworodka. Uroczy pajacyk niemowl\u0119cy z d\u0142ugim r\u0119kawem w domki na be\u017cowym tle to obowi\u0105zkowy element garderoby ka\u017cdego malucha! Wygodny pajac niemowl\u0119cy ze st\u00f3pkami jest jednym z niezb\u0119dnych element\u00f3w garderoby ka\u017cdego Maluszka<span style=\"color: #000000;font-family: Arial\"><span style=\"font-size: 13.3333px;background-color: #f0f0f0\">.<\/span><\/span><\/p>\n<p data-pm-slice=\"1 1 []\">Ten pajacyk dla niemowl\u0105t posiada wygodny fason i zosta\u0142 uszyty z mi\u0119kkiej bawe\u0142ny. Oddychaj\u0105cy, wyj\u0105tkowo wygodny i \u0142atwy w ubieraniu pajacyk niemowl\u0119cy zapewnia optymalny komfort snu, nie kr\u0119puj\u0105c ruch\u00f3w dziecka, a jednocze\u015bnie zapewniaj\u0105c \u0142atwy dost\u0119p przy zmianie pieluszki. Pajacyk niemowl\u0119cy dla ch\u0142opca zapinany jest na zatrzaski po\u015brodku i od kroku a\u017c do stopy. Ten \u0142atwy w ubieraniu pajac dla niemowl\u0105t b\u0119dzie doskona\u0142ym towarzyszem podczas drzemek, codziennych zabaw lub rutynowych wizyt u lekarza. Pajacyk dla niemowl\u0105t zapewnia szybki dost\u0119p do pieluszek i umo\u017cliwia prawid\u0142owe gojenie okolicy p\u0119pka.<\/p>\n<h2 data-pm-slice=\"1 1 []\"><strong>Ubranka dla niemowl\u0105t w sklepie <a href=\"http:\/\/www.mama-niemowlaka.pl\">www.mama-niemowlaka.pl<\/a><\/strong><\/h2>\n<p data-pm-slice=\"1 1 []\">Odwied\u017a nasz sklep internetowy <strong><a href=\"http:\/\/www.mama-niemowlaka.pl\">www.mama-niemowlaka.pl<\/a><\/strong>, gdzie znajdziesz szeroki wyb\u00f3r pajacyk\u00f3w oraz ubranek niemowl\u0119cych najwy\u017cszej jako\u015bci. Znajdziesz tu zar\u00f3wno pajacyki niemowl\u0119ce dla dziewczynki jak i ch\u0142opca. Sprawd\u017a r\u00f3\u017cne rodzaje pajacyk\u00f3w dla niemowl\u0105t dost\u0119pne w naszym sklepie i wybierz idealny pajac niemowl\u0119cy dla swojego Malucha. W naszym sklepie kupisz pajace do spania, odpowiednie pajacyki na ch\u0142odne dni czy te\u017c pajacyki zimowe. Je\u017celi wolisz pajacyki z odkrytymi st\u00f3pkami sprawd\u017a nasz\u0105 ofert\u0119 rampers\u00f3w &#8211; <strong><a href=\"https:\/\/mama-niemowlaka.pl\/sklep\/t\/rampersy\/\" target=\"_blank\" rel=\"noopener\">rampersy niemowl\u0119ce<\/a><\/strong>. Szczeg\u00f3lnie wygodne b\u0119d\u0105 zapinane pajacyki na suwak.<\/p>\n<p data-pm-slice=\"1 1 []\">Gwarantujemy wysy\u0142k\u0119 zam\u00f3wienia w ci\u0105gu 48 godzin oraz darmow\u0105 wymian\u0119 towaru lub mo\u017cliwo\u015b\u0107 zwrotu w ci\u0105gu 14 dni. Co wi\u0119cej, je\u015bli zam\u00f3wisz za minimum 249 PLN, dostawa b\u0119dzie ca\u0142kowicie darmowa.<\/p>\n<p data-pm-slice=\"1 1 []\">Pajacyk niemowl\u0119cy z d\u0142ugim r\u0119kawem to jedno z podstawowych element\u00f3w garderoby w wyprawce dla noworodka. Z nami skompletujesz wyprawk\u0119 dla siebie oraz swojego Maluszka. Sprawd\u017a pozosta\u0142e kolorowe pajace niemowl\u0119ce i kup wygodny pajac niemowl\u0119cy do swojej wyprawki dla noworodka. Pajacyki dla noworodk\u00f3w i niemowl\u0105t znajdziesz tutaj -&gt; <a href=\"https:\/\/mama-niemowlaka.pl\/sklep\/c\/ubranka\/pajacyki-dla-niemowlat\/\" target=\"_blank\" rel=\"noopener\"><strong>pajacyki dla niemowlaka.<\/strong><\/a><\/p>\n","protected":false},"excerpt":{"rendered":"<p data-pm-slice=\"1 1 []\">Bawe\u0142niany, be\u017cowy pajacyk niemowl\u0119cy ze st\u00f3pkami zapinany na bezniklowe napki.<\/p>\n<p>Be\u017cowy pajacyk niemowl\u0119cy z d\u0142ugim r\u0119kawem wyst\u0119puje w trzech rozmiarach: 56, 62 i 68.<\/p>\n<p>Sk\u0142ad: 100% bawe\u0142na<\/p>\n","protected":false},"featured_media":10478,"template":"","meta":[],"product_brand":[],"product_cat":[59,57],"product_tag":[118,145,220,150,270,272,273,268,271,269],"class_list":{"0":"post-10476","1":"product","2":"type-product","3":"status-publish","4":"has-post-thumbnail","6":"product_cat-pajacyki-dla-niemowlat","7":"product_cat-ubranka-niemowlece","8":"product_tag-bawelna","9":"product_tag-ubranka-dla-niemowlat-chlopca","10":"product_tag-ubranka-dla-noworodkow","11":"product_tag-pajacyk","12":"product_tag-pajacyk-do-spania","13":"product_tag-pajacyk-niemowlecy-62","14":"product_tag-pajacyki-68","15":"product_tag-pajacyki-dla-noworodka","16":"product_tag-pajacyki-niemowlece-56","17":"product_tag-pajacyki-niemowlece-dla-chlopca","18":"product_shipping_class-lekka","19":"pa_rozmiar-311","20":"pa_rozmiar-312","21":"pa_rozmiar-313","23":"first","24":"instock","25":"taxable","26":"shipping-taxable","27":"purchasable","28":"product-type-variable","29":"has-default-attributes","30":"wvs-archive-product-wrapper"},"_links":{"self":[{"href":"https:\/\/mama-niemowlaka.pl\/sklep\/wp-json\/wp\/v2\/product\/10476","targetHints":{"allow":["GET"]}}],"collection":[{"href":"https:\/\/mama-niemowlaka.pl\/sklep\/wp-json\/wp\/v2\/product"}],"about":[{"href":"https:\/\/mama-niemowlaka.pl\/sklep\/wp-json\/wp\/v2\/types\/product"}],"wp:featuredmedia":[{"embeddable":true,"href":"https:\/\/mama-niemowlaka.pl\/sklep\/wp-json\/wp\/v2\/media\/10478"}],"wp:attachment":[{"href":"https:\/\/mama-niemowlaka.pl\/sklep\/wp-json\/wp\/v2\/media?parent=10476"}],"wp:term":[{"taxonomy":"product_brand","embeddable":true,"href":"https:\/\/mama-niemowlaka.pl\/sklep\/wp-json\/wp\/v2\/product_brand?post=10476"},{"taxonomy":"product_cat","embeddable":true,"href":"https:\/\/mama-niemowlaka.pl\/sklep\/wp-json\/wp\/v2\/product_cat?post=10476"},{"taxonomy":"product_tag","embeddable":true,"href":"https:\/\/mama-niemowlaka.pl\/sklep\/wp-json\/wp\/v2\/product_tag?post=10476"}],"curies":[{"name":"wp","href":"https:\/\/api.w.org\/{rel}","templated":true}]}}