{"id":10483,"date":"2023-12-26T13:11:11","date_gmt":"2023-12-26T12:11:11","guid":{"rendered":"https:\/\/mama-niemowlaka.pl\/sklep\/?post_type=product&#038;p=10483"},"modified":"2024-09-23T19:00:26","modified_gmt":"2024-09-23T17:00:26","slug":"bialy-pajacyk-niemowlecy","status":"publish","type":"product","link":"https:\/\/mama-niemowlaka.pl\/sklep\/produkt\/ubranka-niemowlece\/pajacyki-dla-niemowlat\/bialy-pajacyk-niemowlecy\/","title":{"rendered":"Bia\u0142y pajacyk niemowl\u0119cy &#8211; g\u0142adki"},"content":{"rendered":"<h2 data-pm-slice=\"1 1 []\"><strong>Pajacyk niemowl\u0119cy bia\u0142y<\/strong><\/h2>\n<p>Wygodny, bia\u0142y pajacyk niemowl\u0119cy to obowi\u0105zkowy element w wyprawce dla noworodka. Bia\u0142e pajacyki dla niemowl\u0105t s\u0105 idealne zar\u00f3wno dla ch\u0142opca, jak i dziewczynki. Pajac niemowl\u0119cy zosta\u0142 uszyty z mi\u0119kkiej bawe\u0142ny, dzi\u0119ki czemu jest odpowiedni dla delikatnej sk\u00f3ry niemowlaka. Bawe\u0142niany pajacyk dla niemowlaka zapinany jest na bezniklowe napki po ca\u0142ej d\u0142ugo\u015bci ubranka oraz na obu n\u00f3\u017ckach. Dzi\u0119ki temu zmiana pieluszki jest bardzo wygodna zar\u00f3wno dla rodzica jak i maluszka. Pajac niemowl\u0119cy posiada d\u0142ugi r\u0119kaw oraz zabudowane st\u00f3pki, dzi\u0119ki czeku idealnie zapewnia komfort termiczny dziecku.<\/p>\n<p data-pm-slice=\"1 1 []\">Ten uroczy, bia\u0142y pajacyk niemowl\u0119cy z d\u0142ugim r\u0119kawem jest zar\u00f3wno praktyczny, jak i \u0142adny, dzi\u0119ki czemu idealnie nadaje si\u0119 jako pajacyk do spania dla niemowl\u0119cia lub do noszenia na co dzie\u0144. Nasze pajacyki niemowl\u0119ce zosta\u0142y zaprojektowane, tak aby zapewni\u0107 Twojemu dziecku ciep\u0142o i komfort, zapewnia tak\u017ce wygod\u0119 ma\u0142ym st\u00f3pkom.<\/p>\n<h2 data-pm-slice=\"1 1 []\"><strong>Szukasz pajacyk\u00f3w niemowl\u0119cych? Kup bawe\u0142niane pajacyki niemowl\u0119ce w sklepie <a href=\"http:\/\/www.mama-niemowlaka.pl\">www.mama-niemowlaka.pl<\/a><\/strong><\/h2>\n<p data-pm-slice=\"1 1 []\">Odwied\u017a nasz sklep internetowy <a href=\"http:\/\/www.mama-niemowlaka.pl\"><strong>www.mama-niemowlaka.pl<\/strong><\/a>, gdzie znajdziesz szeroki wyb\u00f3r pajacyk\u00f3w oraz ubranek niemowl\u0119cych najwy\u017cszej jako\u015bci. Znajdziesz tu \u015bliczne pajacyki niemowl\u0119ce zar\u00f3wno dla ch\u0142opc\u00f3w i dziewczynek. Sprawd\u017a r\u00f3\u017cne rodzaje pajacyk\u00f3w dla niemowl\u0105t dost\u0119pne w naszym sklepie i wybierz idealny pajac niemowl\u0119cy dla swojego Malucha. W naszym sklepie kupisz pajace do spania, odpowiednie pajacyki na ch\u0142odne dni czy te\u017c pajace ocieplane. Szczeg\u00f3lnie wygodne b\u0119d\u0105 zapinane pajacyki na zamek.<\/p>\n<p data-pm-slice=\"1 1 []\">Gwarantujemy wysy\u0142k\u0119 zam\u00f3wienia w ci\u0105gu 48 godzin oraz darmow\u0105 wymian\u0119 towaru lub mo\u017cliwo\u015b\u0107 zwrotu w ci\u0105gu 14 dni. Co wi\u0119cej, je\u015bli zam\u00f3wisz za minimum 249 PLN, dostawa b\u0119dzie ca\u0142kowicie darmowa.<\/p>\n<p data-pm-slice=\"1 1 []\">Sprawd\u017a pozosta\u0142e pajacyki niemowl\u0119ce i kup wygodny pajac niemowl\u0119cy do swojej wyprawki dla noworodka. Pajacyki dla noworodk\u00f3w i niemowl\u0105t znajdziesz tutaj -&gt; <a href=\"https:\/\/mama-niemowlaka.pl\/sklep\/c\/ubranka\/pajacyki-dla-niemowlat\/\" target=\"_blank\" rel=\"noopener\"><strong>pajacyki dla niemowlaka<\/strong><\/a><\/p>\n","protected":false},"excerpt":{"rendered":"<p data-pm-slice=\"1 1 []\">Bawe\u0142niany, bia\u0142y pajacyk niemowl\u0119cy zapinany na bezniklowe napki.<\/p>\n<p>Bia\u0142y pajacyk niemowl\u0119cy wyst\u0119puje w trzech rozmiarach: 56, 62 i 68.<\/p>\n<p>Sk\u0142ad: 100% bawe\u0142na<\/p>\n","protected":false},"featured_media":10487,"template":"","meta":[],"product_brand":[],"product_cat":[59,57],"product_tag":[118,125,145,152,220,270,272,273,274,268,271,269,343,344],"class_list":{"0":"post-10483","1":"product","2":"type-product","3":"status-publish","4":"has-post-thumbnail","6":"product_cat-pajacyki-dla-niemowlat","7":"product_cat-ubranka-niemowlece","8":"product_tag-bawelna","9":"product_tag-ubranka-do-chrztu","10":"product_tag-ubranka-dla-niemowlat-chlopca","11":"product_tag-ubranka-dla-niemowlat-dziewczynek","12":"product_tag-ubranka-dla-noworodkow","13":"product_tag-pajacyk-do-spania","14":"product_tag-pajacyk-niemowlecy-62","15":"product_tag-pajacyki-68","16":"product_tag-pajacyki-dla-dziewczynek","17":"product_tag-pajacyki-dla-noworodka","18":"product_tag-pajacyki-niemowlece-56","19":"product_tag-pajacyki-niemowlece-dla-chlopca","20":"product_tag-ubranka-do-chrztu-dla-chlopca","21":"product_tag-ubranka-do-chrztu-dla-dziewczynki","22":"product_shipping_class-lekka","23":"pa_rozmiar-311","24":"pa_rozmiar-312","25":"pa_rozmiar-313","27":"first","28":"instock","29":"taxable","30":"shipping-taxable","31":"purchasable","32":"product-type-variable","33":"has-default-attributes","34":"wvs-archive-product-wrapper"},"_links":{"self":[{"href":"https:\/\/mama-niemowlaka.pl\/sklep\/wp-json\/wp\/v2\/product\/10483","targetHints":{"allow":["GET"]}}],"collection":[{"href":"https:\/\/mama-niemowlaka.pl\/sklep\/wp-json\/wp\/v2\/product"}],"about":[{"href":"https:\/\/mama-niemowlaka.pl\/sklep\/wp-json\/wp\/v2\/types\/product"}],"wp:featuredmedia":[{"embeddable":true,"href":"https:\/\/mama-niemowlaka.pl\/sklep\/wp-json\/wp\/v2\/media\/10487"}],"wp:attachment":[{"href":"https:\/\/mama-niemowlaka.pl\/sklep\/wp-json\/wp\/v2\/media?parent=10483"}],"wp:term":[{"taxonomy":"product_brand","embeddable":true,"href":"https:\/\/mama-niemowlaka.pl\/sklep\/wp-json\/wp\/v2\/product_brand?post=10483"},{"taxonomy":"product_cat","embeddable":true,"href":"https:\/\/mama-niemowlaka.pl\/sklep\/wp-json\/wp\/v2\/product_cat?post=10483"},{"taxonomy":"product_tag","embeddable":true,"href":"https:\/\/mama-niemowlaka.pl\/sklep\/wp-json\/wp\/v2\/product_tag?post=10483"}],"curies":[{"name":"wp","href":"https:\/\/api.w.org\/{rel}","templated":true}]}}