{"id":10589,"date":"2023-12-29T12:55:48","date_gmt":"2023-12-29T11:55:48","guid":{"rendered":"https:\/\/mama-niemowlaka.pl\/sklep\/?post_type=product&#038;p=10589"},"modified":"2024-12-14T18:18:49","modified_gmt":"2024-12-14T17:18:49","slug":"polspiochy-dziewczece-rozowe","status":"publish","type":"product","link":"https:\/\/mama-niemowlaka.pl\/sklep\/produkt\/ubranka-niemowlece\/polspiochy\/polspiochy-dziewczece-rozowe\/","title":{"rendered":"Bawe\u0142niane p\u00f3\u0142\u015bpiochy dziewcz\u0119ce &#8211; r\u00f3\u017cowe"},"content":{"rendered":"<h2 data-pm-slice=\"1 1 []\"><strong>Bawe\u0142niane p\u00f3\u0142\u015bpiochy niemowl\u0119ce dla dziewczynki<\/strong><\/h2>\n<p data-pm-slice=\"1 1 []\">Wygodne p\u00f3\u0142\u015bpioszki dla niemowl\u0105t to jedne z najpopularniejszych, komfortowych ubranek dla noworodka i niemowlaka. Odpowiednie p\u00f3\u0142\u015bpiochy dziewcz\u0119ce powinny zapewnia\u0107 komfort termiczny oraz nie uciska\u0107 brzuszka niemowlaka.<\/p>\n<p data-pm-slice=\"1 1 []\">Bezuciskowe p\u00f3\u0142\u015bpiochy niemowl\u0119ce uszyte z mi\u0119kkiej bawe\u0142ny w kolorze r\u00f3\u017cowym. Te przewiewne i wygodne dzieci\u0119ce p\u00f3\u0142\u015bpiochy ze st\u00f3pkami posiadaj\u0105 szeroki \u015bci\u0105gacz na brzuszku, kt\u00f3ry nie uciska brzuszka niemowlaka dzi\u0119ki temu Twoje dziecko ma komfort noszenia. R\u00f3\u017cowe p\u00f3\u0142\u015bpiochy niemowl\u0119ce posiadaj\u0105 zabudowane st\u00f3pki dzi\u0119ki czemu zapewni\u0105 odpowiedni komfort termiczny Twojemu dziecku. P\u00f3\u0142\u015bpiochy dziewcz\u0119ce to obowi\u0105zkowy element ka\u017cdej wyprawki dla noworodka ma\u0142ej dziewczynki.<\/p>\n<p data-pm-slice=\"1 1 []\">Nasze <a href=\"https:\/\/mama-niemowlaka.pl\/sklep\/produkt\/ubranka-niemowlece\/polspiochy\/polspiochy-dziewczece-rozowe\/\"><strong>p\u00f3\u0142\u015bpiochy dziewcz\u0119ce<\/strong><\/a> to idealne p\u00f3\u0142\u015bpiochy dla niemowl\u0105t.<\/p>\n<h2 data-pm-slice=\"1 1 []\"><strong>P\u00f3\u0142\u015bpioszki dla niemowl\u0105t w sklepie <a href=\"https:\/\/mama-niemowlaka.pl\">mama-niemowlaka.pl<\/a><\/strong><\/h2>\n<p data-pm-slice=\"1 1 []\">Nasz sklep oferuje szeroki wyb\u00f3r p\u00f3\u0142\u015bpioch\u00f3w, dost\u0119pnych w r\u00f3\u017cnych rozmiarach, kolorach i wzorach. Mo\u017cesz znale\u017a\u0107 tu p\u00f3\u0142\u015bpiochy niemowl\u0119ce idealne dla dziecka w jednolitym kolorze, ale tak\u017ce te zdobione uroczymi motywami i nadrukami czy te\u017c p\u00f3\u0142\u015bpiochy niemowl\u0119ce pr\u0105\u017ckowane. Kupisz u nas wysokiej jako\u015bci p\u00f3\u0142\u015bpiochy dla niemowl\u0105t m.in. p\u00f3\u0142\u015bpiochy z bawe\u0142ny organicznej, p\u00f3\u0142\u015bpiochy bez st\u00f3pek, p\u00f3\u0142\u015bpiochy niemowl\u0119ce dla ch\u0142opca oraz p\u00f3\u0142\u015bpiochy dla dziewczynki. Do p\u00f3\u0142\u015bpioszk\u00f3w wybierz koniecznie body niemowl\u0119ce lub kaftaniki niemowl\u0119ce. Body niemowl\u0119ce w sklepie <a href=\"https:\/\/mama-niemowlaka.pl\"><strong>mama-niemowlaka.pl<\/strong><\/a> znajdziesz w kategorii <a href=\"https:\/\/mama-niemowlaka.pl\/sklep\/c\/ubranka-niemowlece\/body-niemowlece\/\" target=\"_blank\" rel=\"noopener\"><strong>body dla niemowl\u0105t<\/strong><\/a>.<\/p>\n<p data-pm-slice=\"1 1 []\">Odwied\u017a nasz sklep internetowy <a href=\"https:\/\/mama-niemowlaka.pl\"><strong>mama-niemowlaka.pl<\/strong><\/a>, gdzie znajdziesz szeroki wyb\u00f3r najwy\u017cszej jako\u015bci ubranek niemowl\u0119cych. Gwarantujemy wysy\u0142k\u0119 zam\u00f3wienia w ci\u0105gu 48 godzin oraz darmow\u0105 wymian\u0119 towaru lub mo\u017cliwo\u015b\u0107 zwrotu w ci\u0105gu 14 dni. Co wi\u0119cej, je\u015bli zam\u00f3wisz za minimum 249 PLN, dostawa b\u0119dzie ca\u0142kowicie darmowa.<\/p>\n<p data-pm-slice=\"1 1 []\">Skorzystaj teraz z naszych us\u0142ug i sprawd\u017a nasz\u0105 ofert\u0119 ubranek dla niemowl\u0105t ju\u017c dzi\u015b! Wybierz wygodne p\u00f3\u0142\u015bpioszki dla niemowlaka.<\/p>\n","protected":false},"excerpt":{"rendered":"<p data-pm-slice=\"1 1 []\">Bawe\u0142niane p\u00f3\u0142\u015bpiochy niemowl\u0119ce w kolorze r\u00f3\u017cowym z dezuciskow\u0105 gumk\u0105 w pasie.<\/p>\n<p><a href=\"https:\/\/mama-niemowlaka.pl\/sklep\/produkt\/ubranka-niemowlece\/polspiochy\/polspiochy-dziewczece-rozowe\/\"><strong>R\u00f3\u017cowe p\u00f3\u0142\u015bpiochy dziewcz\u0119ce<\/strong><\/a> wyst\u0119puj\u0105 w trzech rozmiarach 56, 62, 68.<\/p>\n<p>Sk\u0142ad: 100% bawe\u0142na<\/p>\n","protected":false},"featured_media":10587,"template":"","meta":[],"product_brand":[],"product_cat":[223,57],"product_tag":[118,152,220],"class_list":{"0":"post-10589","1":"product","2":"type-product","3":"status-publish","4":"has-post-thumbnail","6":"product_cat-polspiochy","7":"product_cat-ubranka-niemowlece","8":"product_tag-bawelna","9":"product_tag-ubranka-dla-niemowlat-dziewczynek","10":"product_tag-ubranka-dla-noworodkow","11":"product_shipping_class-lekka","12":"pa_rozmiar-311","13":"pa_rozmiar-312","14":"pa_rozmiar-313","16":"first","17":"instock","18":"taxable","19":"shipping-taxable","20":"purchasable","21":"product-type-variable","22":"has-default-attributes","23":"wvs-archive-product-wrapper"},"_links":{"self":[{"href":"https:\/\/mama-niemowlaka.pl\/sklep\/wp-json\/wp\/v2\/product\/10589","targetHints":{"allow":["GET"]}}],"collection":[{"href":"https:\/\/mama-niemowlaka.pl\/sklep\/wp-json\/wp\/v2\/product"}],"about":[{"href":"https:\/\/mama-niemowlaka.pl\/sklep\/wp-json\/wp\/v2\/types\/product"}],"wp:featuredmedia":[{"embeddable":true,"href":"https:\/\/mama-niemowlaka.pl\/sklep\/wp-json\/wp\/v2\/media\/10587"}],"wp:attachment":[{"href":"https:\/\/mama-niemowlaka.pl\/sklep\/wp-json\/wp\/v2\/media?parent=10589"}],"wp:term":[{"taxonomy":"product_brand","embeddable":true,"href":"https:\/\/mama-niemowlaka.pl\/sklep\/wp-json\/wp\/v2\/product_brand?post=10589"},{"taxonomy":"product_cat","embeddable":true,"href":"https:\/\/mama-niemowlaka.pl\/sklep\/wp-json\/wp\/v2\/product_cat?post=10589"},{"taxonomy":"product_tag","embeddable":true,"href":"https:\/\/mama-niemowlaka.pl\/sklep\/wp-json\/wp\/v2\/product_tag?post=10589"}],"curies":[{"name":"wp","href":"https:\/\/api.w.org\/{rel}","templated":true}]}}