{"id":10645,"date":"2023-12-31T15:22:26","date_gmt":"2023-12-31T14:22:26","guid":{"rendered":"https:\/\/mama-niemowlaka.pl\/sklep\/?post_type=product&#038;p=10645"},"modified":"2024-04-07T00:55:31","modified_gmt":"2024-04-06T22:55:31","slug":"rozowy-sweterek-dla-dziewczynki-niemowlaka","status":"publish","type":"product","link":"https:\/\/mama-niemowlaka.pl\/sklep\/produkt\/ubranka-niemowlece\/sweterki-dla-niemowlat\/rozowy-sweterek-dla-dziewczynki-niemowlaka\/","title":{"rendered":"R\u00f3\u017cowy sweterek dla dziewczynki niemowlaka"},"content":{"rendered":"<h2 data-pm-slice=\"1 1 []\"><strong>R\u00f3\u017cowy sweter dla dziewczynki niemowlaka<\/strong><\/h2>\n<p>Sweter dziewcz\u0119cy z d\u0142ugim r\u0119kawem zapinany na guziki w uroczym r\u00f3\u017cowym kolorze. R\u00f3\u017cowy sweterek dla dziewczynki posiada wygodny \u015bci\u0105gacz zar\u00f3wno na dole jak i na r\u0119kawach. Dekolt sweterka zosta\u0142 ozdobiony urocz\u0105 falbank\u0105 w tym samym kolorze. Sweter dziewcz\u0119cy zosta\u0142 uszyty z mi\u0119kkiej bawe\u0142ny z domieszk\u0105 innych materia\u0142\u00f3w, dzi\u0119ki czemu jest wygodny i bezpieczny dla sk\u00f3ry maluszka.<\/p>\n<p data-pm-slice=\"1 1 []\">R\u00f3\u017cowy sweter dla niemowlaka to idealnie uzupe\u0142nienie dziewcz\u0119cej stylizacji. Sweterek dziewcz\u0119cy mo\u017cesz \u0142\u0105czy\u0107 zar\u00f3wno z sukienkami jak i spodenkami i eleganckimi bodami jak np. nasze urocze body z falbank\u0105 -&gt; <a href=\"https:\/\/mama-niemowlaka.pl\/sklep\/produkt\/ubranka-niemowlece\/body-niemowlece\/body-niemowlece-z-falbanka-rozowe\/\" target=\"_blank\" rel=\"noopener\"><strong>Body niemowl\u0119ce z falbank\u0105 \u2013 r\u00f3\u017cowe.<\/strong><\/a><\/p>\n<p data-pm-slice=\"1 1 []\">Sweterki dla dziewczynek, po prostu must have dziewcz\u0119cej garderoby. Zam\u00f3w ju\u017c dzi\u015b ten uroczy r\u00f3\u017cowy sweterek dla dziewczynki niemowlaka i zapewnij swojemu maluszkowi wygod\u0119 i komfort.<\/p>\n<h2 data-pm-slice=\"1 1 []\"><strong>Ubrania dzieci\u0119ce dla niemowl\u0105t w sklepie <a href=\"http:\/\/www.mama-niemowlaka.pl\">www.mama-niemowlaka.pl<\/a><\/strong><\/h2>\n<p data-pm-slice=\"1 1 []\">W sklepie <a href=\"http:\/\/www.mama-niemowlaka.pl\"><strong>www.mama-niemowlaka.pl<\/strong><\/a> znajdziesz komfortowe i wygodne swetry dla maluszka. W kategorii <a href=\"https:\/\/mama-niemowlaka.pl\/sklep\/c\/ubranka-niemowlece\/sweterki-dla-niemowlat\/\"><strong>Sweterki dla niemowl\u0105t<\/strong><\/a> znajdziesz sweter dla dziewczynki jak i sweterki dla ch\u0142opca. W naszej ofercie znajduj\u0105 si\u0119 r\u00f3wnie\u017c bia\u0142e sweterki np. do Chrztu \u015awi\u0119tego.<\/p>\n<p data-pm-slice=\"1 1 []\">Odwied\u017a nasz sklep internetowy <a href=\"http:\/\/www.mama-niemowlaka.pl\"><strong>www.mama-niemowlaka.pl<\/strong><\/a>, gdzie znajdziesz szeroki wyb\u00f3r najwy\u017cszej jako\u015bci ubranek niemowl\u0119cych. Gwarantujemy wysy\u0142k\u0119 zam\u00f3wienia w ci\u0105gu 48 godzin oraz darmow\u0105 wymian\u0119 towaru lub mo\u017cliwo\u015b\u0107 zwrotu w ci\u0105gu 14 dni. Co wi\u0119cej, je\u015bli zam\u00f3wisz za minimum 249 PLN, dostawa b\u0119dzie ca\u0142kowicie darmowa.<\/p>\n<p data-pm-slice=\"1 1 []\">Skorzystaj teraz z naszych us\u0142ug i sprawd\u017a nasz\u0105 ofert\u0119 ubranek dla niemowlaka ju\u017c dzi\u015b! Wybierz wygodne dzieci\u0119ce ubrania. Kup ju\u017c dzi\u015b ten r\u00f3\u017cowy sweterek dla dziewczynki.<span style=\"font-weight: 400\">\u00a0<\/span><\/p>\n","protected":false},"excerpt":{"rendered":"<p data-pm-slice=\"1 1 []\">Sweter dla ma\u0142ej ksi\u0119\u017cniczki z d\u0142ugim r\u0119kawem w kolorze r\u00f3\u017cowym zapinany na urocze guziczki.<\/p>\n<p>Sweterek dla niemowlaka w kolorze r\u00f3\u017cowym dost\u0119pny jest w trzech rozmiarach: 74, 80 i 92.<\/p>\n<p>Sk\u0142ad: 80% bawe\u0142na, 20% poliester<\/p>\n","protected":false},"featured_media":10643,"template":"","meta":[],"product_brand":[],"product_cat":[80,57],"product_tag":[152],"class_list":{"0":"post-10645","1":"product","2":"type-product","3":"status-publish","4":"has-post-thumbnail","6":"product_cat-sweterki-dla-niemowlat","7":"product_cat-ubranka-niemowlece","8":"product_tag-ubranka-dla-niemowlat-dziewczynek","9":"product_shipping_class-lekka","10":"pa_rozmiar-314","11":"pa_rozmiar-315","12":"pa_rozmiar-317","14":"first","15":"instock","16":"taxable","17":"shipping-taxable","18":"purchasable","19":"product-type-variable","20":"has-default-attributes","21":"wvs-archive-product-wrapper"},"_links":{"self":[{"href":"https:\/\/mama-niemowlaka.pl\/sklep\/wp-json\/wp\/v2\/product\/10645","targetHints":{"allow":["GET"]}}],"collection":[{"href":"https:\/\/mama-niemowlaka.pl\/sklep\/wp-json\/wp\/v2\/product"}],"about":[{"href":"https:\/\/mama-niemowlaka.pl\/sklep\/wp-json\/wp\/v2\/types\/product"}],"wp:featuredmedia":[{"embeddable":true,"href":"https:\/\/mama-niemowlaka.pl\/sklep\/wp-json\/wp\/v2\/media\/10643"}],"wp:attachment":[{"href":"https:\/\/mama-niemowlaka.pl\/sklep\/wp-json\/wp\/v2\/media?parent=10645"}],"wp:term":[{"taxonomy":"product_brand","embeddable":true,"href":"https:\/\/mama-niemowlaka.pl\/sklep\/wp-json\/wp\/v2\/product_brand?post=10645"},{"taxonomy":"product_cat","embeddable":true,"href":"https:\/\/mama-niemowlaka.pl\/sklep\/wp-json\/wp\/v2\/product_cat?post=10645"},{"taxonomy":"product_tag","embeddable":true,"href":"https:\/\/mama-niemowlaka.pl\/sklep\/wp-json\/wp\/v2\/product_tag?post=10645"}],"curies":[{"name":"wp","href":"https:\/\/api.w.org\/{rel}","templated":true}]}}