{"id":10652,"date":"2023-12-03T23:51:31","date_gmt":"2023-12-03T22:51:31","guid":{"rendered":"https:\/\/mama-niemowlaka.pl\/sklep\/?post_type=product&#038;p=10652"},"modified":"2025-04-23T00:49:51","modified_gmt":"2025-04-22T22:49:51","slug":"komplet-marynarka-niemowleca-koszula-spodnie-granatowy","status":"publish","type":"product","link":"https:\/\/mama-niemowlaka.pl\/sklep\/produkt\/ubranka-niemowlece\/eleganckie-ubranka-dla-chlopca\/komplet-marynarka-niemowleca-koszula-spodnie-granatowy\/","title":{"rendered":"Komplet marynarka niemowl\u0119ca, koszula i spodnie &#8211; granatowy"},"content":{"rendered":"<h2 data-pm-slice=\"1 1 []\"><strong>Komplet marynarka niemowl\u0119ca, koszula i spodnie w kolorze granatowym<\/strong><\/h2>\n<p>&nbsp;<\/p>\n<p>Elegancka marynarka niemowl\u0119ca w kolorze granatowym wykonana jest z mi\u0119ciutkiej bawe\u0142nianej dzianiny. Modny kolor i \u0142adny fason sprawiaj\u0105, \u017ce produkt jest bardzo atrakcyjny wizualnie. Do marynarki niemowl\u0119cej do\u0142\u0105czona jest tak\u017ce czerwona poszetka, dodaj\u0105c jeszcze wi\u0119cej stylu.<\/p>\n<p>Granatowe spodenki maj\u0105 swobodny kr\u00f3j z obni\u017conym krokiem, dzi\u0119ki czemu \u015bwietnie mie\u015bci pieluch\u0119. W pasie znajduje si\u0119 szersza gumka, kt\u00f3ra nie uciska brzuszka maluszka, zapewniaj\u0105c mu maksymaln\u0105 wygod\u0119.<\/p>\n<p>Do kompletu do\u0142\u0105czona jest tak\u017ce bluzeczka z d\u0142ugim r\u0119kawem w delikatnym kolorze \u015bmietankowym. Bluzeczka posiada elegancki ko\u0142nierzyk. A pod szyj\u0105 znajduje si\u0119 urocza mucha dopasowana kolorystycznie do reszty kompletu. Bluzeczka jest zapinana na bezniklowe napy po ca\u0142ej swojej d\u0142ugo\u015bci, dzi\u0119ki czemu jej zak\u0142adanie jest \u0142atwe i wygodne.<\/p>\n<p>Ca\u0142o\u015b\u0107 stanowi elegancki garnitur dla niemowlaka. Ten kompletny zestaw doskonale nadaje si\u0119 na specjalne okazje, takie jak uroczysto\u015bci rodzinne czy sesje zdj\u0119ciowe. Zapewniaj\u0105cy elegancj\u0119 i wygod\u0119, ten komplet jest idealnym rozwi\u0105zaniem dla najm\u0142odszych d\u017centelmen\u00f3w.<\/p>\n<h2><strong>Eleganckie ubranka dla ch\u0142opca w sklepie <a href=\"http:\/\/www.mama-niemowlaka.pl\">www.mama-niemowlaka.pl<\/a><\/strong><\/h2>\n<p>Je\u017celi szukasz eleganckiej marynarki niemowl\u0119cej lub innego eleganckiego stroju dla niemowlaka na uroczyste okazje sprawd\u017a nasz\u0105 ofert\u0119. Eleganckie ubranka dla ch\u0142opca w tym garnitury dla niemowlaka np. na Chrzest \u015awi\u0119ty znajdziesz w kategorii <a href=\"https:\/\/mama-niemowlaka.pl\/sklep\/c\/ubranka-niemowlece\/eleganckie-ubranka-dla-chlopca\/\" target=\"_blank\" rel=\"noopener\"><strong>Eleganckie ubranka dla ch\u0142opca<\/strong><\/a>.<\/p>\n<p>Odwied\u017a nasz sklep internetowy <a href=\"http:\/\/www.mama-niemowlaka.pl\"><strong>www.mama-niemowlaka.pl<\/strong><\/a>, gdzie znajdziesz szeroki wyb\u00f3r najwy\u017cszej jako\u015bci ubranek niemowl\u0119cych. Gwarantujemy wysy\u0142k\u0119 zam\u00f3wienia w ci\u0105gu 48 godzin oraz darmow\u0105 wymian\u0119 towaru lub mo\u017cliwo\u015b\u0107 zwrotu w ci\u0105gu 14 dni. Co wi\u0119cej, je\u015bli zam\u00f3wisz za minimum 249 PLN, dostawa b\u0119dzie ca\u0142kowicie darmowa.<\/p>\n<p>Zam\u00f3w ju\u017c dzi\u015b t\u0119 wyj\u0105tkow\u0105 marynark\u0119 niemowl\u0119c\u0105 w komplecie ze spodenkami i koszulk\u0105.<\/p>\n","protected":false},"excerpt":{"rendered":"<p data-pm-slice=\"1 1 []\">Wyj\u0105tkowy garnitur niemowl\u0119cy, kt\u00f3ry jest idealnym wyborem dla ma\u0142ych d\u017centelmen\u00f3w. Komplet w kolorze granatowym sk\u0142ada si\u0119 z trzech niezwyk\u0142ych element\u00f3w: marynarki, spodni i bluzeczki z d\u0142ugim r\u0119kawem i much\u0105. Garnitur niemowl\u0119cy w kolorze granatowym jest idealny na specjalne okazje, takie jak uroczysto\u015bci rodzinne, sesje zdj\u0119ciowe czy Chrzciny. Zapewni Twojemu maluszkowi elegancki wygl\u0105d, kt\u00f3ry przyci\u0105gnie uwag\u0119 wszystkich cz\u0142onk\u00f3w rodziny. Jednocze\u015bnie, dzi\u0119ki wykonaniu z mi\u0119kkiej bawe\u0142ny, zapewni komfort i swobod\u0119 ruchu przez ca\u0142y dzie\u0144.<\/p>\n<p>Komplet marynarka niemowl\u0119ca, koszula i spodnie wyst\u0119puj\u0105 w czterech rozmiarach: 74, 80, 86 i 92.<\/p>\n<p>Sk\u0142ad: 100% bawe\u0142na<\/p>\n","protected":false},"featured_media":10647,"template":"","meta":[],"product_brand":[],"product_cat":[143,135,122,57],"product_tag":[118,214,238,125,145,155,166,153,352,167,343],"class_list":{"0":"post-10652","1":"product","2":"type-product","3":"status-publish","4":"has-post-thumbnail","6":"product_cat-eleganckie-ubranka-dla-chlopca","7":"product_cat-eleganckie-ubranka-dla-niemowlaka","8":"product_cat-komplet-niemowlecy","9":"product_cat-ubranka-niemowlece","10":"product_tag-bawelna","11":"product_tag-bestseller","12":"product_tag-ubranka-swiateczne-dla-niemowlaka","13":"product_tag-ubranka-do-chrztu","14":"product_tag-ubranka-dla-niemowlat-chlopca","15":"product_tag-eleganckie","16":"product_tag-garnitur","17":"product_tag-komplet","18":"product_tag-komplety-niemowlece-dla-chlopca","19":"product_tag-marynarka","20":"product_tag-ubranka-do-chrztu-dla-chlopca","21":"product_shipping_class-lekka","22":"pa_rozmiar-314","23":"pa_rozmiar-315","24":"pa_rozmiar-316","25":"pa_rozmiar-317","27":"first","28":"outofstock","29":"taxable","30":"shipping-taxable","31":"product-type-variable","32":"has-default-attributes","33":"wvs-archive-product-wrapper"},"_links":{"self":[{"href":"https:\/\/mama-niemowlaka.pl\/sklep\/wp-json\/wp\/v2\/product\/10652","targetHints":{"allow":["GET"]}}],"collection":[{"href":"https:\/\/mama-niemowlaka.pl\/sklep\/wp-json\/wp\/v2\/product"}],"about":[{"href":"https:\/\/mama-niemowlaka.pl\/sklep\/wp-json\/wp\/v2\/types\/product"}],"wp:featuredmedia":[{"embeddable":true,"href":"https:\/\/mama-niemowlaka.pl\/sklep\/wp-json\/wp\/v2\/media\/10647"}],"wp:attachment":[{"href":"https:\/\/mama-niemowlaka.pl\/sklep\/wp-json\/wp\/v2\/media?parent=10652"}],"wp:term":[{"taxonomy":"product_brand","embeddable":true,"href":"https:\/\/mama-niemowlaka.pl\/sklep\/wp-json\/wp\/v2\/product_brand?post=10652"},{"taxonomy":"product_cat","embeddable":true,"href":"https:\/\/mama-niemowlaka.pl\/sklep\/wp-json\/wp\/v2\/product_cat?post=10652"},{"taxonomy":"product_tag","embeddable":true,"href":"https:\/\/mama-niemowlaka.pl\/sklep\/wp-json\/wp\/v2\/product_tag?post=10652"}],"curies":[{"name":"wp","href":"https:\/\/api.w.org\/{rel}","templated":true}]}}