{"id":10982,"date":"2024-01-02T22:40:30","date_gmt":"2024-01-02T21:40:30","guid":{"rendered":"https:\/\/mama-niemowlaka.pl\/sklep\/?post_type=product&#038;p=10982"},"modified":"2026-01-10T12:20:07","modified_gmt":"2026-01-10T11:20:07","slug":"bluza-i-legginsy-dla-niemowlaka-dziewczynki","status":"publish","type":"product","link":"https:\/\/mama-niemowlaka.pl\/sklep\/produkt\/ubranka-niemowlece\/komplet-niemowlecy\/bluza-i-legginsy-dla-niemowlaka-dziewczynki\/","title":{"rendered":"Bluza i legginsy dla niemowlaka dziewczynki"},"content":{"rendered":"<h2 data-pm-slice=\"1 1 []\"><strong>Komplet ubranek dla ma\u0142ej dziewczynki: bluza i legginsy niemowl\u0119ce<\/strong><\/h2>\n<p data-pm-slice=\"1 1 []\">Uroczy zestaw ubranek bluza i legginsy dla niemowlaka dziewczynki w pastelowych kolorach. \u0141ososiowa bluza z d\u0142ugim r\u0119kawem i uroczym ko\u0142nierzykiem wyko\u0144czonym delikatn\u0105, bawe\u0142nian\u0105 koronk\u0105. R\u0119kawy bluzy zosta\u0142y zako\u0144czone delikatnym \u015bci\u0105gaczem, dzi\u0119ki czemu chroni\u0105 przed ch\u0142odem. Bluza ma lu\u017any kr\u00f3j dzi\u0119ki czemu zapewnia swobod\u0119 ruch\u00f3w dziecku i nie kr\u0119puje ruch\u00f3w.<\/p>\n<p data-pm-slice=\"1 1 []\">W sk\u0142ad zestawu wchodz\u0105 r\u00f3wnie\u017c pr\u0105\u017ckowane legginsy dla niemowlaka dziewczynki w kolorze pistacjowym. Legginsy dla niemowl\u0105t w pasie posiadaj\u0105 szerok\u0105, nieuciskaj\u0105c\u0105 gumk\u0119. Natomiast nogawki spodenek dla niemowl\u0105t zosta\u0142y wyko\u0144czone delikatnymi \u015bci\u0105gaczami i ozdobione dwoma, drewnianymi guziczkami. Tkanina leggins\u00f3w niemowl\u0119cych to najbardziej popularna ostatnio bawe\u0142na w pr\u0105\u017cek.<\/p>\n<p data-pm-slice=\"1 1 []\">Zestaw ubranek zosta\u0142 uszyty z delikatnej bawe\u0142ny odpowiedniej dla wra\u017cliwej sk\u00f3ry dziecka jak\u0105 jest sk\u00f3ra niemowlaka.<\/p>\n<p data-pm-slice=\"1 1 []\">Wygodne legginsy to dla dziewczynki podstawowy element szafy, niezale\u017cnie od pory roku. Do tego urocza, dziewcz\u0119ca bluza i ubranko dla aktywnej dziewczynki gotowe.<\/p>\n<h2 data-pm-slice=\"1 1 []\"><strong>Ubranka niemowl\u0119ce w sklepie <a href=\"https:\/\/www.mama-niemowlaka.pl\">mama-niemowlaka.pl<\/a> &#8211; wygodne legginsy dla malucha<\/strong><\/h2>\n<p data-pm-slice=\"1 1 []\">W sklepie <a href=\"https:\/\/www.mama-niemowlaka.pl\"><strong>mama-niemowlaka.pl<\/strong><\/a> znajdziesz komfortowe i wygodne ubranka dla maluszka. W kategorii <a href=\"https:\/\/mama-niemowlaka.pl\/sklep\/c\/ubranka-niemowlece\/komplet-niemowlecy\/\" target=\"_blank\" rel=\"noopener\"><strong>Komplety<\/strong><\/a><a href=\"https:\/\/mama-niemowlaka.pl\/sklep\/c\/ubranka-niemowlece\/spodnie-niemowlece\/\" target=\"_blank\" rel=\"noopener\"><strong> niemowl\u0119ce <\/strong><\/a>znajdziesz ubranka dla niemowl\u0105t dziewczynki jak i ch\u0142opca. Je\u017celi natomiast interesuj\u0105 ci\u0119 legginsy dla dziecka sprawd\u017a kategori\u0119 <a href=\"https:\/\/mama-niemowlaka.pl\/sklep\/t\/legginsy-dla-niemowlat\/\" target=\"_blank\" rel=\"noopener\"><strong>legginsy dla niemowlaka<\/strong><\/a>.<\/p>\n<p data-pm-slice=\"1 1 []\">Odwied\u017a nasz sklep internetowy <a href=\"https:\/\/www.mama-niemowlaka.pl\"><strong>mama-niemowlaka.pl<\/strong><\/a>, gdzie znajdziesz szeroki wyb\u00f3r najwy\u017cszej jako\u015bci ubranek niemowl\u0119cych. Gwarantujemy wysy\u0142k\u0119 zam\u00f3wienia w ci\u0105gu 48 godzin oraz darmow\u0105 wymian\u0119 towaru lub mo\u017cliwo\u015b\u0107 zwrotu w ci\u0105gu 14 dni. Co wi\u0119cej, je\u015bli zam\u00f3wisz za minimum 249 PLN, dostawa b\u0119dzie ca\u0142kowicie darmowa.<\/p>\n<p data-pm-slice=\"1 1 []\">Skorzystaj teraz z naszych us\u0142ug i sprawd\u017a nasz\u0105 ofert\u0119 ubranek dla niemowlaka ju\u017c dzi\u015b! Wybierz wygodne dzieci\u0119ce ubrania odpowiednie dla delikatnej sk\u00f3ry dziecka. Kup ju\u017c dzi\u015b nasze ubranka dla ma\u0142ej dziewczynki i ch\u0142opca. Nie czekaj i zam\u00f3w uroczy zestaw ubranek bluza i legginsy dla niemowlaka dziewczynki.<\/p>\n","protected":false},"excerpt":{"rendered":"<p data-pm-slice=\"1 1 []\">Pastelowy komplet dla dziewczynki niemowlaka bluza z d\u0142ugim r\u0119kawem i legginsy. Urocze ubranko niemowl\u0119ce na ka\u017cd\u0105 okazj\u0119.<\/p>\n<p>Komplet bluza i legginsy dziewcz\u0119ce dla niemowl\u0105t wyst\u0119puje w czterech rozmiarach: 74, 80, 86 i 92.<\/p>\n<p>Sk\u0142ad: 100% bawe\u0142na<\/p>\n","protected":false},"featured_media":19810,"template":"","meta":[],"product_brand":[],"product_cat":[122,57],"product_tag":[118,152,351,157],"class_list":{"0":"post-10982","1":"product","2":"type-product","3":"status-publish","4":"has-post-thumbnail","6":"product_cat-komplet-niemowlecy","7":"product_cat-ubranka-niemowlece","8":"product_tag-bawelna","9":"product_tag-ubranka-dla-niemowlat-dziewczynek","10":"product_tag-komplety-niemowlece-dla-dziewczynki","11":"product_tag-legginsy-dla-niemowlat","12":"product_shipping_class-lekka","13":"pa_rozmiar-314","14":"pa_rozmiar-315","15":"pa_rozmiar-316","16":"pa_rozmiar-317","18":"first","19":"instock","20":"taxable","21":"shipping-taxable","22":"purchasable","23":"product-type-variable","24":"has-default-attributes","25":"wvs-archive-product-wrapper"},"_links":{"self":[{"href":"https:\/\/mama-niemowlaka.pl\/sklep\/wp-json\/wp\/v2\/product\/10982","targetHints":{"allow":["GET"]}}],"collection":[{"href":"https:\/\/mama-niemowlaka.pl\/sklep\/wp-json\/wp\/v2\/product"}],"about":[{"href":"https:\/\/mama-niemowlaka.pl\/sklep\/wp-json\/wp\/v2\/types\/product"}],"wp:featuredmedia":[{"embeddable":true,"href":"https:\/\/mama-niemowlaka.pl\/sklep\/wp-json\/wp\/v2\/media\/19810"}],"wp:attachment":[{"href":"https:\/\/mama-niemowlaka.pl\/sklep\/wp-json\/wp\/v2\/media?parent=10982"}],"wp:term":[{"taxonomy":"product_brand","embeddable":true,"href":"https:\/\/mama-niemowlaka.pl\/sklep\/wp-json\/wp\/v2\/product_brand?post=10982"},{"taxonomy":"product_cat","embeddable":true,"href":"https:\/\/mama-niemowlaka.pl\/sklep\/wp-json\/wp\/v2\/product_cat?post=10982"},{"taxonomy":"product_tag","embeddable":true,"href":"https:\/\/mama-niemowlaka.pl\/sklep\/wp-json\/wp\/v2\/product_tag?post=10982"}],"curies":[{"name":"wp","href":"https:\/\/api.w.org\/{rel}","templated":true}]}}