{"id":11186,"date":"2025-11-14T01:45:45","date_gmt":"2025-11-14T00:45:45","guid":{"rendered":"https:\/\/mama-niemowlaka.pl\/sklep\/?post_type=product&#038;p=11186"},"modified":"2026-01-13T15:28:29","modified_gmt":"2026-01-13T14:28:29","slug":"kombinezon-ocieplany-dla-niemowlaka-niebieski","status":"publish","type":"product","link":"https:\/\/mama-niemowlaka.pl\/sklep\/produkt\/ubranka-niemowlece\/kombinezony-dla-niemowlat\/kombinezon-ocieplany-dla-niemowlaka-niebieski\/","title":{"rendered":"Kombinezon welurowy dla niemowlaka &#8211; niebieski"},"content":{"rendered":"<h2 data-pm-slice=\"1 1 []\"><strong>Jesienno-zimowy kombinezon niemowl\u0119cy &#8211; kombinezon ocieplany z kapturem<\/strong><\/h2>\n<p>Wyb\u00f3r odpowiedniego kombinezonu niemowl\u0119cego mo\u017ce by\u0107 kluczowy dla komfortu i bezpiecze\u0144stwa Twojego dziecka. Jak ubra\u0107 Maluszka na jesienny, a jak na zimowy spacer? Nasz niebieski kombinezon ocieplany dla niemowlaka to doskona\u0142e rozwi\u0105zanie na ch\u0142odniejsze dni. Wykonany z 100% bawe\u0142ny, nasz kombinezon jest r\u00f3wnie\u017c \u0142atwy w piel\u0119gnacji &#8211; mo\u017cna pra\u0107 kombinezon niemowl\u0119cy w pralce, co jest niezwykle wygodne. Dzi\u0119ki delikatnej bawe\u0142nie to bardzo bezpieczny kombinezon dla niemowlaka. Jest on odpowiedni dla delikatnej sk\u00f3ry maluszka.<\/p>\n<p>Taki kombinezon przej\u015bciowy jesie\u0144 \u2013 zima \u2013 wiosna to doskona\u0142a odzie\u017c, daj\u0105ca komfort oraz ciep\u0142o malutkiemu dziecku. To idealny kombinezon dla noworodka.<\/p>\n<h2><strong>Kombinezony dla niemowlaka w sklepie <a href=\"https:\/\/mama-niemowlaka.pl\">mama-niemowlaka.pl<\/a><\/strong><\/h2>\n<p>W naszym sklepie mo\u017cesz znale\u017a\u0107 urocze kombinezony zimowe niemowl\u0119ce, jesienno-zimowe kombinezony niemowl\u0119ce na ch\u0142odne dni. Oferujemy kombinezony niemowl\u0119ce dla dziewczynki oraz kombinezony niemowl\u0119ce dla ch\u0142opca. Pozosta\u0142e kombinezony dla dzieci znajdziesz w kategorii <a href=\"https:\/\/mama-niemowlaka.pl\/sklep\/c\/ubranka\/kombinezony\/\" target=\"_blank\" rel=\"noopener\"><strong>kombinezony dla niemowl\u0105t<\/strong><\/a>. W naszej ofercie posiadamy r\u00f3wnie\u017c kombinezony dla noworodka.<\/p>\n<p><a href=\"https:\/\/mama-niemowlaka.pl\"><strong>Mama-niemowlaka.pl<\/strong><\/a> to sklep oferuj\u0105cy odzie\u017c niemowl\u0119c\u0105. Nasze produkty wysy\u0142amy w ci\u0105gu 48 godzin. Oferujemy bezp\u0142atn\u0105 wymian\u0119 produkt\u00f3w oraz 14-dniow\u0105 polityk\u0119 zwrotu. Dodatkowo, je\u015bli zam\u00f3wisz za minimum 249 z\u0142, wysy\u0142ka b\u0119dzie ca\u0142kowicie bezp\u0142atna. Nasze produkty s\u0105 starannie dobierane tak, aby zapewni\u0107 Twojemu dziecku maksymalny komfort i bezpiecze\u0144stwo. Nie musisz ju\u017c traci\u0107 czasu na przeszukiwanie innych sklep\u00f3w. <a href=\"https:\/\/mama-niemowlaka.pl\"><strong>Mama-niemowlaka.pl<\/strong><\/a> ma wszystko, czego potrzebujesz! Wybierz nasz\u0105 odzie\u017c niemowl\u0119c\u0105. Skorzystaj z naszych us\u0142ug ju\u017c teraz i sprawd\u017a nasz\u0105 ofert\u0119 ju\u017c dzi\u015b!<\/p>\n<p>Kup ju\u017c dzi\u015b ten uroczy jesienny kombinezon dla maluszka i zapewnij mu ciep\u0142o i komfort podczas spacer\u00f3w.<\/p>\n","protected":false},"excerpt":{"rendered":"<p data-pm-slice=\"1 1 []\">Wysokiej jako\u015bci niebieski kombinezon ocieplany dla niemowlaka. Kombinezon niemowl\u0119cy wykonany jest z mi\u0119kkiego, welurowego materia\u0142u, dzi\u0119ki czemu stanowi doskona\u0142e rozwi\u0105zanie na ch\u0142odniejsze dni. Wykonany z 100% bawe\u0142ny, gwarantuje delikatno\u015b\u0107 i wygod\u0119 od pierwszych dni dla maluszka. Kombinezon przej\u015bciowy niemowl\u0119cy posiada zabudowane st\u00f3pki oraz kaptur, kt\u00f3ry dodatkowo chroni g\u0142\u00f3wk\u0119 dziecka przed wiatrem i zimnem. Kombinezon dla niemowlaka zapinany jest na suwak, dzi\u0119ki czemu \u0142atwo i wygodnie ubierzesz i rozbierzesz dziecko. Ten ciep\u0142y kombinezon to obowi\u0105zkowy element wyprawki ka\u017cdego ch\u0142opca. To idealny kombinezon dla noworodka.<\/p>\n<p>Niebieski kombinezon ocieplany dla niemowlaka wyst\u0119puje w czterech rozmiarach: 62, 68, 74 i 80.<\/p>\n<p>Sk\u0142ad: 100% bawe\u0142na<\/p>\n","protected":false},"featured_media":11191,"template":"","meta":[],"product_brand":[],"product_cat":[78,57],"product_tag":[214,145,211,339,242,231,229,338,232],"class_list":{"0":"post-11186","1":"product","2":"type-product","3":"status-publish","4":"has-post-thumbnail","6":"product_cat-kombinezony-dla-niemowlat","7":"product_cat-ubranka-niemowlece","8":"product_tag-bestseller","9":"product_tag-ubranka-dla-niemowlat-chlopca","10":"product_tag-kombinezon","11":"product_tag-kombinezon-dla-noworodka","12":"product_tag-kombinezon-futerkowy","13":"product_tag-kombinezon-niemowlecy-jesienny","14":"product_tag-kombinezon-niemowlecy-zimowy","15":"product_tag-kombinezon-niemowlecy-wiosenny","16":"product_tag-kombinezon-zimowy-dla-chlopca","17":"product_shipping_class-duza","18":"pa_rozmiar-312","19":"pa_rozmiar-313","20":"pa_rozmiar-314","21":"pa_rozmiar-315","23":"first","24":"instock","25":"taxable","26":"shipping-taxable","27":"purchasable","28":"product-type-variable","29":"has-default-attributes","30":"wvs-archive-product-wrapper"},"_links":{"self":[{"href":"https:\/\/mama-niemowlaka.pl\/sklep\/wp-json\/wp\/v2\/product\/11186","targetHints":{"allow":["GET"]}}],"collection":[{"href":"https:\/\/mama-niemowlaka.pl\/sklep\/wp-json\/wp\/v2\/product"}],"about":[{"href":"https:\/\/mama-niemowlaka.pl\/sklep\/wp-json\/wp\/v2\/types\/product"}],"wp:featuredmedia":[{"embeddable":true,"href":"https:\/\/mama-niemowlaka.pl\/sklep\/wp-json\/wp\/v2\/media\/11191"}],"wp:attachment":[{"href":"https:\/\/mama-niemowlaka.pl\/sklep\/wp-json\/wp\/v2\/media?parent=11186"}],"wp:term":[{"taxonomy":"product_brand","embeddable":true,"href":"https:\/\/mama-niemowlaka.pl\/sklep\/wp-json\/wp\/v2\/product_brand?post=11186"},{"taxonomy":"product_cat","embeddable":true,"href":"https:\/\/mama-niemowlaka.pl\/sklep\/wp-json\/wp\/v2\/product_cat?post=11186"},{"taxonomy":"product_tag","embeddable":true,"href":"https:\/\/mama-niemowlaka.pl\/sklep\/wp-json\/wp\/v2\/product_tag?post=11186"}],"curies":[{"name":"wp","href":"https:\/\/api.w.org\/{rel}","templated":true}]}}