{"id":11762,"date":"2025-10-31T10:34:03","date_gmt":"2025-10-31T09:34:03","guid":{"rendered":"https:\/\/mama-niemowlaka.pl\/sklep\/?post_type=product&#038;p=11762"},"modified":"2026-01-03T20:55:01","modified_gmt":"2026-01-03T19:55:01","slug":"jeansy-ocieplane-dla-niemowlaka","status":"publish","type":"product","link":"https:\/\/mama-niemowlaka.pl\/sklep\/produkt\/ubranka-niemowlece\/spodnie-niemowlece\/jeansy-ocieplane-dla-niemowlaka\/","title":{"rendered":"Jeansy ocieplane dla niemowlaka"},"content":{"rendered":"<h2 data-pm-slice=\"1 1 []\"><strong>Spodnie jeansowe ocieplane dla niemowl\u0105t<\/strong><\/h2>\n<p data-pm-slice=\"1 1 []\">Spodnie jeansy ocieplane dla niemowlaka podszyte s\u0105 mi\u0119ciutk\u0105, mi\u0119sist\u0105 bawe\u0142n\u0105. W pasie jeansy posiadaj\u0105 regulacj\u0119 szeroko\u015bci na gumk\u0119 z guzikiem. Spodnie zapinane s\u0105 na guzik. Zar\u00f3wno z przodu jak i z ty\u0142u jeansy maj\u0105 kieszonki. Spodnie jeansowe ocieplane doskonale si\u0119 sprawdz\u0105 zar\u00f3wno dla dziewczynki jak i ch\u0142opca.<\/p>\n<p data-pm-slice=\"1 1 []\">Ciep\u0142e jeansy to idealne rozwi\u0105zanie na spacery w ch\u0142odniejsze dni. Zapewni\u0105 one odpowiedni komfort i ciep\u0142o dla Twojego maluszka. Spodnie idealnie komponuj\u0105 si\u0119 z kolorowym body dla niemowlaka lub w wersji bardziej eleganckiej dla ch\u0142opca z bia\u0142ym koszulobody z ko\u0142nierzykiem -&gt; <a href=\"https:\/\/mama-niemowlaka.pl\/sklep\/produkt\/ubranka-niemowlece\/eleganckie\/koszulobody-biale\/\" target=\"_blank\" rel=\"noopener\"><strong>Koszulobody niemowl\u0119ce \u2013 bia\u0142e.<\/strong><\/a><\/p>\n<h2 data-pm-slice=\"1 1 []\"><strong>Ubranka niemowl\u0119ce w sklepie <a href=\"http:\/\/www.mama-niemowlaka.pl\">www.mama-niemowlaka.pl<\/a><\/strong><\/h2>\n<p data-pm-slice=\"1 1 []\">W sklepie <a href=\"http:\/\/www.mama-niemowlaka.pl\"><strong>www.mama-niemowlaka.pl<\/strong><\/a> znajdziesz komfortowe i wygodne spodnie dla maluszka. W kategorii <a href=\"https:\/\/mama-niemowlaka.pl\/sklep\/c\/ubranka-niemowlece\/spodnie-niemowlece\/\" target=\"_blank\" rel=\"noopener\"><strong>Spodnie niemowl\u0119ce<\/strong><\/a> znajdziesz spodnie dla dziewczynki jak i spodnie dla ch\u0142opca.<\/p>\n<p data-pm-slice=\"1 1 []\">Odwied\u017a nasz sklep internetowy <a href=\"http:\/\/www.mama-niemowlaka.pl\"><strong>www.mama-niemowlaka.pl<\/strong><\/a>, gdzie znajdziesz szeroki wyb\u00f3r najwy\u017cszej jako\u015bci ubranek niemowl\u0119cych. Gwarantujemy wysy\u0142k\u0119 zam\u00f3wienia w ci\u0105gu 48 godzin oraz darmow\u0105 wymian\u0119 towaru lub mo\u017cliwo\u015b\u0107 zwrotu w ci\u0105gu 14 dni. Co wi\u0119cej, je\u015bli zam\u00f3wisz za minimum 249 PLN, dostawa b\u0119dzie ca\u0142kowicie darmowa.<\/p>\n<p data-pm-slice=\"1 1 []\">Skorzystaj teraz z naszych us\u0142ug i sprawd\u017a nasz\u0105 ofert\u0119 ubranek dla niemowlaka ju\u017c dzi\u015b! Wybierz wygodne dzieci\u0119ce ubrania. Kup ju\u017c dzi\u015b te spodnie jeansowe ocieplane dla niemowlaka.<\/p>\n","protected":false},"excerpt":{"rendered":"<p data-pm-slice=\"1 1 []\">Ciep\u0142e spodnie jeansowe dla niemowlaka zar\u00f3wno dla ch\u0142opca jaki dziewczynki.<\/p>\n<p>Spodnie jeansowe ocieplane dla niemowlaka wyst\u0119puj\u0105 w sze\u015bciu rozmiarach: 68, 74, 80, 86, 92 i 98.<\/p>\n<p>Sk\u0142ad: 100% bawe\u0142na<\/p>\n","protected":false},"featured_media":11767,"template":"","meta":[],"product_brand":[],"product_cat":[79,57],"product_tag":[145,152,228],"class_list":{"0":"post-11762","1":"product","2":"type-product","3":"status-publish","4":"has-post-thumbnail","6":"product_cat-spodnie-niemowlece","7":"product_cat-ubranka-niemowlece","8":"product_tag-ubranka-dla-niemowlat-chlopca","9":"product_tag-ubranka-dla-niemowlat-dziewczynek","10":"product_tag-promocje","11":"product_shipping_class-lekka","12":"pa_rozmiar-313","13":"pa_rozmiar-314","14":"pa_rozmiar-315","15":"pa_rozmiar-316","16":"pa_rozmiar-317","17":"pa_rozmiar-318","19":"first","20":"instock","21":"sale","22":"taxable","23":"shipping-taxable","24":"purchasable","25":"product-type-variable","26":"has-default-attributes","27":"wvs-archive-product-wrapper"},"_links":{"self":[{"href":"https:\/\/mama-niemowlaka.pl\/sklep\/wp-json\/wp\/v2\/product\/11762","targetHints":{"allow":["GET"]}}],"collection":[{"href":"https:\/\/mama-niemowlaka.pl\/sklep\/wp-json\/wp\/v2\/product"}],"about":[{"href":"https:\/\/mama-niemowlaka.pl\/sklep\/wp-json\/wp\/v2\/types\/product"}],"wp:featuredmedia":[{"embeddable":true,"href":"https:\/\/mama-niemowlaka.pl\/sklep\/wp-json\/wp\/v2\/media\/11767"}],"wp:attachment":[{"href":"https:\/\/mama-niemowlaka.pl\/sklep\/wp-json\/wp\/v2\/media?parent=11762"}],"wp:term":[{"taxonomy":"product_brand","embeddable":true,"href":"https:\/\/mama-niemowlaka.pl\/sklep\/wp-json\/wp\/v2\/product_brand?post=11762"},{"taxonomy":"product_cat","embeddable":true,"href":"https:\/\/mama-niemowlaka.pl\/sklep\/wp-json\/wp\/v2\/product_cat?post=11762"},{"taxonomy":"product_tag","embeddable":true,"href":"https:\/\/mama-niemowlaka.pl\/sklep\/wp-json\/wp\/v2\/product_tag?post=11762"}],"curies":[{"name":"wp","href":"https:\/\/api.w.org\/{rel}","templated":true}]}}