{"id":11825,"date":"2024-04-29T20:35:21","date_gmt":"2024-04-29T18:35:21","guid":{"rendered":"https:\/\/mama-niemowlaka.pl\/sklep\/?post_type=product&#038;p=11825"},"modified":"2026-02-27T11:24:02","modified_gmt":"2026-02-27T10:24:02","slug":"body-w-liski-dla-niemowlaka-biale","status":"publish","type":"product","link":"https:\/\/mama-niemowlaka.pl\/sklep\/produkt\/ubranka-niemowlece\/body-niemowlece\/body-w-liski-dla-niemowlaka-biale\/","title":{"rendered":"Body w liski dla niemowlaka &#8211; bia\u0142e"},"content":{"rendered":"<h2 data-pm-slice=\"1 1 []\"><strong>Body niemowl\u0119ce w liski z d\u0142ugim r\u0119kawem<\/strong><\/h2>\n<p data-pm-slice=\"1 1 []\">Body dzieci\u0119ce to najpopularniejsze ubranko dla malucha jednocze\u015bnie najbardziej praktyczne i wygodne. Bawe\u0142niane, bia\u0142e <a href=\"https:\/\/mama-niemowlaka.pl\/sklep\/produkt\/ubranka-niemowlece\/body-niemowlece\/body-w-liski-dla-niemowlaka-biale\/\" target=\"_blank\" rel=\"noopener\"><strong>body w liski<\/strong><\/a> z d\u0142ugim r\u0119kawkiem to doskona\u0142y wyb\u00f3r zar\u00f3wno dla dziewczynki jak i ch\u0142opca. Te wygodne body dla niemowlaka to niezb\u0119dne ubranka dzieci\u0119ce w wyprawce dla noworodka. Bia\u0142e body z d\u0142ugim r\u0119kawem zapinane s\u0105 w kroku na bezniklowe napki. Zapi\u0119cie w kroku pozwala na wygodn\u0105 i szybk\u0105 zmian\u0119 pieluszki. Ubranko posiada d\u0142ugi r\u0119kawek dzi\u0119ki czemu zapewnia odpowiedni komfort termiczny dziecku. Bia\u0142e body w liski zosta\u0142y uszyte z mi\u0119kkiej, bezpiecznej dla sk\u00f3ry niemowlaka bawe\u0142ny.<\/p>\n<p data-pm-slice=\"1 1 []\">Do tych wygodnych, bawe\u0142nianych body z d\u0142ugim r\u0119kawkiem mo\u017cesz dobra\u0107 <a href=\"https:\/\/mama-niemowlaka.pl\/sklep\/c\/ubranka-niemowlece\/polspiochy\/\" target=\"_blank\" rel=\"noopener\"><strong>p\u00f3\u0142\u015bpiochy dla niemowlaka<\/strong><\/a> dost\u0119pne w naszym sklepie. <a href=\"https:\/\/mama-niemowlaka.pl\/sklep\/c\/ubranka-niemowlece\/polspiochy\/\" target=\"_blank\" rel=\"noopener\"><strong>P\u00f3\u0142\u015bpiochy<\/strong><\/a> znajdziesz w kategorii <a href=\"https:\/\/mama-niemowlaka.pl\/sklep\/c\/ubranka-niemowlece\/polspiochy\/\" target=\"_blank\" rel=\"noopener\"><strong>p\u00f3\u0142\u015bpiochy dla niemowl\u0105t<\/strong><\/a>. Bia\u0142e <a href=\"https:\/\/mama-niemowlaka.pl\/sklep\/produkt\/ubranka-niemowlece\/body-niemowlece\/body-w-liski-dla-niemowlaka-biale\/\" target=\"_blank\" rel=\"noopener\"><strong>body w liski<\/strong><\/a> mo\u017cesz za\u0142o\u017cy\u0107 dziecku zar\u00f3wno na specjalne okazje jak i na co dzie\u0144.<\/p>\n<p data-pm-slice=\"1 1 []\">Kup ju\u017c dzi\u015b nasze komfortowe <a href=\"https:\/\/mama-niemowlaka.pl\/sklep\/c\/ubranka-niemowlece\/body-niemowlece\/\" target=\"_blank\" rel=\"noopener\"><strong>body niemowl\u0119ce<\/strong><\/a> w urocze le\u015bne zwierz\u0119ta i zapewnij komfort swojemu dziecku.<\/p>\n<h2 data-pm-slice=\"1 1 []\"><strong>Ubrania niemowl\u0119ce &#8211; body niemowl\u0119ce w sklepie <a href=\"https:\/\/www.mama-niemowlaka.pl\">mama-niemowlaka.pl<\/a><\/strong><\/h2>\n<p data-pm-slice=\"1 1 []\">Odwied\u017a nasz sklep internetowy <a href=\"https:\/\/www.mama-niemowlaka.pl\"><strong>mama-niemowlaka.pl<\/strong><\/a>, gdzie znajdziesz szeroki wyb\u00f3r najwy\u017cszej jako\u015bci ubranek niemowl\u0119cych. Gwarantujemy wysy\u0142k\u0119 zam\u00f3wienia w ci\u0105gu 48 godzin oraz darmow\u0105 wymian\u0119 towaru lub mo\u017cliwo\u015b\u0107 zwrotu w ci\u0105gu 14 dni. Co wi\u0119cej, je\u015bli zam\u00f3wisz za minimum 249 PLN, dostawa b\u0119dzie ca\u0142kowicie darmowa.<\/p>\n<p data-pm-slice=\"1 1 []\">Nasze <a href=\"https:\/\/mama-niemowlaka.pl\/sklep\/c\/ubranka-niemowlece\/body-niemowlece\/\" target=\"_blank\" rel=\"noopener\"><strong>body dzieci\u0119ce<\/strong><\/a> to wygodne i bezpieczne <a href=\"https:\/\/mama-niemowlaka.pl\/sklep\/c\/ubranka-niemowlece\/body-niemowlece\/\" target=\"_blank\" rel=\"noopener\"><strong>body dla niemowl\u0105t<\/strong><\/a>. W naszym sklepie znajdziesz <a href=\"https:\/\/mama-niemowlaka.pl\/sklep\/t\/body-z-dlugim-rekawem\/\" target=\"_blank\" rel=\"noopener\"><strong>body z d\u0142ugim r\u0119kawem<\/strong><\/a>, <a href=\"https:\/\/mama-niemowlaka.pl\/sklep\/t\/body-z-krotkim-rekawem\/\" target=\"_blank\" rel=\"noopener\"><strong>body niemowl\u0119ce z kr\u00f3tkim r\u0119kawem<\/strong><\/a>, body niemowl\u0119ce z mi\u0119kkiej bawe\u0142ny, <a href=\"https:\/\/mama-niemowlaka.pl\/sklep\/t\/body-kopertowe\/\" target=\"_blank\" rel=\"noopener\"><strong>body kopertowe<\/strong><\/a> oraz wiele innych <a href=\"https:\/\/mama-niemowlaka.pl\/sklep\/ubranka-niemowlece\/\" target=\"_blank\" rel=\"noopener\"><strong>ubranek niemowl\u0119cych<\/strong><\/a>. W naszym sklepie kupisz <a href=\"https:\/\/mama-niemowlaka.pl\/sklep\/c\/ubranka-niemowlece\/body-niemowlece\/\" target=\"_blank\" rel=\"noopener\"><strong>body dla niemowl\u0105t<\/strong><\/a> najwy\u017cszej jako\u015bci. Znajdziesz zar\u00f3wno <a href=\"https:\/\/mama-niemowlaka.pl\/sklep\/t\/body-dla-dziewczynek\/\" target=\"_blank\" rel=\"noopener\"><strong>dziewcz\u0119ce body<\/strong><\/a> oraz <a href=\"https:\/\/mama-niemowlaka.pl\/sklep\/t\/body-dla-chlopca\/\" target=\"_blank\" rel=\"noopener\"><strong>ch\u0142opi\u0119ce body dla niemowl\u0105t<\/strong><\/a>. Sprawd\u017a pozosta\u0142e body dla niemowl\u0105t w kategorii <a href=\"https:\/\/mama-niemowlaka.pl\/sklep\/c\/ubranka\/body\/\" target=\"_blank\" rel=\"noopener\"><strong>body dla niemowl\u0105t.<\/strong><\/a><\/p>\n<p data-pm-slice=\"1 1 []\">Skorzystaj teraz z naszych us\u0142ug i sprawd\u017a nasz\u0105 ofert\u0119 <a href=\"https:\/\/mama-niemowlaka.pl\/sklep\/ubranka-niemowlece\/\" target=\"_blank\" rel=\"noopener\"><strong>ubranek dla niemowlaka<\/strong><\/a> ju\u017c dzi\u015b! Wybierz wygodne dzieci\u0119ce ubrania.<\/p>\n","protected":false},"excerpt":{"rendered":"<p data-pm-slice=\"1 1 []\">Bawe\u0142niane, bia\u0142e <a href=\"https:\/\/mama-niemowlaka.pl\/sklep\/produkt\/ubranka-niemowlece\/body-niemowlece\/body-w-liski-dla-niemowlaka-biale\/\" target=\"_blank\" rel=\"noopener\"><strong>body w liski<\/strong><\/a> z d\u0142ugim r\u0119kawkiem zapinane w kroku na bezniklowe napki. Nasze <a href=\"https:\/\/mama-niemowlaka.pl\/sklep\/t\/body-z-dlugim-rekawem\/\" target=\"_blank\" rel=\"noopener\"><strong>body z d\u0142ugim r\u0119kawem<\/strong><\/a> posiadaj\u0105 odpowiednie zapi\u0119cia u\u0142atwiaj\u0105ce przewijanie malucha oraz zachowanie odpowiedniej higieny. D\u0142ugie r\u0119kawy zapewniaj\u0105 odpowiedni komfort termiczny dla Twojego dziecka. Wybieraj\u0105c nasze <a href=\"https:\/\/mama-niemowlaka.pl\/sklep\/ubranka-niemowlece\/\" target=\"_blank\" rel=\"noopener\"><strong>ubranka dla niemowl\u0105t<\/strong><\/a>, mo\u017cesz mie\u0107 pewno\u015b\u0107, \u017ce dbasz o komfort i bezpiecze\u0144stwo swojego maluszka. Jest to uniwersalny model body dla niemowl\u0105t &#8211; r\u00f3wnie dobrze b\u0119dzie w nim wygl\u0105da\u0142a dziewczynka i ch\u0142opiec.<\/p>\n<p>Bia\u0142e body dla niemowlaka w liski wyst\u0119puj\u0105 w czterech rozmiarach: 62, 68, 74 i 80.<\/p>\n<p>Sk\u0142ad: 100% bawe\u0142na<\/p>\n","protected":false},"featured_media":11851,"template":"","meta":[],"product_brand":[],"product_cat":[137,57],"product_tag":[118,161,250,249,252,247,145,152,220],"class_list":{"0":"post-11825","1":"product","2":"type-product","3":"status-publish","4":"has-post-thumbnail","6":"product_cat-body-niemowlece","7":"product_cat-ubranka-niemowlece","8":"product_tag-bawelna","9":"product_tag-body-dla-niemowlat","10":"product_tag-body-dla-chlopca","11":"product_tag-body-dla-dziewczynek","12":"product_tag-body-dla-noworodka","13":"product_tag-body-z-dlugim-rekawem","14":"product_tag-ubranka-dla-niemowlat-chlopca","15":"product_tag-ubranka-dla-niemowlat-dziewczynek","16":"product_tag-ubranka-dla-noworodkow","17":"product_shipping_class-lekka","18":"pa_rozmiar-312","19":"pa_rozmiar-313","20":"pa_rozmiar-314","21":"pa_rozmiar-315","23":"first","24":"instock","25":"taxable","26":"shipping-taxable","27":"purchasable","28":"product-type-variable","29":"has-default-attributes","30":"wvs-archive-product-wrapper"},"_links":{"self":[{"href":"https:\/\/mama-niemowlaka.pl\/sklep\/wp-json\/wp\/v2\/product\/11825","targetHints":{"allow":["GET"]}}],"collection":[{"href":"https:\/\/mama-niemowlaka.pl\/sklep\/wp-json\/wp\/v2\/product"}],"about":[{"href":"https:\/\/mama-niemowlaka.pl\/sklep\/wp-json\/wp\/v2\/types\/product"}],"wp:featuredmedia":[{"embeddable":true,"href":"https:\/\/mama-niemowlaka.pl\/sklep\/wp-json\/wp\/v2\/media\/11851"}],"wp:attachment":[{"href":"https:\/\/mama-niemowlaka.pl\/sklep\/wp-json\/wp\/v2\/media?parent=11825"}],"wp:term":[{"taxonomy":"product_brand","embeddable":true,"href":"https:\/\/mama-niemowlaka.pl\/sklep\/wp-json\/wp\/v2\/product_brand?post=11825"},{"taxonomy":"product_cat","embeddable":true,"href":"https:\/\/mama-niemowlaka.pl\/sklep\/wp-json\/wp\/v2\/product_cat?post=11825"},{"taxonomy":"product_tag","embeddable":true,"href":"https:\/\/mama-niemowlaka.pl\/sklep\/wp-json\/wp\/v2\/product_tag?post=11825"}],"curies":[{"name":"wp","href":"https:\/\/api.w.org\/{rel}","templated":true}]}}