{"id":11828,"date":"2024-04-29T20:48:39","date_gmt":"2024-04-29T18:48:39","guid":{"rendered":"https:\/\/mama-niemowlaka.pl\/sklep\/?post_type=product&#038;p=11828"},"modified":"2026-02-27T11:24:03","modified_gmt":"2026-02-27T10:24:03","slug":"body-w-misie-dla-niemowlat-niebieskie","status":"publish","type":"product","link":"https:\/\/mama-niemowlaka.pl\/sklep\/produkt\/ubranka-niemowlece\/body-niemowlece\/body-w-misie-dla-niemowlat-niebieskie\/","title":{"rendered":"Body w misie dla niemowlaka &#8211; niebieskie"},"content":{"rendered":"<h2 data-pm-slice=\"1 1 []\"><strong>Body niemowl\u0119ce w misie z d\u0142ugim r\u0119kawem<\/strong><\/h2>\n<p data-pm-slice=\"1 1 []\">Body dla niemowlaka to najpopularniejsze ubranko dla malucha jednocze\u015bnie najbardziej praktyczne i wygodne. Bawe\u0142niane, niebieskie body w misie z d\u0142ugim r\u0119kawem to doskona\u0142y wyb\u00f3r dla ma\u0142ego ch\u0142opca. Te wygodne body dla niemowlaka to niezb\u0119dne ubranka dzieci\u0119ce w wyprawce dla noworodka. Niebieskie body z d\u0142ugim r\u0119kawem zapinane s\u0105 w kroku na bezniklowe napki. Zapi\u0119cie w kroku pozwala na wygodn\u0105 i szybk\u0105 zmian\u0119 pieluszki. Ubranko posiada d\u0142ugi r\u0119kaw dzi\u0119ki czemu zapewnia odpowiedni komfort termiczny dziecku. Niebieskie body w misie zosta\u0142y uszyte z mi\u0119kkiej, bezpiecznej dla sk\u00f3ry niemowlaka bawe\u0142ny.<\/p>\n<p data-pm-slice=\"1 1 []\">Do tych wygodnych, bawe\u0142nianych body dla niemowlaka z d\u0142ugim r\u0119kawem mo\u017cesz dobra\u0107 p\u00f3\u0142\u015bpiochy dla niemowlaka dost\u0119pne w naszym sklepie. P\u00f3\u0142\u015bpiochy znajdziesz w kategorii <a href=\"https:\/\/mama-niemowlaka.pl\/sklep\/c\/ubranka-niemowlece\/polspiochy\/\" target=\"_blank\" rel=\"noopener\"><strong>p\u00f3\u0142\u015bpiochy dla niemowl\u0105t<\/strong><\/a>. Niebieskie body w misie mo\u017cesz za\u0142o\u017cy\u0107 dziecku zar\u00f3wno na specjalne okazje jak i na co dzie\u0144.<\/p>\n<p data-pm-slice=\"1 1 []\">Kup ju\u017c dzi\u015b nasze komfortowe body niemowl\u0119ce i zapewnij komfort swojemu dziecku.<\/p>\n<h2 data-pm-slice=\"1 1 []\"><strong>Ubrania niemowl\u0119ce &#8211; body niemowl\u0119ce w sklepie <a href=\"https:\/\/www.mama-niemowlaka.pl\">mama-niemowlaka.pl<\/a><\/strong><\/h2>\n<p data-pm-slice=\"1 1 []\">Odwied\u017a nasz sklep internetowy <a href=\"https:\/\/www.mama-niemowlaka.pl\"><strong>mama-niemowlaka.pl<\/strong><\/a>, gdzie znajdziesz szeroki wyb\u00f3r najwy\u017cszej jako\u015bci ubranek niemowl\u0119cych. Gwarantujemy wysy\u0142k\u0119 zam\u00f3wienia w ci\u0105gu 48 godzin oraz darmow\u0105 wymian\u0119 towaru lub mo\u017cliwo\u015b\u0107 zwrotu w ci\u0105gu 14 dni. Co wi\u0119cej, je\u015bli zam\u00f3wisz za minimum 249 PLN, dostawa b\u0119dzie ca\u0142kowicie darmowa.<\/p>\n<p data-pm-slice=\"1 1 []\">Nasze body dzieci\u0119ce to wygodne i bezpieczne body dla niemowl\u0105t. W naszym sklepie znajdziesz body d\u0142ugim r\u0119kawem, body niemowl\u0119ce z kr\u00f3tkim r\u0119kawem, body niemowl\u0119ce z mi\u0119kkiej bawe\u0142ny, body niemowl\u0119ce kopertowe oraz wiele innych ubranek niemowl\u0119cych. W naszym sklepie kupisz body dla niemowl\u0105t najwy\u017cszej jako\u015bci. Znajdziesz zar\u00f3wno dziewcz\u0119ce body oraz ch\u0142opi\u0119ce body dla niemowl\u0105t. Sprawd\u017a pozosta\u0142e body dzieci\u0119ce w kategorii <a href=\"https:\/\/mama-niemowlaka.pl\/sklep\/c\/ubranka\/body\/\" target=\"_blank\" rel=\"noopener\"><strong>body dla niemowl\u0105t.<\/strong><\/a><\/p>\n<p data-pm-slice=\"1 1 []\">Skorzystaj teraz z naszych us\u0142ug i sprawd\u017a nasz\u0105 ofert\u0119 ubranek niemowl\u0119cych ju\u017c dzi\u015b! Wybierz wygodne dzieci\u0119ce ubrania.<\/p>\n","protected":false},"excerpt":{"rendered":"<p data-pm-slice=\"1 1 []\">Bawe\u0142niane, niebieskie body w misie z d\u0142ugim r\u0119kawem zapinane w kroku na bezniklowe napki.<\/p>\n<p>Niebieskie body dla niemowlaka w misie wyst\u0119puj\u0105 w czterech rozmiarach: 62, 68, 74 i 80.<\/p>\n<p>Sk\u0142ad: 100% bawe\u0142na<\/p>\n","protected":false},"featured_media":11831,"template":"","meta":[],"product_brand":[],"product_cat":[137,57],"product_tag":[118,161,250,252,247,145,220],"class_list":{"0":"post-11828","1":"product","2":"type-product","3":"status-publish","4":"has-post-thumbnail","6":"product_cat-body-niemowlece","7":"product_cat-ubranka-niemowlece","8":"product_tag-bawelna","9":"product_tag-body-dla-niemowlat","10":"product_tag-body-dla-chlopca","11":"product_tag-body-dla-noworodka","12":"product_tag-body-z-dlugim-rekawem","13":"product_tag-ubranka-dla-niemowlat-chlopca","14":"product_tag-ubranka-dla-noworodkow","15":"product_shipping_class-lekka","16":"pa_rozmiar-312","17":"pa_rozmiar-313","18":"pa_rozmiar-314","19":"pa_rozmiar-315","21":"first","22":"instock","23":"taxable","24":"shipping-taxable","25":"purchasable","26":"product-type-variable","27":"has-default-attributes","28":"wvs-archive-product-wrapper"},"_links":{"self":[{"href":"https:\/\/mama-niemowlaka.pl\/sklep\/wp-json\/wp\/v2\/product\/11828","targetHints":{"allow":["GET"]}}],"collection":[{"href":"https:\/\/mama-niemowlaka.pl\/sklep\/wp-json\/wp\/v2\/product"}],"about":[{"href":"https:\/\/mama-niemowlaka.pl\/sklep\/wp-json\/wp\/v2\/types\/product"}],"wp:featuredmedia":[{"embeddable":true,"href":"https:\/\/mama-niemowlaka.pl\/sklep\/wp-json\/wp\/v2\/media\/11831"}],"wp:attachment":[{"href":"https:\/\/mama-niemowlaka.pl\/sklep\/wp-json\/wp\/v2\/media?parent=11828"}],"wp:term":[{"taxonomy":"product_brand","embeddable":true,"href":"https:\/\/mama-niemowlaka.pl\/sklep\/wp-json\/wp\/v2\/product_brand?post=11828"},{"taxonomy":"product_cat","embeddable":true,"href":"https:\/\/mama-niemowlaka.pl\/sklep\/wp-json\/wp\/v2\/product_cat?post=11828"},{"taxonomy":"product_tag","embeddable":true,"href":"https:\/\/mama-niemowlaka.pl\/sklep\/wp-json\/wp\/v2\/product_tag?post=11828"}],"curies":[{"name":"wp","href":"https:\/\/api.w.org\/{rel}","templated":true}]}}