{"id":12747,"date":"2024-02-24T18:59:02","date_gmt":"2024-02-24T17:59:02","guid":{"rendered":"https:\/\/mama-niemowlaka.pl\/sklep\/?post_type=product&#038;p=12747"},"modified":"2025-11-25T22:50:15","modified_gmt":"2025-11-25T21:50:15","slug":"skarpetki-niemowlece-z-falbanka","status":"publish","type":"product","link":"https:\/\/mama-niemowlaka.pl\/sklep\/produkt\/ubranka-niemowlece\/bielizna-dla-niemowlaka\/skarpetki-niemowlece-z-falbanka\/","title":{"rendered":"Skarpetki niemowl\u0119ce z falbank\u0105"},"content":{"rendered":"<h2 data-pm-slice=\"1 1 []\"><a href=\"https:\/\/mama-niemowlaka.pl\/sklep\/produkt\/ubranka-niemowlece\/bielizna-dla-niemowlaka\/skarpetki-niemowlece-z-falbanka\/\" target=\"_blank\" rel=\"noopener\"><strong>Bawe\u0142niane skarpetki niemowl\u0119ce z falbank\u0105<\/strong><\/a><\/h2>\n<p data-pm-slice=\"1 1 []\">Zapewnij swojemu dziecku wygod\u0119 i styl dzi\u0119ki <a href=\"https:\/\/mama-niemowlaka.pl\/sklep\/produkt\/ubranka-niemowlece\/bielizna-dla-niemowlaka\/skarpetki-niemowlece-z-falbanka\/\" target=\"_blank\" rel=\"noopener\"><strong>skarpetkom niemowl\u0119cym z falbank\u0105<\/strong><\/a>, dost\u0119pnym w trzech kolorach. Do wyboru znajdziesz skarpetki bia\u0142e, r\u00f3\u017cowe i ecru. Nasze skarpetki dzieci\u0119ce s\u0105 wykonane z wysokiej jako\u015bci bawe\u0142ny, zapewniaj\u0105c delikatno\u015b\u0107 i komfort dla delikatnej sk\u00f3ry dziecka. Falbanka dodaje uroku i elegancji, sprawiaj\u0105c, \u017ce Twoja dziewczynka b\u0119dzie wygl\u0105da\u0107 uroczo. <a href=\"https:\/\/mama-niemowlaka.pl\/sklep\/t\/skarpetki-niemowlece\/\" target=\"_blank\" rel=\"noopener\"><strong>Skarpetki niemowl\u0119ce<\/strong><\/a> s\u0105 dost\u0119pne w trzypaku, co oznacza, \u017ce masz r\u00f3\u017cnorodno\u015b\u0107 kolor\u00f3w do wyboru. Nie tylko zapewnimy swojemu dziecku wygodne i stylowe <a href=\"https:\/\/mama-niemowlaka.pl\/sklep\/t\/skarpetki-niemowlece\/\" target=\"_blank\" rel=\"noopener\"><strong>skarpetki dzieci\u0119ce<\/strong><\/a>, ale tak\u017ce trwa\u0142e, kt\u00f3re wytrzymaj\u0105 wielokrotne pranie. Wybierz nasze <a href=\"https:\/\/mama-niemowlaka.pl\/sklep\/produkt\/ubranka-niemowlece\/bielizna-dla-niemowlaka\/skarpetki-niemowlece-z-falbanka\/\" target=\"_blank\" rel=\"noopener\"><strong>bawe\u0142niane skarpetki niemowl\u0119ce z falbank\u0105<\/strong><\/a> i spraw, by Twoja ma\u0142a ksi\u0119\u017cniczka czu\u0142a si\u0119 wyj\u0105tkowo.<\/p>\n<p data-pm-slice=\"1 1 []\">Nasze <a href=\"https:\/\/mama-niemowlaka.pl\/sklep\/produkt\/ubranka-niemowlece\/bielizna-dla-niemowlaka\/skarpetki-niemowlece-z-falbanka\/\" target=\"_blank\" rel=\"noopener\"><strong>bawe\u0142niane skarpetki niemowl\u0119ce z falbank\u0105<\/strong><\/a> idealnie uzupe\u0142ni\u0105 str\u00f3j Twojej dziewczynki dla wa\u017cn\u0105 uroczysto\u015b\u0107 jak\u0105 jest Chrzest \u015awi\u0119ty. Doskonale uzupe\u0142ni\u0105 buciki niemowl\u0119ce oraz <a href=\"https:\/\/mama-niemowlaka.pl\/sklep\/c\/ubranka-niemowlece\/sukieneczki-do-chrztu\/\" target=\"_blank\" rel=\"noopener\"><strong>sukieneczk\u0119 do Chrztu<\/strong><\/a>.<\/p>\n<h2 data-pm-slice=\"1 1 []\"><a href=\"https:\/\/mama-niemowlaka.pl\/sklep\/t\/skarpetki-niemowlece\/\" target=\"_blank\" rel=\"noopener\"><strong>Skarpetki niemowl\u0119ce<\/strong><\/a><strong> w sklepie <\/strong><a href=\"https:\/\/mama-niemowlaka.pl\/sklep\/\" target=\"_blank\" rel=\"noopener\"><strong>mama-niemowlaka.pl<\/strong><\/a><\/h2>\n<p data-pm-slice=\"1 1 []\">Gdzie znale\u017a\u0107 skarpetki niemowl\u0119ce? W sklepie <a href=\"https:\/\/mama-niemowlaka.pl\/sklep\/\" target=\"_blank\" rel=\"noopener\"><strong>mama-niemowlaka.pl<\/strong><\/a> kupisz <a href=\"https:\/\/mama-niemowlaka.pl\/sklep\/t\/skarpetki-niemowlece\/\" target=\"_blank\" rel=\"noopener\"><strong>skarpety dla niemowl\u0105t<\/strong><\/a> i <a href=\"https:\/\/mama-niemowlaka.pl\/sklep\/t\/rajstopy-niemowlece\/\" target=\"_blank\" rel=\"noopener\"><strong>rajstopy niemowl\u0119ce<\/strong><\/a>. Odkryj szeroki wyb\u00f3r skarpetek dla noworodk\u00f3w i niemowl\u0105t w sklepie <a href=\"https:\/\/mama-niemowlaka.pl\/sklep\/\" target=\"_blank\" rel=\"noopener\"><strong>mama-niemowlaka.pl<\/strong><\/a>. Znajd\u017a <a href=\"https:\/\/mama-niemowlaka.pl\/sklep\/t\/skarpetki-niemowlece\/\" target=\"_blank\" rel=\"noopener\"><strong>skarpetki dla niemowlaka i noworodka<\/strong><\/a> w r\u00f3\u017cnych wzorach i kolorach. W naszej ofercie znajdziesz zar\u00f3wno dziewcz\u0119ce skarpetki, jak i ch\u0142opi\u0119ce skarpetki oraz skarpetki uniwersalne. Nasze bawe\u0142niane <a href=\"https:\/\/mama-niemowlaka.pl\/sklep\/t\/skarpetki-niemowlece\/\" target=\"_blank\" rel=\"noopener\"><strong>skarpetki niemowl\u0119ce<\/strong><\/a> s\u0105 uniwersalne i \u015bwietnie pasuj\u0105 do r\u00f3\u017cnych stylizacji. Wybierz nasze <a href=\"https:\/\/mama-niemowlaka.pl\/sklep\/t\/skarpetki-niemowlece\/\" target=\"_blank\" rel=\"noopener\"><strong>skarpety dla niemowl\u0105t<\/strong><\/a> i <a href=\"https:\/\/mama-niemowlaka.pl\/sklep\/t\/rajstopy-niemowlece\/\" target=\"_blank\" rel=\"noopener\"><strong>rajstopy niemowl\u0119ce<\/strong><\/a>, aby zapewni\u0107 im wygod\u0119 i modny wygl\u0105d swojemu dziecku ju\u017c od pierwszych dni.<\/p>\n","protected":false},"excerpt":{"rendered":"<p data-pm-slice=\"1 1 []\">Czy szukasz wyj\u0105tkowych i stylowych skarpetek dla swojej ma\u0142ej ksi\u0119\u017cniczki? Sklep <a href=\"https:\/\/mama-niemowlaka.pl\/sklep\/\" target=\"_blank\" rel=\"noopener\"><strong>mama-niemowlaka.pl<\/strong><\/a> oferuje <a href=\"https:\/\/mama-niemowlaka.pl\/sklep\/produkt\/ubranka-niemowlece\/bielizna-dla-niemowlaka\/skarpetki-niemowlece-z-falbanka\/\" target=\"_blank\" rel=\"noopener\"><strong>skarpetki niemowl\u0119ce z falbank\u0105<\/strong><\/a>, dost\u0119pne w trzech uroczych kolorach. Nasze <a href=\"https:\/\/mama-niemowlaka.pl\/sklep\/t\/skarpetki-niemowlece\/\" target=\"_blank\" rel=\"noopener\"><strong>skarpetki niemowl\u0119ce<\/strong><\/a> s\u0105 wykonane z wysokiej jako\u015bci bawe\u0142ny, zapewniaj\u0105c delikatno\u015b\u0107 i komfort dla delikatnej sk\u00f3ry Twojego dziecka. Dodatkowo, nasze skarpetki posiadaj\u0105 pi\u0119kn\u0105 falbank\u0119, kt\u00f3ra dodaje elegancji i uroku. Wybieraj\u0105c nasze bawe\u0142niane skarpetki niemowl\u0119ce z falbank\u0105, nie tylko zapewnisz swojemu dziecku wygod\u0119 i styl, ale tak\u017ce trwa\u0142o\u015b\u0107 &#8211; nasze skarpetki wytrzymaj\u0105 wielokrotne pranie. Wybierz teraz nasze <a href=\"https:\/\/mama-niemowlaka.pl\/sklep\/produkt\/ubranka-niemowlece\/bielizna-dla-niemowlaka\/skarpetki-niemowlece-z-falbanka\/\" target=\"_blank\" rel=\"noopener\"><strong>bawe\u0142niane skarpetki niemowl\u0119ce z falbank\u0105<\/strong><\/a> i spraw, by Twoja ma\u0142a ksi\u0119\u017cniczka czu\u0142a si\u0119 wyj\u0105tkowo!<\/p>\n<p>Bawe\u0142niane <a href=\"https:\/\/mama-niemowlaka.pl\/sklep\/t\/skarpetki-niemowlece\/\" target=\"_blank\" rel=\"noopener\"><strong>skarpetki niemowl\u0119ce<\/strong><\/a> s\u0105 dost\u0119pne w rozmiarze 6-12 miesi\u0119cy.<\/p>\n<p>Sk\u0142ad: 80% bawe\u0142na, 17% poliamid, 3% elastan.<\/p>\n","protected":false},"featured_media":14236,"template":"","meta":[],"product_brand":[],"product_cat":[190,57],"product_tag":[214,238,125,152,355,220,341,344],"class_list":{"0":"post-12747","1":"product","2":"type-product","3":"status-publish","4":"has-post-thumbnail","6":"product_cat-bielizna-dla-niemowlaka","7":"product_cat-ubranka-niemowlece","8":"product_tag-bestseller","9":"product_tag-ubranka-swiateczne-dla-niemowlaka","10":"product_tag-ubranka-do-chrztu","11":"product_tag-ubranka-dla-niemowlat-dziewczynek","12":"product_tag-letnie-ubranka-dla-niemowlat","13":"product_tag-ubranka-dla-noworodkow","14":"product_tag-skarpetki-niemowlece","15":"product_tag-ubranka-do-chrztu-dla-dziewczynki","17":"first","18":"instock","19":"taxable","20":"shipping-taxable","21":"purchasable","22":"product-type-variable","23":"has-default-attributes","24":"wvs-archive-product-wrapper"},"_links":{"self":[{"href":"https:\/\/mama-niemowlaka.pl\/sklep\/wp-json\/wp\/v2\/product\/12747","targetHints":{"allow":["GET"]}}],"collection":[{"href":"https:\/\/mama-niemowlaka.pl\/sklep\/wp-json\/wp\/v2\/product"}],"about":[{"href":"https:\/\/mama-niemowlaka.pl\/sklep\/wp-json\/wp\/v2\/types\/product"}],"wp:featuredmedia":[{"embeddable":true,"href":"https:\/\/mama-niemowlaka.pl\/sklep\/wp-json\/wp\/v2\/media\/14236"}],"wp:attachment":[{"href":"https:\/\/mama-niemowlaka.pl\/sklep\/wp-json\/wp\/v2\/media?parent=12747"}],"wp:term":[{"taxonomy":"product_brand","embeddable":true,"href":"https:\/\/mama-niemowlaka.pl\/sklep\/wp-json\/wp\/v2\/product_brand?post=12747"},{"taxonomy":"product_cat","embeddable":true,"href":"https:\/\/mama-niemowlaka.pl\/sklep\/wp-json\/wp\/v2\/product_cat?post=12747"},{"taxonomy":"product_tag","embeddable":true,"href":"https:\/\/mama-niemowlaka.pl\/sklep\/wp-json\/wp\/v2\/product_tag?post=12747"}],"curies":[{"name":"wp","href":"https:\/\/api.w.org\/{rel}","templated":true}]}}