{"id":12895,"date":"2024-02-16T23:22:47","date_gmt":"2024-02-16T22:22:47","guid":{"rendered":"https:\/\/mama-niemowlaka.pl\/sklep\/?post_type=product&#038;p=12895"},"modified":"2025-11-02T16:55:04","modified_gmt":"2025-11-02T15:55:04","slug":"koszula-do-karmienia-rozpinana-mama-rozowa","status":"publish","type":"product","link":"https:\/\/mama-niemowlaka.pl\/sklep\/produkt\/dlamamy\/koszule-do-karmienia\/koszula-do-karmienia-rozpinana-mama-rozowa\/","title":{"rendered":"Koszula do karmienia Mama &#8211; r\u00f3\u017cowa"},"content":{"rendered":"<h2 data-pm-slice=\"1 1 []\"><strong>Koszula nocna dla przysz\u0142ej mamy &#8211; Koszula do karmienia rozpinana na guziki<\/strong><\/h2>\n<p>Nasza <a href=\"https:\/\/mama-niemowlaka.pl\/sklep\/produkt\/dlamamy\/koszule-do-karmienia\/koszula-do-karmienia-rozpinana-mama-rozowa\/\" target=\"_blank\" rel=\"noopener\"><strong>koszula do karmienia rozpinana<\/strong><\/a> na guziki, w kolorze r\u00f3\u017cowym, to absolutny hit w\u015br\u00f3d przysz\u0142ych mam! Jej funkcjonalno\u015b\u0107 i modny design sprawi\u0105, \u017ce b\u0119dziesz czu\u0142a si\u0119 wygodnie i stylowo w ka\u017cdej sytuacji. Specjalnie zaprojektowana dla mam, kt\u00f3re pragn\u0105 \u0142\u0105czy\u0107 wygod\u0119 z modnym wygl\u0105dem, ta <a href=\"https:\/\/mama-niemowlaka.pl\/sklep\/produkt\/dlamamy\/koszule-do-karmienia\/koszula-do-karmienia-rozpinana-mama-rozowa\/\" target=\"_blank\" rel=\"noopener\"><strong>koszula rozpinana do karmienia<\/strong><\/a> wykonana jest z wysokiej jako\u015bci materia\u0142\u00f3w, takich jak bawe\u0142na, gwarantuj\u0105c trwa\u0142o\u015b\u0107 i komfort noszenia. Nie b\u0119dziesz ju\u017c musia\u0142a rezygnowa\u0107 z mody tylko dlatego, \u017ce jeste\u015b mam\u0105. Teraz mo\u017cesz karmi\u0107 swoje dziecko w najmodniejszych fasonach!<\/p>\n<p>Niezwykle praktyczne guziki pozwalaj\u0105 na wygodne i dyskretne karmienie w dowolnym miejscu i czasie. Ta koszula nocna dla karmi\u0105cych to idealne po\u0142\u0105czenie funkcjonalno\u015bci i stylu, kt\u00f3re sprawi\u0105, \u017ce b\u0119dziesz czu\u0142a si\u0119 pewnie i modne nawet w czasie karmienia. Niezale\u017cnie od okazji, ta koszula do karmienia ci\u0105\u017cowa b\u0119dzie doskona\u0142ym wyborem dla Ciebie!<\/p>\n<p>Zam\u00f3w teraz nasz\u0105 koszul\u0119 do karmienia ci\u0105\u017cow\u0105 na <a href=\"https:\/\/mama-niemowlaka.pl\/sklep\/\" target=\"_blank\" rel=\"noopener\"><strong>mama-niemowlaka.pl<\/strong><\/a> i ciesz si\u0119 komfortem oraz \u0142adnym wygl\u0105dem podczas karmienia swojego dziecka! koszula ci\u0105\u017cowa i do karmienia to obowi\u0105zkowy element w <a href=\"https:\/\/mama-niemowlaka.pl\/sklep\/dla-mamy\/\" target=\"_blank\" rel=\"noopener\"><strong>wyprawce do szpitala dla mamy<\/strong><\/a>.<\/p>\n<h2><a href=\"https:\/\/mama-niemowlaka.pl\/sklep\/c\/dlamamy\/koszule-do-karmienia\/\" target=\"_blank\" rel=\"noopener\"><strong>Rozpinane koszule do karmienia<\/strong><\/a><strong> w sklepie <\/strong><a href=\"https:\/\/mama-niemowlaka.pl\"><strong>mama-niemowlaka.pl<\/strong><\/a><\/h2>\n<p><a href=\"https:\/\/mama-niemowlaka.pl\/sklep\/c\/dlamamy\/koszule-do-karmienia\/\" target=\"_blank\" rel=\"noopener\"><strong>Koszule nocne ci\u0105\u017cowe i do karmienia<\/strong><\/a> to niezb\u0119dne elementy garderoby ci\u0105\u017cowej ka\u017cdej przysz\u0142ej mamy. <a href=\"https:\/\/mama-niemowlaka.pl\/sklep\/\" target=\"_blank\" rel=\"noopener\"><strong>mama-niemowlaka.pl<\/strong><\/a> to sklep internetowy oferuj\u0105cy szeroki wyb\u00f3r bielizny poporodowej, koszul do karmienia oraz <a href=\"https:\/\/mama-niemowlaka.pl\/sklep\/ubranka-niemowlece\/\" target=\"_blank\" rel=\"noopener\"><strong>ubranek dzieci\u0119cych<\/strong><\/a>. Kupisz tu najlepsze koszule nocne do karmienia. W naszym sklepie znajdziesz <a href=\"https:\/\/mama-niemowlaka.pl\/sklep\/t\/koszule-do-porodu\/\" target=\"_blank\" rel=\"noopener\"><strong>koszule do porodu<\/strong><\/a>, klasyczn\u0105 koszul\u0119 nocn\u0105 ci\u0105\u017cow\u0105 rozpinan\u0105 na guziki, <a href=\"https:\/\/mama-niemowlaka.pl\/sklep\/t\/koszula-na-napy\/\" target=\"_blank\" rel=\"noopener\"><strong>koszule na napy<\/strong><\/a>, <a href=\"https:\/\/mama-niemowlaka.pl\/sklep\/c\/dlamamy\/koszule-do-karmienia\/\" target=\"_blank\" rel=\"noopener\"><strong>koszule z suwakami<\/strong><\/a>, <a href=\"https:\/\/mama-niemowlaka.pl\/sklep\/t\/eleganckie-koszule-ciazowe\/\" target=\"_blank\" rel=\"noopener\"><strong>eleganckie koszule ci\u0105\u017cowe<\/strong><\/a> jaki <a href=\"https:\/\/mama-niemowlaka.pl\/sklep\/c\/dlamamy\/pizamy-do-karmienia\/\" target=\"_blank\" rel=\"noopener\"><strong>pi\u017camy ci\u0105\u017cowe<\/strong><\/a>.<\/p>\n<p>Sprawd\u017a nasz\u0105 ofert\u0119 koszul do karmienia piersi\u0105 i kup ju\u017c dzi\u015b wygodn\u0105, koszul\u0119 ci\u0105\u017cow\u0105 rozpinan\u0105 do karmienia aby zapewni\u0107 sobie wygodne karmienie maluszka. Pami\u0119taj, aby <a href=\"https:\/\/mama-niemowlaka.pl\/sklep\/dla-mamy\/\" target=\"_blank\" rel=\"noopener\"><strong>wyprawk\u0119 do szpitala dla mamy<\/strong><\/a> uzupe\u0142ni\u0107 o bielizn\u0119 poporodow\u0105. Sprawd\u017a koniecznie nasz\u0105 ofert\u0119 <a href=\"https:\/\/mama-niemowlaka.pl\/sklep\/t\/majtki-poporodowe\/\" target=\"_blank\" rel=\"noopener\"><strong>majtek poporodowych<\/strong><\/a> i <a href=\"https:\/\/mama-niemowlaka.pl\/sklep\/t\/biustonosze-do-karmienia\/\" target=\"_blank\" rel=\"noopener\"><strong>biustonoszy do karmienia<\/strong><\/a> \u2013 <a href=\"https:\/\/mama-niemowlaka.pl\/sklep\/c\/dlamamy\/bielizna-poporodowa\/\" target=\"_blank\" rel=\"noopener\"><strong>bielizna poporodowa<\/strong><\/a>.<\/p>\n<p>Tabela rozmiar\u00f3w:<\/p>\n<table width=\"700\">\n<tbody>\n<tr>\n<td><strong>Rozmiar<\/strong><\/td>\n<td style=\"text-align: center;\"><strong>S<\/strong><\/td>\n<td style=\"text-align: center;\"><strong>M<\/strong><\/td>\n<td style=\"text-align: center;\"><strong>L<\/strong><\/td>\n<td style=\"text-align: center;\"><strong>XL<\/strong><\/td>\n<\/tr>\n<tr>\n<td>D\u0142ugo\u015b\u0107 ca\u0142kowita<\/td>\n<td style=\"text-align: center;\">98 cm<\/td>\n<td style=\"text-align: center;\">100 cm<\/td>\n<td style=\"text-align: center;\">102 cm<\/td>\n<td style=\"text-align: center;\">104 cm<\/td>\n<\/tr>\n<tr>\n<td>Obw\u00f3d w pasie<\/td>\n<td style=\"text-align: center;\">92 cm<\/td>\n<td style=\"text-align: center;\">96 cm<\/td>\n<td style=\"text-align: center;\">100 cm<\/td>\n<td style=\"text-align: center;\">104 cm<\/td>\n<\/tr>\n<tr>\n<td>Obw\u00f3d pod pachami<\/td>\n<td style=\"text-align: center;\">84 cm<\/td>\n<td style=\"text-align: center;\">88 cm<\/td>\n<td style=\"text-align: center;\">92 cm<\/td>\n<td style=\"text-align: center;\">96 cm<\/td>\n<\/tr>\n<\/tbody>\n<\/table>\n<p>&nbsp;<\/p>\n","protected":false},"excerpt":{"rendered":"<p data-pm-slice=\"1 1 []\">Koszula ci\u0105\u017cowa i do karmienia rozpinana na guziki, to komfortowa koszula do karmienia, kt\u00f3ra zapewni Ci \u0142atwy dost\u0119p i wygod\u0119 podczas karmienia swojego dziecka. Nie tylko b\u0119dziesz czu\u0107 si\u0119 komfortowo, ale tak\u017ce \u015bwietnie wygl\u0105da\u0107! Nasza koszula ci\u0105\u017cowa rozpinana zapewnia \u0142atwy dost\u0119p do piersi, dzi\u0119ki czemu mo\u017cesz karmi\u0107 swoje dziecko dyskretnie i bezproblemowo.<\/p>\n<p>Koszula nocna do karmienia wyst\u0119puje w czterech rozmiarach: S, M, L i XL.<\/p>\n<p>Sk\u0142ad: 100% bawe\u0142na<\/p>\n","protected":false},"featured_media":12995,"template":"","meta":[],"product_brand":[],"product_cat":[97,64],"product_tag":[118,119,236,138,146,259,258,98,257,260,331,185],"class_list":{"0":"post-12895","1":"product","2":"type-product","3":"status-publish","4":"has-post-thumbnail","6":"product_cat-koszule-do-karmienia","7":"product_cat-dlamamy","8":"product_tag-bawelna","9":"product_tag-dla-mamy","10":"product_tag-koszula-do-karmienia","11":"product_tag-koszule-ciazowe","12":"product_tag-koszule-ciazowe-do-karmienia","13":"product_tag-koszula-do-karmienia-l","14":"product_tag-koszula-do-karmienia-m","15":"product_tag-koszule-nocne-do-karmienia","16":"product_tag-koszula-do-karmienia-s","17":"product_tag-koszula-do-karmienia-xl","18":"product_tag-koszulka-nocna-do-karmienia","19":"product_tag-krotki-rekaw","20":"product_shipping_class-lekka","21":"pa_rozmiar-l","22":"pa_rozmiar-m","23":"pa_rozmiar-s","24":"pa_rozmiar-xl","26":"first","27":"outofstock","28":"taxable","29":"shipping-taxable","30":"product-type-variable","31":"has-default-attributes","32":"wvs-archive-product-wrapper"},"_links":{"self":[{"href":"https:\/\/mama-niemowlaka.pl\/sklep\/wp-json\/wp\/v2\/product\/12895","targetHints":{"allow":["GET"]}}],"collection":[{"href":"https:\/\/mama-niemowlaka.pl\/sklep\/wp-json\/wp\/v2\/product"}],"about":[{"href":"https:\/\/mama-niemowlaka.pl\/sklep\/wp-json\/wp\/v2\/types\/product"}],"wp:featuredmedia":[{"embeddable":true,"href":"https:\/\/mama-niemowlaka.pl\/sklep\/wp-json\/wp\/v2\/media\/12995"}],"wp:attachment":[{"href":"https:\/\/mama-niemowlaka.pl\/sklep\/wp-json\/wp\/v2\/media?parent=12895"}],"wp:term":[{"taxonomy":"product_brand","embeddable":true,"href":"https:\/\/mama-niemowlaka.pl\/sklep\/wp-json\/wp\/v2\/product_brand?post=12895"},{"taxonomy":"product_cat","embeddable":true,"href":"https:\/\/mama-niemowlaka.pl\/sklep\/wp-json\/wp\/v2\/product_cat?post=12895"},{"taxonomy":"product_tag","embeddable":true,"href":"https:\/\/mama-niemowlaka.pl\/sklep\/wp-json\/wp\/v2\/product_tag?post=12895"}],"curies":[{"name":"wp","href":"https:\/\/api.w.org\/{rel}","templated":true}]}}