{"id":12935,"date":"2024-03-14T22:38:49","date_gmt":"2024-03-14T21:38:49","guid":{"rendered":"https:\/\/mama-niemowlaka.pl\/sklep\/?post_type=product&#038;p=12935"},"modified":"2024-10-29T08:03:35","modified_gmt":"2024-10-29T07:03:35","slug":"pajacyk-niemowlecy-na-zamek-prazek-mis-bialy","status":"publish","type":"product","link":"https:\/\/mama-niemowlaka.pl\/sklep\/produkt\/ubranka-niemowlece\/pajacyki-dla-niemowlat\/pajacyk-niemowlecy-na-zamek-prazek-mis-bialy\/","title":{"rendered":"Pajacyk niemowl\u0119cy na zamek &#8211; bia\u0142y"},"content":{"rendered":"<h2 data-pm-slice=\"1 1 []\"><strong>Pajacyk niemowl\u0119cy na zamek w komplecie z czapk\u0105 \u2013 bia\u0142y<\/strong><\/h2>\n<p data-pm-slice=\"1 1 []\">Ka\u017cdy rodzic wie, jak wa\u017cne jest wybieranie odpowiednich ubranek dla swojego dziecka, kt\u00f3re zapewni\u0105 mu maksymalny komfort i wygod\u0119. Ten <a href=\"https:\/\/mama-niemowlaka.pl\/sklep\/c\/ubranka-niemowlece\/pajacyki-dla-niemowlat\/\" target=\"_blank\" rel=\"noopener\"><strong>pajacyk niemowl\u0119cy bawe\u0142niany<\/strong><\/a> na zamek to doskona\u0142y wyb\u00f3r dla rodzic\u00f3w, kt\u00f3rzy poszukuj\u0105 praktycznego i wygodnego <a href=\"https:\/\/mama-niemowlaka.pl\/sklep\/ubranka-niemowlece\/\" target=\"_blank\" rel=\"noopener\"><strong>ubranka dla niemowl\u0105t<\/strong><\/a>.<\/p>\n<p data-pm-slice=\"1 1 []\"><a href=\"https:\/\/mama-niemowlaka.pl\/sklep\/c\/ubranka-niemowlece\/pajacyki-dla-niemowlat\/\" target=\"_blank\" rel=\"noopener\"><strong>Pajacyk niemowl\u0119cy pr\u0105\u017ckowany<\/strong><\/a> zosta\u0142 uszyty z bawe\u0142ny w pr\u0105\u017cek, najwy\u017cszej jako\u015bci, dzi\u0119ki czemu zapewni dziecku wygod\u0119 podczas snu i zabawy, a suwak na przodzie u\u0142atwi przewijanie. Bezpieczne i wygodne ubranie to podstawa, aby dziecko mog\u0142o swobodnie si\u0119 porusza\u0107 i rozwija\u0107 swoje umiej\u0119tno\u015bci. <a href=\"https:\/\/mama-niemowlaka.pl\/sklep\/produkt\/ubranka-niemowlece\/pajacyki-dla-niemowlat\/pajacyk-niemowlecy-na-zamek-prazek-mis-bialy\/\" target=\"_blank\" rel=\"noopener\"><strong>Pajac niemowl\u0119cy na zamek<\/strong><\/a> posiada nogawki zako\u0144czone pe\u0142nymi st\u00f3pkami, dzi\u0119ki czemu chroni\u0105 n\u00f3\u017cki i zapewni\u0105 ciep\u0142o maluszkowi. Dzi\u0119ki suwakowi z przodu, przewijanie b\u0119dzie szybkie i \u0142atwe, co jest niezwykle wa\u017cne w przypadku ma\u0142ych dzieci, kt\u00f3re cz\u0119sto wymagaj\u0105 zmiany pieluchy w nocy. Nasz pajacyk na suwak to doskona\u0142y wyb\u00f3r dla ka\u017cdej mamy, kt\u00f3ra ceni sobie wygod\u0119 i praktyczno\u015b\u0107, a tak\u017ce bezstresowe przebieranie malucha. W komplecie z tym komfortowym pajacykiem dla niemowl\u0105t znajduje si\u0119 czapeczka niemowl\u0119ca w tym samym kolorze.<\/p>\n<h2 data-pm-slice=\"1 1 []\"><strong>Dlaczego warto wybra\u0107 bawe\u0142niany pajacyk niemowl\u0119cy na suwak?<\/strong><\/h2>\n<p data-pm-slice=\"1 1 []\">Pajacyki niemowl\u0119ce zapinane na zamek s\u0105 niezwykle wygodne i praktyczne. Pajace zapinane na suwak u\u0142atwiaj\u0105 przewijanie maluszka, dzi\u0119ki czemu s\u0105 one \u0142atwe w ubieraniu. Nasz bia\u0142y pajac pr\u0105\u017ckowany wykonany jest z dba\u0142o\u015bci\u0105 o detale, ozdobiony jest on haftem w kszta\u0142cie misia. <a href=\"https:\/\/mama-niemowlaka.pl\/sklep\/c\/ubranka-niemowlece\/pajacyki-dla-niemowlat\/\" target=\"_blank\" rel=\"noopener\"><strong>Pajacyk niemowl\u0119cy<\/strong><\/a> zosta\u0142 uszyty z przyjemnej, oddychaj\u0105cej bawe\u0142ny w pr\u0105\u017cek.<\/p>\n<p data-pm-slice=\"1 1 []\"><a href=\"https:\/\/mama-niemowlaka.pl\/sklep\/c\/ubranka-niemowlece\/pajacyki-dla-niemowlat\/\" target=\"_blank\" rel=\"noopener\"><strong>Pajacyki niemowl\u0119ce<\/strong><\/a> to obowi\u0105zkowy element wyprawki dla noworodka. Zach\u0119camy wi\u0119c do zakupu pajac\u00f3w niemowl\u0119cych w naszym sklepie, kt\u00f3re dost\u0119pne s\u0105 w wielu wariantach do wyboru!<\/p>\n<h2 data-pm-slice=\"1 1 []\"><strong>Komfortowe pajacyki dla niemowl\u0105t w sklepie <\/strong><a href=\"https:\/\/mama-niemowlaka.pl\/sklep\/\" target=\"_blank\" rel=\"noopener\"><strong>mama-niemowlaka.pl<\/strong><\/a><\/h2>\n<p data-pm-slice=\"1 1 []\">Nie czekaj d\u0142u\u017cej i kup bezpieczne ubranko dla Twojego dziecka, kt\u00f3re sprawi mu rado\u015b\u0107 i wygod\u0119. Nasz <a href=\"https:\/\/mama-niemowlaka.pl\/sklep\/c\/ubranka-niemowlece\/pajacyki-dla-niemowlat\/\" target=\"_blank\" rel=\"noopener\"><strong>pajacyk na suwak<\/strong><\/a> w bia\u0142ym kolorze to idealny wyb\u00f3r dla ka\u017cdej mamy, kt\u00f3ra szuka praktycznego i wygodnego ubranka dla swojego dziecka.<\/p>\n<p data-pm-slice=\"1 1 []\">Odwied\u017a nasz sklep internetowy <a href=\"https:\/\/mama-niemowlaka.pl\/sklep\/\" target=\"_blank\" rel=\"noopener\"><strong>www.mama-niemowlaka.pl<\/strong><\/a>, gdzie znajdziesz r\u00f3\u017cne rodzaje pajacyk\u00f3w niemowl\u0119cych oraz <a href=\"https:\/\/mama-niemowlaka.pl\/sklep\/ubranka-niemowlece\/\" target=\"_blank\" rel=\"noopener\"><strong>ubranka dla niemowl\u0105t<\/strong><\/a> najwy\u017cszej jako\u015bci. Znajdziesz tu \u015bliczne <a href=\"https:\/\/mama-niemowlaka.pl\/sklep\/c\/ubranka-niemowlece\/pajacyki-dla-niemowlat\/\" target=\"_blank\" rel=\"noopener\"><strong>pajacyki niemowl\u0119ce<\/strong><\/a> zar\u00f3wno dla ch\u0142opc\u00f3w i dziewczynek. Sprawd\u017a r\u00f3\u017cne rodzaje pajacyk\u00f3w niemowl\u0119cych dost\u0119pne w naszym sklepie i wybierz idealny pajac niemowl\u0119cy dla swojego Malucha. W naszym sklepie kupisz <a href=\"https:\/\/mama-niemowlaka.pl\/sklep\/c\/ubranka-niemowlece\/pajacyki-dla-niemowlat\/\" target=\"_blank\" rel=\"noopener\"><strong>pajace dla dzieci<\/strong><\/a> do spania, pajacyki niemowl\u0119ce zimowe czy te\u017c pajace dla noworodka. Szczeg\u00f3lnie wygodne b\u0119d\u0105 zapinane <a href=\"https:\/\/mama-niemowlaka.pl\/sklep\/c\/ubranka-niemowlece\/pajacyki-dla-niemowlat\/\" target=\"_blank\" rel=\"noopener\"><strong>pajacyki niemowl\u0119ce na zamek<\/strong><\/a> oraz <a href=\"https:\/\/mama-niemowlaka.pl\/sklep\/c\/ubranka-niemowlece\/pajacyki-dla-niemowlat\/\" target=\"_blank\" rel=\"noopener\"><strong>pajace na napy<\/strong><\/a>.<\/p>\n<p data-pm-slice=\"1 1 []\">Gwarantujemy wysy\u0142k\u0119 zam\u00f3wienia w ci\u0105gu 48 godzin oraz darmow\u0105 wymian\u0119 towaru lub mo\u017cliwo\u015b\u0107 zwrotu w ci\u0105gu 14 dni. Co wi\u0119cej, je\u015bli zam\u00f3wisz za minimum 249 PLN, dostawa b\u0119dzie ca\u0142kowicie darmowa.<\/p>\n<p data-pm-slice=\"1 1 []\">Sprawd\u017a pozosta\u0142e <a href=\"https:\/\/mama-niemowlaka.pl\/sklep\/c\/ubranka-niemowlece\/pajacyki-dla-niemowlat\/\" target=\"_blank\" rel=\"noopener\"><strong>pajacyki niemowl\u0119ce<\/strong><\/a> i kup wygodny <a href=\"https:\/\/mama-niemowlaka.pl\/sklep\/c\/ubranka-niemowlece\/pajacyki-dla-niemowlat\/\" target=\"_blank\" rel=\"noopener\"><strong>pajac niemowl\u0119cy<\/strong><\/a> do swojej wyprawki dla noworodka. Pajacyki dla noworodk\u00f3w i niemowl\u0105t znajdziesz tutaj -&gt; <a href=\"https:\/\/mama-niemowlaka.pl\/sklep\/c\/ubranka-niemowlece\/pajacyki-dla-niemowlat\/\" target=\"_blank\" rel=\"noopener\"><strong>pajacyki dla niemowlaka<\/strong><\/a>.<\/p>\n","protected":false},"excerpt":{"rendered":"<p data-pm-slice=\"1 1 []\">Pajacyk niemowl\u0119cy na suwak wykonany z mi\u0119kkiej i przyjemnej w dotyku bawe\u0142ny w pr\u0105\u017cek, zapewni Twojemu maluszkowi maksymalny komfort podczas snu i zabawy. Dzi\u0119ki temu, \u017ce <a href=\"https:\/\/mama-niemowlaka.pl\/sklep\/c\/ubranka-niemowlece\/pajacyki-dla-niemowlat\/\" target=\"_blank\" rel=\"noopener\"><strong>pajac niemowl\u0119cy<\/strong><\/a> jest zapinany na suwak jest on \u0142atwy w ubieraniu, co jest szczeg\u00f3lnie wa\u017cne w przypadku ma\u0142ych dzieci, kt\u00f3re wymagaj\u0105 cz\u0119stych zmian pieluchy. Pajac niemowl\u0119cy w komplecie z czapk\u0105 znakomicie sprawdzi si\u0119 jako ubranko do codziennego u\u017cytku lub jako pi\u017camka.<\/p>\n<p><a href=\"https:\/\/mama-niemowlaka.pl\/sklep\/produkt\/ubranka-niemowlece\/pajacyki-dla-niemowlat\/pajacyk-niemowlecy-na-zamek-prazek-mis-bialy\/\" target=\"_blank\" rel=\"noopener\"><strong>Pajacyk niemowl\u0119cy na zamek<\/strong><\/a> dost\u0119pny jest w czterech rozmiarach: 68, 74, 80 i 86.<\/p>\n<p>Sk\u0142ad: 100% bawe\u0142na<\/p>\n","protected":false},"featured_media":12942,"template":"","meta":[],"product_brand":[],"product_cat":[59,122,57],"product_tag":[118,125,233,145,152,352,351,148,277,279,270,273,275,280,269,182,343,344],"class_list":{"0":"post-12935","1":"product","2":"type-product","3":"status-publish","4":"has-post-thumbnail","6":"product_cat-pajacyki-dla-niemowlat","7":"product_cat-komplet-niemowlecy","8":"product_cat-ubranka-niemowlece","9":"product_tag-bawelna","10":"product_tag-ubranka-do-chrztu","11":"product_tag-czapka","12":"product_tag-ubranka-dla-niemowlat-chlopca","13":"product_tag-ubranka-dla-niemowlat-dziewczynek","14":"product_tag-komplety-niemowlece-dla-chlopca","15":"product_tag-komplety-niemowlece-dla-dziewczynki","16":"product_tag-na-suwak","17":"product_tag-pajacyk-80","18":"product_tag-pajacyk-86","19":"product_tag-pajacyk-do-spania","20":"product_tag-pajacyki-68","21":"product_tag-pajacyki-74","22":"product_tag-pajacyki-na-zamek","23":"product_tag-pajacyki-niemowlece-dla-chlopca","24":"product_tag-prazek","25":"product_tag-ubranka-do-chrztu-dla-chlopca","26":"product_tag-ubranka-do-chrztu-dla-dziewczynki","27":"product_shipping_class-lekka","28":"pa_rozmiar-313","29":"pa_rozmiar-314","30":"pa_rozmiar-315","31":"pa_rozmiar-316","33":"first","34":"instock","35":"taxable","36":"shipping-taxable","37":"purchasable","38":"product-type-variable","39":"has-default-attributes","40":"wvs-archive-product-wrapper"},"_links":{"self":[{"href":"https:\/\/mama-niemowlaka.pl\/sklep\/wp-json\/wp\/v2\/product\/12935","targetHints":{"allow":["GET"]}}],"collection":[{"href":"https:\/\/mama-niemowlaka.pl\/sklep\/wp-json\/wp\/v2\/product"}],"about":[{"href":"https:\/\/mama-niemowlaka.pl\/sklep\/wp-json\/wp\/v2\/types\/product"}],"wp:featuredmedia":[{"embeddable":true,"href":"https:\/\/mama-niemowlaka.pl\/sklep\/wp-json\/wp\/v2\/media\/12942"}],"wp:attachment":[{"href":"https:\/\/mama-niemowlaka.pl\/sklep\/wp-json\/wp\/v2\/media?parent=12935"}],"wp:term":[{"taxonomy":"product_brand","embeddable":true,"href":"https:\/\/mama-niemowlaka.pl\/sklep\/wp-json\/wp\/v2\/product_brand?post=12935"},{"taxonomy":"product_cat","embeddable":true,"href":"https:\/\/mama-niemowlaka.pl\/sklep\/wp-json\/wp\/v2\/product_cat?post=12935"},{"taxonomy":"product_tag","embeddable":true,"href":"https:\/\/mama-niemowlaka.pl\/sklep\/wp-json\/wp\/v2\/product_tag?post=12935"}],"curies":[{"name":"wp","href":"https:\/\/api.w.org\/{rel}","templated":true}]}}