{"id":13185,"date":"2025-05-04T15:27:23","date_gmt":"2025-05-04T13:27:23","guid":{"rendered":"https:\/\/mama-niemowlaka.pl\/sklep\/?post_type=product&#038;p=13185"},"modified":"2026-03-20T09:23:51","modified_gmt":"2026-03-20T08:23:51","slug":"dres-dla-niemowlaka-dziewczynki-kwiaty","status":"publish","type":"product","link":"https:\/\/mama-niemowlaka.pl\/sklep\/produkt\/ubranka-niemowlece\/dres-dla-niemowlaka\/dres-dla-niemowlaka-dziewczynki-kwiaty\/","title":{"rendered":"Ciep\u0142y dres dla niemowlaka dziewczynki w kwiaty"},"content":{"rendered":"<h2 data-pm-slice=\"1 1 []\"><strong>Uroczy dres dla niemowlaka dziewczynki &#8211; komfort na co dzie\u0144<\/strong><\/h2>\n<p data-pm-slice=\"1 1 []\"><a href=\"https:\/\/mama-niemowlaka.pl\/sklep\/produkt\/ubranka-niemowlece\/dres-dla-niemowlaka\/dres-dla-niemowlaka-dziewczynki-kwiaty\/\" target=\"_blank\" rel=\"noopener\"><strong>Dres dla niemowlaka dziewczynki<\/strong><\/a> &#8211; ciep\u0142a bluza niemowl\u0119ca i spodnie dresowe niemowl\u0119ce w kwiatki to wygodny i stylowy str\u00f3j dzieci\u0119cy dost\u0119pny na <a href=\"https:\/\/mama-niemowlaka.pl\/sklep\/\" target=\"_blank\" rel=\"noopener\"><strong>mama-niemowlaka.pl<\/strong><\/a>. W sk\u0142ad zestawu wchodz\u0105 bluza i spodnie. Bluza niemowl\u0119ca z d\u0142ugim r\u0119kawem zak\u0142adana przez g\u0142ow\u0119 ozdobiona jest pastelowymi kwiatami. Bluza wyst\u0119puje w kolorze fioletowym. Spodnie wykonane s\u0105 z ocieplanej bawe\u0142ny, dzi\u0119ki czemu zapewni\u0105 Twojemu dziecku najwy\u017cszy komfort. Spodnie posiadaj\u0105 bezuciskow\u0105 gumk\u0119 w pasie. <a href=\"https:\/\/mama-niemowlaka.pl\/sklep\/c\/ubranka-niemowlece\/dres-dla-niemowlaka\/\" target=\"_blank\" rel=\"noopener\"><strong>Dresik dla niemowl\u0105t<\/strong><\/a> wykonany jest w 70% z bawe\u0142ny, kt\u00f3ra zapewnia mi\u0119kko\u015b\u0107 i komfort delikatnej sk\u00f3rze Twojego dziecka.<\/p>\n<p data-pm-slice=\"1 1 []\">Je\u015bli chcesz ubra\u0107 swoj\u0105 c\u00f3rk\u0119 w urocze i wygodne <a href=\"https:\/\/mama-niemowlaka.pl\/sklep\/\" target=\"_blank\" rel=\"noopener\"><strong>ubrania dla niemowl\u0105t<\/strong><\/a>, to nasz <a href=\"https:\/\/mama-niemowlaka.pl\/sklep\/t\/dresik-dla-dziewczynki\/\" target=\"_blank\" rel=\"noopener\"><strong>dresik dla dziewczynki<\/strong><\/a> jest idealny dla niej. Dost\u0119pny w sklepie <a href=\"https:\/\/mama-niemowlaka.pl\/sklep\/\" target=\"_blank\" rel=\"noopener\"><strong>mama-niemowlaka.pl<\/strong><\/a>, zapewnia on wysok\u0105 jako\u015b\u0107 wykonania i modny wygl\u0105d. Nie czekaj d\u0142u\u017cej &#8211; odwied\u017a nasz\u0105 stron\u0119 internetow\u0105 i zam\u00f3w ten uroczy <a href=\"https:\/\/mama-niemowlaka.pl\/sklep\/produkt\/ubranka-niemowlece\/dres-dla-niemowlaka\/dres-dla-niemowlaka-dziewczynki-kwiaty\/\" target=\"_blank\" rel=\"noopener\"><strong>dres dla niemowlaka dziewczynki<\/strong><\/a> dla swojej ma\u0142ej dziewczynki ju\u017c dzi\u015b!<\/p>\n<h2 data-pm-slice=\"1 1 []\"><strong>Gdzie kupi\u0107 ubrania dla niemowl\u0105t? Dresy dla niemowl\u0105t w sklepie mama-niemowlaka.pl<\/strong><\/h2>\n<p data-pm-slice=\"1 1 []\">Doskonale wiemy, \u017ce Twoje dziecko potrzebuje wygodnych ubra\u0144 na ka\u017cd\u0105 okazj\u0119. Odwied\u017a nasz sklep internetowy <a href=\"https:\/\/mama-niemowlaka.pl\/sklep\/\" target=\"_blank\" rel=\"noopener\"><strong>www.mama-niemowlaka.pl<\/strong><\/a>, gdzie znajdziesz szeroki wyb\u00f3r najwy\u017cszej jako\u015bci <a href=\"https:\/\/mama-niemowlaka.pl\/sklep\/ubranka-niemowlece\/\" target=\"_blank\" rel=\"noopener\"><strong>ubranek niemowl\u0119cych<\/strong><\/a>. Na szczeg\u00f3ln\u0105 uwag\u0119 zas\u0142uguj\u0105 <a href=\"https:\/\/mama-niemowlaka.pl\/sklep\/c\/ubranka-niemowlece\/dres-dla-niemowlaka\/\" target=\"_blank\" rel=\"noopener\"><strong>dresy dla niemowl\u0105t<\/strong><\/a>, gotowe zestawy, dzi\u0119ki czemu nie musisz wybiera\u0107 wielu <a href=\"https:\/\/mama-niemowlaka.pl\/sklep\/\" target=\"_blank\" rel=\"noopener\"><strong>ubranek dla niemowlaka<\/strong><\/a>. Bawe\u0142niane dresy dla dziewczynki to jedne z najpopularniejszych <a href=\"https:\/\/mama-niemowlaka.pl\/sklep\/ubranka-niemowlece\/\" target=\"_blank\" rel=\"noopener\"><strong>ubranek niemowl\u0119cych<\/strong><\/a>. Wszystkie dresiki dla dziewczynki w naszym sklepie znajdziesz w kategorii <a href=\"https:\/\/mama-niemowlaka.pl\/sklep\/t\/dresik-dla-dziewczynki\/\" target=\"_blank\" rel=\"noopener\"><strong>dresik dla dziewczynki<\/strong><\/a>. Gwarantujemy wysy\u0142k\u0119 zam\u00f3wienia w ci\u0105gu 48 godzin oraz darmow\u0105 wymian\u0119 towaru lub mo\u017cliwo\u015b\u0107 zwrotu w ci\u0105gu 14 dni. Co wi\u0119cej, je\u015bli zam\u00f3wisz za minimum 249 PLN, dostawa b\u0119dzie ca\u0142kowicie darmowa.<\/p>\n","protected":false},"excerpt":{"rendered":"<p data-pm-slice=\"1 1 []\">Uroczy dresik dziewcz\u0119cy dost\u0119pny w sklepie <a href=\"https:\/\/mama-niemowlaka.pl\/sklep\/\" target=\"_blank\" rel=\"noopener\"><strong>mama-niemowlaka.pl<\/strong><\/a> to idealna propozycja dla ma\u0142ych dziewczynek. <a href=\"https:\/\/mama-niemowlaka.pl\/sklep\/t\/dresik-dla-dziewczynki\/\" target=\"_blank\" rel=\"noopener\"><strong>Dres dla dziewczynki<\/strong><\/a> sk\u0142ada si\u0119 z fioletowej ocieplanej bluzy niemowl\u0119cej z d\u0142ugim r\u0119kawem\u00a0 oraz ciep\u0142ych spodni dresowych niemowl\u0119cych ozdobionych uroczymi pastelowymi kwiatkami. Bluza, kt\u00f3ra zak\u0142adana jest przez g\u0142ow\u0119, zosta\u0142a wykonana z przepi\u0119knej dzianiny w kolorze fioletowym. Natomiast wygodne spodnie uszyte s\u0105 z mi\u0119kkiej bawe\u0142nianej tkaniny. Nasz uroczy dresik dla dziewczynki zapewni Twojej c\u00f3rce komfort i styl oraz modny wygl\u0105d. Nie czekaj d\u0142u\u017cej &#8211; sprawd\u017a nasz\u0105 ofert\u0119 na <a href=\"https:\/\/mama-niemowlaka.pl\/sklep\/\" target=\"_blank\" rel=\"noopener\"><strong>mama-niemowlaka.pl<\/strong><\/a>!<\/p>\n<p><a href=\"https:\/\/mama-niemowlaka.pl\/sklep\/produkt\/ubranka-niemowlece\/dres-dla-niemowlaka\/dres-dla-niemowlaka-dziewczynki-kwiaty\/\" target=\"_blank\" rel=\"noopener\"><strong>Dres dla niemowlaka dziewczynki<\/strong><\/a> dost\u0119pny jest w czerech rozmiarach: 74, 80, 86 i 92.<\/p>\n<p>Sk\u0142ad: 70% bawe\u0142na, 30% poliester<\/p>\n<p>Kraj produkcji: Turcja<\/p>\n","protected":false},"featured_media":20064,"template":"","meta":[],"product_brand":[],"product_cat":[136,122,57],"product_tag":[606,152,237,351,180],"class_list":{"0":"post-13185","1":"product","2":"type-product","3":"status-publish","4":"has-post-thumbnail","6":"product_cat-dres-dla-niemowlaka","7":"product_cat-komplet-niemowlecy","8":"product_cat-ubranka-niemowlece","9":"product_tag-cieply","10":"product_tag-ubranka-dla-niemowlat-dziewczynek","11":"product_tag-dresik-dla-dziewczynki","12":"product_tag-komplety-niemowlece-dla-dziewczynki","13":"product_tag-nowosc","14":"product_shipping_class-lekka","15":"pa_rozmiar-314","16":"pa_rozmiar-315","17":"pa_rozmiar-316","18":"pa_rozmiar-317","20":"first","21":"instock","22":"taxable","23":"shipping-taxable","24":"purchasable","25":"product-type-variable","26":"has-default-attributes","27":"wvs-archive-product-wrapper"},"_links":{"self":[{"href":"https:\/\/mama-niemowlaka.pl\/sklep\/wp-json\/wp\/v2\/product\/13185","targetHints":{"allow":["GET"]}}],"collection":[{"href":"https:\/\/mama-niemowlaka.pl\/sklep\/wp-json\/wp\/v2\/product"}],"about":[{"href":"https:\/\/mama-niemowlaka.pl\/sklep\/wp-json\/wp\/v2\/types\/product"}],"wp:featuredmedia":[{"embeddable":true,"href":"https:\/\/mama-niemowlaka.pl\/sklep\/wp-json\/wp\/v2\/media\/20064"}],"wp:attachment":[{"href":"https:\/\/mama-niemowlaka.pl\/sklep\/wp-json\/wp\/v2\/media?parent=13185"}],"wp:term":[{"taxonomy":"product_brand","embeddable":true,"href":"https:\/\/mama-niemowlaka.pl\/sklep\/wp-json\/wp\/v2\/product_brand?post=13185"},{"taxonomy":"product_cat","embeddable":true,"href":"https:\/\/mama-niemowlaka.pl\/sklep\/wp-json\/wp\/v2\/product_cat?post=13185"},{"taxonomy":"product_tag","embeddable":true,"href":"https:\/\/mama-niemowlaka.pl\/sklep\/wp-json\/wp\/v2\/product_tag?post=13185"}],"curies":[{"name":"wp","href":"https:\/\/api.w.org\/{rel}","templated":true}]}}