{"id":13201,"date":"2025-05-10T21:48:14","date_gmt":"2025-05-10T19:48:14","guid":{"rendered":"https:\/\/mama-niemowlaka.pl\/sklep\/?post_type=product&#038;p=13201"},"modified":"2026-02-18T20:17:53","modified_gmt":"2026-02-18T19:17:53","slug":"bezowy-dres-dla-dziewczynki-w-pieski","status":"publish","type":"product","link":"https:\/\/mama-niemowlaka.pl\/sklep\/produkt\/ubranka-niemowlece\/komplet-niemowlecy\/bezowy-dres-dla-dziewczynki-w-pieski\/","title":{"rendered":"Be\u017cowy dres dla dziewczynki w pieski"},"content":{"rendered":"<h2 data-pm-slice=\"1 1 []\">Be\u017cowy dres dla dziewczynki w pieski &#8211; wygodny<\/h2>\n<p>Dziecko potrzebuje wygodnych ubranek niemowl\u0119cych. Komplety dresowe dla niemowl\u0105t to niezb\u0119dne elementy niemowl\u0119cej garderoby. Ten be\u017cowy dres dla dziewczynki jest wygodny i praktyczny w u\u017cytkowaniu. Bawe\u0142na waflowa jest ostatnio bardzo modna i popularna w\u015br\u00f3d mam. Nasze komplety dla niemowl\u0105t s\u0105 wykonane nie tylko z mi\u0119kkiej bawe\u0142ny, ale tak\u017ce sa bardzo praktyczne w u\u017cytkowaniu. Komplet niemowl\u0119cy jest \u0142atwy w praniu i zachowuje swoje w\u0142a\u015bciwo\u015bci nawet po wielokrotnym praniu.<\/p>\n<p>Ten zestaw ubranek to idealny prezent dla maluszka.<\/p>\n<h2>Komplety niemowl\u0119ce dla dziewczynek i ch\u0142opc\u00f3w w sklepie <a href=\"http:\/\/www.mama-niemowlaka.pl\">www.mama-niemowlaka.pl<\/a> \u2013 dresy niemowl\u0119ce<\/h2>\n<p>Doskonale wiemy, \u017ce Twoje dziecko potrzebuje wygodnych ubra\u0144 na ka\u017cd\u0105 okazj\u0119. Odwied\u017a nasz sklep internetowy <a href=\"http:\/\/www.mama-niemowlaka.pl\"><strong>www.mama-niemowlaka.pl<\/strong><\/a>, gdzie znajdziesz szeroki wyb\u00f3r najwy\u017cszej jako\u015bci ubranek niemowl\u0119cych. Na szczeg\u00f3ln\u0105 uwag\u0119 zas\u0142uguj\u0105 komplety dresowe dla niemowl\u0105t, gotowe zestawy, dzi\u0119ki czemu nie musisz wybiera\u0107 wielu ubranek dla niemowlaka. Zestawy dresowe to jedne z najpopularniejszych ubranek niemowl\u0119cych. Gwarantujemy wysy\u0142k\u0119 zam\u00f3wienia w ci\u0105gu 48 godzin oraz darmow\u0105 wymian\u0119 towaru lub mo\u017cliwo\u015b\u0107 zwrotu w ci\u0105gu 14 dni. Co wi\u0119cej, je\u015bli zam\u00f3wisz za minimum 249 PLN, dostawa b\u0119dzie ca\u0142kowicie darmowa.<\/p>\n<h2>Komplety ubranek dla niemowl\u0105t \u2013 szeroki wyb\u00f3r ubranek<\/h2>\n<p>Dbamy o wygod\u0119 i bezpiecze\u0144stwo Twojego dziecka, dlatego nasze produkty s\u0105 starannie wyselekcjonowane. Nie tra\u0107 wi\u0119cej czasu na przeszukiwanie innych sklep\u00f3w \u2013 <a href=\"http:\/\/www.mama-niemowlaka.pl\"><strong>www.mama-niemowlaka.pl<\/strong><\/a> ma wszystko, czego potrzebujesz!<\/p>\n<p>Skorzystaj teraz z naszych us\u0142ug i sprawd\u017a nasz\u0105 ofert\u0119 ubranek dla niemowlaka ju\u017c dzi\u015b! Wybierz wygodne ubranka dla niemowlaka. Pozosta\u0142e komplety i dresy dla niemowl\u0105t w sklepie <a href=\"http:\/\/www.mama-niemowlaka.pl\"><strong>www.mama-niemowlaka.pl<\/strong><\/a> znajdziesz w kategorii <a href=\"https:\/\/mama-niemowlaka.pl\/sklep\/c\/ubranka\/dresy-niemowlece\/\" target=\"_blank\" rel=\"noopener\"><strong>dresy dla niemowl\u0105t<\/strong><\/a>.<\/p>\n","protected":false},"excerpt":{"rendered":"<p>Be\u017cowy dres dla dziewczynki w pieski to niezwykle wygodne i praktyczne ubranko dla niemowlaka. Dres zosta\u0142 uszyty z mi\u0119kkiej bawe\u0142ny dzi\u0119ki czemu jest bezpieczny i delikatny dla sk\u00f3ry dziecka. W sk\u0142ad zestawu wchodz\u0105 bluza z d\u0142ugim r\u0119kawem oraz be\u017cowe spodnie z bawe\u0142ny w wafel z szerok\u0105, bezuciskow\u0105 gum\u0105 w pasie. Nie zwlekaj i wybierz ten wygodny dres dla ma\u0142ej dziewczynki.<\/p>\n<p>Be\u017cowy dres dla dziewczynki wyst\u0119puje w pi\u0119ciu rozmiarach: 68, 74 i 80<\/p>\n<p>Sk\u0142ad: 100% bawe\u0142na<\/p>\n","protected":false},"featured_media":13138,"template":"","meta":[],"product_brand":[],"product_cat":[122,57],"product_tag":[118,152,237,351,180,604],"class_list":{"0":"post-13201","1":"product","2":"type-product","3":"status-publish","4":"has-post-thumbnail","6":"product_cat-komplet-niemowlecy","7":"product_cat-ubranka-niemowlece","8":"product_tag-bawelna","9":"product_tag-ubranka-dla-niemowlat-dziewczynek","10":"product_tag-dresik-dla-dziewczynki","11":"product_tag-komplety-niemowlece-dla-dziewczynki","12":"product_tag-nowosc","13":"product_tag-wafel","14":"product_shipping_class-lekka","15":"pa_rozmiar-313","16":"pa_rozmiar-314","17":"pa_rozmiar-315","19":"first","20":"instock","21":"taxable","22":"shipping-taxable","23":"purchasable","24":"product-type-variable","25":"has-default-attributes","26":"wvs-archive-product-wrapper"},"_links":{"self":[{"href":"https:\/\/mama-niemowlaka.pl\/sklep\/wp-json\/wp\/v2\/product\/13201","targetHints":{"allow":["GET"]}}],"collection":[{"href":"https:\/\/mama-niemowlaka.pl\/sklep\/wp-json\/wp\/v2\/product"}],"about":[{"href":"https:\/\/mama-niemowlaka.pl\/sklep\/wp-json\/wp\/v2\/types\/product"}],"wp:featuredmedia":[{"embeddable":true,"href":"https:\/\/mama-niemowlaka.pl\/sklep\/wp-json\/wp\/v2\/media\/13138"}],"wp:attachment":[{"href":"https:\/\/mama-niemowlaka.pl\/sklep\/wp-json\/wp\/v2\/media?parent=13201"}],"wp:term":[{"taxonomy":"product_brand","embeddable":true,"href":"https:\/\/mama-niemowlaka.pl\/sklep\/wp-json\/wp\/v2\/product_brand?post=13201"},{"taxonomy":"product_cat","embeddable":true,"href":"https:\/\/mama-niemowlaka.pl\/sklep\/wp-json\/wp\/v2\/product_cat?post=13201"},{"taxonomy":"product_tag","embeddable":true,"href":"https:\/\/mama-niemowlaka.pl\/sklep\/wp-json\/wp\/v2\/product_tag?post=13201"}],"curies":[{"name":"wp","href":"https:\/\/api.w.org\/{rel}","templated":true}]}}