{"id":13449,"date":"2024-04-06T21:40:14","date_gmt":"2024-04-06T19:40:14","guid":{"rendered":"https:\/\/mama-niemowlaka.pl\/sklep\/?post_type=product&#038;p=13449"},"modified":"2025-09-13T12:05:54","modified_gmt":"2025-09-13T10:05:54","slug":"pajacyk-welurowy-z-czapeczka","status":"publish","type":"product","link":"https:\/\/mama-niemowlaka.pl\/sklep\/produkt\/ubranka-niemowlece\/pajacyki-dla-niemowlat\/pajacyk-welurowy-z-czapeczka\/","title":{"rendered":"Pajacyk niemowl\u0119cy w paski z czapeczk\u0105"},"content":{"rendered":"<h2 data-pm-slice=\"1 1 []\"><strong>Ciep\u0142y pajacyk welurowy mi\u015b z czapeczk\u0105<\/strong><\/h2>\n<p data-pm-slice=\"1 1 []\"><a href=\"https:\/\/mama-niemowlaka.pl\/sklep\/produkt\/ubranka-niemowlece\/pajacyki-dla-niemowlat\/pajacyk-welurowy-z-czapeczka\/\" target=\"_blank\" rel=\"noopener\"><strong>Pajac welurowy niemowl\u0119cy<\/strong><\/a> idealnie sprawdza si\u0119 w pierwszych miesi\u0105cach \u017cycia dziecka. <a href=\"https:\/\/mama-niemowlaka.pl\/sklep\/produkt\/ubranka-niemowlece\/pajacyki-dla-niemowlat\/pajacyk-welurowy-z-czapeczka\/\" target=\"_blank\" rel=\"noopener\"><strong>Pajacyk welurowy<\/strong><\/a> cz\u0119sto wykorzystywany jako ubranko wyj\u015bciowe podczas ch\u0142odniejszych dni lub jako pi\u017camka dla niemowlaka. <a href=\"https:\/\/mama-niemowlaka.pl\/sklep\/ubranka-niemowlece\/\" target=\"_blank\" rel=\"noopener\"><strong>Ubranie niemowl\u0119ce<\/strong><\/a> zosta\u0142o uszyte z delikatnego, bawe\u0142nianego weluru dzi\u0119ki czemu zapewnia bezpiecze\u0144stwo sk\u00f3ry dziecka.<\/p>\n<p data-pm-slice=\"1 1 []\">Bawe\u0142niany <a href=\"https:\/\/mama-niemowlaka.pl\/sklep\/produkt\/ubranka-niemowlece\/pajacyki-dla-niemowlat\/pajacyk-welurowy-z-czapeczka\/\" target=\"_blank\" rel=\"noopener\"><strong>pajacyk welurowy<\/strong><\/a> posiada pe\u0142ne st\u00f3pki, kt\u00f3re zapewni\u0105 ciep\u0142o i zast\u0105pi\u0105 skarpetki. Zapi\u0119cie kopertowe na bezniklowe napki zapewnia \u0142atwe ubieranie oraz zmian\u0119 pieluchy. Dodatkowo dzi\u0119ki umieszczeniu nap na boku, mo\u017cemy bezpiecznie po\u0142o\u017cy\u0107 dziecko w pozycji na brzuchu.<\/p>\n<p data-pm-slice=\"1 1 []\">Cieplutki pajacyk doskonale si\u0119 sprawdzi podczas spacer\u00f3w lub jako pajacyk pi\u017camka do spania.<\/p>\n<h2 data-pm-slice=\"1 1 []\"><strong>Praktyczne pajacyki niemowl\u0119ce w sklepie <\/strong><a href=\"http:\/\/mama-niemowlaka.pl\"><strong>mama-niemowlaka.pl<\/strong><\/a><\/h2>\n<p data-pm-slice=\"1 1 []\">Odwied\u017a nasz sklep internetowy <a href=\"https:\/\/mama-niemowlaka.pl\/sklep\/\" target=\"_blank\" rel=\"noopener\"><strong>www.mama-niemowlaka.pl<\/strong><\/a>, gdzie znajdziesz r\u00f3\u017cne rodzaje pajacyk\u00f3w niemowl\u0119cych oraz szeroki asortyment <a href=\"https:\/\/mama-niemowlaka.pl\/sklep\/ubranka-niemowlece\/\" target=\"_blank\" rel=\"noopener\"><strong>ubranek niemowl\u0119cych<\/strong><\/a> najwy\u017cszej jako\u015bci. Znajdziesz tu \u015bliczne <a href=\"https:\/\/mama-niemowlaka.pl\/sklep\/c\/ubranka-niemowlece\/pajacyki-dla-niemowlat\/\" target=\"_blank\" rel=\"noopener\"><strong>pajacyki niemowl\u0119ce<\/strong><\/a> zar\u00f3wno pajacyki dla ch\u0142opc\u00f3w jak i pajacyki dla dziewczynek. Sprawd\u017a r\u00f3\u017cne rodzaje pajacyk\u00f3w niemowl\u0119cych dost\u0119pne w naszym sklepie i wybierz idealny pajac niemowl\u0119cy dla swojego Malucha. W naszym sklepie kupisz <a href=\"https:\/\/mama-niemowlaka.pl\/sklep\/t\/pajacyk-do-spania\/\" target=\"_blank\" rel=\"noopener\"><strong>pajace niemowl\u0119ce do spania<\/strong><\/a>, <a href=\"https:\/\/mama-niemowlaka.pl\/sklep\/t\/pajacyki-na-zamek\/\" target=\"_blank\" rel=\"noopener\"><strong>pajacyki niemowl\u0119ce na suwak<\/strong><\/a>, pajacyki bez st\u00f3pek czy te\u017c pajace dla noworodka.<\/p>\n<p data-pm-slice=\"1 1 []\">Sprawd\u017a pozosta\u0142e <a href=\"https:\/\/mama-niemowlaka.pl\/sklep\/c\/ubranka-niemowlece\/pajacyki-dla-niemowlat\/\" target=\"_blank\" rel=\"noopener\"><strong>pajacyki niemowl\u0119ce<\/strong><\/a> i kup wygodny <a href=\"https:\/\/mama-niemowlaka.pl\/sklep\/c\/ubranka-niemowlece\/pajacyki-dla-niemowlat\/\" target=\"_blank\" rel=\"noopener\"><strong>pajac niemowl\u0119cy<\/strong><\/a> do swojej wyprawki dla noworodka. <a href=\"https:\/\/mama-niemowlaka.pl\/sklep\/t\/pajacyki-dla-noworodka\/\" target=\"_blank\" rel=\"noopener\"><strong>Pajacyki dla noworodk\u00f3w<\/strong><\/a> i niemowl\u0105t znajdziesz tutaj -&gt; <a href=\"https:\/\/mama-niemowlaka.pl\/sklep\/c\/ubranka-niemowlece\/pajacyki-dla-niemowlat\/\" target=\"_blank\" rel=\"noopener\"><strong>pajacyki dla niemowlaka<\/strong><\/a>.<\/p>\n","protected":false},"excerpt":{"rendered":"<p data-pm-slice=\"1 1 []\">Pajac welurowy niemowl\u0119cy uszyty z mi\u0119kkiego i przyjemnego w dotyku bawe\u0142nianego weluru. Z przodu pajacyka znajduje si\u0119 naszywka przedstawiaj\u0105ca uroczego misia. Kr\u00f3j umo\u017cliwia ca\u0142kowite rozpi\u0119cie, przez co ubranko jest funkcjonalne i wygodne. Bia\u0142y pajac niemowl\u0119cy w delikatne paski sprzedawany jest w komplecie z czapeczk\u0105.<\/p>\n<p><a href=\"https:\/\/mama-niemowlaka.pl\/sklep\/produkt\/ubranka-niemowlece\/pajacyki-dla-niemowlat\/pajacyk-welurowy-z-czapeczka\/\" target=\"_blank\" rel=\"noopener\"><strong>Pajacyk welurowy<\/strong><\/a> z czapeczk\u0105 wyst\u0119puje w czterech rozmiarach: 62, 68, 74 i 80.<\/p>\n<p>Sk\u0142ad: 80% bawe\u0142na, 20% poliester.<\/p>\n","protected":false},"featured_media":13457,"template":"","meta":[],"product_brand":[],"product_cat":[59,57],"product_tag":[118,145,220,270,272,273,268,269],"class_list":{"0":"post-13449","1":"product","2":"type-product","3":"status-publish","4":"has-post-thumbnail","6":"product_cat-pajacyki-dla-niemowlat","7":"product_cat-ubranka-niemowlece","8":"product_tag-bawelna","9":"product_tag-ubranka-dla-niemowlat-chlopca","10":"product_tag-ubranka-dla-noworodkow","11":"product_tag-pajacyk-do-spania","12":"product_tag-pajacyk-niemowlecy-62","13":"product_tag-pajacyki-68","14":"product_tag-pajacyki-dla-noworodka","15":"product_tag-pajacyki-niemowlece-dla-chlopca","16":"product_shipping_class-lekka","17":"pa_rozmiar-312","18":"pa_rozmiar-313","19":"pa_rozmiar-314","20":"pa_rozmiar-315","22":"first","23":"instock","24":"taxable","25":"shipping-taxable","26":"purchasable","27":"product-type-variable","28":"has-default-attributes","29":"wvs-archive-product-wrapper"},"_links":{"self":[{"href":"https:\/\/mama-niemowlaka.pl\/sklep\/wp-json\/wp\/v2\/product\/13449","targetHints":{"allow":["GET"]}}],"collection":[{"href":"https:\/\/mama-niemowlaka.pl\/sklep\/wp-json\/wp\/v2\/product"}],"about":[{"href":"https:\/\/mama-niemowlaka.pl\/sklep\/wp-json\/wp\/v2\/types\/product"}],"wp:featuredmedia":[{"embeddable":true,"href":"https:\/\/mama-niemowlaka.pl\/sklep\/wp-json\/wp\/v2\/media\/13457"}],"wp:attachment":[{"href":"https:\/\/mama-niemowlaka.pl\/sklep\/wp-json\/wp\/v2\/media?parent=13449"}],"wp:term":[{"taxonomy":"product_brand","embeddable":true,"href":"https:\/\/mama-niemowlaka.pl\/sklep\/wp-json\/wp\/v2\/product_brand?post=13449"},{"taxonomy":"product_cat","embeddable":true,"href":"https:\/\/mama-niemowlaka.pl\/sklep\/wp-json\/wp\/v2\/product_cat?post=13449"},{"taxonomy":"product_tag","embeddable":true,"href":"https:\/\/mama-niemowlaka.pl\/sklep\/wp-json\/wp\/v2\/product_tag?post=13449"}],"curies":[{"name":"wp","href":"https:\/\/api.w.org\/{rel}","templated":true}]}}