{"id":13809,"date":"2024-04-05T21:28:55","date_gmt":"2024-04-05T19:28:55","guid":{"rendered":"https:\/\/mama-niemowlaka.pl\/sklep\/?post_type=product&#038;p=13809"},"modified":"2025-05-13T01:03:47","modified_gmt":"2025-05-12T23:03:47","slug":"pajacyk-kopertowy-wafel-z-czapeczka-brudny-roz","status":"publish","type":"product","link":"https:\/\/mama-niemowlaka.pl\/sklep\/produkt\/ubranka-niemowlece\/pajacyki-dla-niemowlat\/pajacyk-kopertowy-wafel-z-czapeczka-brudny-roz\/","title":{"rendered":"Pajacyk niemowl\u0119cy wafel z czapeczk\u0105 &#8211; brudny r\u00f3\u017c"},"content":{"rendered":"<h2 data-pm-slice=\"1 1 []\"><strong>Pajacyk niemowl\u0119cy zapinany na guziki z czapeczk\u0105<\/strong><\/h2>\n<p data-pm-slice=\"1 1 []\">Uroczy <a href=\"https:\/\/mama-niemowlaka.pl\/sklep\/produkt\/ubranka-niemowlece\/pajacyki-dla-niemowlat\/pajacyk-kopertowy-wafel-z-czapeczka-brudny-roz\/\" target=\"_blank\" rel=\"noopener\"><strong>pajacyk kopertowy<\/strong><\/a> uszyty z mi\u0119kkiej bawe\u0142ny w kolorze brudnego r\u00f3\u017cu, kt\u00f3ra jest idealna dla sk\u00f3ry niemowl\u0105t. Bawe\u0142niany pajacyk niemowl\u0119cy posiada pe\u0142ne st\u00f3pki, kt\u00f3re zapewni\u0105 ciep\u0142o i zast\u0105pi\u0105 skarpetki. Zapi\u0119cie kopertowe na guziczki zapewnia \u0142atwe ubieranie oraz zmian\u0119 pieluchy. Dodatkowo dzi\u0119ki umieszczeniu guziczk\u00f3w i wi\u0105zania na boku, mo\u017cemy bezpiecznie po\u0142o\u017cy\u0107 dziecko w pozycji na brzuchu. \u0141atwy w ubieraniu pajacyk z zapi\u0119ciem kopertowym sprzedawany jest w komplecie z urocz\u0105 czapeczk\u0105, wi\u0105zan\u0105 pod szyj\u0105.<\/p>\n<p data-pm-slice=\"1 1 []\">Nasz <a href=\"https:\/\/mama-niemowlaka.pl\/sklep\/produkt\/ubranka-niemowlece\/pajacyki-dla-niemowlat\/pajacyk-kopertowy-wafel-z-czapeczka-brudny-roz\/\" target=\"_blank\" rel=\"noopener\"><strong>pajacyk kopertowy<\/strong><\/a> to doskona\u0142y <a href=\"https:\/\/mama-niemowlaka.pl\/sklep\/t\/pajacyki-dla-noworodka\/\" target=\"_blank\" rel=\"noopener\"><strong>pajacyk niemowl\u0119cy dla noworodka<\/strong><\/a> do wyprawki lub jako prezent. Nie czekaj d\u0142u\u017cej i kup bezpieczne <a href=\"https:\/\/mama-niemowlaka.pl\/sklep\/ubranka-niemowlece\/\" target=\"_blank\" rel=\"noopener\"><strong>ubranko niemowl\u0119ce<\/strong><\/a> dla Twojego dziecka, kt\u00f3re sprawi mu rado\u015b\u0107 i wygod\u0119. Nasz <a href=\"https:\/\/mama-niemowlaka.pl\/sklep\/c\/ubranka-niemowlece\/pajacyki-dla-niemowlat\/\" target=\"_blank\" rel=\"noopener\"><strong>pajacyk niemowl\u0119cy z delikatnej bawe\u0142ny <\/strong><\/a>to idealny wyb\u00f3r dla ka\u017cdej mamy, kt\u00f3ra szuka praktycznego i wygodnego ubranka dla swojego dziecka.<\/p>\n<h2 data-pm-slice=\"1 1 []\"><strong>Wygodne pajace dla niemowl\u0105t w sklepie <\/strong><a href=\"http:\/\/mama-niemowlaka.pl\"><strong>mama-niemowlaka.pl<\/strong><\/a><\/h2>\n<p data-pm-slice=\"1 1 []\">Odwied\u017a nasz sklep internetowy <a href=\"https:\/\/mama-niemowlaka.pl\/sklep\/\" target=\"_blank\" rel=\"noopener\"><strong>www.mama-niemowlaka.pl<\/strong><\/a>, gdzie znajdziesz r\u00f3\u017cne rodzaje pajacyk\u00f3w niemowl\u0119cych oraz <a href=\"https:\/\/mama-niemowlaka.pl\/sklep\/ubranka-niemowlece\/\" target=\"_blank\" rel=\"noopener\"><strong>ubranka dla niemowl\u0105t<\/strong><\/a> najwy\u017cszej jako\u015bci. Znajdziesz tu \u015bliczne <a href=\"https:\/\/mama-niemowlaka.pl\/sklep\/c\/ubranka-niemowlece\/pajacyki-dla-niemowlat\/\" target=\"_blank\" rel=\"noopener\"><strong>pajacyki niemowl\u0119ce<\/strong><\/a> zar\u00f3wno pajacyki dla ch\u0142opc\u00f3w jak i pajacyki dla dziewczynek. Sprawd\u017a r\u00f3\u017cne rodzaje pajacyk\u00f3w niemowl\u0119cych dost\u0119pne w naszym sklepie i wybierz idealny pajac niemowl\u0119cy dla swojego Malucha. W naszym sklepie kupisz <a href=\"https:\/\/mama-niemowlaka.pl\/sklep\/t\/pajacyk-do-spania\/\" target=\"_blank\" rel=\"noopener\"><strong>pajace niemowl\u0119ce do spania<\/strong><\/a>, <a href=\"https:\/\/mama-niemowlaka.pl\/sklep\/t\/pajacyki-na-zamek\/\" target=\"_blank\" rel=\"noopener\"><strong>pajacyki niemowl\u0119ce na suwak<\/strong><\/a>, pajacyki bez st\u00f3pek czy te\u017c pajace dla noworodka.<\/p>\n<p data-pm-slice=\"1 1 []\">Sprawd\u017a pozosta\u0142e <a href=\"https:\/\/mama-niemowlaka.pl\/sklep\/c\/ubranka-niemowlece\/pajacyki-dla-niemowlat\/\" target=\"_blank\" rel=\"noopener\"><strong>pajacyki niemowl\u0119ce<\/strong><\/a> i kup wygodny <a href=\"https:\/\/mama-niemowlaka.pl\/sklep\/c\/ubranka-niemowlece\/pajacyki-dla-niemowlat\/\" target=\"_blank\" rel=\"noopener\"><strong>pajac niemowl\u0119cy<\/strong><\/a> do swojej wyprawki dla noworodka. <a href=\"https:\/\/mama-niemowlaka.pl\/sklep\/t\/pajacyki-dla-noworodka\/\" target=\"_blank\" rel=\"noopener\"><strong>Pajacyki dla noworodk\u00f3w<\/strong><\/a> i niemowl\u0105t znajdziesz tutaj -&gt; <a href=\"https:\/\/mama-niemowlaka.pl\/sklep\/c\/ubranka-niemowlece\/pajacyki-dla-niemowlat\/\" target=\"_blank\" rel=\"noopener\"><strong>pajacyki dla niemowlaka<\/strong><\/a>.<\/p>\n","protected":false},"excerpt":{"rendered":"<p data-pm-slice=\"1 1 []\">Uroczy pajacyk niemowl\u0119cy uszyty z bawe\u0142ny typu wafel w kolorze brudnego r\u00f3\u017cu. Ubranko niemowl\u0119ce zapinane na urocze guziczki oraz dodatkowo wi\u0105zane z boku. <a href=\"https:\/\/mama-niemowlaka.pl\/sklep\/c\/ubranka-niemowlece\/pajacyki-dla-niemowlat\/\" target=\"_blank\" rel=\"noopener\"><strong>Pajacyk niemowl\u0119cy<\/strong><\/a> bawe\u0142niany z zapi\u0119ciem kopertowym zapewnia swobodne ubieranie, przebieranie oraz zmian\u0119 pieluchy. To idealny <a href=\"https:\/\/mama-niemowlaka.pl\/sklep\/t\/pajacyki-dla-noworodka\/\" target=\"_blank\" rel=\"noopener\"><strong>pajacyk niemowl\u0119cy dla noworodka<\/strong><\/a>. Pajacyk w komplecie z czapeczk\u0105. Zadbaj o wygod\u0119 i komfort swojego malucha dzi\u0119ki naszym ubrankom niemowl\u0119cym.<\/p>\n<p><a href=\"https:\/\/mama-niemowlaka.pl\/sklep\/produkt\/ubranka-niemowlece\/pajacyki-dla-niemowlat\/pajacyk-kopertowy-wafel-z-czapeczka-brudny-roz\/\" target=\"_blank\" rel=\"noopener\"><strong>Pajacyk kopertowy <\/strong><\/a>w komplecie z czapeczk\u0105 dost\u0119pny jest w trzech rozmiarach: 62, 68 i 74.<\/p>\n<p>Sk\u0142ad: 100% bawe\u0142na<\/p>\n","protected":false},"featured_media":13814,"template":"","meta":[],"product_brand":[],"product_cat":[59,57],"product_tag":[118,152,220,270,272,273,275,274,268],"class_list":{"0":"post-13809","1":"product","2":"type-product","3":"status-publish","4":"has-post-thumbnail","6":"product_cat-pajacyki-dla-niemowlat","7":"product_cat-ubranka-niemowlece","8":"product_tag-bawelna","9":"product_tag-ubranka-dla-niemowlat-dziewczynek","10":"product_tag-ubranka-dla-noworodkow","11":"product_tag-pajacyk-do-spania","12":"product_tag-pajacyk-niemowlecy-62","13":"product_tag-pajacyki-68","14":"product_tag-pajacyki-74","15":"product_tag-pajacyki-dla-dziewczynek","16":"product_tag-pajacyki-dla-noworodka","17":"product_shipping_class-lekka","18":"pa_rozmiar-312","19":"pa_rozmiar-313","20":"pa_rozmiar-314","22":"first","23":"instock","24":"taxable","25":"shipping-taxable","26":"purchasable","27":"product-type-variable","28":"has-default-attributes","29":"wvs-archive-product-wrapper"},"_links":{"self":[{"href":"https:\/\/mama-niemowlaka.pl\/sklep\/wp-json\/wp\/v2\/product\/13809","targetHints":{"allow":["GET"]}}],"collection":[{"href":"https:\/\/mama-niemowlaka.pl\/sklep\/wp-json\/wp\/v2\/product"}],"about":[{"href":"https:\/\/mama-niemowlaka.pl\/sklep\/wp-json\/wp\/v2\/types\/product"}],"wp:featuredmedia":[{"embeddable":true,"href":"https:\/\/mama-niemowlaka.pl\/sklep\/wp-json\/wp\/v2\/media\/13814"}],"wp:attachment":[{"href":"https:\/\/mama-niemowlaka.pl\/sklep\/wp-json\/wp\/v2\/media?parent=13809"}],"wp:term":[{"taxonomy":"product_brand","embeddable":true,"href":"https:\/\/mama-niemowlaka.pl\/sklep\/wp-json\/wp\/v2\/product_brand?post=13809"},{"taxonomy":"product_cat","embeddable":true,"href":"https:\/\/mama-niemowlaka.pl\/sklep\/wp-json\/wp\/v2\/product_cat?post=13809"},{"taxonomy":"product_tag","embeddable":true,"href":"https:\/\/mama-niemowlaka.pl\/sklep\/wp-json\/wp\/v2\/product_tag?post=13809"}],"curies":[{"name":"wp","href":"https:\/\/api.w.org\/{rel}","templated":true}]}}