{"id":13837,"date":"2026-01-30T23:07:47","date_gmt":"2026-01-30T22:07:47","guid":{"rendered":"https:\/\/mama-niemowlaka.pl\/sklep\/?post_type=product&#038;p=13837"},"modified":"2026-04-22T20:50:12","modified_gmt":"2026-04-22T18:50:12","slug":"elegancki-bezowo-granatowy-komplet","status":"publish","type":"product","link":"https:\/\/mama-niemowlaka.pl\/sklep\/produkt\/ubranka-niemowlece\/komplet-niemowlecy\/elegancki-bezowo-granatowy-komplet\/","title":{"rendered":"Elegancki be\u017cowo-granatowy komplet dla ch\u0142opca"},"content":{"rendered":"<h2 data-pm-slice=\"1 1 []\"><strong>Eleganckie be\u017cowo-granatowy komplet dla ch\u0142opca<\/strong><\/h2>\n<p data-pm-slice=\"1 1 []\"><a href=\"https:\/\/mama-niemowlaka.pl\/sklep\/produkt\/ubranka-niemowlece\/komplet-niemowlecy\/elegancki-bezowo-granatowy-komplet\/\" target=\"_blank\" rel=\"noopener\"><strong>Elegancki be\u017cowo-granatowy komplet dla ch\u0142opca<\/strong><\/a> niemowlaka w kolorze be\u017cowo-granatowym to idealne rozwi\u0105zanie na specjalne okazje, takie jak Chrzest lub inne uroczysto\u015bci. Nasz komplet wizytowy dla ch\u0142opca sprawdzi si\u0119 r\u00f3wnie\u017c jako ubranko na roczek. W sk\u0142ad tego wyj\u0105tkowego zestawu dla ch\u0142opca wchodz\u0105 granatowe koszulobody z muszk\u0105, be\u017cowe spodnie oraz szelki. Be\u017cowe, <a href=\"https:\/\/mama-niemowlaka.pl\/sklep\/c\/ubranka-niemowlece\/spodnie-niemowlece\/\" target=\"_blank\" rel=\"noopener\"><strong>eleganckie spodnie dla ch\u0142opca<\/strong><\/a> sprawdz\u0105 si\u0119 w wielu sytuacjach. Spodnie w pasie posiadaj\u0105 gumk\u0119, dzi\u0119ki czemu dopasujesz je do maluszka.\u00a0 <a href=\"https:\/\/mama-niemowlaka.pl\/sklep\/t\/eleganckie-body\/\" target=\"_blank\" rel=\"noopener\"><strong>Eleganckie body<\/strong><\/a> dla ch\u0142opca to body koszulowe, kt\u00f3re imituj\u0105 koszul\u0119 to obowi\u0105zkowy element garderoby prawdziwego d\u017centelmena. <a href=\"https:\/\/mama-niemowlaka.pl\/sklep\/c\/ubranka-niemowlece\/szelki-i-mucha-dla-niemowlaka\/\" target=\"_blank\" rel=\"noopener\"><strong>Szelki i mucha dla niemowlaka<\/strong><\/a> dodaj\u0105 elegancji ca\u0142ej stylizacji.<\/p>\n<p data-pm-slice=\"1 1 []\"><a href=\"https:\/\/mama-niemowlaka.pl\/sklep\/produkt\/ubranka-niemowlece\/komplet-niemowlecy\/komplet-dla-chlopca-elegancki-szary\/\" target=\"_blank\" rel=\"noopener\"><strong>Komplet dla ch\u0142opca elegancki<\/strong><\/a> wykonany jest z najwy\u017cszej jako\u015bci materia\u0142\u00f3w zapewnia nie tylko wygod\u0119, ale r\u00f3wnie\u017c elegancj\u0119 i styl. Niezwyczajna kombinacja kolor\u00f3w nadaje temu zestawowi niepowtarzalnego charakteru, a dba\u0142o\u015b\u0107 o szczeg\u00f3\u0142y sprawia, \u017ce ka\u017cdy element prezentuje si\u0119 doskonale. Ten be\u017cowo-granatowy <a href=\"https:\/\/mama-niemowlaka.pl\/sklep\/c\/ubranka-niemowlece\/komplet-niemowlecy\/\" target=\"_blank\" rel=\"noopener\"><strong>komplet dla ch\u0142opca<\/strong><\/a> b\u0119dzie doskona\u0142ym dodatkiem do garderoby Twojego maluszka na wszelkie okazje wymagaj\u0105ce wyj\u0105tkowego stroju.<\/p>\n<h2 data-pm-slice=\"1 1 []\"><strong>Eleganckie ubranka dla ch\u0142opca w sklepie <\/strong><a href=\"https:\/\/mama-niemowlaka.pl\/sklep\/\" target=\"_blank\" rel=\"noopener\"><strong>mama-niemowlaka.pl<\/strong><\/a><\/h2>\n<p data-pm-slice=\"1 1 []\">Znajd\u017a idealny <a href=\"https:\/\/mama-niemowlaka.pl\/sklep\/c\/ubranka-niemowlece\/komplet-niemowlecy\/\" target=\"_blank\" rel=\"noopener\"><strong>eleganckie ubrania dla ch\u0142opca<\/strong><\/a> w sklepie <a href=\"https:\/\/mama-niemowlaka.pl\/sklep\/\" target=\"_blank\" rel=\"noopener\"><strong>mama-niemowlaka.pl<\/strong><\/a>. Oferujemy szeroki wyb\u00f3r <a href=\"https:\/\/mama-niemowlaka.pl\/sklep\/c\/ubranka-niemowlece\/eleganckie-ubranka-dla-chlopca\/\" target=\"_blank\" rel=\"noopener\"><strong>eleganckich ubranek dla ch\u0142opc\u00f3w<\/strong><\/a>, w tym wygodne <a href=\"https:\/\/mama-niemowlaka.pl\/sklep\/c\/ubranka-niemowlece\/komplet-niemowlecy\/\" target=\"_blank\" rel=\"noopener\"><strong>komplety niemowl\u0119ce<\/strong><\/a>, <a href=\"https:\/\/mama-niemowlaka.pl\/sklep\/t\/ubranka-do-chrztu\/\" target=\"_blank\" rel=\"noopener\"><strong>ubranka do Chrztu<\/strong><\/a> oraz <a href=\"https:\/\/mama-niemowlaka.pl\/sklep\/c\/ubranka-niemowlece\/szelki-i-mucha-dla-niemowlaka\/\" target=\"_blank\" rel=\"noopener\"><strong>szelki i muchy dla niemowlaka<\/strong><\/a>. Nasze <a href=\"https:\/\/mama-niemowlaka.pl\/sklep\/c\/ubranka-niemowlece\/komplet-niemowlecy\/\" target=\"_blank\" rel=\"noopener\"><strong>eleganckie komplety niemowl\u0119ce<\/strong><\/a> s\u0105 wykonane z wysokiej jako\u015bci materia\u0142\u00f3w, zapewniaj\u0105c wygod\u0119 i modny wygl\u0105d Twojemu maluchowi. Zapoznaj si\u0119 z nasz\u0105 kolekcj\u0105 ubranek na specjalne okazje dla ch\u0142opca i wybierz najlepszy <a href=\"https:\/\/mama-niemowlaka.pl\/sklep\/c\/ubranka-niemowlece\/komplet-niemowlecy\/\" target=\"_blank\" rel=\"noopener\"><strong>eleganckie komplety ch\u0142opi\u0119ce<\/strong><\/a> dla ma\u0142ych d\u017centelmen\u00f3w ju\u017c dzi\u015b! Pozosta\u0142e eleganckie komplety ch\u0142opi\u0119ce znajdziesz w kategorii <a href=\"https:\/\/mama-niemowlaka.pl\/sklep\/c\/ubranka-niemowlece\/eleganckie-ubranka-dla-chlopca\/\" target=\"_blank\" rel=\"noopener\"><strong>Eleganckie ubranka dla ch\u0142opca<\/strong><\/a>.<\/p>\n<p><strong>Tabela rozmiar\u00f3w:<\/strong><\/p>\n<table>\n<tbody>\n<tr>\n<td><b>Koszulobody<\/b><\/td>\n<td style=\"text-align: center\"><b>68<\/b><\/td>\n<td style=\"text-align: center\"><b>80<\/b><\/td>\n<td style=\"text-align: center\"><b>86<\/b><\/td>\n<td style=\"text-align: center\"><b>92<\/b><\/td>\n<\/tr>\n<tr>\n<td><span style=\"font-weight: 400\">D\u0142ugo\u015b\u0107 ca\u0142kowita (bez ko\u0142nierza)<\/span><\/td>\n<td><span style=\"font-weight: 400\">38 cm<\/span><\/td>\n<td><span style=\"font-weight: 400\">42 cm<\/span><\/td>\n<td><span style=\"font-weight: 400\">44 cm<\/span><\/td>\n<td><span style=\"font-weight: 400\">46 cm<\/span><\/td>\n<\/tr>\n<tr>\n<td><span style=\"font-weight: 400\">Obw\u00f3d pod pachami<\/span><\/td>\n<td><span style=\"font-weight: 400\">51 cm<\/span><\/td>\n<td><span style=\"font-weight: 400\">54 cm<\/span><\/td>\n<td><span style=\"font-weight: 400\">56 cm<\/span><\/td>\n<td><span style=\"font-weight: 400\">58 cm<\/span><\/td>\n<\/tr>\n<tr>\n<td><span style=\"font-weight: 400\">D\u0142ugo\u015b\u0107 r\u0119kawa<\/span><\/td>\n<td><span style=\"font-weight: 400\">24 cm<\/span><\/td>\n<td><span style=\"font-weight: 400\">26 cm<\/span><\/td>\n<td><span style=\"font-weight: 400\">28 cm<\/span><\/td>\n<td><span style=\"font-weight: 400\">29 cm<\/span><\/td>\n<\/tr>\n<tr>\n<td><b>Spodnie<\/b><\/td>\n<td style=\"text-align: center\"><b>68<\/b><\/td>\n<td style=\"text-align: center\"><b>80<\/b><\/td>\n<td style=\"text-align: center\"><b>86<\/b><\/td>\n<td style=\"text-align: center\"><b>92<\/b><\/td>\n<\/tr>\n<tr>\n<td><span style=\"font-weight: 400\">Obw\u00f3d w pasie<\/span><\/td>\n<td><span style=\"font-weight: 400\">48 cm<\/span><\/td>\n<td><span style=\"font-weight: 400\">52 cm<\/span><\/td>\n<td><span style=\"font-weight: 400\">54 cm<\/span><\/td>\n<td><span style=\"font-weight: 400\">56 cm<\/span><\/td>\n<\/tr>\n<tr>\n<td><span style=\"font-weight: 400\">D\u0142ugo\u015b\u0107\u00a0<\/span><\/td>\n<td><span style=\"font-weight: 400\">38 cm<\/span><\/td>\n<td><span style=\"font-weight: 400\">42 cm<\/span><\/td>\n<td><span style=\"font-weight: 400\">45 cm<\/span><\/td>\n<td><span style=\"font-weight: 400\">48 cm<\/span><\/td>\n<\/tr>\n<\/tbody>\n<\/table>\n","protected":false},"excerpt":{"rendered":"<p data-pm-slice=\"1 1 []\"><a href=\"https:\/\/mama-niemowlaka.pl\/sklep\/produkt\/ubranka-niemowlece\/komplet-niemowlecy\/elegancki-bezowo-granatowy-komplet\/\" target=\"_blank\" rel=\"noopener\"><strong>Elegancki be\u017cowo-granatowy komplet dla ch\u0142opca<\/strong><\/a> to doskona\u0142e rozwi\u0105zanie dla ma\u0142ych d\u017centelmen\u00f3w . W sk\u0142ad kompletu dla ch\u0142opca wchodz\u0105: granatowe koszulobody z muszk\u0105, be\u017cowe, wygodne spodnie oraz szelki. Ten wizytowy komplet dla ch\u0142opca zapewni Twojemu dziecku wyj\u0105tkowy wygl\u0105d podczas wa\u017cnych moment\u00f3w. Komplet dla ch\u0142opca sprawdzi si\u0119 jako ubranko na roczek oraz ka\u017cd\u0105 wa\u017cn\u0105 uroczysto\u015b\u0107. Teraz mo\u017cesz sprawi\u0107, \u017ce Tw\u00f3j maluszek b\u0119dzie prezentowa\u0107 si\u0119 jeszcze bardziej uroczo i elegancko. To doskona\u0142y wyb\u00f3r je\u017celi szukasz wizytowego kompletu dla ch\u0142opca.<\/p>\n<p>Eleganckie ubranko dla ch\u0142opca w kolorze be\u017cowo-granatowym dost\u0119pne jest w czterech rozmiarach: 68, 80, 86 i 92.<\/p>\n<p><strong>Sk\u0142ad:<\/strong><br \/>\nspodnie 100% bawe\u0142na,<br \/>\nkoszulobody: 65% bawe\u0142na, 35% poliester<br \/>\nKraj produkcji: Turcja<\/p>\n","protected":false},"featured_media":20529,"template":"","meta":[],"product_brand":[],"product_cat":[122,143,135,57],"product_tag":[118,214,161,145,1114,155,248,352,180,343],"class_list":{"0":"post-13837","1":"product","2":"type-product","3":"status-publish","4":"has-post-thumbnail","6":"product_cat-komplet-niemowlecy","7":"product_cat-eleganckie-ubranka-dla-chlopca","8":"product_cat-eleganckie-ubranka-dla-niemowlaka","9":"product_cat-ubranka-niemowlece","10":"product_tag-bawelna","11":"product_tag-bestseller","12":"product_tag-body-dla-niemowlat","13":"product_tag-ubranka-dla-niemowlat-chlopca","14":"product_tag-ele","15":"product_tag-eleganckie","16":"product_tag-eleganckie-body","17":"product_tag-komplety-niemowlece-dla-chlopca","18":"product_tag-nowosc","19":"product_tag-ubranka-do-chrztu-dla-chlopca","20":"product_shipping_class-lekka","21":"pa_rozmiar-313","22":"pa_rozmiar-314","23":"pa_rozmiar-315","24":"pa_rozmiar-316","25":"pa_rozmiar-317","27":"first","28":"instock","29":"taxable","30":"shipping-taxable","31":"purchasable","32":"product-type-variable","33":"has-default-attributes","34":"wvs-archive-product-wrapper"},"_links":{"self":[{"href":"https:\/\/mama-niemowlaka.pl\/sklep\/wp-json\/wp\/v2\/product\/13837","targetHints":{"allow":["GET"]}}],"collection":[{"href":"https:\/\/mama-niemowlaka.pl\/sklep\/wp-json\/wp\/v2\/product"}],"about":[{"href":"https:\/\/mama-niemowlaka.pl\/sklep\/wp-json\/wp\/v2\/types\/product"}],"wp:featuredmedia":[{"embeddable":true,"href":"https:\/\/mama-niemowlaka.pl\/sklep\/wp-json\/wp\/v2\/media\/20529"}],"wp:attachment":[{"href":"https:\/\/mama-niemowlaka.pl\/sklep\/wp-json\/wp\/v2\/media?parent=13837"}],"wp:term":[{"taxonomy":"product_brand","embeddable":true,"href":"https:\/\/mama-niemowlaka.pl\/sklep\/wp-json\/wp\/v2\/product_brand?post=13837"},{"taxonomy":"product_cat","embeddable":true,"href":"https:\/\/mama-niemowlaka.pl\/sklep\/wp-json\/wp\/v2\/product_cat?post=13837"},{"taxonomy":"product_tag","embeddable":true,"href":"https:\/\/mama-niemowlaka.pl\/sklep\/wp-json\/wp\/v2\/product_tag?post=13837"}],"curies":[{"name":"wp","href":"https:\/\/api.w.org\/{rel}","templated":true}]}}