{"id":13882,"date":"2025-04-29T14:34:41","date_gmt":"2025-04-29T12:34:41","guid":{"rendered":"https:\/\/mama-niemowlaka.pl\/sklep\/?post_type=product&#038;p=13882"},"modified":"2026-03-19T16:05:24","modified_gmt":"2026-03-19T15:05:24","slug":"biala-tiulowa-sukienka-dla-dziewczynki","status":"publish","type":"product","link":"https:\/\/mama-niemowlaka.pl\/sklep\/produkt\/ubranka-niemowlece\/sukieneczki-do-chrztu\/biala-tiulowa-sukienka-dla-dziewczynki\/","title":{"rendered":"Bia\u0142a tiulowa sukienka dla dziewczynki"},"content":{"rendered":"<h2 data-pm-slice=\"1 1 []\"><strong>Pi\u0119kna bia\u0142a tiulowa sukienka dla dziewczynki<\/strong><\/h2>\n<p data-pm-slice=\"1 1 []\"><a href=\"https:\/\/mama-niemowlaka.pl\/sklep\/produkt\/ubranka-niemowlece\/sukieneczki-do-chrztu\/biala-tiulowa-sukienka-dla-dziewczynki\/\" target=\"_blank\" rel=\"noopener\"><strong>Bia\u0142a sukienka tiulowa dla dziewczynki <\/strong><\/a>to prawdziwie eleganckie i delikatne dzie\u0142o, kt\u00f3re doskonale podkre\u015bli urod\u0119 i wdzi\u0119k Twojej ma\u0142ej ksi\u0119\u017cniczki. Wykonana z delikatnego tiulu i maj\u0105ca rozkloszowany kr\u00f3j sprawia, \u017ce ta sukienka jest nie tylko stylowa, ale tak\u017ce wygodna w noszeniu. Ca\u0142o\u015b\u0107 ozdobiona jest pi\u0119knymi falbankami, co dodaje sukience dziewcz\u0119cego uroku. Dopasowany dekolt i wsuwany z ty\u0142u suwak sprawiaj\u0105, \u017ce ubieranie si\u0119 w t\u0119 <a href=\"https:\/\/mama-niemowlaka.pl\/sklep\/c\/ubranka-niemowlece\/sukienki-dla-niemowlat\/\" target=\"_blank\" rel=\"noopener\"><strong>wyj\u0105tkow\u0105 sukienk\u0119<\/strong><\/a> jest niezwykle proste. Dodatkowym elementem zestawu jest opaska na g\u0142ow\u0119 lub tiulowa torebeczka, kt\u00f3ra doskonale komponuje si\u0119 z ubraniem. Wizytowa tiulowa sukienka dla ma\u0142ej dziewczynki jest idealnym wyborem na wszelkie wa\u017cne uroczysto\u015bci, takie jak wesela, bale czy urodziny.<\/p>\n<p data-pm-slice=\"1 1 []\">Ta urocza <a href=\"https:\/\/mama-niemowlaka.pl\/sklep\/produkt\/ubranka-niemowlece\/sukieneczki-do-chrztu\/biala-tiulowa-sukienka-dla-dziewczynki\/\" target=\"_blank\" rel=\"noopener\"><strong>bia\u0142a sukienka tiulowa dla dziewczynki<\/strong><\/a> to idealny wyb\u00f3r na wyj\u0105tkowe okazje. Delikatny bia\u0142y kolor i zwiewny tiul sprawiaj\u0105, \u017ce ka\u017cda ma\u0142a dama b\u0119dzie wygl\u0105da\u0142a jak ksi\u0119\u017cniczka. Dzi\u0119ki wyj\u0105tkowemu designowi, ta idealna sukienka przyci\u0105ga wzrok i zachwyca swoj\u0105 elegancj\u0105.<\/p>\n<h3 data-pm-slice=\"1 1 []\">Sukienki dla ma\u0142ej ksi\u0119\u017cniczki<\/h3>\n<p data-pm-slice=\"1 1 []\">Eleganckie sukienki tiulowe dla dziewczynek z naszego sklepu internetowego s\u0105 odporne na rozerwanie i uszkodzenia mechaniczne. Nie trzeba si\u0119 wi\u0119c obawia\u0107 tego, \u017ce dziecko w czasie zabawy naderwie tiul i zniszczy kreacj\u0119. Wizytowa sukienka tiulowa dla dziewczynki jest przede wszystkim bardzo efektowna pod wzgl\u0119dem wizualnym.<\/p>\n<p data-pm-slice=\"1 1 []\">W planach masz wa\u017cn\u0105 rodzinn\u0105 uroczysto\u015b\u0107 i nie wiesz, w co ubra\u0107 swoj\u0105 c\u00f3reczk\u0119? Ka\u017cda mama chce, aby jej dziecko wygl\u0105da\u0142o nienagannie i ol\u015bniewaj\u0105co. Prezentowa\u0107 b\u0119d\u0105 si\u0119 pi\u0119knie na wszystkich rodzinnych fotografiach. Wybierz nasze <a href=\"https:\/\/mama-niemowlaka.pl\/sklep\/c\/ubranka-niemowlece\/sukienki-dla-niemowlat\/\" target=\"_blank\" rel=\"noopener\"><strong>pi\u0119kne sukienki <\/strong><\/a>dla dziewczynek.<\/p>\n<h2 data-pm-slice=\"1 1 []\"><a href=\"https:\/\/mama-niemowlaka.pl\/sklep\/c\/ubranka-niemowlece\/sukienki-dla-niemowlat\/\" target=\"_blank\" rel=\"noopener\"><strong>Najpi\u0119kniejsze sukienki <\/strong><\/a>w sklepie <a href=\"http:\/\/mama-niemowlaka.pl\">mama-niemowlaka.pl<\/a>. Sukienki na specjalne okazje<\/h2>\n<p data-pm-slice=\"1 1 []\">Odkryj szeroki wyb\u00f3r pi\u0119knych <a href=\"https:\/\/mama-niemowlaka.pl\/sklep\/c\/ubranka-niemowlece\/sukienki-dla-niemowlat\/\" target=\"_blank\" rel=\"noopener\"><strong>sukienek dla niemowlak\u00f3w<\/strong><\/a> w sklepie <a href=\"http:\/\/mama-niemowlaka.pl\">mama-niemowlaka.pl<\/a>. Nasze <a href=\"https:\/\/mama-niemowlaka.pl\/sklep\/c\/ubranka-niemowlece\/sukienki-dla-niemowlat\/\" rel=\" \"><strong>sukienki niemowl\u0119ce<\/strong><\/a> s\u0105 wykonane z wysokiej jako\u015bci materia\u0142\u00f3w, zapewniaj\u0105c wygod\u0119 i komfort Twojemu dziecku. Znajdziesz u nas sukienki dla ma\u0142ej ksi\u0119\u017cniczki na co dzie\u0144, <a href=\"https:\/\/mama-niemowlaka.pl\/sklep\/c\/ubranka-niemowlece\/eleganckie-sukienki-dla-niemowlat\/\" target=\"_blank\" rel=\"noopener\"><strong>eleganckie sukienki<\/strong><\/a> na specjalne okazje a tak\u017ce pi\u0119kne <a href=\"https:\/\/mama-niemowlaka.pl\/sklep\/c\/ubranka-niemowlece\/sukieneczki-do-chrztu\/\" target=\"_blank\" rel=\"noopener\"><strong>sukieneczki do Chrztu<\/strong><\/a>, kt\u00f3re b\u0119d\u0105 doskona\u0142ym wyborem na t\u0119 wyj\u0105tkow\u0105 okazj\u0119. Zapewnij swojemu maluszkowi wyj\u0105tkowy wygl\u0105d w naszych <a href=\"https:\/\/mama-niemowlaka.pl\/sklep\/c\/ubranka-niemowlece\/sukienki-dla-niemowlat\/\" rel=\" \"><strong>sukienkach dla niemowlak\u00f3w<\/strong><\/a>.<\/p>\n<p data-pm-slice=\"1 1 []\">W\u015br\u00f3d naszych ubranek dla niemowl\u0105t dziewczynek znajdziesz <a href=\"https:\/\/mama-niemowlaka.pl\/sklep\/c\/ubranka-niemowlece\/sukienki-dla-niemowlat\/\" target=\"_blank\" rel=\"noopener\"><strong>eleganckie sukienki tiulowe dla dziewczynek<\/strong><\/a>, <a href=\"https:\/\/mama-niemowlaka.pl\/sklep\/t\/biala-sukienka-dla-niemowlaka\/\" target=\"_blank\" rel=\"noopener\"><strong>bia\u0142e sukienki dziewcz\u0119ce<\/strong><\/a>, <a href=\"https:\/\/mama-niemowlaka.pl\/sklep\/c\/ubranka-niemowlece\/sukienki-dla-niemowlat\/\" target=\"_blank\" rel=\"noopener\"><strong>sukienki na roczek<\/strong><\/a>, <a href=\"https:\/\/mama-niemowlaka.pl\/sklep\/c\/ubranka-niemowlece\/sukienki-dla-niemowlat\/\" target=\"_blank\" rel=\"noopener\"><strong>kolorowe sukienki na lato<\/strong><\/a> oraz wiele innych <a href=\"https:\/\/mama-niemowlaka.pl\/sklep\/c\/ubranka-niemowlece\/sukienki-dla-niemowlat\/\" target=\"_blank\" rel=\"noopener\"><strong>modnych sukienek dla dziewczynek<\/strong><\/a>. Zam\u00f3w ju\u017c dzi\u015b i ciesz si\u0119 widokiem swojej ma\u0142ej dziewczynki w tej wygodnej sukience tiulowej.<\/p>\n","protected":false},"excerpt":{"rendered":"<p data-pm-slice=\"1 1 []\"><a href=\"https:\/\/mama-niemowlaka.pl\/sklep\/produkt\/ubranka-niemowlece\/sukieneczki-do-chrztu\/biala-tiulowa-sukienka-dla-dziewczynki\/\" target=\"_blank\" rel=\"noopener\"><strong>Tiulowa sukieneczka dla dziewczynki<\/strong><\/a> w kolorze bia\u0142ym to uosobienie dzieci\u0119cej elegancji w klasycznym wydaniu. Delikatny tiul i rozkloszowany kr\u00f3j sprawi\u0105, \u017ce Twoja ma\u0142a ksi\u0119\u017cniczka poczuje si\u0119 wyj\u0105tkowo na ka\u017cdym przyj\u0119ciu. <a href=\"https:\/\/mama-niemowlaka.pl\/sklep\/c\/ubranka-niemowlece\/sukienki-dla-niemowlat\/\" target=\"_blank\" rel=\"noopener\"><strong>Sukienka dziewcz\u0119ca<\/strong><\/a> bez r\u0119kaw\u00f3w z obszernym tiulowym do\u0142em wyko\u0144czony ozdobnymi falbankami. Lekka sukienka z okr\u0105g\u0142ym dekoltem, zapinana z ty\u0142u za suwak dzi\u0119ki czemu jest \u0142atwa do ubierania. Do sukienki dla ma\u0142ej ksi\u0119\u017cniczki <strong>w rozmiarach od 68 do 86 do\u0142\u0105czona jest r\u00f3wnie\u017c urocza opaska z kwiatkiem<\/strong>, kt\u00f3ra stanowi doskona\u0142e dope\u0142nienie stylizacji. A do sukienki<strong> w rozmiarach od 92 do 110 do\u0142\u0105czona jest ma\u0142a tiulowa torebeczka<\/strong>. Sukienka idealna na wesela, bale, na urodziny czy inne wa\u017cne uroczysto\u015bci.<\/p>\n<p><a href=\"https:\/\/mama-niemowlaka.pl\/sklep\/produkt\/ubranka-niemowlece\/sukieneczki-do-chrztu\/biala-tiulowa-sukienka-dla-dziewczynki\/\" target=\"_blank\" rel=\"noopener\"><strong>Bia\u0142a sukienka tiulowa dla dziewczynki <\/strong><\/a>dost\u0119pna jest w o\u015bmiu rozmiarach: 68, 74, 89, 86, 92, 98, 104 i 108. <a href=\"https:\/\/mama-niemowlaka.pl\/sklep\/c\/ubranka-niemowlece\/sukienki-dla-niemowlat\/\" target=\"_blank\" rel=\"noopener\"><strong>Sukienka dla dziewczynki<\/strong><\/a> dost\u0119pna jest r\u00f3wnie\u017c w kolorze \u0142ososiowym: <a href=\"https:\/\/mama-niemowlaka.pl\/sklep\/produkt\/ubranka-niemowlece\/sukienki-dla-niemowlat\/tiulowa-sukieneczka-dla-dziewczynki-lososiowa\/\" target=\"_blank\" rel=\"noopener\"><strong>tiulowa sukienka dla dziewczynki &#8211; \u0142ososiowa<\/strong><\/a>.<\/p>\n<p>Sk\u0142ad: 100% poliester<\/p>\n","protected":false},"featured_media":20604,"template":"","meta":[],"product_brand":[],"product_cat":[163,144,126,57],"product_tag":[125,152,355,180,340,344],"class_list":{"0":"post-13882","1":"product","2":"type-product","3":"status-publish","4":"has-post-thumbnail","6":"product_cat-sukieneczki-do-chrztu","7":"product_cat-eleganckie-sukienki-dla-niemowlat","8":"product_cat-sukienki-dla-niemowlat","9":"product_cat-ubranka-niemowlece","10":"product_tag-ubranka-do-chrztu","11":"product_tag-ubranka-dla-niemowlat-dziewczynek","12":"product_tag-letnie-ubranka-dla-niemowlat","13":"product_tag-nowosc","14":"product_tag-sukieneczka-na-chrzciny","15":"product_tag-ubranka-do-chrztu-dla-dziewczynki","16":"product_shipping_class-duza","17":"pa_rozmiar-319","18":"pa_rozmiar-320","19":"pa_rozmiar-313","20":"pa_rozmiar-314","21":"pa_rozmiar-315","22":"pa_rozmiar-316","23":"pa_rozmiar-317","24":"pa_rozmiar-318","26":"first","27":"instock","28":"taxable","29":"shipping-taxable","30":"purchasable","31":"product-type-variable","32":"has-default-attributes","33":"wvs-archive-product-wrapper"},"_links":{"self":[{"href":"https:\/\/mama-niemowlaka.pl\/sklep\/wp-json\/wp\/v2\/product\/13882","targetHints":{"allow":["GET"]}}],"collection":[{"href":"https:\/\/mama-niemowlaka.pl\/sklep\/wp-json\/wp\/v2\/product"}],"about":[{"href":"https:\/\/mama-niemowlaka.pl\/sklep\/wp-json\/wp\/v2\/types\/product"}],"wp:featuredmedia":[{"embeddable":true,"href":"https:\/\/mama-niemowlaka.pl\/sklep\/wp-json\/wp\/v2\/media\/20604"}],"wp:attachment":[{"href":"https:\/\/mama-niemowlaka.pl\/sklep\/wp-json\/wp\/v2\/media?parent=13882"}],"wp:term":[{"taxonomy":"product_brand","embeddable":true,"href":"https:\/\/mama-niemowlaka.pl\/sklep\/wp-json\/wp\/v2\/product_brand?post=13882"},{"taxonomy":"product_cat","embeddable":true,"href":"https:\/\/mama-niemowlaka.pl\/sklep\/wp-json\/wp\/v2\/product_cat?post=13882"},{"taxonomy":"product_tag","embeddable":true,"href":"https:\/\/mama-niemowlaka.pl\/sklep\/wp-json\/wp\/v2\/product_tag?post=13882"}],"curies":[{"name":"wp","href":"https:\/\/api.w.org\/{rel}","templated":true}]}}