{"id":13904,"date":"2024-03-25T23:56:07","date_gmt":"2024-03-25T22:56:07","guid":{"rendered":"https:\/\/mama-niemowlaka.pl\/sklep\/?post_type=product&#038;p=13904"},"modified":"2024-09-23T14:05:23","modified_gmt":"2024-09-23T12:05:23","slug":"sukieneczka-na-wesele-dla-dziewczynki-dlugi-rekaw-rozowa","status":"publish","type":"product","link":"https:\/\/mama-niemowlaka.pl\/sklep\/produkt\/ubranka-niemowlece\/sukienki-dla-niemowlat\/sukieneczka-na-wesele-dla-dziewczynki-dlugi-rekaw-rozowa\/","title":{"rendered":"Sukienka niemowl\u0119ca z d\u0142ugim r\u0119kawem &#8211; r\u00f3\u017cowa"},"content":{"rendered":"<h2 data-pm-slice=\"1 1 []\"><strong>Elegancka sukienka dla dziewczynki z d\u0142ugim r\u0119kawem &#8211; sukieneczka na wesele dla dziewczynki<\/strong><\/h2>\n<p data-pm-slice=\"1 1 []\">Pi\u0119kna sukienka dziewcz\u0119ca to idealna propozycja na ka\u017cd\u0105 wyj\u0105tkow\u0105 okazj\u0119, gdy np. szukasz <strong><a href=\"https:\/\/mama-niemowlaka.pl\/sklep\/produkt\/ubranka-niemowlece\/sukienki-dla-niemowlat\/sukieneczka-na-wesele-dla-dziewczynki-dlugi-rekaw-rozowa\/\" target=\"_blank\" rel=\"noopener\">sukieneczki na wesele dla dziewczynki<\/a><\/strong> . <strong><a href=\"https:\/\/mama-niemowlaka.pl\/sklep\/c\/ubranka-niemowlece\/eleganckie-sukienki-dla-niemowlat\/\" target=\"_blank\" rel=\"noopener\">Elegancka sukienka dla dziewczynki<\/a><\/strong> zosta\u0142a stworzona z my\u015bl\u0105 o ma\u0142ych ksi\u0119\u017cniczkach. Pi\u0119kna sukienka dziewcz\u0119ca wykonana z mi\u0119kkich i delikatnych materia\u0142\u00f3w z dodatkiem koronki. Materia\u0142 sukienki zapewnia maksymaln\u0105 wygod\u0119 i komfort noszenia.<\/p>\n<p data-pm-slice=\"1 1 []\">Sukienka wizytowa dla ma\u0142ej dziewczynki posiada uroczy, lekki ko\u0142nierz oraz dziewcz\u0119c\u0105 kokardk\u0119 z przodu. D\u0142ugi r\u0119kaw sukienki dziewcz\u0119cej zosta\u0142 wyko\u0144czony lekk\u0105 gumk\u0105 co dodaje klasy i elegancji. Sukienka wizytowa posiada zapi\u0119cie na zamek, kt\u00f3ry pozwala \u0142atwo i szybko ubra\u0107 dziecko. Sukieneczka dla ma\u0142ej dziewczynki wykonana jest na bawe\u0142nianej podszewce, co znacznie podnosi komfort noszenia nawet przez najmniejsze kruszynki.<\/p>\n<p data-pm-slice=\"1 1 []\">Ta <a href=\"https:\/\/mama-niemowlaka.pl\/sklep\/c\/ubranka-niemowlece\/eleganckie-sukienki-dla-niemowlat\/\" target=\"_blank\" rel=\"noopener\">elegancka sukienka dla dziewczynki<\/a> niemowlaka doskona\u0142y wyb\u00f3r dla ka\u017cdej m\u0142odej damy, gdy potrzebujesz eleganckiego <strong><a href=\"https:\/\/mama-niemowlaka.pl\/sklep\/ubranka-niemowlece\/\" target=\"_blank\" rel=\"noopener\">ubranka dla niemowlaka<\/a><\/strong> jak np. <a href=\"https:\/\/mama-niemowlaka.pl\/sklep\/produkt\/ubranka-niemowlece\/sukienki-dla-niemowlat\/sukieneczka-na-wesele-dla-dziewczynki-dlugi-rekaw-rozowa\/\" target=\"_blank\" rel=\"noopener\">sukieneczka na wesele dla dziewczynki<\/a> wybierz nasz\u0105 sukienk\u0119 wizytow\u0105 dla ma\u0142ej dziewczynki.<\/p>\n<h2 data-pm-slice=\"1 1 []\"><strong>Pi\u0119kne sukienki wizytowe dla niemowl\u0105t w sklepie <a href=\"https:\/\/mama-niemowlaka.pl\">mama-niemowlaka.pl<\/a> &#8211; <\/strong>wyj\u0105tkowe sukienki dla ma\u0142ych ksi\u0119\u017cniczek<\/h2>\n<p data-pm-slice=\"1 1 []\">Sprawd\u017a <strong><a href=\"https:\/\/mama-niemowlaka.pl\/sklep\/c\/ubranka-niemowlece\/sukienki-dla-niemowlat\/\" target=\"_blank\" rel=\"noopener\">sukienki na r\u00f3\u017cne okazje dla dziewczynki <\/a><\/strong>w sklepie <a href=\"https:\/\/mama-niemowlaka.pl\/sklep\/\" target=\"_blank\" rel=\"noopener\">mama-niemowlaka.pl<\/a>. Nasze <strong><a href=\"https:\/\/mama-niemowlaka.pl\/sklep\/c\/ubranka-niemowlece\/sukienki-dla-niemowlat\/\" rel=\" \">sukienki dla niemowl\u0105t<\/a><\/strong> s\u0105 wykonane z wysokiej jako\u015bci bawe\u0142ny, zapewniaj\u0105c wygod\u0119 i komfort Twojemu dziecku. Znajdziesz u nas <strong><a href=\"https:\/\/mama-niemowlaka.pl\/sklep\/c\/ubranka-niemowlece\/sukienki-dla-niemowlat\/\" target=\"_blank\" rel=\"noopener\">sukienki dziewcz\u0119ce<\/a><\/strong> na co dzie\u0144, <strong><a href=\"https:\/\/mama-niemowlaka.pl\/sklep\/c\/ubranka-niemowlece\/eleganckie-sukienki-dla-niemowlat\/\" target=\"_blank\" rel=\"noopener\">sukienki na specjalne okazje dla dziewczynki<\/a><\/strong>, <strong><a href=\"https:\/\/mama-niemowlaka.pl\/sklep\/c\/ubranka-niemowlece\/eleganckie-sukienki-dla-niemowlat\/\" target=\"_blank\" rel=\"noopener\">wygodne sukienki wizytowe<\/a><\/strong>, sukienki na wesele dla dziewczynek, a tak\u017ce pi\u0119kne <strong><a href=\"https:\/\/mama-niemowlaka.pl\/sklep\/c\/ubranka-niemowlece\/sukieneczki-do-chrztu\/\" target=\"_blank\" rel=\"noopener\">sukieneczki do Chrztu<\/a><\/strong>, kt\u00f3re b\u0119d\u0105 doskona\u0142ym wyborem na t\u0119 specjaln\u0105 okazj\u0119. Zapewnij swojemu maluszkowi wyj\u0105tkowy wygl\u0105d w naszych eleganckich sukienkach dziewcz\u0119cych. Pozosta\u0142e sukienki dla ma\u0142ej dziewczynki znajdziesz w w kategorii <strong><a href=\"https:\/\/mama-niemowlaka.pl\/sklep\/c\/ubranka-niemowlece\/sukienki-dla-niemowlat\/\" target=\"_blank\" rel=\"noopener\">sukienki dla niemowl\u0105t<\/a><\/strong>.<\/p>\n<p data-pm-slice=\"1 1 []\">Je\u017celi szukasz sukienek weselnych dla dziewczynek koniecznie sprawd\u017a nasz\u0105 ofert\u0119 <strong><a href=\"https:\/\/mama-niemowlaka.pl\/sklep\/c\/ubranka-niemowlece\/eleganckie-sukienki-dla-niemowlat\/\" target=\"_blank\" rel=\"noopener\">sukienek wizytowych dla dziewczynek<\/a><\/strong>.<\/p>\n","protected":false},"excerpt":{"rendered":"<p data-pm-slice=\"1 1 []\">Wygodna sukienka wizytowa dla dziewczynki z d\u0142ugim r\u0119kawem w kolorze r\u00f3\u017cowym. Pi\u0119kna sukienka dla ma\u0142ej dziewczynki, wygodna i uszyta z wysokiej jako\u015bci materia\u0142\u00f3w z dodatkiem koronki. Nasza sukienka dla dziewczynek sprawi, \u017ce ma\u0142a dama b\u0119dzie prezentowa\u0107 si\u0119 wyj\u0105tkowo i elegancko przy ka\u017cdej okazji. Sukienka doskonale sprawdzi si\u0119 jak m.in. <strong><a href=\"https:\/\/mama-niemowlaka.pl\/sklep\/produkt\/ubranka-niemowlece\/sukienki-dla-niemowlat\/sukieneczka-na-wesele-dla-dziewczynki-dlugi-rekaw-rozowa\/\" target=\"_blank\" rel=\"noopener\">sukieneczka na wesele dla dziewczynki<\/a><\/strong>.<\/p>\n<p><strong><a href=\"https:\/\/mama-niemowlaka.pl\/sklep\/produkt\/ubranka-niemowlece\/sukienki-dla-niemowlat\/sukieneczka-na-wesele-dla-dziewczynki-dlugi-rekaw-rozowa\/\" target=\"_blank\" rel=\"noopener\">Sukienka elegancka dla ma\u0142ej dziewczynki <\/a><\/strong>dost\u0119pna jest w czterech rozmiarach: 74, 80, 86 i 92.<\/p>\n<p>Sk\u0142ad: 65% poliester, 35% wiskoza<\/p>\n","protected":false},"featured_media":13909,"template":"","meta":[],"product_brand":[],"product_cat":[126,144,57],"product_tag":[152,180],"class_list":{"0":"post-13904","1":"product","2":"type-product","3":"status-publish","4":"has-post-thumbnail","6":"product_cat-sukienki-dla-niemowlat","7":"product_cat-eleganckie-sukienki-dla-niemowlat","8":"product_cat-ubranka-niemowlece","9":"product_tag-ubranka-dla-niemowlat-dziewczynek","10":"product_tag-nowosc","11":"product_shipping_class-lekka","12":"pa_rozmiar-314","13":"pa_rozmiar-315","14":"pa_rozmiar-316","15":"pa_rozmiar-317","17":"first","18":"instock","19":"taxable","20":"shipping-taxable","21":"purchasable","22":"product-type-variable","23":"has-default-attributes","24":"wvs-archive-product-wrapper"},"_links":{"self":[{"href":"https:\/\/mama-niemowlaka.pl\/sklep\/wp-json\/wp\/v2\/product\/13904","targetHints":{"allow":["GET"]}}],"collection":[{"href":"https:\/\/mama-niemowlaka.pl\/sklep\/wp-json\/wp\/v2\/product"}],"about":[{"href":"https:\/\/mama-niemowlaka.pl\/sklep\/wp-json\/wp\/v2\/types\/product"}],"wp:featuredmedia":[{"embeddable":true,"href":"https:\/\/mama-niemowlaka.pl\/sklep\/wp-json\/wp\/v2\/media\/13909"}],"wp:attachment":[{"href":"https:\/\/mama-niemowlaka.pl\/sklep\/wp-json\/wp\/v2\/media?parent=13904"}],"wp:term":[{"taxonomy":"product_brand","embeddable":true,"href":"https:\/\/mama-niemowlaka.pl\/sklep\/wp-json\/wp\/v2\/product_brand?post=13904"},{"taxonomy":"product_cat","embeddable":true,"href":"https:\/\/mama-niemowlaka.pl\/sklep\/wp-json\/wp\/v2\/product_cat?post=13904"},{"taxonomy":"product_tag","embeddable":true,"href":"https:\/\/mama-niemowlaka.pl\/sklep\/wp-json\/wp\/v2\/product_tag?post=13904"}],"curies":[{"name":"wp","href":"https:\/\/api.w.org\/{rel}","templated":true}]}}