{"id":13926,"date":"2025-10-25T22:07:24","date_gmt":"2025-10-25T20:07:24","guid":{"rendered":"https:\/\/mama-niemowlaka.pl\/sklep\/?post_type=product&#038;p=13926"},"modified":"2025-11-22T12:58:49","modified_gmt":"2025-11-22T11:58:49","slug":"elegancka-sukienka-dla-dziewczynki-welurowa-bez","status":"publish","type":"product","link":"https:\/\/mama-niemowlaka.pl\/sklep\/produkt\/ubranka-niemowlece\/sukienki-dla-niemowlat\/elegancka-sukienka-dla-dziewczynki-welurowa-bez\/","title":{"rendered":"Elegancka sukienka dla dziewczynki &#8211; be\u017c"},"content":{"rendered":"<h2 data-pm-slice=\"1 1 []\"><strong>Elegancka sukienka dla dziewczynki z d\u0142ugim r\u0119kawem<\/strong><\/h2>\n<p data-pm-slice=\"1 1 []\">Pi\u0119kna sukienka dziewcz\u0119ca to idealna propozycja na ka\u017cd\u0105 wyj\u0105tkow\u0105 okazj\u0119. <a href=\"https:\/\/mama-niemowlaka.pl\/sklep\/produkt\/ubranka-niemowlece\/sukienki-dla-niemowlat\/elegancka-sukienka-dla-dziewczynki-welurowa-bez\/\" target=\"_blank\" rel=\"noopener\"><strong>Elegancka sukienka dla dziewczynki<\/strong><\/a> zosta\u0142a stworzona z my\u015bl\u0105 o ma\u0142ych ksi\u0119\u017cniczkach. Pi\u0119kna sukienka dziewcz\u0119ca wykonana z mi\u0119kkiego i delikatnego weluru bawe\u0142nianego z dodatkiem koronki. Materia\u0142 sukienki zapewnia maksymaln\u0105 wygod\u0119 i komfort noszenia. D\u0142ugi r\u0119kaw, kt\u00f3ry zosta\u0142 wyko\u0144czony lekk\u0105 falban\u0105 dodaje klasy i elegancji. Sukienka wizytowa posiada zapi\u0119cie na zamek, kt\u00f3ry pozwala \u0142atwo i szybko ubra\u0107 dziecko. Sukieneczka dla ma\u0142ej dziewczynki wykonana jest na bawe\u0142nianej podszewce, co znacznie podnosi komfort noszenia nawet przez najmniejsze kruszynki.<\/p>\n<p data-pm-slice=\"1 1 []\">Ta <a href=\"https:\/\/mama-niemowlaka.pl\/sklep\/produkt\/ubranka-niemowlece\/sukienki-dla-niemowlat\/elegancka-sukienka-dla-dziewczynki-welurowa-bez\/\" target=\"_blank\" rel=\"noopener\">elegancka sukienka dla dziewczynki<\/a> niemowlaka doskona\u0142y wyb\u00f3r dla ka\u017cdej m\u0142odej damy, gdy potrzebujesz <a href=\"https:\/\/mama-niemowlaka.pl\/sklep\/ubranka-niemowlece\/\" target=\"_blank\" rel=\"noopener\"><strong>ubranka dla niemowlaka<\/strong><\/a> na specjalne okazje, ale tak\u017ce gdy szukasz sukienki na sesj\u0119 zdj\u0119ciow\u0105.<\/p>\n<h2 data-pm-slice=\"1 1 []\"><strong>Pi\u0119kne sukienki dziewcz\u0119ce dla niemowl\u0105t w sklepie <\/strong><a href=\"https:\/\/mama-niemowlaka.pl\/sklep\/\" target=\"_blank\" rel=\"noopener\"><strong>mama-niemowlaka.pl<\/strong><\/a><\/h2>\n<p data-pm-slice=\"1 1 []\">Odkryj szeroki wyb\u00f3r uroczych <a href=\"https:\/\/mama-niemowlaka.pl\/sklep\/c\/ubranka-niemowlece\/sukienki-dla-niemowlat\/\" target=\"_blank\" rel=\"noopener\"><strong>sukienek dla dziewczynek na specjalne okazje<\/strong><\/a> w sklepie <a href=\"https:\/\/mama-niemowlaka.pl\/sklep\/\" target=\"_blank\" rel=\"noopener\">mama-niemowlaka.pl<\/a>. Nasze <a href=\"https:\/\/mama-niemowlaka.pl\/sklep\/c\/ubranka-niemowlece\/sukienki-dla-niemowlat\/\" rel=\" \"><strong>sukienki dla niemowl\u0105t<\/strong><\/a> s\u0105 wykonane z wysokiej jako\u015bci bawe\u0142ny, zapewniaj\u0105c wygod\u0119 i komfort Twojemu dziecku. Znajdziesz u nas <a href=\"https:\/\/mama-niemowlaka.pl\/sklep\/c\/ubranka-niemowlece\/sukienki-dla-niemowlat\/\" target=\"_blank\" rel=\"noopener\"><strong>sukienki dziewcz\u0119ce<\/strong><\/a> na co dzie\u0144, <a href=\"https:\/\/mama-niemowlaka.pl\/sklep\/c\/ubranka-niemowlece\/eleganckie-sukienki-dla-niemowlat\/\" target=\"_blank\" rel=\"noopener\"><strong>eleganckie sukienki<\/strong><\/a> na specjalne okazje, <a href=\"https:\/\/mama-niemowlaka.pl\/sklep\/c\/ubranka-niemowlece\/eleganckie-sukienki-dla-niemowlat\/\" target=\"_blank\" rel=\"noopener\"><strong>wygodne sukienki wizytowe<\/strong><\/a>, sukienki na wesele dla dziewczynek, a tak\u017ce pi\u0119kne <a href=\"https:\/\/mama-niemowlaka.pl\/sklep\/c\/ubranka-niemowlece\/sukieneczki-do-chrztu\/\" target=\"_blank\" rel=\"noopener\"><strong>sukieneczki do Chrztu<\/strong><\/a>, kt\u00f3re b\u0119d\u0105 doskona\u0142ym wyborem na t\u0119 specjaln\u0105 okazj\u0119. Zapewnij swojemu maluszkowi wyj\u0105tkowy wygl\u0105d w naszych eleganckich sukienkach dziewcz\u0119cych. Pozosta\u0142e sukienki dla ma\u0142ej dziewczynki znajdziesz w w kategorii <a href=\"https:\/\/mama-niemowlaka.pl\/sklep\/c\/ubranka-niemowlece\/sukienki-dla-niemowlat\/\" target=\"_blank\" rel=\"noopener\"><strong>sukienki dla niemowl\u0105t<\/strong><\/a>.<\/p>\n<p data-pm-slice=\"1 1 []\">Je\u017celi szukasz eleganckiej sukienki dziewcz\u0119cej koniecznie sprawd\u017a nasz\u0105 ofert\u0119 sukienek wizytowych dla dziewczynek.<\/p>\n","protected":false},"excerpt":{"rendered":"<p data-pm-slice=\"1 1 []\">Welurowa sukienka wizytowa dla dziewczynki z d\u0142ugim r\u0119kawem w kolorze be\u017cowym. Pi\u0119kna sukienka dla ma\u0142ej dziewczynki, wygodna i uszyta z wysokiej jako\u015bci, delikatnego bawe\u0142nianego weluru z dodatkiem koronki. Nasza sukienka dla dziewczynek sprawi, \u017ce ma\u0142a dama b\u0119dzie prezentowa\u0107 si\u0119 wyj\u0105tkowo i elegancko przy ka\u017cdej okazji.<\/p>\n<p><a href=\"https:\/\/mama-niemowlaka.pl\/sklep\/produkt\/ubranka-niemowlece\/sukienki-dla-niemowlat\/elegancka-sukienka-dla-dziewczynki-welurowa-bez\/\" target=\"_blank\" rel=\"noopener\"><strong>Elegancka sukienka dla niemowlaka<\/strong><\/a> dost\u0119pna jest w czterech rozmiarach: 74, 80, 86 i 92.<\/p>\n<p>Sk\u0142ad: 100% bawe\u0142na<\/p>\n","protected":false},"featured_media":18627,"template":"","meta":[],"product_brand":[],"product_cat":[126,144,57],"product_tag":[118,238,152,180],"class_list":{"0":"post-13926","1":"product","2":"type-product","3":"status-publish","4":"has-post-thumbnail","6":"product_cat-sukienki-dla-niemowlat","7":"product_cat-eleganckie-sukienki-dla-niemowlat","8":"product_cat-ubranka-niemowlece","9":"product_tag-bawelna","10":"product_tag-ubranka-swiateczne-dla-niemowlaka","11":"product_tag-ubranka-dla-niemowlat-dziewczynek","12":"product_tag-nowosc","13":"product_shipping_class-lekka","14":"pa_rozmiar-314","15":"pa_rozmiar-315","16":"pa_rozmiar-316","17":"pa_rozmiar-317","19":"first","20":"instock","21":"taxable","22":"shipping-taxable","23":"purchasable","24":"product-type-variable","25":"has-default-attributes","26":"wvs-archive-product-wrapper"},"_links":{"self":[{"href":"https:\/\/mama-niemowlaka.pl\/sklep\/wp-json\/wp\/v2\/product\/13926","targetHints":{"allow":["GET"]}}],"collection":[{"href":"https:\/\/mama-niemowlaka.pl\/sklep\/wp-json\/wp\/v2\/product"}],"about":[{"href":"https:\/\/mama-niemowlaka.pl\/sklep\/wp-json\/wp\/v2\/types\/product"}],"wp:featuredmedia":[{"embeddable":true,"href":"https:\/\/mama-niemowlaka.pl\/sklep\/wp-json\/wp\/v2\/media\/18627"}],"wp:attachment":[{"href":"https:\/\/mama-niemowlaka.pl\/sklep\/wp-json\/wp\/v2\/media?parent=13926"}],"wp:term":[{"taxonomy":"product_brand","embeddable":true,"href":"https:\/\/mama-niemowlaka.pl\/sklep\/wp-json\/wp\/v2\/product_brand?post=13926"},{"taxonomy":"product_cat","embeddable":true,"href":"https:\/\/mama-niemowlaka.pl\/sklep\/wp-json\/wp\/v2\/product_cat?post=13926"},{"taxonomy":"product_tag","embeddable":true,"href":"https:\/\/mama-niemowlaka.pl\/sklep\/wp-json\/wp\/v2\/product_tag?post=13926"}],"curies":[{"name":"wp","href":"https:\/\/api.w.org\/{rel}","templated":true}]}}