{"id":13945,"date":"2024-04-03T23:44:24","date_gmt":"2024-04-03T21:44:24","guid":{"rendered":"https:\/\/mama-niemowlaka.pl\/sklep\/?post_type=product&#038;p=13945"},"modified":"2026-02-27T11:24:01","modified_gmt":"2026-02-27T10:24:01","slug":"body-kopertowe-dla-niemowlaka-niebieskie-kotki","status":"publish","type":"product","link":"https:\/\/mama-niemowlaka.pl\/sklep\/produkt\/ubranka-niemowlece\/body-niemowlece\/body-kopertowe-dla-niemowlaka-niebieskie-kotki\/","title":{"rendered":"Body kopertowe dla niemowlaka w kotki &#8211; niebieskie"},"content":{"rendered":"<h2 data-pm-slice=\"1 1 []\"><strong>Niebieskie body kopertowe dla niemowlaka z d\u0142ugim r\u0119kawem<\/strong><\/h2>\n<p data-pm-slice=\"1 1 []\"><a href=\"https:\/\/mama-niemowlaka.pl\/sklep\/produkt\/ubranka-niemowlece\/body-niemowlece\/body-kopertowe-dla-niemowlaka-niebieskie-kotki\/\" target=\"_blank\" rel=\"noopener\"><strong>Body kopertowe dla ch\u0142opca <\/strong><\/a>w kolorze niebieskim pokryte uroczym nadrukiem w kotki. To wyj\u0105tkowa propozycja dla rodzic\u00f3w, kt\u00f3rzy szukaj\u0105 idealnego pierwszego ubranka dla swojego male\u0144stwa. Body z d\u0142ugim r\u0119kawem zosta\u0142y stworzone z my\u015bl\u0105 o bezpiecze\u0144stwie i wygodzie najm\u0142odszych, wykonane z 100% bawe\u0142ny dzi\u0119ki czemu s\u0105 bezpieczne dla sk\u00f3ry maluszka. Pierwsze <a href=\"https:\/\/mama-niemowlaka.pl\/sklep\/produkt\/ubranka-niemowlece\/body-niemowlece\/body-zapinane-kopertowo-biale-misie\/\" target=\"_blank\" rel=\"noopener\"><strong>body dla noworodka zapinane kopertowo<\/strong><\/a> to niezast\u0105piony element dzieci\u0119cej wyprawki. Kopertowe zapinanie idealnie sprawdza si\u0119 w pierwszych miesi\u0105cach u\u0142atwiaj\u0105c codzienn\u0105 piel\u0119gnacje maluszka.<\/p>\n<p data-pm-slice=\"1 1 []\"><a href=\"https:\/\/mama-niemowlaka.pl\/sklep\/produkt\/ubranka-niemowlece\/body-niemowlece\/body-kopertowe-dla-niemowlaka-niebieskie-kotki\/\" target=\"_blank\" rel=\"noopener\"><strong>Body kopertowe dla niemowlaka<\/strong><\/a> posiadaj\u0105 wygodne zapi\u0119cie kopertowe: na dwie zak\u0142adki, jedn\u0105 (zewn\u0119trzn\u0105) zapinan\u0105 na dwie bezniklowe napy z boku ubranka oraz drug\u0105 (wewn\u0119trzn\u0105) zapinan\u0105 po drugiej stronie. Zapinane na bezpieczne, bezniklowe napy w kroku i na brzuszku u\u0142atwiaj\u0105ce ubieranie i rozbieranie maluszka. Bezniklowe napy zastosowane w tym ubranku s\u0105 bezpieczne dla sk\u00f3ry niemowl\u0105t i nie wywo\u0142uj\u0105 alergii. Dzi\u0119ki temu rodzice mog\u0105 mie\u0107 pewno\u015b\u0107, \u017ce ubieraj\u0105c swoje dziecko w to bawe\u0142niane body niemowl\u0119ce kopertowe, dostarczaj\u0105 mu wyj\u0105tkowego komfortu i bezpiecze\u0144stwa.<\/p>\n<h3 data-pm-slice=\"1 1 []\"><strong>Body rozpinane kopertowo \u2013 pierwsze ubranka dla dziecka<\/strong><\/h3>\n<p data-pm-slice=\"1 1 []\"><a href=\"https:\/\/mama-niemowlaka.pl\/sklep\/produkt\/ubranka-niemowlece\/body-niemowlece\/body-zapinane-kopertowo-biale-misie\/\" target=\"_blank\" rel=\"noopener\"><strong>Body z d\u0142ugim r\u0119kawem<\/strong><\/a> kopertowo zapinane to doskona\u0142y model dla noworodk\u00f3w. R\u0119kawy naszych body dla noworodka posiada &#8222;\u0142apki niedrapki&#8221;, kt\u00f3re b\u0119d\u0105 zapobiega\u0107 zadrapaniom delikatnej sk\u00f3ry Waszych pociech.<\/p>\n<p data-pm-slice=\"1 1 []\">Je\u017celi szukasz wysokiej jako\u015bci body dla niemowl\u0105t sprawd\u017a nasz\u0105 ofert\u0119 i wybierz <a href=\"https:\/\/mama-niemowlaka.pl\/sklep\/t\/body-kopertowe\/\" target=\"_blank\" rel=\"noopener\"><strong>najlepsze body niemowl\u0119ce w formie kopertowej<\/strong><\/a> dla swojego malucha.<\/p>\n<h2 data-pm-slice=\"1 1 []\"><strong>Ubranka niemowl\u0119ce &#8211; body niemowl\u0119ce w sklepie <\/strong><a href=\"https:\/\/www.mama-niemowlaka.pl\"><strong>mama-niemowlaka.pl<\/strong><\/a><\/h2>\n<p data-pm-slice=\"1 1 []\">Odwied\u017a nasz sklep internetowy <a href=\"https:\/\/www.mama-niemowlaka.pl\"><strong>mama-niemowlaka.pl<\/strong><\/a>, gdzie znajdziesz szeroki wyb\u00f3r najwy\u017cszej jako\u015bci <a href=\"https:\/\/mama-niemowlaka.pl\/sklep\/ubranka-niemowlece\/\" target=\"_blank\" rel=\"noopener\"><strong>ubranek niemowl\u0119cych<\/strong><\/a>. Gwarantujemy wysy\u0142k\u0119 zam\u00f3wienia w ci\u0105gu 48 godzin oraz darmow\u0105 wymian\u0119 towaru lub mo\u017cliwo\u015b\u0107 zwrotu w ci\u0105gu 14 dni. Co wi\u0119cej, je\u015bli zam\u00f3wisz za minimum 249 PLN, dostawa b\u0119dzie ca\u0142kowicie darmowa.<\/p>\n<p data-pm-slice=\"1 1 []\">Nasze <a href=\"https:\/\/mama-niemowlaka.pl\/sklep\/c\/ubranka-niemowlece\/body-niemowlece\/\" target=\"_blank\" rel=\"noopener\"><strong>body dzieci\u0119ce<\/strong><\/a> to wygodne i bezpieczne <a href=\"https:\/\/mama-niemowlaka.pl\/sklep\/c\/ubranka-niemowlece\/body-niemowlece\/\" target=\"_blank\" rel=\"noopener\"><strong>body dla niemowl\u0105t<\/strong><\/a>. W naszym sklepie znajdziesz <a href=\"https:\/\/mama-niemowlaka.pl\/sklep\/t\/body-z-dlugim-rekawem\/\" target=\"_blank\" rel=\"noopener\"><strong>body niemowl\u0119ce d\u0142ugi r\u0119kaw<\/strong><\/a>, body niemowl\u0119ce z kr\u00f3tkim r\u0119kawem, <a href=\"https:\/\/mama-niemowlaka.pl\/sklep\/c\/ubranka-niemowlece\/body-niemowlece\/\" target=\"_blank\" rel=\"noopener\"><strong>body niemowl\u0119ce bawe\u0142niane<\/strong><\/a>, <a href=\"https:\/\/mama-niemowlaka.pl\/sklep\/c\/ubranka-niemowlece\/body-niemowlece\/\" target=\"_blank\" rel=\"noopener\"><strong>body niemowl\u0119ce pr\u0105\u017ckowane<\/strong><\/a>, <a href=\"https:\/\/mama-niemowlaka.pl\/sklep\/t\/body-kopertowe\/\" target=\"_blank\" rel=\"noopener\"><strong>body kopertowe dla niemowlaka, eleganckie body niemowl\u0119ce <\/strong><\/a>oraz wiele innych ubranek dzieci\u0119cych. W naszym sklepie kupisz <a href=\"https:\/\/mama-niemowlaka.pl\/sklep\/c\/ubranka-niemowlece\/body-niemowlece\/\" target=\"_blank\" rel=\"noopener\"><strong>body dla dzieci<\/strong><\/a> najwy\u017cszej jako\u015bci. Znajdziesz zar\u00f3wno <a href=\"https:\/\/mama-niemowlaka.pl\/sklep\/t\/body-dla-dziewczynek\/\" target=\"_blank\" rel=\"noopener\"><strong>dziewcz\u0119ce body<\/strong><\/a> oraz <a href=\"https:\/\/mama-niemowlaka.pl\/sklep\/t\/body-dla-chlopca\/\" target=\"_blank\" rel=\"noopener\"><strong>ch\u0142opi\u0119ce body<\/strong><\/a> dla niemowl\u0105t. Sprawd\u017a pozosta\u0142e <a href=\"https:\/\/mama-niemowlaka.pl\/sklep\/c\/ubranka-niemowlece\/body-niemowlece\/\" target=\"_blank\" rel=\"noopener\"><strong>body dzieci\u0119ce<\/strong><\/a> w kategorii <a href=\"https:\/\/mama-niemowlaka.pl\/sklep\/c\/ubranka\/body\/\" target=\"_blank\" rel=\"noopener\"><strong>body dla niemowl\u0105t.<\/strong><\/a><\/p>\n<p data-pm-slice=\"1 1 []\">Skorzystaj teraz z naszych us\u0142ug i sprawd\u017a nasz\u0105 ofert\u0119 <a href=\"https:\/\/mama-niemowlaka.pl\/sklep\/ubranka-niemowlece\/\" target=\"_blank\" rel=\"noopener\"><strong>ubranek niemowl\u0119cych<\/strong><\/a> ju\u017c dzi\u015b! Wybierz wygodne body niemowl\u0119ce kopertowe oraz wiele innych <a href=\"https:\/\/mama-niemowlaka.pl\/sklep\/ubranka-niemowlece\/\" target=\"_blank\" rel=\"noopener\"><strong>ubranek dla niemowl\u0105t<\/strong><\/a>.<\/p>\n","protected":false},"excerpt":{"rendered":"<p data-pm-slice=\"1 1 []\"><a href=\"https:\/\/mama-niemowlaka.pl\/sklep\/produkt\/ubranka-niemowlece\/body-niemowlece\/body-kopertowe-dla-niemowlaka-niebieskie-kotki\/\" target=\"_blank\" rel=\"noopener\"><strong>Body kopertowe dla niemowlaka<\/strong><\/a> w kolorze niebieskim w urocze kotki. Nadruk jest trwa\u0142y i bezpieczny dla dziecka. Bawe\u0142niane body kopertowe dla ch\u0142opca posiadaj\u0105 d\u0142ugie r\u0119kawki i s\u0105 niezwykle wygodne dla najm\u0142odszych. Wygodne body rozpinane jest kopertowo na dwie zak\u0142adki, obie zapinane na bezniklowe napy. W <a href=\"https:\/\/mama-niemowlaka.pl\/sklep\/produkt\/ubranka-niemowlece\/body-niemowlece\/body-kopertowe-dla-niemowlaka-niebieskie-kotki\/\" target=\"_blank\" rel=\"noopener\"><strong>body kopertowe dla niemowlaka<\/strong><\/a> bardzo dobrze ubiera si\u0119 malutkie dziecko, zw\u0142aszcza na pocz\u0105tku pierwszych miesi\u0119cy. Ubieraj\u0105c tego rodzaju body dla noworodka zar\u00f3wno rozbieranie maluszka jak i zmiana pieluszki s\u0105 du\u017co \u0142atwiejsze.<\/p>\n<p><a href=\"https:\/\/mama-niemowlaka.pl\/sklep\/produkt\/ubranka-niemowlece\/body-niemowlece\/body-kopertowe-dla-niemowlaka-niebieskie-kotki\/\" target=\"_blank\" rel=\"noopener\"><strong>Body kopertowe dla niemowlaka <\/strong><\/a>w kolorze niebieskim w kotki dost\u0119pne s\u0105 w czterech rozmiarach: 56, 62, 68 i 74.<\/p>\n<p>Sk\u0142ad: 100% bawe\u0142na<\/p>\n","protected":false},"featured_media":13950,"template":"","meta":[],"product_brand":[],"product_cat":[137,57],"product_tag":[118,161,250,249,252,253,247,145,152,220],"class_list":{"0":"post-13945","1":"product","2":"type-product","3":"status-publish","4":"has-post-thumbnail","6":"product_cat-body-niemowlece","7":"product_cat-ubranka-niemowlece","8":"product_tag-bawelna","9":"product_tag-body-dla-niemowlat","10":"product_tag-body-dla-chlopca","11":"product_tag-body-dla-dziewczynek","12":"product_tag-body-dla-noworodka","13":"product_tag-body-kopertowe","14":"product_tag-body-z-dlugim-rekawem","15":"product_tag-ubranka-dla-niemowlat-chlopca","16":"product_tag-ubranka-dla-niemowlat-dziewczynek","17":"product_tag-ubranka-dla-noworodkow","18":"product_shipping_class-lekka","19":"pa_rozmiar-311","20":"pa_rozmiar-312","21":"pa_rozmiar-313","22":"pa_rozmiar-314","24":"first","25":"instock","26":"taxable","27":"shipping-taxable","28":"purchasable","29":"product-type-variable","30":"has-default-attributes","31":"wvs-archive-product-wrapper"},"_links":{"self":[{"href":"https:\/\/mama-niemowlaka.pl\/sklep\/wp-json\/wp\/v2\/product\/13945","targetHints":{"allow":["GET"]}}],"collection":[{"href":"https:\/\/mama-niemowlaka.pl\/sklep\/wp-json\/wp\/v2\/product"}],"about":[{"href":"https:\/\/mama-niemowlaka.pl\/sklep\/wp-json\/wp\/v2\/types\/product"}],"wp:featuredmedia":[{"embeddable":true,"href":"https:\/\/mama-niemowlaka.pl\/sklep\/wp-json\/wp\/v2\/media\/13950"}],"wp:attachment":[{"href":"https:\/\/mama-niemowlaka.pl\/sklep\/wp-json\/wp\/v2\/media?parent=13945"}],"wp:term":[{"taxonomy":"product_brand","embeddable":true,"href":"https:\/\/mama-niemowlaka.pl\/sklep\/wp-json\/wp\/v2\/product_brand?post=13945"},{"taxonomy":"product_cat","embeddable":true,"href":"https:\/\/mama-niemowlaka.pl\/sklep\/wp-json\/wp\/v2\/product_cat?post=13945"},{"taxonomy":"product_tag","embeddable":true,"href":"https:\/\/mama-niemowlaka.pl\/sklep\/wp-json\/wp\/v2\/product_tag?post=13945"}],"curies":[{"name":"wp","href":"https:\/\/api.w.org\/{rel}","templated":true}]}}