{"id":14055,"date":"2024-04-04T23:09:40","date_gmt":"2024-04-04T21:09:40","guid":{"rendered":"https:\/\/mama-niemowlaka.pl\/sklep\/?post_type=product&#038;p=14055"},"modified":"2024-08-28T17:26:14","modified_gmt":"2024-08-28T15:26:14","slug":"biale-eleganckie-body-dla-dziewczynki-krotki-rekaw-biale","status":"publish","type":"product","link":"https:\/\/mama-niemowlaka.pl\/sklep\/produkt\/ubranka-niemowlece\/body-niemowlece\/biale-eleganckie-body-dla-dziewczynki-krotki-rekaw-biale\/","title":{"rendered":"Eleganckie body niemowl\u0119ce dla dziewczynki z kr\u00f3tkim r\u0119kawem &#8211; bia\u0142e"},"content":{"rendered":"<h2 data-pm-slice=\"1 1 []\"><strong>Eleganckie body niemowl\u0119ce dla dziewczynki z kr\u00f3tkim r\u0119kawem<\/strong><\/h2>\n<p data-pm-slice=\"1 1 []\">Wyj\u0105tkowo eleganckie bia\u0142e body niemowl\u0119ce dla dziewczynki z kr\u00f3tkim r\u0119kawem. Bia\u0142e body niemowl\u0119ce z koronkowymi wyko\u0144czeniami stanowi eleganck\u0105 baz\u0119 dla innych ubranek.<\/p>\n<p data-pm-slice=\"1 1 []\"><a href=\"https:\/\/mama-niemowlaka.pl\/sklep\/produkt\/ubranka-niemowlece\/body-niemowlece\/biale-eleganckie-body-dla-dziewczynki-krotki-rekaw-biale\/\" target=\"_blank\" rel=\"noopener\"><strong>Bia\u0142e eleganckie body dla dziewczynki<\/strong><\/a> z kr\u00f3tkim r\u0119kawem to idealne rozwi\u0105zanie na specjalne okazje. Wykonane z wysokiej jako\u015bci bawe\u0142ny, bia\u0142e body dziewcz\u0119ce jest wyko\u0144czone urocz\u0105 koronk\u0105 przy dekolcie i r\u0119kawach. Mo\u017cliwo\u015b\u0107 rozpi\u0119cia na bezniklowe napki sprawia, \u017ce ubranko jest praktyczne w u\u017cytkowaniu. Klasyczne body niemowl\u0119ce z koronk\u0105 to zawsze modny wyb\u00f3r, kt\u00f3ry dodaje dziewcz\u0119cej elegancji i uroku. Doskona\u0142y str\u00f3j na Chrzest lub inne uroczysto\u015bci dla ma\u0142ej damy. Bia\u0142e body dziewcz\u0119ce s\u0105 wyj\u0105tkowe i eleganckie, sprawi\u0105 \u017ce Twoja c\u00f3reczka b\u0119dzie wygl\u0105da\u0107 uroczo.<\/p>\n<h2 data-pm-slice=\"1 1 []\"><strong>Ubranka niemowl\u0119ce &#8211; modne body niemowl\u0119ce w sklepie <\/strong><a href=\"https:\/\/www.mama-niemowlaka.pl\"><strong>mama-niemowlaka.pl<\/strong><\/a><\/h2>\n<p data-pm-slice=\"1 1 []\">Odwied\u017a nasz sklep internetowy <a href=\"https:\/\/www.mama-niemowlaka.pl\"><strong>mama-niemowlaka.pl<\/strong><\/a>, gdzie znajdziesz szeroki wyb\u00f3r najwy\u017cszej jako\u015bci <a href=\"https:\/\/mama-niemowlaka.pl\/sklep\/ubranka-niemowlece\/\" target=\"_blank\" rel=\"noopener\"><strong>ubranek niemowl\u0119cych<\/strong><\/a>. Gwarantujemy wysy\u0142k\u0119 zam\u00f3wienia w ci\u0105gu 48 godzin oraz darmow\u0105 wymian\u0119 towaru lub mo\u017cliwo\u015b\u0107 zwrotu w ci\u0105gu 14 dni. Co wi\u0119cej, je\u015bli zam\u00f3wisz za minimum 249 PLN, dostawa b\u0119dzie ca\u0142kowicie darmowa.<\/p>\n<p data-pm-slice=\"1 1 []\">Nasze <a href=\"https:\/\/mama-niemowlaka.pl\/sklep\/c\/ubranka-niemowlece\/body-niemowlece\/\" target=\"_blank\" rel=\"noopener\"><strong>body dzieci\u0119ce<\/strong><\/a> to wygodne i bezpieczne <a href=\"https:\/\/mama-niemowlaka.pl\/sklep\/c\/ubranka-niemowlece\/body-niemowlece\/\" target=\"_blank\" rel=\"noopener\"><strong>body dla niemowl\u0105t<\/strong><\/a>. W naszym sklepie znajdziesz <a href=\"https:\/\/mama-niemowlaka.pl\/sklep\/t\/body-z-dlugim-rekawem\/\" target=\"_blank\" rel=\"noopener\"><strong>body niemowl\u0119ce d\u0142ugi r\u0119kaw<\/strong><\/a>, body niemowl\u0119ce z kr\u00f3tkim r\u0119kawem, <a href=\"https:\/\/mama-niemowlaka.pl\/sklep\/c\/ubranka-niemowlece\/body-niemowlece\/\" target=\"_blank\" rel=\"noopener\"><strong>body niemowl\u0119ce bawe\u0142niane<\/strong><\/a>, <a href=\"https:\/\/mama-niemowlaka.pl\/sklep\/c\/ubranka-niemowlece\/body-niemowlece\/\" target=\"_blank\" rel=\"noopener\"><strong>body niemowl\u0119ce pr\u0105\u017ckowane<\/strong><\/a>, <a href=\"https:\/\/mama-niemowlaka.pl\/sklep\/t\/body-kopertowe\/\" target=\"_blank\" rel=\"noopener\"><strong>body kopertowe dla niemowlaka, eleganckie body niemowl\u0119ce <\/strong><\/a>oraz wiele innych ubranek dzieci\u0119cych. W naszym sklepie kupisz <a href=\"https:\/\/mama-niemowlaka.pl\/sklep\/c\/ubranka-niemowlece\/body-niemowlece\/\" target=\"_blank\" rel=\"noopener\"><strong>body dla dzieci<\/strong><\/a> najwy\u017cszej jako\u015bci. Znajdziesz zar\u00f3wno <a href=\"https:\/\/mama-niemowlaka.pl\/sklep\/t\/body-dla-dziewczynek\/\" target=\"_blank\" rel=\"noopener\"><strong>dziewcz\u0119ce body<\/strong><\/a> oraz <a href=\"https:\/\/mama-niemowlaka.pl\/sklep\/t\/body-dla-chlopca\/\" target=\"_blank\" rel=\"noopener\"><strong>ch\u0142opi\u0119ce body<\/strong><\/a> dla niemowl\u0105t. Sprawd\u017a pozosta\u0142e <a href=\"https:\/\/mama-niemowlaka.pl\/sklep\/c\/ubranka-niemowlece\/body-niemowlece\/\" target=\"_blank\" rel=\"noopener\"><strong>body dzieci\u0119ce<\/strong><\/a> w kategorii <a href=\"https:\/\/mama-niemowlaka.pl\/sklep\/c\/ubranka\/body\/\" target=\"_blank\" rel=\"noopener\"><strong>body dla niemowl\u0105t.<\/strong><\/a><\/p>\n<p data-pm-slice=\"1 1 []\">Skorzystaj teraz z naszych us\u0142ug i sprawd\u017a nasz\u0105 ofert\u0119 <a href=\"https:\/\/mama-niemowlaka.pl\/sklep\/ubranka-niemowlece\/\" target=\"_blank\" rel=\"noopener\"><strong>ubranek niemowl\u0119cych<\/strong><\/a> ju\u017c dzi\u015b! Wybierz wygodne body niemowl\u0119ce kopertowe oraz wiele innych <a href=\"https:\/\/mama-niemowlaka.pl\/sklep\/ubranka-niemowlece\/\" target=\"_blank\" rel=\"noopener\"><strong>ubranek dla niemowl\u0105t<\/strong><\/a>.<\/p>\n<div>Tabela rozmiar\u00f3w<\/div>\n<div>\n<table border=\"1\">\n<tbody>\n<tr>\n<td>Wzrost<\/td>\n<td>Obw\u00f3d w klatce piersiowej<\/td>\n<td>Obw\u00f3d pasa<\/td>\n<td>Obw\u00f3d bioder<\/td>\n<\/tr>\n<tr>\n<td style=\"text-align: center\">56<\/td>\n<td style=\"text-align: center\">42<\/td>\n<td style=\"text-align: center\">45<\/td>\n<td style=\"text-align: center\">46<\/td>\n<\/tr>\n<tr>\n<td style=\"text-align: center\">62<\/td>\n<td style=\"text-align: center\">44<\/td>\n<td style=\"text-align: center\">47<\/td>\n<td style=\"text-align: center\">48<\/td>\n<\/tr>\n<tr>\n<td style=\"text-align: center\">68<\/td>\n<td style=\"text-align: center\">46<\/td>\n<td style=\"text-align: center\">49<\/td>\n<td style=\"text-align: center\">50<\/td>\n<\/tr>\n<tr>\n<td style=\"text-align: center\">74<\/td>\n<td style=\"text-align: center\">48<\/td>\n<td style=\"text-align: center\">51<\/td>\n<td style=\"text-align: center\">52<\/td>\n<\/tr>\n<tr>\n<td style=\"text-align: center\">80<\/td>\n<td style=\"text-align: center\">50<\/td>\n<td style=\"text-align: center\">53<\/td>\n<td style=\"text-align: center\">54<\/td>\n<\/tr>\n<tr>\n<td style=\"text-align: center\">86<\/td>\n<td style=\"text-align: center\">52<\/td>\n<td style=\"text-align: center\">55<\/td>\n<td style=\"text-align: center\">56<\/td>\n<\/tr>\n<\/tbody>\n<\/table>\n<\/div>\n","protected":false},"excerpt":{"rendered":"<p data-pm-slice=\"1 1 []\"><a href=\"https:\/\/mama-niemowlaka.pl\/sklep\/produkt\/ubranka-niemowlece\/body-niemowlece\/biale-eleganckie-body-dla-dziewczynki-krotki-rekaw-biale\/\" target=\"_blank\" rel=\"noopener\"><strong>Bia\u0142e eleganckie body niemowl\u0119ce dla dziewczynki<\/strong><\/a> z kr\u00f3tkim r\u0119kawem. Wysokiej jako\u015bci body niemowl\u0119ce wyko\u0144czone przy dekolcie oraz r\u0119kawach urocz\u0105 koronk\u0105. Body niemowl\u0119ce rozpinane w kroku i na ramionku na bezniklowe napki. Bia\u0142e body dziewcz\u0119ce z koronk\u0105 to zawsze modna klasyka. Idealne ubranko niemowl\u0119ce na specjalne okazje jak Chrzest czy inne uroczysto\u015bci.<\/p>\n<p>Bia\u0142e body niemowl\u0119ce dla dziewczynki z kr\u00f3tkim r\u0119kawem dost\u0119pne s\u0105 w o\u015bmiu rozmiarach: 56, 62, 68, 74, 80, 86, 92 i 98.<\/p>\n<p>Sk\u0142ad: 100% bawe\u0142na<\/p>\n<p>Produkt Polski<br \/>\nProducent Artex<\/p>\n","protected":false},"featured_media":14065,"template":"","meta":[],"product_brand":[],"product_cat":[137,57],"product_tag":[118,161,249,252,251,125,152,248,162,355,220,344,184],"class_list":{"0":"post-14055","1":"product","2":"type-product","3":"status-publish","4":"has-post-thumbnail","6":"product_cat-body-niemowlece","7":"product_cat-ubranka-niemowlece","8":"product_tag-bawelna","9":"product_tag-body-dla-niemowlat","10":"product_tag-body-dla-dziewczynek","11":"product_tag-body-dla-noworodka","12":"product_tag-body-z-krotkim-rekawem","13":"product_tag-ubranka-do-chrztu","14":"product_tag-ubranka-dla-niemowlat-dziewczynek","15":"product_tag-eleganckie-body","16":"product_tag-lato","17":"product_tag-letnie-ubranka-dla-niemowlat","18":"product_tag-ubranka-dla-noworodkow","19":"product_tag-ubranka-do-chrztu-dla-dziewczynki","20":"product_tag-z-krotkim-rekawem","21":"product_shipping_class-lekka","22":"pa_rozmiar-311","23":"pa_rozmiar-312","24":"pa_rozmiar-313","25":"pa_rozmiar-314","26":"pa_rozmiar-315","27":"pa_rozmiar-316","28":"pa_rozmiar-317","29":"pa_rozmiar-318","31":"first","32":"instock","33":"taxable","34":"shipping-taxable","35":"purchasable","36":"product-type-variable","37":"has-default-attributes","38":"wvs-archive-product-wrapper"},"_links":{"self":[{"href":"https:\/\/mama-niemowlaka.pl\/sklep\/wp-json\/wp\/v2\/product\/14055","targetHints":{"allow":["GET"]}}],"collection":[{"href":"https:\/\/mama-niemowlaka.pl\/sklep\/wp-json\/wp\/v2\/product"}],"about":[{"href":"https:\/\/mama-niemowlaka.pl\/sklep\/wp-json\/wp\/v2\/types\/product"}],"wp:featuredmedia":[{"embeddable":true,"href":"https:\/\/mama-niemowlaka.pl\/sklep\/wp-json\/wp\/v2\/media\/14065"}],"wp:attachment":[{"href":"https:\/\/mama-niemowlaka.pl\/sklep\/wp-json\/wp\/v2\/media?parent=14055"}],"wp:term":[{"taxonomy":"product_brand","embeddable":true,"href":"https:\/\/mama-niemowlaka.pl\/sklep\/wp-json\/wp\/v2\/product_brand?post=14055"},{"taxonomy":"product_cat","embeddable":true,"href":"https:\/\/mama-niemowlaka.pl\/sklep\/wp-json\/wp\/v2\/product_cat?post=14055"},{"taxonomy":"product_tag","embeddable":true,"href":"https:\/\/mama-niemowlaka.pl\/sklep\/wp-json\/wp\/v2\/product_tag?post=14055"}],"curies":[{"name":"wp","href":"https:\/\/api.w.org\/{rel}","templated":true}]}}