{"id":14127,"date":"2024-04-18T22:07:29","date_gmt":"2024-04-18T20:07:29","guid":{"rendered":"https:\/\/mama-niemowlaka.pl\/sklep\/?post_type=product&#038;p=14127"},"modified":"2026-03-05T22:47:49","modified_gmt":"2026-03-05T21:47:49","slug":"body-z-krotkim-rekawem-dla-chlopca-niebieskie","status":"publish","type":"product","link":"https:\/\/mama-niemowlaka.pl\/sklep\/produkt\/ubranka-niemowlece\/body-niemowlece\/body-z-krotkim-rekawem-dla-chlopca-niebieskie\/","title":{"rendered":"Niebieskie body niemowl\u0119ce z kr\u00f3tkim r\u0119kawem"},"content":{"rendered":"<h2 data-pm-slice=\"1 1 []\"><strong>Komfortowe body z kr\u00f3tkim r\u0119kawem dla ch\u0142opca<\/strong><\/h2>\n<p data-pm-slice=\"1 1 []\">Je\u017celi szykujesz wyprawk\u0119 dla swojej pociechy, powinno si\u0119 w niej znale\u017a\u0107 <a href=\"https:\/\/mama-niemowlaka.pl\/sklep\/c\/ubranka-niemowlece\/body-niemowlece\/\" target=\"_blank\" rel=\"noopener\"><strong>body niemowl\u0119ce<\/strong><\/a> z kr\u00f3tkim r\u0119kawem. <a href=\"https:\/\/mama-niemowlaka.pl\/sklep\/t\/body-z-krotkim-rekawem\/\" target=\"_blank\" rel=\"noopener\"><strong>Body z kr\u00f3tkim r\u0119kawem<\/strong><\/a> stanowi obok pajacyk\u00f3w i \u015bpioszk\u00f3w jeden z najwa\u017cniejszych element\u00f3w szafy bobasa. S\u0105 odpowiednie na lato i w ch\u0142odniejsze dni do bluzy i sweterka. W dzieci\u0119cej garderobie warto mie\u0107 przynajmniej kilka takich ubranek.<\/p>\n<p data-pm-slice=\"1 1 []\">Niebieskie <a href=\"https:\/\/mama-niemowlaka.pl\/sklep\/produkt\/ubranka-niemowlece\/body-niemowlece\/body-z-krotkim-rekawem-dla-chlopca-niebieskie\/\" target=\"_blank\" rel=\"noopener\"><strong>body z kr\u00f3tkim r\u0119kawem dla ch\u0142opca<\/strong><\/a> stanowi\u0105 doskona\u0142\u0105 baz\u0119 do wielu stylizacji. <a href=\"https:\/\/mama-niemowlaka.pl\/sklep\/t\/body-dla-chlopca\/\" target=\"_blank\" rel=\"noopener\"><strong>Body dla ch\u0142opc\u00f3w<\/strong><\/a> wykonane s\u0105 ze 100% mi\u0119kkiej bawe\u0142ny. Na ramionkach i w kroku maj\u0105 bezpieczne napki. <a href=\"https:\/\/mama-niemowlaka.pl\/sklep\/t\/body-z-krotkim-rekawem\/\" target=\"_blank\" rel=\"noopener\"><strong>Body z kr\u00f3tkim r\u0119kawem<\/strong><\/a> zak\u0142ada si\u0119 bezpo\u015brednio na delikatn\u0105 sk\u00f3r\u0119 dziecka, a poniewa\u017c s\u0105 wykonane z bawe\u0142ny nasze <a href=\"https:\/\/mama-niemowlaka.pl\/sklep\/produkt\/ubranka-niemowlece\/body-niemowlece\/body-z-krotkim-rekawem-dla-chlopca-niebieskie\/\" target=\"_blank\" rel=\"noopener\"><strong>niebieskie body z kr\u00f3tkim r\u0119kawem dla ch\u0142opca<\/strong><\/a> s\u0105 odpowiednie od pierwszych dni \u017cycia.<\/p>\n<p data-pm-slice=\"1 1 []\">Kup ju\u017c dzi\u015b to niezb\u0119dne ubranko niemowl\u0119ce jak s\u0105 nasze komfortowe <a href=\"https:\/\/mama-niemowlaka.pl\/sklep\/t\/body-dla-chlopca\/\" target=\"_blank\" rel=\"noopener\"><strong>body dla ch\u0142opc\u00f3w<\/strong><\/a> z kr\u00f3tkim r\u0119kawem.<\/p>\n<h2 data-pm-slice=\"1 1 []\"><strong>Wygodne body niemowl\u0119ce w sklepie <\/strong><a href=\"https:\/\/mama-niemowlaka.pl\"><strong>mama-niemowlaka.pl<\/strong><\/a><\/h2>\n<p data-pm-slice=\"1 1 []\">Nasze <a href=\"https:\/\/mama-niemowlaka.pl\/sklep\/c\/ubranka-niemowlece\/body-niemowlece\/\" target=\"_blank\" rel=\"noopener\"><strong>body dzieci\u0119ce<\/strong><\/a> to wygodne i bezpieczne <a href=\"https:\/\/mama-niemowlaka.pl\/sklep\/c\/ubranka-niemowlece\/body-niemowlece\/\" target=\"_blank\" rel=\"noopener\"><strong>body dla niemowl\u0105t<\/strong><\/a>. W naszym sklepie znajdziesz <a href=\"https:\/\/mama-niemowlaka.pl\/sklep\/t\/body-z-dlugim-rekawem\/\" target=\"_blank\" rel=\"noopener\"><strong>body niemowl\u0119ce z d\u0142ugim r\u0119kawem<\/strong><\/a>, <a href=\"https:\/\/mama-niemowlaka.pl\/sklep\/t\/body-z-krotkim-rekawem\/\" target=\"_blank\" rel=\"noopener\"><strong>body niemowl\u0119ce z kr\u00f3tkim r\u0119kawem<\/strong><\/a>, <a href=\"https:\/\/mama-niemowlaka.pl\/sklep\/c\/ubranka-niemowlece\/body-niemowlece\/\" target=\"_blank\" rel=\"noopener\"><strong>body niemowl\u0119ce bawe\u0142niane<\/strong><\/a>, <a href=\"https:\/\/mama-niemowlaka.pl\/sklep\/c\/ubranka-niemowlece\/body-niemowlece\/\" target=\"_blank\" rel=\"noopener\"><strong>body niemowl\u0119ce pr\u0105\u017ckowane<\/strong><\/a>, <a href=\"https:\/\/mama-niemowlaka.pl\/sklep\/t\/body-kopertowe\/\" target=\"_blank\" rel=\"noopener\"><strong>body niemowl\u0119ce kopertowe, eleganckie body niemowl\u0119ce <\/strong><\/a>oraz wiele innych ubranek dzieci\u0119cych. W naszym sklepie kupisz <a href=\"https:\/\/mama-niemowlaka.pl\/sklep\/c\/ubranka-niemowlece\/body-niemowlece\/\" target=\"_blank\" rel=\"noopener\"><strong>body dla dzieci<\/strong><\/a> najwy\u017cszej jako\u015bci. Znajdziesz zar\u00f3wno <a href=\"https:\/\/mama-niemowlaka.pl\/sklep\/t\/body-dla-dziewczynek\/\" target=\"_blank\" rel=\"noopener\"><strong>dziewcz\u0119ce body<\/strong><\/a> oraz <a href=\"https:\/\/mama-niemowlaka.pl\/sklep\/t\/body-dla-chlopca\/\" target=\"_blank\" rel=\"noopener\"><strong>ch\u0142opi\u0119ce body<\/strong><\/a> dla niemowl\u0105t. Sprawd\u017a pozosta\u0142e <a href=\"https:\/\/mama-niemowlaka.pl\/sklep\/c\/ubranka-niemowlece\/body-niemowlece\/\" target=\"_blank\" rel=\"noopener\"><strong>body dzieci\u0119ce<\/strong><\/a> w kategorii <a href=\"https:\/\/mama-niemowlaka.pl\/sklep\/c\/ubranka\/body\/\" target=\"_blank\" rel=\"noopener\"><strong>body dla niemowl\u0105t.<\/strong><\/a><\/p>\n<p data-pm-slice=\"1 1 []\">Skorzystaj teraz z naszych us\u0142ug i sprawd\u017a nasz\u0105 ofert\u0119 <a href=\"https:\/\/mama-niemowlaka.pl\/sklep\/ubranka-niemowlece\/\" target=\"_blank\" rel=\"noopener\"><strong>ubranek niemowl\u0119cych<\/strong><\/a> ju\u017c dzi\u015b! Wybierz wygodne bawe\u0142niane body niemowl\u0119ce oraz wiele innych <a href=\"https:\/\/mama-niemowlaka.pl\/sklep\/ubranka-niemowlece\/\" target=\"_blank\" rel=\"noopener\"><strong>ubranek dla niemowl\u0105t<\/strong><\/a>.<\/p>\n<p><strong>Tabela rozmiar\u00f3w :<\/strong><\/p>\n<table>\n<tbody>\n<tr>\n<td><b>Rozmiar<\/b><\/td>\n<td><b>\u00a0 62\u00a0<\/b><\/td>\n<td><b>\u00a0 68\u00a0<\/b><\/td>\n<td><b>\u00a0 74\u00a0<\/b><\/td>\n<td><b>\u00a0 80\u00a0<\/b><\/td>\n<\/tr>\n<tr>\n<td><span style=\"font-weight: 400\">D\u0142ugo\u015b\u0107 ca\u0142kowita<\/span><\/td>\n<td><span style=\"font-weight: 400\">\u00a038 cm\u00a0<\/span><\/td>\n<td><span style=\"font-weight: 400\">\u00a040 cm\u00a0<\/span><\/td>\n<td><span style=\"font-weight: 400\">\u00a042 cm\u00a0<\/span><\/td>\n<td><span style=\"font-weight: 400\">\u00a044 cm\u00a0<\/span><\/td>\n<\/tr>\n<tr>\n<td><span style=\"font-weight: 400\">Szeroko\u015b\u0107<\/span><\/td>\n<td><span style=\"font-weight: 400\">\u00a020 cm\u00a0<\/span><\/td>\n<td><span style=\"font-weight: 400\">\u00a022 cm\u00a0<\/span><\/td>\n<td><span style=\"font-weight: 400\">\u00a024 cm\u00a0<\/span><\/td>\n<td><span style=\"font-weight: 400\">\u00a026 cm\u00a0<\/span><\/td>\n<\/tr>\n<\/tbody>\n<\/table>\n","protected":false},"excerpt":{"rendered":"<p data-pm-slice=\"1 1 []\">G\u0142adkie, niebieskie body z kr\u00f3tkim r\u0119kawem zapinane na ramionku i w kroku na napki. Wysokiej jako\u015bci bawe\u0142niane body z kr\u00f3tkim r\u0119kawem to model ca\u0142oroczny. Praktyczne napy w kroku pozwalaj\u0105 na szybk\u0105 zmian\u0119 pieluszki, a dodatkowo zapi\u0119cia na ramieniu pomog\u0105 sprawnie zmieni\u0107 ubranko. Delikatna bawe\u0142na, z kt\u00f3rej s\u0105 uszyte <a href=\"https:\/\/mama-niemowlaka.pl\/sklep\/t\/body-dla-chlopca\/\" target=\"_blank\" rel=\"noopener\"><strong>body niemowl\u0119ce dla ch\u0142opca<\/strong><\/a> nie podra\u017cnia sk\u00f3ry dziecka i dobrze si\u0119 uk\u0142ada.<\/p>\n<p><a href=\"https:\/\/mama-niemowlaka.pl\/sklep\/produkt\/ubranka-niemowlece\/body-niemowlece\/body-z-krotkim-rekawem-dla-chlopca-niebieskie\/\" target=\"_blank\" rel=\"noopener\"><strong>Body z kr\u00f3tkim r\u0119kawem dla ch\u0142opca<\/strong><\/a> dost\u0119pne s\u0105 w czterech rozmiarach: 62, 68, 74 i 80.<\/p>\n<p>Sk\u0142ad: 100% bawe\u0142ny<\/p>\n<p>&nbsp;<\/p>\n","protected":false},"featured_media":14135,"template":"","meta":[],"product_brand":[],"product_cat":[137,57],"product_tag":[118,161,250,252,251,145,248,359,355,220,180,184],"class_list":{"0":"post-14127","1":"product","2":"type-product","3":"status-publish","4":"has-post-thumbnail","6":"product_cat-body-niemowlece","7":"product_cat-ubranka-niemowlece","8":"product_tag-bawelna","9":"product_tag-body-dla-niemowlat","10":"product_tag-body-dla-chlopca","11":"product_tag-body-dla-noworodka","12":"product_tag-body-z-krotkim-rekawem","13":"product_tag-ubranka-dla-niemowlat-chlopca","14":"product_tag-eleganckie-body","15":"product_tag-ubranka-dla-niemowlaka-chlopca-na-lato","16":"product_tag-letnie-ubranka-dla-niemowlat","17":"product_tag-ubranka-dla-noworodkow","18":"product_tag-nowosc","19":"product_tag-z-krotkim-rekawem","20":"product_shipping_class-lekka","21":"pa_rozmiar-312","22":"pa_rozmiar-313","23":"pa_rozmiar-314","24":"pa_rozmiar-315","26":"first","27":"instock","28":"taxable","29":"shipping-taxable","30":"purchasable","31":"product-type-variable","32":"has-default-attributes","33":"wvs-archive-product-wrapper"},"_links":{"self":[{"href":"https:\/\/mama-niemowlaka.pl\/sklep\/wp-json\/wp\/v2\/product\/14127","targetHints":{"allow":["GET"]}}],"collection":[{"href":"https:\/\/mama-niemowlaka.pl\/sklep\/wp-json\/wp\/v2\/product"}],"about":[{"href":"https:\/\/mama-niemowlaka.pl\/sklep\/wp-json\/wp\/v2\/types\/product"}],"wp:featuredmedia":[{"embeddable":true,"href":"https:\/\/mama-niemowlaka.pl\/sklep\/wp-json\/wp\/v2\/media\/14135"}],"wp:attachment":[{"href":"https:\/\/mama-niemowlaka.pl\/sklep\/wp-json\/wp\/v2\/media?parent=14127"}],"wp:term":[{"taxonomy":"product_brand","embeddable":true,"href":"https:\/\/mama-niemowlaka.pl\/sklep\/wp-json\/wp\/v2\/product_brand?post=14127"},{"taxonomy":"product_cat","embeddable":true,"href":"https:\/\/mama-niemowlaka.pl\/sklep\/wp-json\/wp\/v2\/product_cat?post=14127"},{"taxonomy":"product_tag","embeddable":true,"href":"https:\/\/mama-niemowlaka.pl\/sklep\/wp-json\/wp\/v2\/product_tag?post=14127"}],"curies":[{"name":"wp","href":"https:\/\/api.w.org\/{rel}","templated":true}]}}