{"id":14179,"date":"2024-05-02T20:00:47","date_gmt":"2024-05-02T18:00:47","guid":{"rendered":"https:\/\/mama-niemowlaka.pl\/sklep\/?post_type=product&#038;p=14179"},"modified":"2025-09-10T10:14:33","modified_gmt":"2025-09-10T08:14:33","slug":"azurowe-body-niemowlece-z-dlugim-rekawem-niebieskie","status":"publish","type":"product","link":"https:\/\/mama-niemowlaka.pl\/sklep\/produkt\/ubranka-niemowlece\/body-niemowlece\/azurowe-body-niemowlece-z-dlugim-rekawem-niebieskie\/","title":{"rendered":"Body niemowl\u0119ce a\u017curowe z d\u0142ugim r\u0119kawem &#8211; niebieskie"},"content":{"rendered":"<h2 data-pm-slice=\"1 1 []\"><strong>A\u017curowe body niemow<\/strong><strong>l\u0119ce z d\u0142ugim r\u0119kawem<\/strong><\/h2>\n<p data-pm-slice=\"1 1 []\">Je\u017celi szykujesz wyprawk\u0119 dla swojej pociechy, powinno si\u0119 w niej znale\u017a\u0107 g\u0142adkie body dla niemowl\u0105t. <a href=\"https:\/\/mama-niemowlaka.pl\/sklep\/produkt\/ubranka-niemowlece\/body-niemowlece\/azurowe-body-niemowlece-z-dlugim-rekawem-niebieskie\/\" target=\"_blank\" rel=\"noopener\"><strong>A\u017curowe body niemowl\u0119ce z d\u0142ugim r\u0119kawem<\/strong><\/a> stanowi obok pajacyk\u00f3w i \u015bpioszk\u00f3w jeden z najwa\u017cniejszych element\u00f3w szafy bobasa. S\u0105 odpowiednie na lato i w ch\u0142odniejsze dni do bluzy i sweterka.<\/p>\n<p data-pm-slice=\"1 1 []\">Niebieskie a\u017curkowe body stanowi\u0105 doskona\u0142\u0105 baz\u0119 do wielu stylizacji. Body niemowl\u0119ce wykonane s\u0105 ze 100% mi\u0119kkiej bawe\u0142ny. W kroku maj\u0105 bezpieczne napki. Body z d\u0142ugim r\u0119kawem zak\u0142ada si\u0119 bezpo\u015brednio na delikatn\u0105 sk\u00f3r\u0119 dziecka, a poniewa\u017c s\u0105 wykonane z przewiewnej bawe\u0142ny nasze <a href=\"https:\/\/mama-niemowlaka.pl\/sklep\/produkt\/ubranka-niemowlece\/body-niemowlece\/azurowe-body-niemowlece-z-dlugim-rekawem-niebieskie\/\" target=\"_blank\" rel=\"noopener\"><strong>a\u017curowe body niemowl\u0119ce z d\u0142ugim r\u0119kawem<\/strong><\/a> s\u0105 odpowiednie od pierwszych dni \u017cycia. Body niemowl\u0119ce to stanowi niezb\u0119dn\u0105 cz\u0119\u015b\u0107 wyprawki dla niemowlaka.<\/p>\n<h2 data-pm-slice=\"1 1 []\"><strong>Szeroki wyb\u00f3r ubranek dla niemowl\u0105t w sklepie <\/strong><a href=\"http:\/\/mama-niemowlaka.pl\"><strong>mama-niemowlaka.pl<\/strong><\/a><\/h2>\n<p data-pm-slice=\"1 1 []\">Nasze <a href=\"https:\/\/mama-niemowlaka.pl\/sklep\/c\/ubranka-niemowlece\/body-niemowlece\/\" target=\"_blank\" rel=\"noopener\"><strong>body dzieci\u0119ce<\/strong><\/a> to wygodne i bezpieczne <a href=\"https:\/\/mama-niemowlaka.pl\/sklep\/c\/ubranka-niemowlece\/body-niemowlece\/\" target=\"_blank\" rel=\"noopener\"><strong>body dla niemowl\u0105t<\/strong><\/a>. W naszym sklepie znajdziesz <a href=\"https:\/\/mama-niemowlaka.pl\/sklep\/t\/body-z-dlugim-rekawem\/\" target=\"_blank\" rel=\"noopener\"><strong>body niemowl\u0119ce d\u0142ugi r\u0119kaw<\/strong><\/a>, <a href=\"https:\/\/mama-niemowlaka.pl\/sklep\/t\/body-z-krotkim-rekawem\/\" target=\"_blank\" rel=\"noopener\"><strong>body niemowl\u0119ce z kr\u00f3tkim r\u0119kawem<\/strong><\/a>, <a href=\"https:\/\/mama-niemowlaka.pl\/sklep\/c\/ubranka-niemowlece\/body-niemowlece\/\" target=\"_blank\" rel=\"noopener\"><strong>body niemowl\u0119ce bawe\u0142niane<\/strong><\/a>, <a href=\"https:\/\/mama-niemowlaka.pl\/sklep\/c\/ubranka-niemowlece\/body-niemowlece\/\" target=\"_blank\" rel=\"noopener\"><strong>body niemowl\u0119ce pr\u0105\u017ckowane<\/strong><\/a>, <a href=\"https:\/\/mama-niemowlaka.pl\/sklep\/t\/body-kopertowe\/\" target=\"_blank\" rel=\"noopener\"><strong>body kopertowe dla niemowlaka, eleganckie body niemowl\u0119ce <\/strong><\/a>oraz wiele innych ubranek dzieci\u0119cych. W naszym sklepie kupisz <a href=\"https:\/\/mama-niemowlaka.pl\/sklep\/c\/ubranka-niemowlece\/body-niemowlece\/\" target=\"_blank\" rel=\"noopener\"><strong>body dla dzieci<\/strong><\/a> najwy\u017cszej jako\u015bci. Znajdziesz zar\u00f3wno <a href=\"https:\/\/mama-niemowlaka.pl\/sklep\/t\/body-dla-dziewczynek\/\" target=\"_blank\" rel=\"noopener\"><strong>dziewcz\u0119ce body<\/strong><\/a> oraz <a href=\"https:\/\/mama-niemowlaka.pl\/sklep\/t\/body-dla-chlopca\/\" target=\"_blank\" rel=\"noopener\"><strong>ch\u0142opi\u0119ce body<\/strong><\/a> dla niemowl\u0105t. Sprawd\u017a pozosta\u0142e <a href=\"https:\/\/mama-niemowlaka.pl\/sklep\/c\/ubranka-niemowlece\/body-niemowlece\/\" target=\"_blank\" rel=\"noopener\"><strong>body dzieci\u0119ce<\/strong><\/a> w kategorii <a href=\"https:\/\/mama-niemowlaka.pl\/sklep\/c\/ubranka\/body\/\" target=\"_blank\" rel=\"noopener\"><strong>body dla niemowl\u0105t.<\/strong><\/a><\/p>\n<p>Skorzystaj teraz z naszych us\u0142ug i sprawd\u017a nasz\u0105 ofert\u0119 <a href=\"https:\/\/mama-niemowlaka.pl\/sklep\/ubranka-niemowlece\/\" target=\"_blank\" rel=\"noopener\"><strong>ubranek niemowl\u0119cych<\/strong><\/a> ju\u017c dzi\u015b! Wybierz wygodne body dla niemowlaka oraz wiele innych <a href=\"https:\/\/mama-niemowlaka.pl\/sklep\/ubranka-niemowlece\/\" target=\"_blank\" rel=\"noopener\"><strong>ubranek dla niemowl\u0105t<\/strong><\/a>.<\/p>\n","protected":false},"excerpt":{"rendered":"<p data-pm-slice=\"1 1 []\">A\u017curowe, niebieskie body z d\u0142ugim r\u0119kawem zapinane w kroku na napki. Praktyczne napy w kroku pozwalaj\u0105 na szybk\u0105 zmian\u0119 pieluszki. Delikatna bawe\u0142na, z kt\u00f3rej s\u0105 uszyte niebieskie body a\u017curowe niemowl\u0119ce nie podra\u017cnia sk\u00f3ry dziecka i dobrze si\u0119 uk\u0142ada. Niebieskie a\u017curkowe body to doskona\u0142y wyb\u00f3r na cieplejsze dni.<\/p>\n<p><a href=\"https:\/\/mama-niemowlaka.pl\/sklep\/produkt\/ubranka-niemowlece\/body-niemowlece\/azurowe-body-niemowlece-z-dlugim-rekawem-niebieskie\/\" target=\"_blank\" rel=\"noopener\"><strong>A\u017curowe body niemowl\u0119ce z d\u0142ugim r\u0119kawem<\/strong><\/a> w kolorze niebieskim dost\u0119pne s\u0105 w czterech rozmiarach: 56, 62, 68 i 74.<\/p>\n<p>Sk\u0142ad: 100% bawe\u0142ny<\/p>\n","protected":false},"featured_media":14242,"template":"","meta":[],"product_brand":[],"product_cat":[137,57],"product_tag":[118,161,250,252,247,145,350,359,355,220,180],"class_list":{"0":"post-14179","1":"product","2":"type-product","3":"status-publish","4":"has-post-thumbnail","6":"product_cat-body-niemowlece","7":"product_cat-ubranka-niemowlece","8":"product_tag-bawelna","9":"product_tag-body-dla-niemowlat","10":"product_tag-body-dla-chlopca","11":"product_tag-body-dla-noworodka","12":"product_tag-body-z-dlugim-rekawem","13":"product_tag-ubranka-dla-niemowlat-chlopca","14":"product_tag-dzianina-azurowa","15":"product_tag-ubranka-dla-niemowlaka-chlopca-na-lato","16":"product_tag-letnie-ubranka-dla-niemowlat","17":"product_tag-ubranka-dla-noworodkow","18":"product_tag-nowosc","19":"product_shipping_class-lekka","20":"pa_rozmiar-311","21":"pa_rozmiar-312","22":"pa_rozmiar-313","23":"pa_rozmiar-314","25":"first","26":"instock","27":"taxable","28":"shipping-taxable","29":"purchasable","30":"product-type-variable","31":"has-default-attributes","32":"wvs-archive-product-wrapper"},"_links":{"self":[{"href":"https:\/\/mama-niemowlaka.pl\/sklep\/wp-json\/wp\/v2\/product\/14179","targetHints":{"allow":["GET"]}}],"collection":[{"href":"https:\/\/mama-niemowlaka.pl\/sklep\/wp-json\/wp\/v2\/product"}],"about":[{"href":"https:\/\/mama-niemowlaka.pl\/sklep\/wp-json\/wp\/v2\/types\/product"}],"wp:featuredmedia":[{"embeddable":true,"href":"https:\/\/mama-niemowlaka.pl\/sklep\/wp-json\/wp\/v2\/media\/14242"}],"wp:attachment":[{"href":"https:\/\/mama-niemowlaka.pl\/sklep\/wp-json\/wp\/v2\/media?parent=14179"}],"wp:term":[{"taxonomy":"product_brand","embeddable":true,"href":"https:\/\/mama-niemowlaka.pl\/sklep\/wp-json\/wp\/v2\/product_brand?post=14179"},{"taxonomy":"product_cat","embeddable":true,"href":"https:\/\/mama-niemowlaka.pl\/sklep\/wp-json\/wp\/v2\/product_cat?post=14179"},{"taxonomy":"product_tag","embeddable":true,"href":"https:\/\/mama-niemowlaka.pl\/sklep\/wp-json\/wp\/v2\/product_tag?post=14179"}],"curies":[{"name":"wp","href":"https:\/\/api.w.org\/{rel}","templated":true}]}}