{"id":14218,"date":"2024-04-07T10:14:26","date_gmt":"2024-04-07T08:14:26","guid":{"rendered":"https:\/\/mama-niemowlaka.pl\/sklep\/?post_type=product&#038;p=14218"},"modified":"2025-11-25T22:49:45","modified_gmt":"2025-11-25T21:49:45","slug":"rajstopki-z-kokardkami-w-grochy","status":"publish","type":"product","link":"https:\/\/mama-niemowlaka.pl\/sklep\/produkt\/ubranka-niemowlece\/bielizna-dla-niemowlaka\/rajstopki-z-kokardkami-w-grochy\/","title":{"rendered":"Rajstopki niemowl\u0119ce z kokardkami w grochy &#8211; 3 kolory"},"content":{"rendered":"<h2 data-pm-slice=\"1 1 []\"><strong>Rajstopy dziewcz\u0119ce z kokardkami<\/strong><\/h2>\n<p data-pm-slice=\"1 1 []\">Wyj\u0105tkowe <a href=\"https:\/\/mama-niemowlaka.pl\/sklep\/produkt\/ubranka-niemowlece\/bielizna-dla-niemowlaka\/rajstopki-z-kokardkami-w-grochy\/\" target=\"_blank\" rel=\"noopener\"><strong>rajstopy z kokardk\u0105<\/strong><\/a>, kt\u00f3re wyr\u00f3\u017cni\u0105 dziewczynk\u0119 z t\u0142umu i na pewno b\u0119dzie przykuwa\u0107 uwag\u0119. Komfortowe, rajstopki z kokardkami wykonane z wysokiej jako\u015bci bawe\u0142ny z dodatkiem elastanu. Nasze rajstopki dzieci\u0119ce s\u0105 bezuciskowe i idealnie dopasowuj\u0105 si\u0119 do n\u00f3\u017cki maluszka. <a href=\"https:\/\/mama-niemowlaka.pl\/sklep\/produkt\/ubranka-niemowlece\/bielizna-dla-niemowlaka\/rajstopki-z-kokardkami-w-grochy\/\" target=\"_blank\" rel=\"noopener\"><strong>Rajstopy dziewcz\u0119ce z kokardkami<\/strong><\/a> uniwersalnym elementem niemowl\u0119cej garderoby, kt\u00f3ry b\u0119dzie pasowa\u0142 do wielu stylizacji. Satynowe kokardki w tym samym kolorze dodaj\u0105 bawe\u0142nianym rajstopkom dziewcz\u0119cego uroku.<\/p>\n<p data-pm-slice=\"1 1 []\">Bawe\u0142niane rajstopki dzieci\u0119ce z satynowymi kokardkami to obowi\u0105zkowy element garderoby dzieci\u0119cej ka\u017cdej ma\u0142ej damy. Kup ju\u017c dzi\u015b nasze <a href=\"https:\/\/mama-niemowlaka.pl\/sklep\/produkt\/ubranka-niemowlece\/bielizna-dla-niemowlaka\/rajstopki-z-kokardkami-w-grochy\/\" target=\"_blank\" rel=\"noopener\"><strong>rajstopy z kokardk\u0105<\/strong><\/a> dla dziewczynki.<\/p>\n<h2 data-pm-slice=\"1 1 []\"><strong>Rajstopy dla niemowl\u0105t w sklepie <\/strong><a href=\"https:\/\/mama-niemowlaka.pl\"><strong>mama-niemowlaka.pl<\/strong><\/a><\/h2>\n<p data-pm-slice=\"1 1 []\"><a href=\"https:\/\/mama-niemowlaka.pl\/sklep\/\" target=\"_blank\" rel=\"noopener\"><strong>mama-niemowlaka.pl<\/strong><\/a> to sklep, kt\u00f3ry oferuje szeroki wyb\u00f3r ubranek dzieci\u0119cych zar\u00f3wno ubranka dla niemowl\u0105t dziewczynki oraz ch\u0142opca. W naszej ofercie znajdziesz mi\u0119dzy innymi komfortowe <a href=\"https:\/\/mama-niemowlaka.pl\/sklep\/t\/rajstopy-niemowlece\/\" target=\"_blank\" rel=\"noopener\"><strong>rajstopy dla niemowlaka<\/strong><\/a>, kt\u00f3re s\u0105 nie tylko funkcjonalne, ale r\u00f3wnie\u017c pi\u0119knie wykonane. Sprawd\u017a nasz\u0105 ofert\u0119 <a href=\"https:\/\/mama-niemowlaka.pl\/sklep\/c\/ubranka-niemowlece\/bielizna-dla-niemowlaka\/\" target=\"_blank\" rel=\"noopener\"><strong>bielizny dla niemowl\u0105t<\/strong><\/a>. W\u015br\u00f3d bielizny dla niemowl\u0105t znajdziesz <a href=\"https:\/\/mama-niemowlaka.pl\/sklep\/t\/rajstopy-niemowlece\/\" target=\"_blank\" rel=\"noopener\"><strong>rajstopki dzieci\u0119ce<\/strong><\/a>. W naszym sklepie kupisz bawe\u0142niane <a href=\"https:\/\/mama-niemowlaka.pl\/sklep\/t\/rajstopy-niemowlece\/\" target=\"_blank\" rel=\"noopener\"><strong>rajstopki dzieci\u0119ce<\/strong><\/a> do ka\u017cdej dzieci\u0119cej stylizacji. W szerokiej gamie kolorystycznej znajdziesz w delikatne, \u017cakardowe wzorki, kt\u00f3re doskonale uzupe\u0142ni\u0105 stylizacj\u0119 maluszka, idealnie sprawdz\u0105 si\u0119 w \u017c\u0142obku, przedszkolu czy na spacerze jak te\u017c urocze <a href=\"https:\/\/mama-niemowlaka.pl\/sklep\/produkt\/ubranka-niemowlece\/bielizna-dla-niemowlaka\/rajstopki-z-kokardkami-w-grochy\/\" target=\"_blank\" rel=\"noopener\"><strong>rajstopy dziewcz\u0119ce z kokardkami<\/strong><\/a>. W naszym sklepie kupisz tak\u017ce bia\u0142e rajstopy idealne jako <a href=\"https:\/\/mama-niemowlaka.pl\/sklep\/t\/rajstopki-do-chrztu\/\" target=\"_blank\" rel=\"noopener\"><strong>rajstopy do Chrztu<\/strong><\/a> niemowl\u0119ce. Nie zapomnij r\u00f3wnie\u017c sprawdzi\u0107 naszej oferty <a href=\"https:\/\/mama-niemowlaka.pl\/sklep\/c\/ubranka-niemowlece\/sukienki\/\" target=\"_blank\" rel=\"noopener\"><strong>sukienek dla niemowl\u0105t<\/strong><\/a>.<\/p>\n<p data-pm-slice=\"1 1 []\">Sprawd\u017a nasz\u0105 ofert\u0119 <a href=\"https:\/\/mama-niemowlaka.pl\/sklep\/t\/rajstopy-niemowlece\/\" target=\"_blank\" rel=\"noopener\"><strong>rajstop niemowl\u0119cych<\/strong><\/a>.<\/p>\n","protected":false},"excerpt":{"rendered":"<p data-pm-slice=\"1 1 []\">Bawe\u0142niane <a href=\"https:\/\/mama-niemowlaka.pl\/sklep\/produkt\/ubranka-niemowlece\/bielizna-dla-niemowlaka\/rajstopki-z-kokardkami-w-grochy\/\" target=\"_blank\" rel=\"noopener\"><strong>rajstopy dziewcz\u0119ce z kokardkami<\/strong><\/a> dla niemowl\u0105t idealne do ka\u017cdej sukienki dla niemowl\u0105t. <a href=\"https:\/\/mama-niemowlaka.pl\/sklep\/produkt\/ubranka-niemowlece\/bielizna-dla-niemowlaka\/rajstopki-z-kokardkami-w-grochy\/\" target=\"_blank\" rel=\"noopener\"><strong>Rajstopy z kokardk\u0105<\/strong><\/a> to uniwersalny element niemowl\u0119cej garderoby, kt\u00f3ry b\u0119dzie pasowa\u0142 do wielu stylizacji. Nasze <a href=\"https:\/\/mama-niemowlaka.pl\/sklep\/t\/rajstopy-niemowlece\/\" target=\"_blank\" rel=\"noopener\"><strong>rajstopy dla niemowlaka<\/strong><\/a> z satynowymi kokardkami s\u0105 bezuciskowe, jednocze\u015bnie idealnie dopasowuj\u0105 si\u0119 do n\u00f3\u017cki maluszka. Dzi\u0119ki naszym <a href=\"https:\/\/mama-niemowlaka.pl\/sklep\/produkt\/ubranka-niemowlece\/bielizna-dla-niemowlaka\/rajstopki-z-kokardkami-w-grochy\/\" target=\"_blank\" rel=\"noopener\"><strong>rajstopom dziewcz\u0119cym z kokardkami<\/strong><\/a>, Tw\u00f3j maluszek b\u0119dzie wygl\u0105da\u0142 uroczo oraz b\u0119dzie czu\u0142 si\u0119 wygodnie.<\/p>\n<p><a href=\"https:\/\/mama-niemowlaka.pl\/sklep\/produkt\/ubranka-niemowlece\/bielizna-dla-niemowlaka\/rajstopki-z-kokardkami-w-grochy\/\" target=\"_blank\" rel=\"noopener\"><strong>Rajstopki z kokardkami dla niemowl\u0105t<\/strong><\/a> s\u0105 dost\u0119pne w trzech kolorach: bia\u0142y, r\u00f3\u017cowy i ecru.<\/p>\n<p>Sk\u0142ad: 90% bawe\u0142na, 8% poliamid, 2% elastan<\/p>\n","protected":false},"featured_media":14222,"template":"","meta":[],"product_brand":[],"product_cat":[190,57],"product_tag":[238,125,152,333,329,344],"class_list":{"0":"post-14218","1":"product","2":"type-product","3":"status-publish","4":"has-post-thumbnail","6":"product_cat-bielizna-dla-niemowlaka","7":"product_cat-ubranka-niemowlece","8":"product_tag-ubranka-swiateczne-dla-niemowlaka","9":"product_tag-ubranka-do-chrztu","10":"product_tag-ubranka-dla-niemowlat-dziewczynek","11":"product_tag-rajstopki-do-chrztu","12":"product_tag-rajstopy-niemowlece","13":"product_tag-ubranka-do-chrztu-dla-dziewczynki","15":"first","16":"outofstock","17":"taxable","18":"shipping-taxable","19":"product-type-variable","20":"has-default-attributes","21":"wvs-archive-product-wrapper"},"_links":{"self":[{"href":"https:\/\/mama-niemowlaka.pl\/sklep\/wp-json\/wp\/v2\/product\/14218","targetHints":{"allow":["GET"]}}],"collection":[{"href":"https:\/\/mama-niemowlaka.pl\/sklep\/wp-json\/wp\/v2\/product"}],"about":[{"href":"https:\/\/mama-niemowlaka.pl\/sklep\/wp-json\/wp\/v2\/types\/product"}],"wp:featuredmedia":[{"embeddable":true,"href":"https:\/\/mama-niemowlaka.pl\/sklep\/wp-json\/wp\/v2\/media\/14222"}],"wp:attachment":[{"href":"https:\/\/mama-niemowlaka.pl\/sklep\/wp-json\/wp\/v2\/media?parent=14218"}],"wp:term":[{"taxonomy":"product_brand","embeddable":true,"href":"https:\/\/mama-niemowlaka.pl\/sklep\/wp-json\/wp\/v2\/product_brand?post=14218"},{"taxonomy":"product_cat","embeddable":true,"href":"https:\/\/mama-niemowlaka.pl\/sklep\/wp-json\/wp\/v2\/product_cat?post=14218"},{"taxonomy":"product_tag","embeddable":true,"href":"https:\/\/mama-niemowlaka.pl\/sklep\/wp-json\/wp\/v2\/product_tag?post=14218"}],"curies":[{"name":"wp","href":"https:\/\/api.w.org\/{rel}","templated":true}]}}