{"id":14399,"date":"2024-05-17T22:26:13","date_gmt":"2024-05-17T20:26:13","guid":{"rendered":"https:\/\/mama-niemowlaka.pl\/sklep\/?post_type=product&#038;p=14399"},"modified":"2025-07-08T10:36:02","modified_gmt":"2025-07-08T08:36:02","slug":"rampers-do-spania-gwiazdki-bialy","status":"publish","type":"product","link":"https:\/\/mama-niemowlaka.pl\/sklep\/produkt\/ubranka-niemowlece\/pajacyki-dla-niemowlat\/rampers-do-spania-gwiazdki-bialy\/","title":{"rendered":"Rampers dla niemowlaka &#8211; bia\u0142y w gwiazdki"},"content":{"rendered":"<h2 data-pm-slice=\"1 1 []\"><strong>Rampers dla niemowlaka &#8211; najlepsze ubranko niemowl\u0119ce do spania<\/strong><\/h2>\n<p data-pm-slice=\"1 1 []\"><a href=\"https:\/\/mama-niemowlaka.pl\/sklep\/produkt\/ubranka-niemowlece\/pajacyki-dla-niemowlat\/rampers-do-spania-gwiazdki-bialy\/\" target=\"_blank\" rel=\"noopener\"><strong>Rampers do spania<\/strong><\/a> idealnie sprawdzi si\u0119 jako ubranko niemowl\u0119ce od pierwszych dni. Rampers dla niemowlaka zapinany na bezniklowe napki to nie tylko stylowy, ale przede wszystkim bezpieczny wyb\u00f3r. Bezniklowe napki eliminuj\u0105 ryzyko podra\u017cnie\u0144 i alergii, co jest szczeg\u00f3lnie wa\u017cne dla delikatnej sk\u00f3ry niemowl\u0105t. Praktyczne zapi\u0119cie na ca\u0142ej d\u0142ugo\u015bci u\u0142atwia szybkie i bezproblemowe przewijanie oraz przebieranie malucha.<\/p>\n<p data-pm-slice=\"1 1 []\"><a href=\"https:\/\/mama-niemowlaka.pl\/sklep\/produkt\/ubranka-niemowlece\/pajacyki-dla-niemowlat\/rampers-do-spania-gwiazdki-bialy\/\" target=\"_blank\" rel=\"noopener\"><strong>Rampers do spania<\/strong><\/a> sprawdzi si\u0119 zar\u00f3wno w ch\u0142odniejsze, jak i cieplejsze noce. D\u0142ugie r\u0119kawy i nogawki zapewniaj\u0105 dodatkow\u0105 ochron\u0119 przed zimnem, a oddychaj\u0105cy materia\u0142 zapobiega przegrzewaniu si\u0119 &#8211; tak aby zadba\u0107 o komfort dziecka. Dzi\u0119ki wysokiej jako\u015bci wykonaniu i starannie dobranym materia\u0142om, rampers niemowl\u0119cy zachowa sw\u00f3j kszta\u0142t i kolor nawet po wielu praniach.<\/p>\n<p data-pm-slice=\"1 1 []\">Rampersy dla dzieci s\u0105 szczeg\u00f3lne popularne latem. Doskonale si\u0119 sprawdz\u0105 jako <a href=\"https:\/\/mama-niemowlaka.pl\/sklep\/t\/letnie-ubranka-dla-niemowlat\/\" target=\"_blank\" rel=\"noopener\"><strong>letnie ubranka niemowl\u0119ce<\/strong><\/a>. Sprawd\u017a nasze pozosta\u0142e propozycje <a href=\"https:\/\/mama-niemowlaka.pl\/sklep\/t\/letnie-ubranka-dla-niemowlat\/\" target=\"_blank\" rel=\"noopener\"><strong>letnich ubranek niemowl\u0119cych<\/strong><\/a>.<\/p>\n<h2 data-pm-slice=\"1 1 []\"><strong>Wygodne rampersy niemowl\u0119ce w sklepie <\/strong><a href=\"http:\/\/mama-niemowlaka.pl\"><strong>mama-niemowlaka.pl<\/strong><\/a><\/h2>\n<p data-pm-slice=\"1 1 []\">Odwied\u017a nasz sklep internetowy <a href=\"http:\/\/www.mama-niemowlaka.pl\"><strong>www.mama-niemowlaka.pl<\/strong><\/a>, gdzie znajdziesz szeroki wyb\u00f3r pajacyk\u00f3w oraz <a href=\"https:\/\/mama-niemowlaka.pl\/sklep\/ubranka-niemowlece\/\" target=\"_blank\" rel=\"noopener\"><strong>ubranek niemowl\u0119cych<\/strong><\/a> najwy\u017cszej jako\u015bci. Znajdziesz tu \u015bliczne <a href=\"https:\/\/mama-niemowlaka.pl\/sklep\/c\/ubranka-niemowlece\/pajacyki-dla-niemowlat\/\" target=\"_blank\" rel=\"noopener\"><strong>pajace dla niemowlaka<\/strong><\/a> zar\u00f3wno rampersy ch\u0142opi\u0119ce jak i rampersy dziewcz\u0119ce. Sprawd\u017a <a href=\"https:\/\/mama-niemowlaka.pl\/sklep\/t\/rampersy\/\" target=\"_blank\" rel=\"noopener\"><strong>rampersy niemowl\u0119ce<\/strong><\/a> dost\u0119pne w naszym sklepie i wybierz idealne <a href=\"https:\/\/mama-niemowlaka.pl\/sklep\/ubranka-niemowlece\/\" target=\"_blank\" rel=\"noopener\"><strong>ubranka dla niemowl\u0105t<\/strong><\/a> dla swojego Malucha. W naszym sklepie kupisz urocze rampersy niemowl\u0119ce z kr\u00f3tkim r\u0119kawem, rampersy z kapturem oraz wygodny rampers d\u0142ugi r\u0119kaw.<\/p>\n<p data-pm-slice=\"1 1 []\">Sprawd\u017a pozosta\u0142e rampersy dla niemowlaka i kup wygodny wielofunkcyjny pajacyk dresowy do swojej <a href=\"https:\/\/mama-niemowlaka.pl\/sklep\/c\/ubranka-niemowlece\/wyprawka-dla-noworodka\/\" target=\"_blank\" rel=\"noopener\"><strong>wyprawki niemowl\u0119cej<\/strong><\/a>. Pozosta\u0142e bawe\u0142niane pajace dla niemowlaka i rampersy niemowl\u0119ce znajdziesz w kategorii <a href=\"https:\/\/mama-niemowlaka.pl\/sklep\/c\/ubranka\/pajacyki-dla-niemowlat\/\" target=\"_blank\" rel=\"noopener\"><strong>pajacyki dla niemowlaka.<\/strong><\/a><\/p>\n","protected":false},"excerpt":{"rendered":"<p data-pm-slice=\"1 1 []\">Uroczy rampers dla niemowlaka to doskona\u0142y wyb\u00f3r dla ka\u017cdego rodzica, kt\u00f3ry pragnie zapewni\u0107 swojemu dziecku komfortowy sen. Wykonany z mi\u0119kkiej, oddychaj\u0105cej bawe\u0142ny, ten rampers do spania gwarantuje wygod\u0119 i przyjemne ciep\u0142o przez ca\u0142\u0105 noc. Delikatny wz\u00f3r z gwiazdkami i aplikacja misia dodaj\u0105 mu wyj\u0105tkowego uroku, kt\u00f3ry zachwyci zar\u00f3wno dzieci, jak i rodzic\u00f3w. Rampers ma swobodny kr\u00f3j, tak aby zapewni\u0107 maluchowi swobod\u0119 ruch\u00f3w. Rampers do spania doskonale zast\u0119puje \u015bpiworek dla dziecka.<\/p>\n<p><a href=\"https:\/\/mama-niemowlaka.pl\/sklep\/produkt\/ubranka-niemowlece\/pajacyki-dla-niemowlat\/rampers-do-spania-gwiazdki-bialy\/\" target=\"_blank\" rel=\"noopener\"><strong>Rampers do spania<\/strong><\/a> wyst\u0119puje w trzech rozmiarach: 56, 62 i 68.<\/p>\n<p>Sk\u0142ad: 100% bawe\u0142na<\/p>\n","protected":false},"featured_media":14403,"template":"","meta":[],"product_brand":[],"product_cat":[59,57],"product_tag":[118,145,152,355,220,180,277,270,272,273,275,276,274,269,235],"class_list":{"0":"post-14399","1":"product","2":"type-product","3":"status-publish","4":"has-post-thumbnail","6":"product_cat-pajacyki-dla-niemowlat","7":"product_cat-ubranka-niemowlece","8":"product_tag-bawelna","9":"product_tag-ubranka-dla-niemowlat-chlopca","10":"product_tag-ubranka-dla-niemowlat-dziewczynek","11":"product_tag-letnie-ubranka-dla-niemowlat","12":"product_tag-ubranka-dla-noworodkow","13":"product_tag-nowosc","14":"product_tag-pajacyk-80","15":"product_tag-pajacyk-do-spania","16":"product_tag-pajacyk-niemowlecy-62","17":"product_tag-pajacyki-68","18":"product_tag-pajacyki-74","19":"product_tag-pajacyki-bez-stopek","20":"product_tag-pajacyki-dla-dziewczynek","21":"product_tag-pajacyki-niemowlece-dla-chlopca","22":"product_tag-rampersy","23":"product_shipping_class-lekka","24":"pa_rozmiar-311","25":"pa_rozmiar-312","26":"pa_rozmiar-313","27":"pa_rozmiar-314","29":"first","30":"instock","31":"taxable","32":"shipping-taxable","33":"purchasable","34":"product-type-variable","35":"has-default-attributes","36":"wvs-archive-product-wrapper"},"_links":{"self":[{"href":"https:\/\/mama-niemowlaka.pl\/sklep\/wp-json\/wp\/v2\/product\/14399","targetHints":{"allow":["GET"]}}],"collection":[{"href":"https:\/\/mama-niemowlaka.pl\/sklep\/wp-json\/wp\/v2\/product"}],"about":[{"href":"https:\/\/mama-niemowlaka.pl\/sklep\/wp-json\/wp\/v2\/types\/product"}],"wp:featuredmedia":[{"embeddable":true,"href":"https:\/\/mama-niemowlaka.pl\/sklep\/wp-json\/wp\/v2\/media\/14403"}],"wp:attachment":[{"href":"https:\/\/mama-niemowlaka.pl\/sklep\/wp-json\/wp\/v2\/media?parent=14399"}],"wp:term":[{"taxonomy":"product_brand","embeddable":true,"href":"https:\/\/mama-niemowlaka.pl\/sklep\/wp-json\/wp\/v2\/product_brand?post=14399"},{"taxonomy":"product_cat","embeddable":true,"href":"https:\/\/mama-niemowlaka.pl\/sklep\/wp-json\/wp\/v2\/product_cat?post=14399"},{"taxonomy":"product_tag","embeddable":true,"href":"https:\/\/mama-niemowlaka.pl\/sklep\/wp-json\/wp\/v2\/product_tag?post=14399"}],"curies":[{"name":"wp","href":"https:\/\/api.w.org\/{rel}","templated":true}]}}