{"id":1446,"date":"2021-11-17T00:35:54","date_gmt":"2021-11-16T23:35:54","guid":{"rendered":"https:\/\/mama-niemowlaka.pl\/sklep\/?post_type=product&#038;p=1446"},"modified":"2025-08-21T22:56:19","modified_gmt":"2025-08-21T20:56:19","slug":"zestaw-pielegnacyjny-dla-niemowlat","status":"publish","type":"product","link":"https:\/\/mama-niemowlaka.pl\/sklep\/produkt\/pielegnacja\/akcesoria\/zestaw-pielegnacyjny-dla-niemowlat\/","title":{"rendered":"Zestaw piel\u0119gnacyjny dla niemowl\u0105t &#8211; Turkusowy"},"content":{"rendered":"<p data-pm-slice=\"1 3 []\">Zestaw piel\u0119gnacyjny dla niemowl\u0105t w kolorze turkusowym to doskona\u0142e rozwi\u0105zanie dla ka\u017cdej mamy, kt\u00f3ra chce zapewni\u0107 swojemu dziecku kompleksow\u0105 piel\u0119gnacj\u0119. Zestaw zapewnia maluchowi najlepsz\u0105 piel\u0119gnacj\u0119.<\/p>\n<h2><strong>Co zawiera nasz zestaw piel\u0119gnacyjny?<\/strong><\/h2>\n<p>Zestaw zawiera wszystkie niezb\u0119dne akcesoria potrzebne do piel\u0119gnacji niemowlaka. W sk\u0142ad zestawu wchodz\u0105 najwa\u017cniejsze akcesoria potrzebne do codziennej piel\u0119gnacji niemowlaka, w tym:<\/p>\n<ul>\n<li>Mi\u0119kka szczotka do w\u0142os\u00f3w<\/li>\n<li>Grzebie\u0144 do piel\u0119gnacji w\u0142os\u00f3w malucha<\/li>\n<li>Aspirator do nosa, gruszka do noska, kt\u00f3ra pomo\u017ce oczy\u015bci\u0107 drogi oddechowe dziecka<\/li>\n<li>Obcinacz do paznokci z lupk\u0105<\/li>\n<li>Elektroniczny termometr gor\u0105czkowy<\/li>\n<li>Szczoteczka do z\u0119b\u00f3w na palec, kt\u00f3ra delikatnie masuje dzi\u0105s\u0142a i z\u0119by dziecka.<\/li>\n<li>Bezpieczne no\u017cyczki do paznokci, kt\u00f3re posiadaj\u0105 zaokr\u0105glone ko\u0144c\u00f3wki.<\/li>\n<\/ul>\n<p>Dzi\u0119ki temu zestawowi, m\u0142ode mamy nie musz\u0105 si\u0119 martwi\u0107 o to, \u017ce zapomn\u0105 o czym\u015b wa\u017cnym podczas codziennej piel\u0119gnacji swojego dziecka. Wszystko, czego potrzebuj\u0105, znajduje si\u0119 w jednym miejscu i jest zawsze pod r\u0119k\u0105.<\/p>\n<h2><strong>Dlaczego warto wybra\u0107 ten zestaw do piel\u0119gnacji maluszka?<\/strong><\/h2>\n<p>Wybieraj\u0105c akcesoria do piel\u0119gnacji niemowl\u0105t stajemy przed wyborem czy kompletowa\u0107 poszczeg\u00f3lne elementy zestawu samodzielnie czy kupi\u0107 gotowy zestaw piel\u0119gnacyjny dla niemowl\u0105t.<\/p>\n<p>Ten produkt pojawi\u0142 si\u0119 w naszym sklepie mama-niemowlaka.pl poniewa\u017c sama jako m\u0142oda mama mia\u0142am trudno\u015b\u0107 ze znalezieniem kompaktowego zestawu, kt\u00f3ry zawiera wszystkie niezb\u0119dne akcesoria. Szuka\u0142am produktu, kt\u00f3ry u\u0142atwi\u0142by to zadanie innym mamom.<\/p>\n<p>Praktyczny zestaw piel\u0119gnacyjny dla niemowl\u0105t w kolorze r\u00f3\u017cowym to idealny prezent dla m\u0142odej mamy, kt\u00f3ra chce mie\u0107 pewno\u015b\u0107, \u017ce jej dziecko otrzymuje najlepsz\u0105 mo\u017cliw\u0105 opiek\u0119. Bezpieczne i praktyczne akcesoria, kt\u00f3re znajduj\u0105 si\u0119 w zestawie, sprawi\u0105, \u017ce codzienna piel\u0119gnacja niemowlaka stanie si\u0119 \u0142atwiejsza i bardziej przyjemna. Dlatego te\u017c, je\u015bli chcesz podarowa\u0107 co\u015b warto\u015bciowego dla m\u0142odej mamy, nie wahaj si\u0119 i zam\u00f3w ju\u017c dzi\u015b ten wspania\u0142y kompletny zestaw piel\u0119gnacyjny dla niemowl\u0105t w kolorze r\u00f3\u017cowym!<\/p>\n<h3><strong>Zestaw do piel\u0119gnacji dziecka wyst\u0119puje w dw\u00f3ch wersjach kolorystycznych:<\/strong><\/h3>\n<ul>\n<li><strong><a href=\"https:\/\/mama-niemowlaka.pl\/sklep\/produkt\/pielegnacja\/zestaw-pielegnacyjny-dla-niemowlat-rozowy\/\" target=\"_blank\" rel=\"noopener\">r\u00f3\u017cowy<\/a><\/strong>,<\/li>\n<li><a href=\"https:\/\/mama-niemowlaka.pl\/sklep\/produkt\/pielegnacja\/zestaw-pielegnacyjny-dla-niemowlat\/\" target=\"_blank\" rel=\"noopener\"><strong>turkusowy<\/strong>.<\/a><\/li>\n<\/ul>\n","protected":false},"excerpt":{"rendered":"<p>Zestaw piel\u0119gnacyjny dla niemowl\u0105t w kolorze turkusowym to doskona\u0142e rozwi\u0105zanie dla ka\u017cdej mamy, kt\u00f3ra chce zapewni\u0107 swojemu dziecku kompleksow\u0105 piel\u0119gnacj\u0119. Sk\u0142adaj\u0105cy si\u0119 z najwa\u017cniejszych akcesori\u00f3w zestaw do codziennej piel\u0119gnacji niemowlaka to idealny prezent dla m\u0142odej mamy. Zam\u00f3w ju\u017c dzi\u015b i poczuj si\u0119 spokojna, \u017ce Tw\u00f3j maluch otrzymuje najlepsz\u0105 mo\u017cliw\u0105 opiek\u0119.<\/p>\n","protected":false},"featured_media":1464,"template":"","meta":[],"product_brand":[],"product_cat":[63,81],"product_tag":[145,220],"class_list":{"0":"post-1446","1":"product","2":"type-product","3":"status-publish","4":"has-post-thumbnail","6":"product_cat-akcesoria","7":"product_cat-pielegnacja","8":"product_tag-ubranka-dla-niemowlat-chlopca","9":"product_tag-ubranka-dla-noworodkow","10":"product_shipping_class-lekka","11":"pa_kolor-rozowy","12":"pa_kolor-turkus","14":"first","15":"instock","16":"taxable","17":"shipping-taxable","18":"purchasable","19":"product-type-simple"},"_links":{"self":[{"href":"https:\/\/mama-niemowlaka.pl\/sklep\/wp-json\/wp\/v2\/product\/1446","targetHints":{"allow":["GET"]}}],"collection":[{"href":"https:\/\/mama-niemowlaka.pl\/sklep\/wp-json\/wp\/v2\/product"}],"about":[{"href":"https:\/\/mama-niemowlaka.pl\/sklep\/wp-json\/wp\/v2\/types\/product"}],"wp:featuredmedia":[{"embeddable":true,"href":"https:\/\/mama-niemowlaka.pl\/sklep\/wp-json\/wp\/v2\/media\/1464"}],"wp:attachment":[{"href":"https:\/\/mama-niemowlaka.pl\/sklep\/wp-json\/wp\/v2\/media?parent=1446"}],"wp:term":[{"taxonomy":"product_brand","embeddable":true,"href":"https:\/\/mama-niemowlaka.pl\/sklep\/wp-json\/wp\/v2\/product_brand?post=1446"},{"taxonomy":"product_cat","embeddable":true,"href":"https:\/\/mama-niemowlaka.pl\/sklep\/wp-json\/wp\/v2\/product_cat?post=1446"},{"taxonomy":"product_tag","embeddable":true,"href":"https:\/\/mama-niemowlaka.pl\/sklep\/wp-json\/wp\/v2\/product_tag?post=1446"}],"curies":[{"name":"wp","href":"https:\/\/api.w.org\/{rel}","templated":true}]}}