{"id":14536,"date":"2024-05-05T10:34:23","date_gmt":"2024-05-05T08:34:23","guid":{"rendered":"https:\/\/mama-niemowlaka.pl\/sklep\/?post_type=product&#038;p=14536"},"modified":"2025-05-18T19:57:31","modified_gmt":"2025-05-18T17:57:31","slug":"komplet-koszulka-i-spodenki-dla-chlopca-bez","status":"publish","type":"product","link":"https:\/\/mama-niemowlaka.pl\/sklep\/produkt\/ubranka-niemowlece\/komplet-niemowlecy\/komplet-koszulka-i-spodenki-dla-chlopca-bez\/","title":{"rendered":"Koszulka i spodenki dla ch\u0142opca &#8211; be\u017c"},"content":{"rendered":"<h2 data-pm-slice=\"1 1 []\"><strong>Letni komplet koszulka i spodenki dla ch\u0142opca<\/strong><\/h2>\n<p data-pm-slice=\"1 1 []\">Uroczy <a href=\"https:\/\/mama-niemowlaka.pl\/sklep\/produkt\/ubranka-niemowlece\/komplet-niemowlecy\/komplet-koszulka-i-spodenki-dla-chlopca-bez\/\" target=\"_blank\" rel=\"noopener\"><strong>komplet koszulka i spodenki dla ch\u0142opca<\/strong><\/a> w klasycznych letnich kolorach: bia\u0142a koszulka i be\u017cowe spodenki. Klasyczna bia\u0142a koszulka posiada kr\u00f3tki r\u0119kaw i zapinana jest na dwa guziczki pod szyj\u0105, dzi\u0119ki czemu u\u0142atwia zak\u0142adanie i zdejmowanie ubranka przez g\u0142ow\u0119. Be\u017cowe spodenki nadaj\u0105 zestawowi stylowego kontrastu, jednocze\u015bnie zapewniaj\u0105c swobod\u0119 ruch\u00f3w i komfort. Spodenki posiadaj\u0105 gum\u0119 w pasie dla dobrego dopasowania oraz podwini\u0119te zako\u0144czenia nogawek. Gumka w szortach ch\u0142opi\u0119cych jest nieuciskowa, dzi\u0119ki czemu spodenki s\u0105 bardzo wygodne. Komplet dla ch\u0142opca zosta\u0142 uszyty z mi\u0119kkiej bawe\u0142ny, dzi\u0119ki czemu idealnie sprawdzi si\u0119 na lato.<\/p>\n<p data-pm-slice=\"1 1 []\"><a href=\"https:\/\/mama-niemowlaka.pl\/sklep\/produkt\/ubranka-niemowlece\/komplet-niemowlecy\/komplet-koszulka-i-spodenki-dla-chlopca-bez\/\" target=\"_blank\" rel=\"noopener\"><strong>Komplet koszulka i spodenki dla ch\u0142opca<\/strong><\/a> to idealny zestaw dla ch\u0142opca zar\u00f3wno na co dzie\u0144, jak i na wyj\u015bcie lub wakacyjny wyjazd. Kup ju\u017c dzi\u015b ten uroczy komplet dla ch\u0142opca.<\/p>\n<h2 data-pm-slice=\"1 1 []\"><strong>Komplety ubranek dla ch\u0142opc\u00f3w i dziewczynek w sklepie <\/strong><a href=\"https:\/\/mama-niemowlaka.pl\"><strong>mama-niemowlaka.pl<\/strong><\/a><\/h2>\n<p data-pm-slice=\"1 1 []\"><a href=\"https:\/\/mama-niemowlaka.pl\">Mama-niemowlaka.pl<\/a> to sklep internetowy z <a href=\"https:\/\/mama-niemowlaka.pl\/sklep\/ubranka-niemowlece\/\" target=\"_blank\" rel=\"noopener\"><strong>ubrankami niemowl\u0119cymi<\/strong><\/a>. Znajdziesz tutaj bawe\u0142niane <a href=\"https:\/\/mama-niemowlaka.pl\/sklep\/ubranka-niemowlece\/\" target=\"_blank\" rel=\"noopener\"><strong>ubranka niemowl\u0119ce<\/strong><\/a> na ka\u017cd\u0105 okazj\u0119. Nasze ubranka do dzieci\u0119cej garderoby s\u0105 wyj\u0105tkowo praktyczne i sprawdz\u0105 si\u0119 o ka\u017cdej porze roku. Szukaj\u0105c <a href=\"https:\/\/mama-niemowlaka.pl\/sklep\/\" target=\"_blank\" rel=\"noopener\"><strong>ubranek dla niemowlaka<\/strong><\/a>, mamy mo\u017cliwo\u015b\u0107 zakupu zar\u00f3wno pojedynczych element\u00f3w, jak i gotowych zestaw\u00f3w. W kategorii <a href=\"https:\/\/mama-niemowlaka.pl\/sklep\/c\/ubranka-niemowlece\/komplet-niemowlecy\/\" target=\"_blank\" rel=\"noopener\"><strong>Komplety niemowl\u0119ce<\/strong><\/a> znajdziesz <a href=\"https:\/\/mama-niemowlaka.pl\/sklep\/t\/ubranka-dla-niemowlat-dziewczynek\/\" target=\"_blank\" rel=\"noopener\"><strong>ubranka dla niemowl\u0105t dziewczynek<\/strong><\/a> oraz <a href=\"https:\/\/mama-niemowlaka.pl\/sklep\/t\/ubranka-dla-niemowlat-chlopca\/\" target=\"_blank\" rel=\"noopener\"><strong>komplety dla ch\u0142opca<\/strong><\/a> a tak\u017ce <a href=\"https:\/\/mama-niemowlaka.pl\/sklep\/c\/ubranka-niemowlece\/eleganckie-ubranka-dla-niemowlaka\/\" target=\"_blank\" rel=\"noopener\"><strong>eleganckie ubranka niemowl\u0119ce<\/strong><\/a> a tak\u017ce <a href=\"https:\/\/mama-niemowlaka.pl\/sklep\/c\/ubranka-niemowlece\/dres-dla-niemowlaka\/\" target=\"_blank\" rel=\"noopener\"><strong>niemowl\u0119ce komplety dresowe<\/strong><\/a>.<\/p>\n<p data-pm-slice=\"1 1 []\">Pozosta\u0142e zestawy <a href=\"https:\/\/mama-niemowlaka.pl\/sklep\/ubranka-niemowlece\/\" target=\"_blank\" rel=\"noopener\"><strong>ubranek dla niemowl\u0105t<\/strong><\/a> znajdziesz w kategorii <a href=\"https:\/\/mama-niemowlaka.pl\/sklep\/c\/ubranka-niemowlece\/komplet-niemowlecy\/\" target=\"_blank\" rel=\"noopener\"><strong>Komplety niemowl\u0119ce<\/strong><\/a>. Je\u017celi szukasz ubranek dzieci\u0119cych na lato sprawd\u017a nasze <a href=\"https:\/\/mama-niemowlaka.pl\/sklep\/t\/letnie-ubranka-dla-niemowlat\/\" target=\"_blank\" rel=\"noopener\"><strong>letnie ubranka dla niemowl\u0105t<\/strong><\/a>.<\/p>\n","protected":false},"excerpt":{"rendered":"<p data-pm-slice=\"1 1 []\">Wygodny i elegancki <a href=\"https:\/\/mama-niemowlaka.pl\/sklep\/produkt\/ubranka-niemowlece\/komplet-niemowlecy\/komplet-koszulka-i-spodenki-dla-chlopca-bez\/\" target=\"_blank\" rel=\"noopener\"><strong>komplet koszulka i spodenki dla ch\u0142opca<\/strong><\/a> w stonowanej be\u017cowo-bia\u0142ej kolorystyce. Koszulka z kr\u00f3tkim r\u0119kawem w kolorze bia\u0142ym zapinana jest z przodu pod szyj\u0105 na dwa guziczki. Be\u017cowe spodenki posiadaj\u0105 w pasie, dla wygody dziecka, grubsz\u0105 gumk\u0119. Dla ma\u0142ych zbieraczy skarb\u00f3w kluczowym elementem b\u0119d\u0105 z pewno\u015bci\u0105 dwie pojemne kieszonki w spodenkach. Komplet dla ch\u0142opca to idealny komplet ubranek na lato.<\/p>\n<p><a href=\"https:\/\/mama-niemowlaka.pl\/sklep\/produkt\/ubranka-niemowlece\/komplet-niemowlecy\/komplet-koszulka-i-spodenki-dla-chlopca-bez\/\" target=\"_blank\" rel=\"noopener\"><strong>Komplet dla ch\u0142opca bia\u0142a koszulka i be\u017cowe spodenki<\/strong><\/a> dost\u0119pny jest w czterech rozmiarach: 68, 74, 80 i 86.<\/p>\n<p>Sk\u0142ad: 100% bawe\u0142na<\/p>\n","protected":false},"featured_media":14542,"template":"","meta":[],"product_brand":[],"product_cat":[122,57],"product_tag":[118,214,145,352,162,359,355,154],"class_list":{"0":"post-14536","1":"product","2":"type-product","3":"status-publish","4":"has-post-thumbnail","6":"product_cat-komplet-niemowlecy","7":"product_cat-ubranka-niemowlece","8":"product_tag-bawelna","9":"product_tag-bestseller","10":"product_tag-ubranka-dla-niemowlat-chlopca","11":"product_tag-komplety-niemowlece-dla-chlopca","12":"product_tag-lato","13":"product_tag-ubranka-dla-niemowlaka-chlopca-na-lato","14":"product_tag-letnie-ubranka-dla-niemowlat","15":"product_tag-szorty","16":"product_shipping_class-lekka","17":"pa_rozmiar-313","18":"pa_rozmiar-315","19":"pa_rozmiar-316","20":"pa_rozmiar-317","22":"first","23":"instock","24":"taxable","25":"shipping-taxable","26":"purchasable","27":"product-type-variable","28":"has-default-attributes","29":"wvs-archive-product-wrapper"},"_links":{"self":[{"href":"https:\/\/mama-niemowlaka.pl\/sklep\/wp-json\/wp\/v2\/product\/14536","targetHints":{"allow":["GET"]}}],"collection":[{"href":"https:\/\/mama-niemowlaka.pl\/sklep\/wp-json\/wp\/v2\/product"}],"about":[{"href":"https:\/\/mama-niemowlaka.pl\/sklep\/wp-json\/wp\/v2\/types\/product"}],"wp:featuredmedia":[{"embeddable":true,"href":"https:\/\/mama-niemowlaka.pl\/sklep\/wp-json\/wp\/v2\/media\/14542"}],"wp:attachment":[{"href":"https:\/\/mama-niemowlaka.pl\/sklep\/wp-json\/wp\/v2\/media?parent=14536"}],"wp:term":[{"taxonomy":"product_brand","embeddable":true,"href":"https:\/\/mama-niemowlaka.pl\/sklep\/wp-json\/wp\/v2\/product_brand?post=14536"},{"taxonomy":"product_cat","embeddable":true,"href":"https:\/\/mama-niemowlaka.pl\/sklep\/wp-json\/wp\/v2\/product_cat?post=14536"},{"taxonomy":"product_tag","embeddable":true,"href":"https:\/\/mama-niemowlaka.pl\/sklep\/wp-json\/wp\/v2\/product_tag?post=14536"}],"curies":[{"name":"wp","href":"https:\/\/api.w.org\/{rel}","templated":true}]}}