{"id":14581,"date":"2024-05-01T21:57:17","date_gmt":"2024-05-01T19:57:17","guid":{"rendered":"https:\/\/mama-niemowlaka.pl\/sklep\/?post_type=product&#038;p=14581"},"modified":"2025-06-10T09:16:55","modified_gmt":"2025-06-10T07:16:55","slug":"zestaw-niemowlecy-dla-chlopca-szary","status":"publish","type":"product","link":"https:\/\/mama-niemowlaka.pl\/sklep\/produkt\/ubranka-niemowlece\/komplet-niemowlecy\/zestaw-niemowlecy-dla-chlopca-szary\/","title":{"rendered":"Komplet ubranek dla ch\u0142opca 3cz\u0119\u015bciowy &#8211; szary"},"content":{"rendered":"<h2 data-pm-slice=\"1 1 []\"><strong>3cz\u0119\u015bciowy zestaw niemowl\u0119cy dla ch\u0142opca<\/strong><\/h2>\n<p data-pm-slice=\"1 1 []\">Nasz <a href=\"https:\/\/mama-niemowlaka.pl\/sklep\/produkt\/ubranka-niemowlece\/komplet-niemowlecy\/zestaw-niemowlecy-dla-chlopca-szary\/\" target=\"_blank\" rel=\"noopener\"><strong>zestaw niemowl\u0119cy dla ch\u0142opca<\/strong><\/a> to trzycz\u0119\u015bciowy komplet niemowl\u0119cy stworzony z my\u015bl\u0105 o wygodzie i komforcie Twojego dziecka. Komplet <a href=\"https:\/\/mama-niemowlaka.pl\/sklep\/t\/ubranka-dla-niemowlat-chlopca\/\" target=\"_blank\" rel=\"noopener\"><strong>ubranek niemowl\u0119cych dla ch\u0142opca<\/strong><\/a> sk\u0142ada si\u0119 z rozpinanej bluzy niemowl\u0119cej, spodni oraz bluzeczki z d\u0142ugim r\u0119kawem. Bluza niemowl\u0119ca w kolorze szarym ma klasyczny kr\u00f3j bomberki Spodnie niemowl\u0119ce w szarym kolorze maj\u0105 elastyczn\u0105 gumk\u0119 w pasie oraz wywijane nogawki na dole. Dodatkowo, do kompletu do\u0142\u0105czona jest mu\u015blinowa bluzeczka z d\u0142ugim r\u0119kawem w kolorze bia\u0142ym, kt\u00f3ra pasuje do ca\u0142o\u015bci. Ubranko doskonale si\u0119 sprawdzi jako <a href=\"https:\/\/mama-niemowlaka.pl\/sklep\/c\/ubranka-niemowlece\/eleganckie-ubranka-dla-niemowlaka\/\" target=\"_blank\" rel=\"noopener\"><strong>elegancki zestaw niemowl\u0119cy<\/strong><\/a> lub jako ubranko na co dzie\u0144.<\/p>\n<p data-pm-slice=\"1 1 []\"><a href=\"https:\/\/mama-niemowlaka.pl\/sklep\/produkt\/ubranka-niemowlece\/komplet-niemowlecy\/zestaw-niemowlecy-dla-chlopca-szary\/\" target=\"_blank\" rel=\"noopener\"><strong>Zestaw niemowl\u0119cy dla ch\u0142opca<\/strong><\/a> zosta\u0142 wykonany ze 100% bawe\u0142ny, co gwarantuje delikatno\u015b\u0107 i mi\u0119kko\u015b\u0107 materia\u0142u przy jednoczesnej trwa\u0142o\u015bci i \u0142atwo\u015bci piel\u0119gnacji.<\/p>\n<h2 data-pm-slice=\"1 1 []\"><strong>Komplety ubranek dla niemowl\u0105t w sklepie <\/strong><a href=\"https:\/\/mama-niemowlaka.pl\"><strong>mama-niemowlaka.pl<\/strong><\/a><\/h2>\n<p data-pm-slice=\"1 1 []\"><a href=\"https:\/\/mama-niemowlaka.pl\">Mama-niemowlaka.pl<\/a> to sklep internetowy z <a href=\"https:\/\/mama-niemowlaka.pl\/sklep\/ubranka-niemowlece\/\" target=\"_blank\" rel=\"noopener\"><strong>ubrankami niemowl\u0119cymi<\/strong><\/a>. Znajdziesz tutaj bawe\u0142niane <a href=\"https:\/\/mama-niemowlaka.pl\/sklep\/ubranka-niemowlece\/\" target=\"_blank\" rel=\"noopener\"><strong>ubranka niemowl\u0119ce<\/strong><\/a> na ka\u017cd\u0105 okazj\u0119. Nasze ubranka do dzieci\u0119cej garderoby s\u0105 wyj\u0105tkowo praktyczne i sprawdz\u0105 si\u0119 o ka\u017cdej porze roku. Szukaj\u0105c <a href=\"https:\/\/mama-niemowlaka.pl\/sklep\/\" target=\"_blank\" rel=\"noopener\"><strong>ubranek dla niemowlaka<\/strong><\/a>, mamy mo\u017cliwo\u015b\u0107 zakupu zar\u00f3wno pojedynczych element\u00f3w, jak i gotowych zestaw\u00f3w. W kategorii <a href=\"https:\/\/mama-niemowlaka.pl\/sklep\/c\/ubranka-niemowlece\/komplet-niemowlecy\/\" target=\"_blank\" rel=\"noopener\"><strong>Komplety niemowl\u0119ce<\/strong><\/a> znajdziesz <a href=\"https:\/\/mama-niemowlaka.pl\/sklep\/t\/ubranka-dla-niemowlat-dziewczynek\/\" target=\"_blank\" rel=\"noopener\"><strong>ubranka dla niemowl\u0105t dziewczynek<\/strong><\/a> oraz komplety niemowl\u0119ce ch\u0142opi\u0119ce a tak\u017ce <a href=\"https:\/\/mama-niemowlaka.pl\/sklep\/c\/ubranka-niemowlece\/eleganckie-ubranka-dla-niemowlaka\/\" target=\"_blank\" rel=\"noopener\"><strong>eleganckie ubranka niemowl\u0119ce<\/strong><\/a> a tak\u017ce <a href=\"https:\/\/mama-niemowlaka.pl\/sklep\/c\/ubranka-niemowlece\/dres-dla-niemowlaka\/\" target=\"_blank\" rel=\"noopener\"><strong>niemowl\u0119ce komplety dresowe<\/strong><\/a>.<\/p>\n<p data-pm-slice=\"1 1 []\">Odwied\u017a nasz sklep internetowy <a href=\"https:\/\/www.mama-niemowlaka.pl\">mama-niemowlaka.pl<\/a>, gdzie znajdziesz szeroki wyb\u00f3r ubranek niemowl\u0119cych najwy\u017cszej jako\u015bci. Gwarantujemy wysy\u0142k\u0119 zam\u00f3wienia w ci\u0105gu 48 godzin oraz darmow\u0105 wymian\u0119 towaru lub mo\u017cliwo\u015b\u0107 zwrotu w ci\u0105gu 14 dni. Co wi\u0119cej, je\u015bli zam\u00f3wisz za minimum 249 PLN, dostawa b\u0119dzie ca\u0142kowicie darmowa.<\/p>\n<p data-pm-slice=\"1 1 []\">Pozosta\u0142e zestawy <a href=\"https:\/\/mama-niemowlaka.pl\/sklep\/ubranka-niemowlece\/\" target=\"_blank\" rel=\"noopener\"><strong>ubranek dla niemowl\u0105t<\/strong><\/a> znajdziesz w kategorii <a href=\"https:\/\/mama-niemowlaka.pl\/sklep\/c\/ubranka-niemowlece\/komplet-niemowlecy\/\" target=\"_blank\" rel=\"noopener\"><strong>Komplety niemowl\u0119ce<\/strong><\/a>.<\/p>\n","protected":false},"excerpt":{"rendered":"<p data-pm-slice=\"1 1 []\">Komplet niemowl\u0119cy ch\u0142opi\u0119cy 3cz\u0119\u015bciowy w kolorze szarym. W sk\u0142ad zestawu wchodzi: rozpinana bluza z d\u0142ugim r\u0119kawem, mu\u015blinowa koszulka z d\u0142ugim r\u0119kawem i spodnie. Praktyczny komplet niemowl\u0119cy dla ch\u0142opca zosta\u0142 stworzony z wysokiej jako\u015bci materia\u0142\u00f3w, aby zapewni\u0107 Twojemu dziecku maksymaln\u0105 wygod\u0119 i swobod\u0119 ruch\u00f3w.<\/p>\n<p><a href=\"https:\/\/mama-niemowlaka.pl\/sklep\/produkt\/ubranka-niemowlece\/komplet-niemowlecy\/zestaw-niemowlecy-dla-chlopca-szary\/\" target=\"_blank\" rel=\"noopener\"><strong>Zestaw niemowl\u0119cy dla ch\u0142opca<\/strong><\/a> dost\u0119pny jest w trzech rozmiarach: 62, 68 i 72.<\/p>\n<p>Sk\u0142ad: 100% bawe\u0142na<\/p>\n","protected":false},"featured_media":14586,"template":"","meta":[],"product_brand":[],"product_cat":[122,136,57],"product_tag":[118,214,145,239,352],"class_list":{"0":"post-14581","1":"product","2":"type-product","3":"status-publish","4":"has-post-thumbnail","6":"product_cat-komplet-niemowlecy","7":"product_cat-dres-dla-niemowlaka","8":"product_cat-ubranka-niemowlece","9":"product_tag-bawelna","10":"product_tag-bestseller","11":"product_tag-ubranka-dla-niemowlat-chlopca","12":"product_tag-dresik-dla-chlopca","13":"product_tag-komplety-niemowlece-dla-chlopca","14":"product_shipping_class-lekka","15":"pa_rozmiar-312","16":"pa_rozmiar-313","17":"pa_rozmiar-314","19":"first","20":"outofstock","21":"taxable","22":"shipping-taxable","23":"product-type-variable","24":"has-default-attributes","25":"wvs-archive-product-wrapper"},"_links":{"self":[{"href":"https:\/\/mama-niemowlaka.pl\/sklep\/wp-json\/wp\/v2\/product\/14581","targetHints":{"allow":["GET"]}}],"collection":[{"href":"https:\/\/mama-niemowlaka.pl\/sklep\/wp-json\/wp\/v2\/product"}],"about":[{"href":"https:\/\/mama-niemowlaka.pl\/sklep\/wp-json\/wp\/v2\/types\/product"}],"wp:featuredmedia":[{"embeddable":true,"href":"https:\/\/mama-niemowlaka.pl\/sklep\/wp-json\/wp\/v2\/media\/14586"}],"wp:attachment":[{"href":"https:\/\/mama-niemowlaka.pl\/sklep\/wp-json\/wp\/v2\/media?parent=14581"}],"wp:term":[{"taxonomy":"product_brand","embeddable":true,"href":"https:\/\/mama-niemowlaka.pl\/sklep\/wp-json\/wp\/v2\/product_brand?post=14581"},{"taxonomy":"product_cat","embeddable":true,"href":"https:\/\/mama-niemowlaka.pl\/sklep\/wp-json\/wp\/v2\/product_cat?post=14581"},{"taxonomy":"product_tag","embeddable":true,"href":"https:\/\/mama-niemowlaka.pl\/sklep\/wp-json\/wp\/v2\/product_tag?post=14581"}],"curies":[{"name":"wp","href":"https:\/\/api.w.org\/{rel}","templated":true}]}}