{"id":14695,"date":"2024-08-20T02:07:43","date_gmt":"2024-08-20T00:07:43","guid":{"rendered":"https:\/\/mama-niemowlaka.pl\/sklep\/?post_type=product&#038;p=14695"},"modified":"2025-03-18T08:54:04","modified_gmt":"2025-03-18T07:54:04","slug":"biala-sukienka-dla-niemowlaka-i-legginsy","status":"publish","type":"product","link":"https:\/\/mama-niemowlaka.pl\/sklep\/produkt\/ubranka-niemowlece\/sukienki-dla-niemowlat\/biala-sukienka-dla-niemowlaka-i-legginsy\/","title":{"rendered":"Bia\u0142a sukienka dla niemowlaka i legginsy"},"content":{"rendered":"<h2 data-pm-slice=\"1 1 []\"><strong>Urocza sukienka niemowl\u0119ca i legginsy<\/strong><\/h2>\n<p data-pm-slice=\"1 1 []\"><a href=\"https:\/\/mama-niemowlaka.pl\/sklep\/produkt\/ubranka-niemowlece\/sukienki-dla-niemowlat\/biala-sukienka-dla-niemowlaka-i-legginsy\/\" rel=\" \"><strong>Bia\u0142a sukienka dla niemowlaka<\/strong><\/a> z d\u0142ugim r\u0119kawem, <a href=\"https:\/\/mama-niemowlaka.pl\/sklep\/t\/legginsy-dla-niemowlat\/\" target=\"_blank\" rel=\"noopener\"><strong>legginsy<\/strong><\/a> i opaska na g\u0142ow\u0119 &#8211; to wszystko znajdziesz w naszym zestawie. Ta urocza bawe\u0142niana sukienka w bia\u0142ym kolorze b\u0119dzie doskona\u0142a dla Twojej ma\u0142ej ksi\u0119\u017cniczki. Ma d\u0142ugie r\u0119kawy i urocz\u0105 ozdobn\u0105 warstw\u0119 tiulu na przodzie. Sukienka zapinana jest na napki na plecach. Do <a href=\"https:\/\/mama-niemowlaka.pl\/sklep\/c\/ubranka-niemowlece\/sukienki-dla-niemowlat\/\" target=\"_blank\" rel=\"noopener\"><strong>sukienki niemowl\u0119cej<\/strong><\/a> do\u0142\u0105czone s\u0105 r\u00f3wnie\u017c legginsy w tym samym kolorze. Maj\u0105 one wygodne, d\u0142ugie nogawki i bezuciskow\u0105 gumk\u0119 w pasie. Aby dope\u0142ni\u0107 ca\u0142o\u015b\u0107 stylizacji, dodali\u015bmy tak\u017ce opask\u0119 z kokard\u0105 w kolorze tej <a href=\"https:\/\/mama-niemowlaka.pl\/sklep\/c\/ubranka-niemowlece\/eleganckie-sukienki-dla-niemowlat\/\" target=\"_blank\" rel=\"noopener\"><strong>eleganckiej sukienki<\/strong><\/a>. Ten komplet sprawi, \u017ce Twoje niemowl\u0119 b\u0119dzie wygl\u0105da\u0107 uroczo i modnie jednocze\u015bnie!<\/p>\n<p data-pm-slice=\"1 1 []\">Sukienka dla ma\u0142ej dziewczynki doskonale sprawdzi si\u0119 jako prezent dla nowo narodzonego dziecka lub jako element garderoby dla ma\u0142ych dziewczynek oraz jako sukieneczka na Chrzest. Wykonany z najwy\u017cszej jako\u015bci materia\u0142\u00f3w, ten komplet nie tylko wygl\u0105da stylowo, ale tak\u017ce jest wygodny i trwa\u0142y. Dzi\u0119ki temu ka\u017cdy maluszek b\u0119dzie czu\u0107 si\u0119 dobrze i \u015bwietnie wygl\u0105da\u0107 w bia\u0142ej sukience!<\/p>\n<h2 data-pm-slice=\"1 1 []\"><strong>Sukienki dla niemowlaka w sklepie <\/strong><a href=\"https:\/\/mama-niemowlaka.pl\/sklep\/\" target=\"_blank\" rel=\"noopener\"><strong>mama-niemowlaka.pl<\/strong><\/a><\/h2>\n<p data-pm-slice=\"1 1 []\">Odkryj szeroki wyb\u00f3r uroczych <a href=\"https:\/\/mama-niemowlaka.pl\/sklep\/c\/ubranka-niemowlece\/sukienki-dla-niemowlat\/\" target=\"_blank\" rel=\"noopener\"><strong>sukienek dla niemowlak\u00f3w<\/strong><\/a> w sklepie <a href=\"https:\/\/mama-niemowlaka.pl\/sklep\/\" target=\"_blank\" rel=\"noopener\">mama-niemowlaka.pl<\/a>. Nasze <a href=\"https:\/\/mama-niemowlaka.pl\/sklep\/c\/ubranka-niemowlece\/sukienki-dla-niemowlat\/\" rel=\" \">sukienki niemowl\u0119ce<\/a> s\u0105 wykonane z wysokiej jako\u015bci bawe\u0142ny, zapewniaj\u0105c wygod\u0119 i komfort Twojemu dziecku. Znajdziesz u nas sukienki dziewcz\u0119ce na co dzie\u0144, <a href=\"https:\/\/mama-niemowlaka.pl\/sklep\/c\/ubranka-niemowlece\/eleganckie-sukienki-dla-niemowlat\/\" target=\"_blank\" rel=\"noopener\"><strong>eleganckie sukienki<\/strong><\/a> na specjalne okazje a tak\u017ce pi\u0119kne <a href=\"https:\/\/mama-niemowlaka.pl\/sklep\/c\/ubranka-niemowlece\/sukieneczki-do-chrztu\/\" target=\"_blank\" rel=\"noopener\"><strong>sukieneczki do Chrztu<\/strong><\/a>, kt\u00f3re b\u0119d\u0105 doskona\u0142ym wyborem na t\u0119 wyj\u0105tkow\u0105 okazj\u0119. Zapewnij swojemu maluszkowi wyj\u0105tkowy wygl\u0105d w naszych <a href=\"https:\/\/mama-niemowlaka.pl\/sklep\/c\/ubranka-niemowlece\/sukienki-dla-niemowlat\/\" rel=\" \">sukienkach dla niemowlak\u00f3w<\/a>.<\/p>\n","protected":false},"excerpt":{"rendered":"<p data-pm-slice=\"1 1 []\">Zestaw ubranek dla niemowlaka zawieraj\u0105cy <a href=\"https:\/\/mama-niemowlaka.pl\/sklep\/produkt\/ubranka-niemowlece\/sukienki-dla-niemowlat\/biala-sukienka-dla-niemowlaka-i-legginsy\/\" rel=\" \">bia\u0142\u0105 sukienk\u0119 dla niemowlaka<\/a> z d\u0142ugim r\u0119kawem, <a href=\"https:\/\/mama-niemowlaka.pl\/sklep\/t\/legginsy-dla-niemowlat\/\" target=\"_blank\" rel=\"noopener\"><strong>legginsy<\/strong><\/a> i opask\u0119 na g\u0142ow\u0119. Wykonane z najwy\u017cszej jako\u015bci materia\u0142\u00f3w, te ubrania s\u0105 nie tylko pi\u0119kne, ale tak\u017ce wygodne i trwa\u0142e. Ten komplet niemowl\u0119cy sprawi, \u017ce Twoje niemowl\u0119 b\u0119dzie wygl\u0105da\u0107 uroczo i modnie jednocze\u015bnie! Doskonale nadaje si\u0119 jako prezent dla nowo narodzonego dziecka lub jako element garderoby dla ma\u0142ych dziewczynek. Nasza <a href=\"https:\/\/mama-niemowlaka.pl\/sklep\/c\/ubranka-niemowlece\/sukienki-dla-niemowlat\/\" target=\"_blank\" rel=\"noopener\"><strong>sukienka dla niemowlaka<\/strong><\/a> dziewczynki to doskona\u0142y wyb\u00f3r.<\/p>\n<p><a href=\"https:\/\/mama-niemowlaka.pl\/sklep\/produkt\/ubranka-niemowlece\/sukienki-dla-niemowlat\/biala-sukienka-dla-niemowlaka-i-legginsy\/\" rel=\" \"><strong>Bia\u0142a sukienka dla niemowlaka<\/strong><\/a> i legginsy wyst\u0119puje w dw\u00f3ch rozmiarach: 68 i 74.<\/p>\n<p>Sk\u0142ad: 100% bawe\u0142na<\/p>\n","protected":false},"featured_media":16296,"template":"","meta":[],"product_brand":[],"product_cat":[126,144,122,57],"product_tag":[118,214,125,152,153,351,358,157,355,180,340,156,344,158],"class_list":{"0":"post-14695","1":"product","2":"type-product","3":"status-publish","4":"has-post-thumbnail","6":"product_cat-sukienki-dla-niemowlat","7":"product_cat-eleganckie-sukienki-dla-niemowlat","8":"product_cat-komplet-niemowlecy","9":"product_cat-ubranka-niemowlece","10":"product_tag-bawelna","11":"product_tag-bestseller","12":"product_tag-ubranka-do-chrztu","13":"product_tag-ubranka-dla-niemowlat-dziewczynek","14":"product_tag-komplet","15":"product_tag-komplety-niemowlece-dla-dziewczynki","16":"product_tag-ubranka-letnie-dla-dziewczynki","17":"product_tag-legginsy-dla-niemowlat","18":"product_tag-letnie-ubranka-dla-niemowlat","19":"product_tag-nowosc","20":"product_tag-sukieneczka-na-chrzciny","21":"product_tag-sukienka","22":"product_tag-ubranka-do-chrztu-dla-dziewczynki","23":"product_tag-zestaw","24":"product_shipping_class-lekka","25":"pa_rozmiar-312","26":"pa_rozmiar-313","27":"pa_rozmiar-314","29":"first","30":"outofstock","31":"taxable","32":"shipping-taxable","33":"product-type-variable","34":"has-default-attributes","35":"wvs-archive-product-wrapper"},"_links":{"self":[{"href":"https:\/\/mama-niemowlaka.pl\/sklep\/wp-json\/wp\/v2\/product\/14695","targetHints":{"allow":["GET"]}}],"collection":[{"href":"https:\/\/mama-niemowlaka.pl\/sklep\/wp-json\/wp\/v2\/product"}],"about":[{"href":"https:\/\/mama-niemowlaka.pl\/sklep\/wp-json\/wp\/v2\/types\/product"}],"wp:featuredmedia":[{"embeddable":true,"href":"https:\/\/mama-niemowlaka.pl\/sklep\/wp-json\/wp\/v2\/media\/16296"}],"wp:attachment":[{"href":"https:\/\/mama-niemowlaka.pl\/sklep\/wp-json\/wp\/v2\/media?parent=14695"}],"wp:term":[{"taxonomy":"product_brand","embeddable":true,"href":"https:\/\/mama-niemowlaka.pl\/sklep\/wp-json\/wp\/v2\/product_brand?post=14695"},{"taxonomy":"product_cat","embeddable":true,"href":"https:\/\/mama-niemowlaka.pl\/sklep\/wp-json\/wp\/v2\/product_cat?post=14695"},{"taxonomy":"product_tag","embeddable":true,"href":"https:\/\/mama-niemowlaka.pl\/sklep\/wp-json\/wp\/v2\/product_tag?post=14695"}],"curies":[{"name":"wp","href":"https:\/\/api.w.org\/{rel}","templated":true}]}}