{"id":1476,"date":"2021-11-18T00:05:48","date_gmt":"2021-11-17T23:05:48","guid":{"rendered":"https:\/\/mama-niemowlaka.pl\/sklep\/?post_type=product&#038;p=1476"},"modified":"2025-11-14T17:37:50","modified_gmt":"2025-11-14T16:37:50","slug":"majtki-poporodowe-bawelniane-mix-kolorow","status":"publish","type":"product","link":"https:\/\/mama-niemowlaka.pl\/sklep\/produkt\/dlamamy\/bielizna-poporodowa\/majtki-poporodowe-bawelniane-mix-kolorow\/","title":{"rendered":"Majtki poporodowe bawe\u0142niane 3szt. &#8211; mix kolor\u00f3w"},"content":{"rendered":"<h2 data-pm-slice=\"1 1 []\"><strong>Jakie majtki poporodowe wybra\u0107? Majtki bawe\u0142niane po porodzie<\/strong><\/h2>\n<p data-pm-slice=\"1 1 []\"><a href=\"https:\/\/mama-niemowlaka.pl\/sklep\/produkt\/dlamamy\/bielizna-poporodowa\/majtki-poporodowe-bawelniane-mix-kolorow\/\" target=\"_blank\" rel=\"noopener\"><strong>Majtki poporodowe bawe\u0142niane<\/strong><\/a> doskonale zast\u0105pi\u0105 popularne siateczkowe majtki poporodowe. Okres po\u0142ogu to trudny czas w \u017cyciu ka\u017cdej \u015bwie\u017co upieczonej mamy. W okresie po urodzeniu dziecka problemem s\u0105 obfite odchody po\u0142ogowe. W okresie po\u0142ogu kobieta cz\u0119sto dodatkowo zmaga si\u0119 z b\u00f3lem i dyskomfortem spowodowanym przez rany po naci\u0119ciu krocza lub cesarskim ci\u0119ciu. W utrzymaniu odpowiedniej higieny w czasie po\u0142ogu pomagaj\u0105 majtki poporodowe. Bielizna poporodowa poprawia komfort m\u0142odych mam, wspomaga szybsze gojenie si\u0119 ran i ogranicza ryzyko infekcji. Podczas pobytu w szpitalu, po porodzie bardzo wa\u017cny jest Tw\u00f3j komfort. Bielizna poporodowa, kt\u00f3rej b\u0119dziesz u\u017cywa\u0107 mo\u017ce by\u0107 kobieca i elegancka. Nie musisz si\u0119 jej wstydzi\u0107. Bawe\u0142niane majtki ci\u0105\u017cowe z wysokim stanem to obowi\u0105zkowy element wyposa\u017cenia torby do szpitala przysz\u0142ej mamy. S\u0105 bardzo wygodne, a za razem dyskretne. Doskonale spe\u0142niaj\u0105 swoj\u0105 rol\u0119. Materia\u0142 majtek jest mi\u0119kki i delikatny, dzi\u0119ki czemu nie powoduje podra\u017cnie\u0144. Elastyczno\u015b\u0107 poprawia wygod\u0119 i pozwala na idealne dopasowanie do cia\u0142a. Odpowiednie majtki poporodowe to przede wszystkim komfort i bezpiecze\u0144stwo. Nasze majtki bawe\u0142niane po porodzie s\u0105 przewiewne oraz bardzo dobrze podtrzymuj\u0105 podk\u0142ady poporodowe. Sprawdz\u0105 si\u0119 po porodzie naturalnym, jak te\u017c jako majtki po cesarce oraz w czasie po\u0142ogu.<\/p>\n<p data-pm-slice=\"1 1 []\">Prosta wersja majtek poporodowych wykonana ze 100% bawe\u0142ny. Wysoki stan, tak aby zakry\u0107 brzuch z szersz\u0105, nieuciskaj\u0105c\u0105 gumk\u0105. Oddychaj\u0105ce, nie kurcz\u0105 si\u0119 w praniu i maj\u0105 trwa\u0142e kolory. Majtki poporodowe znakomicie sprawdz\u0105 si\u0119 r\u00f3wnie\u017c po okresie po\u0142ogu jako zwyk\u0142e majtki.<\/p>\n<p data-pm-slice=\"1 1 []\"><a href=\"https:\/\/mama-niemowlaka.pl\/sklep\/produkt\/dlamamy\/bielizna-poporodowa\/majtki-poporodowe-bawelniane-mix-kolorow\/\" target=\"_blank\" rel=\"noopener\"><strong>Bawe\u0142niane majtki poporodowe<\/strong><\/a> s\u0105 to majtki wielorazowego u\u017cytku. Po u\u017cyciu mog\u0105 by\u0107 one prane w pralce b\u0105d\u017a r\u0119cznie i u\u017cywane ponownie. W por\u00f3wnaniu do majtek poporodowych jednorazowych s\u0105 one trwalsze i maj\u0105 lepsz\u0105 jako\u015b\u0107.<\/p>\n<p data-pm-slice=\"1 3 []\">Rozmiar majtek poporodowych nale\u017cy dobra\u0107 indywidualnie uwzgl\u0119dniaj\u0105c obw\u00f3d bioder. Najcz\u0119\u015bciej m\u0142odym mamom zaleca si\u0119 wybiera\u0107 bielizn\u0119 poporodow\u0105 o jeden rozmiar wi\u0119ksz\u0105 ni\u017c ten noszony przed ci\u0105\u017c\u0105. Przy zakupie majtek poporodowych pami\u0119taj r\u00f3wnie\u017c o odpowiednim <a href=\"https:\/\/mama-niemowlaka.pl\/sklep\/t\/biustonosze-do-karmienia\/\" target=\"_blank\" rel=\"noopener\"><strong>biustonoszu do karmienia<\/strong><\/a>.<\/p>\n<h3>W sklepie <a href=\"https:\/\/mama-niemowlaka.pl\">mama-niemowlaka.pl<\/a> s\u0105 dost\u0119pne majtki poporodowe bawe\u0142niane w czterech wariantach kolorystycznych:<\/h3>\n<ul>\n<li><a href=\"https:\/\/mama-niemowlaka.pl\/sklep\/produkt\/dlamamy\/bielizna-poporodowa\/majtki-poporodowe-3szt-czarne\/\">Czarnym<\/a>,<\/li>\n<li><a href=\"https:\/\/mama-niemowlaka.pl\/sklep\/produkt\/dlamamy\/bielizna-poporodowa\/majtki-poporodowe-niebieskie\/\">Niebieskim<\/a>,<\/li>\n<li><a href=\"https:\/\/mama-niemowlaka.pl\/sklep\/produkt\/dlamamy\/bielizna-poporodowa\/majtki-poporodowe-3szt-rozowe\/\">R\u00f3\u017cowym,<\/a><\/li>\n<li><a href=\"https:\/\/mama-niemowlaka.pl\/sklep\/produkt\/dlamamy\/bielizna-poporodowa\/majtki-poporodowe-bawelniane-mix-kolorow\/\" target=\"_blank\" rel=\"noopener\">Mix kolor\u00f3w<\/a><\/li>\n<\/ul>\n<h2 data-pm-slice=\"1 1 []\"><strong>Majtki dla mam -bielizna poporodowa w sklepie <\/strong><a href=\"https:\/\/mama-niemowlaka.pl\"><strong>mama-niemowlaka.pl<\/strong><\/a><\/h2>\n<p data-pm-slice=\"1 1 []\">Przy doborze bielizny poporodowej warto wzi\u0105\u0107 pod uwag\u0119 materia\u0142 z jakiego jest wykonana. Wybieraj odpowiedni\u0105 bielizn\u0119 poporodow\u0105, kt\u00f3ra zapewni Ci odpowiedni komfort i zadba o delikatn\u0105 sk\u00f3r\u0119 kobiety po porodzie. W naszym sklepie znajdziesz wygodn\u0105, bawe\u0142niana bielizn\u0119 poporodow\u0105. Kupisz u nas zar\u00f3wno <a href=\"https:\/\/mama-niemowlaka.pl\/sklep\/t\/majtki-poporodowe\/\" target=\"_blank\" rel=\"noopener\"><strong>majtki poporodowe<\/strong><\/a> bawe\u0142niane jak i <a href=\"https:\/\/mama-niemowlaka.pl\/sklep\/produkt\/dlamamy\/bielizna-poporodowa\/majtki-menstruacyjne-bawelniane-2szt\/\" target=\"_blank\" rel=\"noopener\"><strong>majtki menstruacyjne<\/strong><\/a>, kt\u00f3re r\u00f3wnie\u017c doskonale sprawdz\u0105 si\u0119 w okresie po\u0142ogu a tak\u017ce <a href=\"https:\/\/mama-niemowlaka.pl\/sklep\/t\/biustonosze-do-karmienia\/\" target=\"_blank\" rel=\"noopener\"><strong>biustonosze do karmienia<\/strong><\/a>.<\/p>\n<p><a href=\"https:\/\/mama-niemowlaka.pl\/sklep\/c\/dlamamy\/bielizna-poporodowa\/\" target=\"_blank\" rel=\"noopener noreferrer\">Wybierz odpowiedni\u0105 bielizn\u0119 poporodow\u0105. <\/a>Skompletuj z nami <a href=\"https:\/\/mama-niemowlaka.pl\/sklep\/dla-mamy\/\" target=\"_blank\" rel=\"noopener\"><strong>wyprawk\u0119 do szpitala dla mamy<\/strong><\/a>. Uzupe\u0142nij swoja <a href=\"https:\/\/mama-niemowlaka.pl\/sklep\/c\/dlamamy\/\" target=\"_blank\" rel=\"noopener\"><strong>list\u0119 rzeczy do porodu<\/strong><\/a> o nasze produkty.<\/p>\n<p>&nbsp;<\/p>\n<h3>Wymiary majtek:<\/h3>\n<table width=\"700\">\n<tbody>\n<tr>\n<td><strong>Rozmiar<\/strong><\/td>\n<td style=\"text-align: center;\"><strong>M<\/strong><\/td>\n<td style=\"text-align: center;\"><strong>L<\/strong><\/td>\n<td style=\"text-align: center;\"><strong>XL<\/strong><\/td>\n<td style=\"text-align: center;\"><strong>XXL<\/strong><\/td>\n<td style=\"text-align: center;\"><strong>XXXL<\/strong><\/td>\n<\/tr>\n<tr>\n<td>Talia<\/td>\n<td style=\"text-align: center;\">64-72 cm<\/td>\n<td style=\"text-align: center;\">72-84 cm<\/td>\n<td style=\"text-align: center;\">84-90 cm<\/td>\n<td style=\"text-align: center;\">90-94 cm<\/td>\n<td style=\"text-align: center;\">94-98 cm<\/td>\n<\/tr>\n<tr>\n<td>D\u0142ugo\u015b\u0107 (do p\u0119pka)<\/td>\n<td style=\"text-align: center;\">26,5 cm<\/td>\n<td style=\"text-align: center;\">27,5 cm<\/td>\n<td style=\"text-align: center;\">28,5 cm<\/td>\n<td style=\"text-align: center;\">29,5 cm<\/td>\n<td style=\"text-align: center;\">30,5 cm<\/td>\n<\/tr>\n<\/tbody>\n<\/table>\n","protected":false},"excerpt":{"rendered":"<p data-pm-slice=\"1 1 []\"><a href=\"https:\/\/mama-niemowlaka.pl\/sklep\/t\/majtki-poporodowe\/\" target=\"_blank\" rel=\"noopener\"><strong>Majtki poporodowe<\/strong><\/a> wielorazowe wykonane z bawe\u0142ny. 3-pak majtek w trzech kolorach. Majtki bawe\u0142niane posiadaj\u0105 wysoki stan, tak aby zakry\u0107 brzuch z szersz\u0105, nieuciskaj\u0105c\u0105 gumk\u0105. Specjalne majtki poporodowe z wysokim stanem zapewni\u0105 komfort i ochron\u0119 obszar\u00f3w po cesarce. Majtki poporodowe doskonale podtrzymuj\u0105 podk\u0142ady higieniczne i zapobiegaj\u0105 ich przesuwaniu si\u0119. Genialna alternatywa dla tradycyjnych, powszechnie znanych majtek jakimi s\u0105 siateczkowe majtki poporodowe lub jednorazowe majtki poporodowe. Takie majtki wielorazowe poporodowe zapewniaj\u0105 spok\u00f3j na d\u0142u\u017cej, poniewa\u017c mo\u017cna je ubra\u0107, wypra\u0107 i ponownie w\u0142o\u017cy\u0107.<\/p>\n<p><a href=\"https:\/\/mama-niemowlaka.pl\/sklep\/produkt\/dlamamy\/bielizna-poporodowa\/majtki-poporodowe-bawelniane-mix-kolorow\/\" target=\"_blank\" rel=\"noopener\"><strong>Majtki poporodowe bawe\u0142niane<\/strong><\/a> dost\u0119pne s\u0105 w czterech wariantach kolorystycznych: <a href=\"https:\/\/mama-niemowlaka.pl\/sklep\/produkt\/dlamamy\/bielizna-poporodowa\/majtki-poporodowe-bawelniane-3szt-czarne\/\" target=\"_blank\" rel=\"noopener\"><strong>czarny<\/strong><\/a>, <a href=\"https:\/\/mama-niemowlaka.pl\/sklep\/produkt\/dlamamy\/bielizna-poporodowa\/majtki-poporodowe-3szt-rozowe\/\" target=\"_blank\" rel=\"noopener\"><strong>r\u00f3\u017cowy<\/strong><\/a>, <a href=\"https:\/\/mama-niemowlaka.pl\/sklep\/produkt\/dlamamy\/bielizna-poporodowa\/majtki-poporodowe-niebieskie\/\" target=\"_blank\" rel=\"noopener\"><strong>niebieski<\/strong><\/a> i <a href=\"https:\/\/mama-niemowlaka.pl\/sklep\/produkt\/dlamamy\/bielizna-poporodowa\/majtki-poporodowe-bawelniane-mix-kolorow\/\" target=\"_blank\" rel=\"noopener\"><strong>mix kolor\u00f3w<\/strong><\/a>.<\/p>\n<p>Sk\u0142ad: 95% bawe\u0142ny, 5% elastan<\/p>\n","protected":false},"featured_media":9858,"template":"","meta":[],"product_brand":[],"product_cat":[56,64],"product_tag":[118,119,335],"class_list":{"0":"post-1476","1":"product","2":"type-product","3":"status-publish","4":"has-post-thumbnail","6":"product_cat-bielizna-poporodowa","7":"product_cat-dlamamy","8":"product_tag-bawelna","9":"product_tag-dla-mamy","10":"product_tag-majtki-poporodowe","11":"product_shipping_class-lekka","12":"pa_rozmiar-2xl","13":"pa_rozmiar-3xl","14":"pa_rozmiar-l","15":"pa_rozmiar-m","16":"pa_rozmiar-xl","18":"first","19":"outofstock","20":"taxable","21":"shipping-taxable","22":"product-type-variable","23":"has-default-attributes","24":"wvs-archive-product-wrapper"},"_links":{"self":[{"href":"https:\/\/mama-niemowlaka.pl\/sklep\/wp-json\/wp\/v2\/product\/1476","targetHints":{"allow":["GET"]}}],"collection":[{"href":"https:\/\/mama-niemowlaka.pl\/sklep\/wp-json\/wp\/v2\/product"}],"about":[{"href":"https:\/\/mama-niemowlaka.pl\/sklep\/wp-json\/wp\/v2\/types\/product"}],"wp:featuredmedia":[{"embeddable":true,"href":"https:\/\/mama-niemowlaka.pl\/sklep\/wp-json\/wp\/v2\/media\/9858"}],"wp:attachment":[{"href":"https:\/\/mama-niemowlaka.pl\/sklep\/wp-json\/wp\/v2\/media?parent=1476"}],"wp:term":[{"taxonomy":"product_brand","embeddable":true,"href":"https:\/\/mama-niemowlaka.pl\/sklep\/wp-json\/wp\/v2\/product_brand?post=1476"},{"taxonomy":"product_cat","embeddable":true,"href":"https:\/\/mama-niemowlaka.pl\/sklep\/wp-json\/wp\/v2\/product_cat?post=1476"},{"taxonomy":"product_tag","embeddable":true,"href":"https:\/\/mama-niemowlaka.pl\/sklep\/wp-json\/wp\/v2\/product_tag?post=1476"}],"curies":[{"name":"wp","href":"https:\/\/api.w.org\/{rel}","templated":true}]}}