{"id":15214,"date":"2025-04-05T11:56:31","date_gmt":"2025-04-05T09:56:31","guid":{"rendered":"https:\/\/mama-niemowlaka.pl\/sklep\/?post_type=product&#038;p=15214"},"modified":"2025-07-29T19:19:59","modified_gmt":"2025-07-29T17:19:59","slug":"elegancki-komplet-dla-chlopca-na-lato-granatowy","status":"publish","type":"product","link":"https:\/\/mama-niemowlaka.pl\/sklep\/produkt\/ubranka-niemowlece\/komplet-niemowlecy\/elegancki-komplet-dla-chlopca-na-lato-granatowy\/","title":{"rendered":"Elegancki komplet dla ch\u0142opca na lato &#8211; granatowy"},"content":{"rendered":"<h2 data-pm-slice=\"1 1 []\"><strong>Elegancki komplet niemowl\u0119cy na lato &#8211; komplet ch\u0142opi\u0119cy na lato<\/strong><\/h2>\n<p data-pm-slice=\"1 1 []\"><a href=\"https:\/\/mama-niemowlaka.pl\/sklep\/produkt\/ubranka-niemowlece\/komplet-niemowlecy\/elegancki-komplet-dla-chlopca-na-lato-granatowy\/\" target=\"_blank\" rel=\"noopener\"><strong>Elegancki komplet dla ch\u0142opca na lato<\/strong><\/a> w kolorze granatowym to idealne rozwi\u0105zanie na specjalne okazje, takie jak Chrzest lub inne uroczysto\u015bci. Nasz granatowy komplet wizytowy dla ch\u0142opca sprawdzi si\u0119 r\u00f3wnie\u017c jako ubranko na roczek. W sk\u0142ad tego wyj\u0105tkowego zestawu dla ch\u0142opca wchodz\u0105 bia\u0142e koszulobody z kr\u00f3tkim r\u0119kawem i granatowe spodenki. Granatowe, <a href=\"https:\/\/mama-niemowlaka.pl\/sklep\/c\/ubranka-niemowlece\/spodnie-niemowlece\/\" target=\"_blank\" rel=\"noopener\"><strong>eleganckie spodenki dla ch\u0142opca<\/strong><\/a> sprawdz\u0105 si\u0119 w wielu sytuacjach. <a href=\"https:\/\/mama-niemowlaka.pl\/sklep\/t\/eleganckie-body\/\" target=\"_blank\" rel=\"noopener\"><strong>Eleganckie body<\/strong><\/a> dla ch\u0142opca, kt\u00f3re imituj\u0105 koszul\u0119 to obowi\u0105zkowy element garderoby prawdziwego d\u017centelmena. Do zestawu mo\u017cesz dobra\u0107 urocze <a href=\"https:\/\/mama-niemowlaka.pl\/sklep\/c\/ubranka-niemowlece\/szelki-i-mucha-dla-niemowlaka\/\" target=\"_blank\" rel=\"noopener\"><strong>szelki dla niemowl\u0105t<\/strong><\/a>.<\/p>\n<p data-pm-slice=\"1 1 []\"><a href=\"https:\/\/mama-niemowlaka.pl\/sklep\/produkt\/ubranka-niemowlece\/komplet-niemowlecy\/elegancki-komplet-dla-chlopca-na-lato-granatowy\/\" target=\"_blank\" rel=\"noopener\"><strong>Elegancki komplet dla ch\u0142opca na lato<\/strong><\/a> wykonany jest z najwy\u017cszej jako\u015bci materia\u0142\u00f3w zapewnia nie tylko wygod\u0119, ale r\u00f3wnie\u017c elegancj\u0119 i styl. Niezwyczajna kombinacja kolor\u00f3w nadaje temu zestawowi niepowtarzalnego charakteru, a dba\u0142o\u015b\u0107 o szczeg\u00f3\u0142y sprawia, \u017ce ka\u017cdy element prezentuje si\u0119 doskonale. Ten granatowy <a href=\"https:\/\/mama-niemowlaka.pl\/sklep\/c\/ubranka-niemowlece\/komplet-niemowlecy\/\" target=\"_blank\" rel=\"noopener\"><strong>komplet dla ch\u0142opca<\/strong><\/a> to doskona\u0142e po\u0142\u0105czenie ubranek na specjalne okazje.<\/p>\n<h2 data-pm-slice=\"1 1 []\"><strong>Komplety ch\u0142opi\u0119ce na lato, eleganckie ubranka dla ch\u0142opca w sklepie <\/strong><a href=\"https:\/\/mama-niemowlaka.pl\/sklep\/\" target=\"_blank\" rel=\"noopener\"><strong>mama-niemowlaka.pl<\/strong><\/a><\/h2>\n<p data-pm-slice=\"1 1 []\">Znajd\u017a idealny elegancki <a href=\"https:\/\/mama-niemowlaka.pl\/sklep\/c\/ubranka-niemowlece\/komplet-niemowlecy\/\" target=\"_blank\" rel=\"noopener\">komplet dla ch\u0142opca<\/a> w sklepie <a href=\"https:\/\/mama-niemowlaka.pl\/sklep\/\" target=\"_blank\" rel=\"noopener\"><strong>mama-niemowlaka.pl<\/strong><\/a>. Oferujemy szeroki wyb\u00f3r <a href=\"https:\/\/mama-niemowlaka.pl\/sklep\/c\/ubranka-niemowlece\/eleganckie-ubranka-dla-chlopca\/\" target=\"_blank\" rel=\"noopener\"><strong>eleganckich ubranek dla ch\u0142opc\u00f3w<\/strong><\/a>, w tym wygodne <a href=\"https:\/\/mama-niemowlaka.pl\/sklep\/c\/ubranka-niemowlece\/komplet-niemowlecy\/\" target=\"_blank\" rel=\"noopener\"><strong>komplety niemowl\u0119ce<\/strong><\/a>, <a href=\"https:\/\/mama-niemowlaka.pl\/sklep\/t\/ubranka-do-chrztu\/\" target=\"_blank\" rel=\"noopener\"><strong>ubranka do Chrztu<\/strong><\/a> oraz <a href=\"https:\/\/mama-niemowlaka.pl\/sklep\/c\/ubranka-niemowlece\/szelki-i-mucha-dla-niemowlaka\/\" target=\"_blank\" rel=\"noopener\"><strong>szelki i muchy dla niemowlaka<\/strong><\/a>. Nasze <a href=\"https:\/\/mama-niemowlaka.pl\/sklep\/c\/ubranka-niemowlece\/komplet-niemowlecy\/\" target=\"_blank\" rel=\"noopener\"><strong>eleganckie komplety niemowl\u0119ce<\/strong><\/a> s\u0105 wykonane z wysokiej jako\u015bci materia\u0142\u00f3w, zapewniaj\u0105c wygod\u0119 i modny wygl\u0105d Twojemu maluchowi. Zapoznaj si\u0119 z nasz\u0105 kolekcj\u0105 ubranek na specjalne okazje dla ch\u0142opca i wybierz najlepszy <a href=\"https:\/\/mama-niemowlaka.pl\/sklep\/c\/ubranka-niemowlece\/komplet-niemowlecy\/\" target=\"_blank\" rel=\"noopener\"><strong>eleganckie komplety ch\u0142opi\u0119ce<\/strong><\/a> dla ma\u0142ych d\u017centelmen\u00f3w ju\u017c dzi\u015b! Pozosta\u0142e eleganckie komplety ch\u0142opi\u0119ce znajdziesz w kategorii <a href=\"https:\/\/mama-niemowlaka.pl\/sklep\/c\/ubranka-niemowlece\/eleganckie-ubranka-dla-chlopca\/\" target=\"_blank\" rel=\"noopener\"><strong>Eleganckie ubranka dla ch\u0142opca<\/strong><\/a>.<\/p>\n<p data-pm-slice=\"1 1 []\">Je\u017celi szukasz wygodnych ubranek na lato dla swojego maluszka sprawd\u017a nasze <a href=\"https:\/\/mama-niemowlaka.pl\/sklep\/t\/letnie-ubranka-dla-niemowlat\/\" target=\"_blank\" rel=\"noopener\"><strong>letnie ubranka dla niemowl\u0105t<\/strong><\/a>.<\/p>\n<p><strong>Tabela rozmiar\u00f3w:<\/strong><\/p>\n<table>\n<tbody>\n<tr>\n<td><b>Koszulobody<\/b><\/td>\n<td style=\"text-align: center;\"><b>74<\/b><\/td>\n<td style=\"text-align: center;\"><b>80<\/b><\/td>\n<td style=\"text-align: center;\"><b>86<\/b><\/td>\n<td style=\"text-align: center;\"><b>92<\/b><\/td>\n<\/tr>\n<tr>\n<td><span style=\"font-weight: 400;\">D\u0142ugo\u015b\u0107 ca\u0142kowita (bez st\u00f3jki)<\/span><\/td>\n<td><span style=\"font-weight: 400;\">\u00a043cm<\/span><\/td>\n<td><span style=\"font-weight: 400;\">45 cm<\/span><\/td>\n<td><span style=\"font-weight: 400;\">47 cm<\/span><\/td>\n<td><span style=\"font-weight: 400;\">49 cm<\/span><\/td>\n<\/tr>\n<tr>\n<td><span style=\"font-weight: 400;\">Obw\u00f3d pod pachami<\/span><\/td>\n<td><span style=\"font-weight: 400;\">52 cm<\/span><\/td>\n<td><span style=\"font-weight: 400;\">54 cm<\/span><\/td>\n<td><span style=\"font-weight: 400;\">56 cm<\/span><\/td>\n<td><span style=\"font-weight: 400;\">58 cm<\/span><\/td>\n<\/tr>\n<tr>\n<td><\/td>\n<td><\/td>\n<td><\/td>\n<td><\/td>\n<td><\/td>\n<\/tr>\n<tr>\n<td><b>Spodenki<\/b><\/td>\n<td style=\"text-align: center;\"><b>74<\/b><\/td>\n<td style=\"text-align: center;\"><b>80<\/b><\/td>\n<td style=\"text-align: center;\"><b>86<\/b><\/td>\n<td style=\"text-align: center;\"><b>92<\/b><\/td>\n<\/tr>\n<tr>\n<td><span style=\"font-weight: 400;\">Obw\u00f3d w pasie<\/span><\/td>\n<td><span style=\"font-weight: 400;\">\u00a050cm<\/span><\/td>\n<td><span style=\"font-weight: 400;\">52 cm<\/span><\/td>\n<td><span style=\"font-weight: 400;\">54 cm<\/span><\/td>\n<td><span style=\"font-weight: 400;\">56 cm<\/span><\/td>\n<\/tr>\n<tr>\n<td><span style=\"font-weight: 400;\">D\u0142ugo\u015b\u0107\u00a0 (bez podwini\u0119cia)<\/span><\/td>\n<td><span style=\"font-weight: 400;\">27 cm<\/span><\/td>\n<td><span style=\"font-weight: 400;\">29 cm<\/span><\/td>\n<td><span style=\"font-weight: 400;\">31 cm<\/span><\/td>\n<td><span style=\"font-weight: 400;\">33 cm<\/span><\/td>\n<\/tr>\n<\/tbody>\n<\/table>\n","protected":false},"excerpt":{"rendered":"<p data-pm-slice=\"1 1 []\"><a href=\"https:\/\/mama-niemowlaka.pl\/sklep\/produkt\/ubranka-niemowlece\/komplet-niemowlecy\/elegancki-zestaw-dla-chlopca-granatowy\/\" target=\"_blank\" rel=\"noopener\"><strong>Elegancki zestaw dla ch\u0142opca<\/strong><\/a> to doskona\u0142e rozwi\u0105zanie dla ma\u0142ych d\u017centelmen\u00f3w. W sk\u0142ad kompletu dla ch\u0142opca wchodz\u0105: bia\u0142e koszulobody z z kr\u00f3tkim r\u0119kawem i granatowe, wygodne spodenki. Ten wizytowy komplet dla ch\u0142opca zapewni Twojemu dziecku wyj\u0105tkowy wygl\u0105d podczas wa\u017cnych moment\u00f3w. Komplet dla ch\u0142opca sprawdzi si\u0119 jako <a href=\"https:\/\/mama-niemowlaka.pl\/sklep\/t\/ubranka-do-chrztu\/\" target=\"_blank\" rel=\"noopener\"><strong>ubranko do Chrztu<\/strong><\/a>, ubranko na roczek oraz ka\u017cd\u0105 wa\u017cn\u0105 uroczysto\u015b\u0107. Teraz mo\u017cesz sprawi\u0107, \u017ce Tw\u00f3j maluszek b\u0119dzie prezentowa\u0107 si\u0119 jeszcze bardziej uroczo i elegancko.<\/p>\n<p><a href=\"https:\/\/mama-niemowlaka.pl\/sklep\/produkt\/ubranka-niemowlece\/komplet-niemowlecy\/elegancki-komplet-dla-chlopca-na-lato-granatowy\/\" target=\"_blank\" rel=\"noopener\"><strong>Elegancki komplet dla ch\u0142opca na lato<\/strong><\/a> w kolorze granatowym dost\u0119pny jest w czterech rozmiarach: 74, 80, 86 i 92.<\/p>\n<p>Sk\u0142ad: 80% bawe\u0142na, 20% poliester<\/p>\n","protected":false},"featured_media":15221,"template":"","meta":[],"product_brand":[],"product_cat":[122,143,135,57],"product_tag":[145,155,153,352,162,359,355,180,154],"class_list":{"0":"post-15214","1":"product","2":"type-product","3":"status-publish","4":"has-post-thumbnail","6":"product_cat-komplet-niemowlecy","7":"product_cat-eleganckie-ubranka-dla-chlopca","8":"product_cat-eleganckie-ubranka-dla-niemowlaka","9":"product_cat-ubranka-niemowlece","10":"product_tag-ubranka-dla-niemowlat-chlopca","11":"product_tag-eleganckie","12":"product_tag-komplet","13":"product_tag-komplety-niemowlece-dla-chlopca","14":"product_tag-lato","15":"product_tag-ubranka-dla-niemowlaka-chlopca-na-lato","16":"product_tag-letnie-ubranka-dla-niemowlat","17":"product_tag-nowosc","18":"product_tag-szorty","19":"product_shipping_class-lekka","20":"pa_rozmiar-313","21":"pa_rozmiar-314","22":"pa_rozmiar-315","23":"pa_rozmiar-316","24":"pa_rozmiar-317","26":"first","27":"instock","28":"taxable","29":"shipping-taxable","30":"purchasable","31":"product-type-variable","32":"has-default-attributes","33":"wvs-archive-product-wrapper"},"_links":{"self":[{"href":"https:\/\/mama-niemowlaka.pl\/sklep\/wp-json\/wp\/v2\/product\/15214","targetHints":{"allow":["GET"]}}],"collection":[{"href":"https:\/\/mama-niemowlaka.pl\/sklep\/wp-json\/wp\/v2\/product"}],"about":[{"href":"https:\/\/mama-niemowlaka.pl\/sklep\/wp-json\/wp\/v2\/types\/product"}],"wp:featuredmedia":[{"embeddable":true,"href":"https:\/\/mama-niemowlaka.pl\/sklep\/wp-json\/wp\/v2\/media\/15221"}],"wp:attachment":[{"href":"https:\/\/mama-niemowlaka.pl\/sklep\/wp-json\/wp\/v2\/media?parent=15214"}],"wp:term":[{"taxonomy":"product_brand","embeddable":true,"href":"https:\/\/mama-niemowlaka.pl\/sklep\/wp-json\/wp\/v2\/product_brand?post=15214"},{"taxonomy":"product_cat","embeddable":true,"href":"https:\/\/mama-niemowlaka.pl\/sklep\/wp-json\/wp\/v2\/product_cat?post=15214"},{"taxonomy":"product_tag","embeddable":true,"href":"https:\/\/mama-niemowlaka.pl\/sklep\/wp-json\/wp\/v2\/product_tag?post=15214"}],"curies":[{"name":"wp","href":"https:\/\/api.w.org\/{rel}","templated":true}]}}