{"id":15413,"date":"2024-07-10T21:49:47","date_gmt":"2024-07-10T19:49:47","guid":{"rendered":"https:\/\/mama-niemowlaka.pl\/sklep\/?post_type=product&#038;p=15413"},"modified":"2025-12-03T20:32:59","modified_gmt":"2025-12-03T19:32:59","slug":"koszula-do-karmienia-granatowa","status":"publish","type":"product","link":"https:\/\/mama-niemowlaka.pl\/sklep\/produkt\/dlamamy\/koszule-do-karmienia\/koszula-do-karmienia-granatowa\/","title":{"rendered":"Koszula do karmienia &#8211; granatowa"},"content":{"rendered":"<h2 data-pm-slice=\"1 1 []\"><strong>Koszula nocna ci\u0105\u017cowa do karmienia piersi\u0105. Wygodna koszula do karmienia granatowa<\/strong><\/h2>\n<p data-pm-slice=\"1 1 []\">G\u0142\u00f3wnym celem koszuli nocnej dla karmi\u0105cych piersi\u0105 jest u\u0142atwienia do karmienia piersi\u0105. Koszula do karmienia z guzikami to proste i niezwykle wygodne rozwi\u0105zanie u\u0142atwiaj\u0105ce karmienie piersi\u0105. <a href=\"https:\/\/mama-niemowlaka.pl\/sklep\/produkt\/dlamamy\/koszule-do-karmienia\/koszula-do-karmienia-granatowa\/\" target=\"_blank\" rel=\"noopener\"><strong>Koszula do karmienia granatowa<\/strong><\/a> posiada mo\u017cliwo\u015b\u0107 dyskretnego karmienia noworodka, dzi\u0119ki guzikom znajduj\u0105cym si\u0119 po obu stronach piersi. Masz pe\u0142n\u0105 kontrol\u0119 nad tym, jak odkry\u0107 i przykry\u0107 piersi w zale\u017cno\u015bci od potrzeb Twojego dziecka. Koszula nocna ci\u0105\u017cowa granatowa, posiada kr\u00f3tki r\u0119kaw oraz klasyczny kr\u00f3j. Kr\u00f3j koszuli dopasowuje si\u0119 do rosn\u0105cego ci\u0105\u017cowego brzuszka. Nasza koszula do karmienia z guzikami jest starannie wykonana z doskona\u0142\u0105 precyzj\u0105.<\/p>\n<p data-pm-slice=\"1 1 []\">Ponadto, granatowy kolor koszuli ci\u0105\u017cowej dla przysz\u0142ej mamy nadaje jej elegancki i uniwersalny wygl\u0105d, kt\u00f3ry sprawia, \u017ce jest idealna zar\u00f3wno na co dzie\u0144, jak i na specjalne okazje. Nasza <a href=\"https:\/\/mama-niemowlaka.pl\/sklep\/c\/dlamamy\/koszule-do-karmienia\/\" target=\"_blank\" rel=\"noopener\"><strong>koszula do karmienia<\/strong><\/a> jest prosta, a jednocze\u015bnie bardzo wygodna.<\/p>\n<p data-pm-slice=\"1 1 []\">Nie tylko funkcjonalno\u015b\u0107 i styl stanowi\u0105 atuty tej <a href=\"https:\/\/mama-niemowlaka.pl\/sklep\/c\/dlamamy\/koszule-do-karmienia\/\" target=\"_blank\" rel=\"noopener\"><strong>koszuli do karmienia piersi\u0105<\/strong><\/a>. Jej wykonanie z wysokiej jako\u015bci bawe\u0142ny gwarantuje oddychaj\u0105cy i mi\u0119kki materia\u0142, kt\u00f3ry jest przyjazny dla sk\u00f3ry zar\u00f3wno Ciebie, jak i Twojego dziecka. Bawe\u0142na jest naturalnym w\u0142\u00f3knem, kt\u00f3re jest znane z trwa\u0142o\u015bci i odporno\u015bci na przetarcia, dzi\u0119ki czemu b\u0119dziesz mog\u0142a cieszy\u0107 si\u0119 t\u0105 koszul\u0105 przez d\u0142ugi czas. Nie czekaj i zam\u00f3w ju\u017c dzi\u015b <a href=\"https:\/\/mama-niemowlaka.pl\/sklep\/produkt\/dlamamy\/koszule-do-karmienia\/koszula-do-karmienia-granatowa\/\" target=\"_blank\" rel=\"noopener\"><strong>koszula ci\u0105\u017cowa granatowa<\/strong><\/a> z kr\u00f3tkim r\u0119kawem w naszym sklepie.<\/p>\n<h2 data-pm-slice=\"1 1 []\">Wygodne koszule nocne do karmienia w sklepie <a href=\"https:\/\/mama-niemowlaka.pl\">mama-niemowlaka.pl<\/a> \u2013 wybierz najlepsze koszule ci\u0105\u017cowe do karmienia piersi\u0105<\/h2>\n<p data-pm-slice=\"1 1 []\">W sklepie <a href=\"https:\/\/mama-niemowlaka.pl\">mama-niemowlaka.pl<\/a> znajdziesz szeroki wyb\u00f3r <a href=\"https:\/\/mama-niemowlaka.pl\/sklep\/c\/dlamamy\/koszule-do-karmienia\/\" target=\"_blank\" rel=\"noopener\"><strong>koszul do karmienia piersi\u0105<\/strong><\/a>. Znajdziesz zar\u00f3wno <a href=\"https:\/\/mama-niemowlaka.pl\/sklep\/t\/koszule-ciazowe\/\" target=\"_blank\" rel=\"noopener\"><strong>koszula na okres ci\u0105\u017cy<\/strong><\/a>, <a href=\"https:\/\/mama-niemowlaka.pl\/sklep\/t\/koszule-do-porodu\/\" target=\"_blank\" rel=\"noopener\"><strong>koszule porodowe<\/strong><\/a>, koszule do szpitala, klasyczn\u0105 koszul\u0119 ci\u0105\u017cow\u0105 zapinan\u0105 na guziki, <a href=\"https:\/\/mama-niemowlaka.pl\/sklep\/t\/koszula-na-napy\/\" target=\"_blank\" rel=\"noopener\"><strong>koszule ci\u0105\u017cowe na napy<\/strong><\/a>, wygodne <a href=\"https:\/\/mama-niemowlaka.pl\/sklep\/t\/koszule-do-karmienia-na-zamek\/\" target=\"_blank\" rel=\"noopener\"><strong>koszule do karmienia na suwak<\/strong><\/a>, <a href=\"https:\/\/mama-niemowlaka.pl\/sklep\/t\/eleganckie-koszule-ciazowe\/\" target=\"_blank\" rel=\"noopener\"><strong>eleganckie koszule nocne<\/strong><\/a> jaki <a href=\"https:\/\/mama-niemowlaka.pl\/sklep\/c\/dlamamy\/pizamy-do-karmienia\/\" target=\"_blank\" rel=\"noopener\"><strong>pi\u017camy ci\u0105\u017cowe<\/strong><\/a>. Znajdziesz <a href=\"https:\/\/mama-niemowlaka.pl\/sklep\/c\/dlamamy\/koszule-do-karmienia\/\" target=\"_blank\" rel=\"noopener\"><strong>koszule do karmienia<\/strong><\/a> male\u0144stwa piersi\u0105 w r\u00f3\u017cnych rozmiarach: od S do XXXL. Nasze produkty wysy\u0142amy w ci\u0105gu 48 godzin.<\/p>\n<p data-pm-slice=\"1 1 []\">Oferujemy bezp\u0142atn\u0105 wymian\u0119 i 14-dniowy zwrot. Dodatkowo, je\u015bli zam\u00f3wisz za minimum 249 z\u0142, dostawa b\u0119dzie ca\u0142kowicie bezp\u0142atna. Nasze produkty s\u0105 starannie dobierane tak, aby zapewni\u0107 Ci maksymalny komfort i bezpiecze\u0144stwo. Nie musisz ju\u017c traci\u0107 czasu na przeszukiwanie innych sklep\u00f3w. <a href=\"https:\/\/mama-niemowlaka.pl\">mama-niemowlaka.pl<\/a> ma wszystko, czego potrzebujesz! Skorzystaj z naszych us\u0142ug ju\u017c teraz i sprawd\u017a nasz\u0105 ofert\u0119 komfortowych<a href=\"https:\/\/mama-niemowlaka.pl\/sklep\/t\/koszule-nocne-do-karmienia\/\" target=\"_blank\" rel=\"noopener\"><strong> koszul nocnych do karmienia<\/strong><\/a>, odzie\u017c ci\u0105\u017cow\u0105, bielizn\u0119 dla przysz\u0142ych mam oraz ubranka dla niemowl\u0105t ju\u017c dzi\u015b! Sprawd\u017a nasze pozosta\u0142e koszule do porodu i karmienia piersi\u0105, znajdziesz je w kategorii <a href=\"https:\/\/mama-niemowlaka.pl\/sklep\/c\/dlamamy\/koszule-do-karmienia\/\" target=\"_blank\" rel=\"noopener\"><strong>koszule do karmienia<\/strong><\/a>.<\/p>\n<p data-pm-slice=\"1 1 []\">Sprawd\u017a nasz\u0105 ofert\u0119 koszul do karmienia i porodu i kup ju\u017c dzi\u015b wyj\u0105tkow\u0105 <a href=\"https:\/\/mama-niemowlaka.pl\/sklep\/t\/koszule-ciazowe-do-karmienia\/\" target=\"_blank\" rel=\"noopener\"><strong>koszul\u0119<\/strong><\/a><a href=\"https:\/\/mama-niemowlaka.pl\/sklep\/t\/koszule-ciazowe-do-karmienia\/\" target=\"_blank\" rel=\"noopener\"><strong> ci\u0105\u017cow\u0105 do karmienia<\/strong><\/a>. Pami\u0119taj, aby <a href=\"https:\/\/mama-niemowlaka.pl\/sklep\/dla-mamy\/\" target=\"_blank\" rel=\"noopener\"><strong>wyprawk\u0119 do szpitala dla mamy<\/strong><\/a> uzupe\u0142ni\u0107 o <a href=\"https:\/\/mama-niemowlaka.pl\/sklep\/c\/dlamamy\/bielizna-poporodowa\/\" target=\"_blank\" rel=\"noopener\"><strong>bielizn\u0119 poporodow\u0105<\/strong><\/a>. Sprawd\u017a koniecznie nasz\u0105 ofert\u0119 <a href=\"https:\/\/mama-niemowlaka.pl\/sklep\/t\/majtki-poporodowe\/\" target=\"_blank\" rel=\"noopener\"><strong>majtek poporodowych<\/strong><\/a> i <a href=\"https:\/\/mama-niemowlaka.pl\/sklep\/t\/biustonosze-do-karmienia\/\" target=\"_blank\" rel=\"noopener\"><strong>biustonoszy do karmienia<\/strong><\/a> \u2013 <a href=\"https:\/\/mama-niemowlaka.pl\/sklep\/c\/dlamamy\/bielizna-poporodowa\/\" target=\"_blank\" rel=\"noopener\"><strong>bielizna poporodowa<\/strong><\/a>.<\/p>\n<p>Tabela rozmiar\u00f3w:<\/p>\n<table style=\"height: 125px;\" width=\"726\">\n<tbody>\n<tr>\n<td><strong>Rozmiar<\/strong><\/td>\n<td style=\"text-align: center;\"><strong>S<\/strong><\/td>\n<td style=\"text-align: center;\"><strong>M<\/strong><\/td>\n<td style=\"text-align: center;\"><strong>L<\/strong><\/td>\n<td style=\"text-align: center;\"><strong>XL<\/strong><\/td>\n<td style=\"text-align: center;\" nowrap=\"nowrap\"><strong>XXL<\/strong><\/td>\n<\/tr>\n<tr>\n<td>D\u0142ugo\u015b\u0107 ca\u0142kowita<\/td>\n<td style=\"text-align: center;\">96 cm<\/td>\n<td style=\"text-align: center;\">98 cm<\/td>\n<td style=\"text-align: center;\">99 cm<\/td>\n<td style=\"text-align: center;\">100 cm<\/td>\n<td style=\"text-align: center;\">101 cm<\/td>\n<\/tr>\n<tr>\n<td>Obw\u00f3d w brzuchu<\/td>\n<td style=\"text-align: center;\">106 cm<\/td>\n<td style=\"text-align: center;\">110 cm<\/td>\n<td style=\"text-align: center;\">112 cm<\/td>\n<td style=\"text-align: center;\">114 cm<\/td>\n<td style=\"text-align: center;\">116 cm<\/td>\n<\/tr>\n<tr>\n<td>Obw\u00f3d pod pachami<\/td>\n<td style=\"text-align: center;\">102 cm<\/td>\n<td style=\"text-align: center;\">104 cm<\/td>\n<td style=\"text-align: center;\">106 cm<\/td>\n<td style=\"text-align: center;\">108 cm<\/td>\n<td style=\"text-align: center;\">112 cm<\/td>\n<\/tr>\n<\/tbody>\n<\/table>\n","protected":false},"excerpt":{"rendered":"<p data-pm-slice=\"1 1 []\">Nasza <a href=\"https:\/\/mama-niemowlaka.pl\/sklep\/produkt\/dlamamy\/koszule-do-karmienia\/koszula-do-karmienia-granatowa\/\" target=\"_blank\" rel=\"noopener\"><strong>granatowa koszula do karmienia<\/strong><\/a> to po\u0142\u0105czenie praktyczno\u015bci, stylu i wygody. Dzi\u0119ki guzikom po obu stronach piersi i wykonaniu z bawe\u0142ny, jest to idealny wyb\u00f3r dla nowoczesnych mam, kt\u00f3re chc\u0105 czu\u0107 si\u0119 dobrze i wygl\u0105da\u0107 modnie zar\u00f3wno w trakcie karmienia, jak i po nim. Praktyczna koszula nocna ci\u0105\u017cowa granatowa posiada proste i niezwykle wygodne rozwi\u0105zanie u\u0142atwiaj\u0105ce karmienie piersi\u0105 &#8211; zapi\u0119cia na guziki po obu stronach piersi. Niezale\u017cnie od tego, czy jeste\u015b w ci\u0105\u017cy, czy karmisz piersi\u0105, ta koszula ci\u0105\u017cowa granatowa zapewnia wygodne karmienie male\u0144stwa.<\/p>\n<p><a href=\"https:\/\/mama-niemowlaka.pl\/sklep\/produkt\/dlamamy\/koszule-do-karmienia\/koszula-do-karmienia-granatowa\/\" target=\"_blank\" rel=\"noopener\"><strong>Koszula do karmienia granatowa<\/strong><\/a> dost\u0119pna jest w pi\u0119ciu rozmiarach: S, M, L, XL i XXL. Ten model koszuli wyst\u0119puje r\u00f3wnie\u017c w r\u00f3\u017cowej wersji kolorystycznej &#8211; <a href=\"https:\/\/mama-niemowlaka.pl\/sklep\/produkt\/dlamamy\/koszula-ciazowa-do-karmienia-brudny-roz\/\" target=\"_blank\" rel=\"noopener\"><strong>Koszula do karmienia r\u00f3\u017cowa<\/strong><\/a> oraz czarna: <a href=\"https:\/\/mama-niemowlaka.pl\/sklep\/produkt\/dlamamy\/koszula-ciazowa-do-karmienia-czarna\/\" target=\"_blank\" rel=\"noopener\"><strong>Koszula ci\u0105\u017cowa do karmienia \u2013 czarna<\/strong><\/a>.<\/p>\n<p>Sk\u0142ad: 100% bawe\u0142na<\/p>\n","protected":false},"featured_media":18472,"template":"","meta":[],"product_brand":[],"product_cat":[97,64],"product_tag":[118,119,236,138,146,259,258,98,257,260,261,331],"class_list":{"0":"post-15413","1":"product","2":"type-product","3":"status-publish","4":"has-post-thumbnail","6":"product_cat-koszule-do-karmienia","7":"product_cat-dlamamy","8":"product_tag-bawelna","9":"product_tag-dla-mamy","10":"product_tag-koszula-do-karmienia","11":"product_tag-koszule-ciazowe","12":"product_tag-koszule-ciazowe-do-karmienia","13":"product_tag-koszula-do-karmienia-l","14":"product_tag-koszula-do-karmienia-m","15":"product_tag-koszule-nocne-do-karmienia","16":"product_tag-koszula-do-karmienia-s","17":"product_tag-koszula-do-karmienia-xl","18":"product_tag-koszula-do-karmienia-xxl","19":"product_tag-koszulka-nocna-do-karmienia","20":"product_shipping_class-lekka","21":"pa_rozmiar-2xl","22":"pa_rozmiar-l","23":"pa_rozmiar-m","24":"pa_rozmiar-s","25":"pa_rozmiar-xl","27":"first","28":"instock","29":"taxable","30":"shipping-taxable","31":"purchasable","32":"product-type-variable","33":"has-default-attributes","34":"wvs-archive-product-wrapper"},"_links":{"self":[{"href":"https:\/\/mama-niemowlaka.pl\/sklep\/wp-json\/wp\/v2\/product\/15413","targetHints":{"allow":["GET"]}}],"collection":[{"href":"https:\/\/mama-niemowlaka.pl\/sklep\/wp-json\/wp\/v2\/product"}],"about":[{"href":"https:\/\/mama-niemowlaka.pl\/sklep\/wp-json\/wp\/v2\/types\/product"}],"wp:featuredmedia":[{"embeddable":true,"href":"https:\/\/mama-niemowlaka.pl\/sklep\/wp-json\/wp\/v2\/media\/18472"}],"wp:attachment":[{"href":"https:\/\/mama-niemowlaka.pl\/sklep\/wp-json\/wp\/v2\/media?parent=15413"}],"wp:term":[{"taxonomy":"product_brand","embeddable":true,"href":"https:\/\/mama-niemowlaka.pl\/sklep\/wp-json\/wp\/v2\/product_brand?post=15413"},{"taxonomy":"product_cat","embeddable":true,"href":"https:\/\/mama-niemowlaka.pl\/sklep\/wp-json\/wp\/v2\/product_cat?post=15413"},{"taxonomy":"product_tag","embeddable":true,"href":"https:\/\/mama-niemowlaka.pl\/sklep\/wp-json\/wp\/v2\/product_tag?post=15413"}],"curies":[{"name":"wp","href":"https:\/\/api.w.org\/{rel}","templated":true}]}}