{"id":15570,"date":"2025-05-06T11:12:39","date_gmt":"2025-05-06T09:12:39","guid":{"rendered":"https:\/\/mama-niemowlaka.pl\/sklep\/?post_type=product&#038;p=15570"},"modified":"2025-09-14T19:20:09","modified_gmt":"2025-09-14T17:20:09","slug":"komplecik-dla-niemowlaka-chlopca-bezowy","status":"publish","type":"product","link":"https:\/\/mama-niemowlaka.pl\/sklep\/produkt\/ubranka-niemowlece\/komplet-niemowlecy\/komplecik-dla-niemowlaka-chlopca-bezowy\/","title":{"rendered":"Komplet ubranek dla ch\u0142opca 3cz\u0119\u015bciowy &#8211; be\u017cowy"},"content":{"rendered":"<h2 data-pm-slice=\"1 1 []\"><strong>Wygodny komplet dla niemowlaka na ka\u017cd\u0105 okazj\u0119<\/strong><\/h2>\n<p data-pm-slice=\"1 1 []\">Ten dresowy <a href=\"https:\/\/mama-niemowlaka.pl\/sklep\/produkt\/ubranka-niemowlece\/komplet-niemowlecy\/komplecik-dla-niemowlaka-chlopca-bezowy\/\" target=\"_blank\" rel=\"noopener\"><strong>komplecik dla niemowlaka<\/strong><\/a> to doskona\u0142y wyb\u00f3r na spotkania rodzinne czy codzienne spacery. Bluza z kieszeniami i kapturem nadaje zestawowi stylowy wygl\u0105d, a koszulka zapewnia ciep\u0142o i wygod\u0119. Spodenki w kolorze br\u0105zowym doskonale uzupe\u0142niaj\u0105 ca\u0142o\u015b\u0107, tworz\u0105c harmonijn\u0105 stylizacj\u0119, kt\u00f3ra sprawdzi si\u0119 w casualowych sytuacjach. Wykonany z mi\u0119kkiej, oddychaj\u0105cej bawe\u0142ny, ten komplet niemowl\u0119cy zadba o komfort Twojego dziecka przez ca\u0142y dzie\u0144.<\/p>\n<h2 data-pm-slice=\"1 1 []\"><strong>Odkryj wi\u0119cej komplet\u00f3w niemowl\u0119cych w sklepie <\/strong><a href=\"https:\/\/mama-niemowlaka.pl\" target=\"_blank\" rel=\"noopener\"><strong>mama-niemowlaka.pl<\/strong><\/a><\/h2>\n<p data-pm-slice=\"1 1 []\">W naszym sklepie znajdziesz szeroki wyb\u00f3r eleganckich zestaw\u00f3w na Chrzest oraz innych komplet\u00f3w ubranek dla niemowl\u0105t. Sprawd\u017a nasz\u0105 ofert\u0119, gdzie dost\u0119pne s\u0105 r\u00f3\u017cnorodne wzory i kolory, idealne na ka\u017cd\u0105 okazj\u0119. Wszystkie nasze produkty s\u0105 wykonane z najwy\u017cszej jako\u015bci materia\u0142\u00f3w, co zapewnia komfort i bezpiecze\u0144stwo Twojego maluszka.<\/p>\n<p data-pm-slice=\"1 1 []\">Odwied\u017a kategori\u0119 <a href=\"https:\/\/mama-niemowlaka.pl\/sklep\/c\/ubranka-niemowlece\/komplet-niemowlecy\/\" target=\"_blank\" rel=\"noopener\"><strong>komplet\u00f3w niemowl\u0119cych<\/strong><\/a> i znajd\u017a idealny zestaw dla swojego dziecka. Znajdziesz tam komplety ubranek dla niemowlaka ch\u0142opca oraz komplety ubranek dla niemowlaka dziewczynki.<\/p>\n","protected":false},"excerpt":{"rendered":"<p data-pm-slice=\"1 1 []\">Dresowy <a href=\"https:\/\/mama-niemowlaka.pl\/sklep\/produkt\/ubranka-niemowlece\/komplet-niemowlecy\/komplecik-dla-niemowlaka-chlopca-bezowy\/\" target=\"_blank\" rel=\"noopener\"><strong>komplecik dla niemowlaka<\/strong><\/a>, idealny na r\u00f3\u017cne okazje. W zestawie ubranek dla niemowl\u0105t ch\u0142opca znajduj\u0105 si\u0119: bluza, koszulka z d\u0142ugim r\u0119kawem oraz spodenki. Wykonany w 100% z bawe\u0142ny, gwarantuje komfort noszenia dla Twojego maluszka. Taki komplet dla niemowlaka to gotowy zestaw ubranek dla maluszka.<\/p>\n<p>Komplet niemowl\u0119cy dla ch\u0142opca dost\u0119pny jest w trzech rozmiarach: 62, 68 i 74.<\/p>\n<p>Sk\u0142ad: 100% bawe\u0142na<\/p>\n<p>Kraj produkcji : Turcja<\/p>\n","protected":false},"featured_media":17610,"template":"","meta":[],"product_brand":[],"product_cat":[122,57],"product_tag":[118,145,352,180],"class_list":{"0":"post-15570","1":"product","2":"type-product","3":"status-publish","4":"has-post-thumbnail","6":"product_cat-komplet-niemowlecy","7":"product_cat-ubranka-niemowlece","8":"product_tag-bawelna","9":"product_tag-ubranka-dla-niemowlat-chlopca","10":"product_tag-komplety-niemowlece-dla-chlopca","11":"product_tag-nowosc","12":"product_shipping_class-lekka","13":"pa_rozmiar-312","14":"pa_rozmiar-313","15":"pa_rozmiar-314","17":"first","18":"outofstock","19":"taxable","20":"shipping-taxable","21":"product-type-variable","22":"has-default-attributes","23":"wvs-archive-product-wrapper"},"_links":{"self":[{"href":"https:\/\/mama-niemowlaka.pl\/sklep\/wp-json\/wp\/v2\/product\/15570","targetHints":{"allow":["GET"]}}],"collection":[{"href":"https:\/\/mama-niemowlaka.pl\/sklep\/wp-json\/wp\/v2\/product"}],"about":[{"href":"https:\/\/mama-niemowlaka.pl\/sklep\/wp-json\/wp\/v2\/types\/product"}],"wp:featuredmedia":[{"embeddable":true,"href":"https:\/\/mama-niemowlaka.pl\/sklep\/wp-json\/wp\/v2\/media\/17610"}],"wp:attachment":[{"href":"https:\/\/mama-niemowlaka.pl\/sklep\/wp-json\/wp\/v2\/media?parent=15570"}],"wp:term":[{"taxonomy":"product_brand","embeddable":true,"href":"https:\/\/mama-niemowlaka.pl\/sklep\/wp-json\/wp\/v2\/product_brand?post=15570"},{"taxonomy":"product_cat","embeddable":true,"href":"https:\/\/mama-niemowlaka.pl\/sklep\/wp-json\/wp\/v2\/product_cat?post=15570"},{"taxonomy":"product_tag","embeddable":true,"href":"https:\/\/mama-niemowlaka.pl\/sklep\/wp-json\/wp\/v2\/product_tag?post=15570"}],"curies":[{"name":"wp","href":"https:\/\/api.w.org\/{rel}","templated":true}]}}