{"id":15983,"date":"2025-03-17T11:02:57","date_gmt":"2025-03-17T10:02:57","guid":{"rendered":"https:\/\/mama-niemowlaka.pl\/sklep\/?post_type=product&#038;p=15983"},"modified":"2025-07-18T13:27:55","modified_gmt":"2025-07-18T11:27:55","slug":"kurtka-niemowleca-dla-dziewczynki-mis","status":"publish","type":"product","link":"https:\/\/mama-niemowlaka.pl\/sklep\/produkt\/ubranka-niemowlece\/okrycia-wierzchnie\/kurtka-niemowleca-dla-dziewczynki-mis\/","title":{"rendered":"Kurtka niemowl\u0119ca i dresik dla dziewczynki"},"content":{"rendered":"<h2 data-pm-slice=\"1 1 []\"><strong>Przej\u015bciowa kurtka niemowl\u0119ca i dres dla niemowlaka dziewczynki \u2013 ubranko na ch\u0142odniejsze dni<\/strong><\/h2>\n<p data-pm-slice=\"1 1 []\"><a href=\"https:\/\/mama-niemowlaka.pl\/sklep\/produkt\/ubranka-niemowlece\/okrycia-wierzchnie\/kurtka-niemowleca-dla-dziewczynki-mis\/\" target=\"_blank\" rel=\"noopener\"><strong>Kurtka niemowl\u0119ca dla dziewczynki<\/strong><\/a> to nie tylko ochrona przed ch\u0142odem, ale tak\u017ce modny element garderoby. Delikatny r\u00f3\u017cowy kolor, urocze uszy na kapturze oraz wygodne kieszonki sprawiaj\u0105, \u017ce kurtka niemowl\u0119ca jest zar\u00f3wno funkcjonalna, jak i estetyczna. Zapi\u0119cie na suwak umo\u017cliwia szybkie i \u0142atwe ubieranie, co jest niezwykle wa\u017cne podczas codziennych aktywno\u015bci maluszka. Kurtka jest lekka, a jednocze\u015bnie skutecznie chroni przed wiatrem i ch\u0142odem, dzi\u0119ki czemu Twoje dziecko b\u0119dzie czu\u0142o si\u0119 komfortowo podczas spacer\u00f3w, bez wzgl\u0119du na pogod\u0119.<\/p>\n<p data-pm-slice=\"1 1 []\">Tak kurtka niemowl\u0119ca dla dziewczynki z dresikiem to doskona\u0142e ubranko niemowl\u0119ce do \u017c\u0142obka czy przedszkola.<\/p>\n<h2 data-pm-slice=\"1 1 []\"><strong>Sprawd\u017a inne kurtki niemowl\u0119ce w sklepie <\/strong><a href=\"https:\/\/mama-niemowlaka.pl\" target=\"_blank\" rel=\"noopener\"><strong>mama-niemowlaka.pl<\/strong><\/a><\/h2>\n<p data-pm-slice=\"1 1 []\">Je\u015bli szukasz wi\u0119cej propozycji na ch\u0142odniejsze dni, odwied\u017a nasz\u0105 kategori\u0119 <a href=\"https:\/\/mama-niemowlaka.pl\/sklep\/t\/kurtki-niemowlece\/\" target=\"_blank\" rel=\"noopener\"><strong>kurtki niemowl\u0119ce<\/strong><\/a>. Znajdziesz tam szeroki wyb\u00f3r kurtek, kt\u00f3re zapewni\u0105 ciep\u0142o i wygod\u0119 Twojemu maluszkowi, jednocze\u015bnie dbaj\u0105c o modny wygl\u0105d. Ka\u017cda kurtka niemowl\u0119ca dla dziewczynek dost\u0119pna w naszej ofercie zosta\u0142a starannie wyselekcjonowana, aby sprosta\u0107 najwy\u017cszym wymaganiom rodzic\u00f3w.<\/p>\n<p>Ten zestaw to doskona\u0142y wyb\u00f3r dla ka\u017cdego rodzica, kt\u00f3ry chce, aby jego dziecko czu\u0142o si\u0119 komfortowo i wygl\u0105da\u0142o stylowo. Dzi\u0119ki wysokiej jako\u015bci materia\u0142om, kurtka niemowl\u0119ca dla dziewczynki oraz dresik niemowl\u0119cy gwarantuj\u0105 komfort noszenia, a jednocze\u015bnie s\u0105 trwa\u0142e i \u0142atwe w piel\u0119gnacji.<\/p>\n","protected":false},"excerpt":{"rendered":"<p data-pm-slice=\"1 1 []\">Ten uroczy zestaw, sk\u0142adaj\u0105cy si\u0119 z <a href=\"https:\/\/mama-niemowlaka.pl\/sklep\/produkt\/ubranka-niemowlece\/okrycia-wierzchnie\/kurtka-niemowleca-dla-dziewczynki-mis\/\" target=\"_blank\" rel=\"noopener\"><strong>kurtki niemowl\u0119cej dla dziewczynki<\/strong><\/a> i dresiku, to idealny wyb\u00f3r na ch\u0142odniejsze dni. Kurtka przej\u015bciowa niemowl\u0119ca w delikatnym r\u00f3\u017cowym kolorze z uroczymi uszami na kapturze zapewnia komfort i ciep\u0142o, a dresik z motywem misia dodaje ca\u0142o\u015bci uroku i stylu. To must-have w garderobie ka\u017cdej ma\u0142ej dziewczynki, kt\u00f3ry sprawdzi si\u0119 zar\u00f3wno na spacerze, jak i podczas codziennych zabaw.<\/p>\n<p>Kurtka niemowl\u0119ca dost\u0119pna jest czterech rozmiarach: 74, 80, 86 i 92.<\/p>\n<p>Sk\u0142ad: Kurtka dla niemowlaka: 100% poliester, dres dla niemowlaka dziewczynki: 100% bawe\u0142na<\/p>\n","protected":false},"featured_media":15979,"template":"","meta":[],"product_brand":[],"product_cat":[217,136,122,57],"product_tag":[118,214,152,237,351,360,180],"class_list":{"0":"post-15983","1":"product","2":"type-product","3":"status-publish","4":"has-post-thumbnail","6":"product_cat-okrycia-wierzchnie","7":"product_cat-dres-dla-niemowlaka","8":"product_cat-komplet-niemowlecy","9":"product_cat-ubranka-niemowlece","10":"product_tag-bawelna","11":"product_tag-bestseller","12":"product_tag-ubranka-dla-niemowlat-dziewczynek","13":"product_tag-dresik-dla-dziewczynki","14":"product_tag-komplety-niemowlece-dla-dziewczynki","15":"product_tag-kurtki-niemowlece","16":"product_tag-nowosc","17":"product_shipping_class-lekka","18":"pa_rozmiar-314","19":"pa_rozmiar-315","20":"pa_rozmiar-316","21":"pa_rozmiar-317","23":"first","24":"outofstock","25":"taxable","26":"shipping-taxable","27":"product-type-variable","28":"has-default-attributes","29":"wvs-archive-product-wrapper"},"_links":{"self":[{"href":"https:\/\/mama-niemowlaka.pl\/sklep\/wp-json\/wp\/v2\/product\/15983","targetHints":{"allow":["GET"]}}],"collection":[{"href":"https:\/\/mama-niemowlaka.pl\/sklep\/wp-json\/wp\/v2\/product"}],"about":[{"href":"https:\/\/mama-niemowlaka.pl\/sklep\/wp-json\/wp\/v2\/types\/product"}],"wp:featuredmedia":[{"embeddable":true,"href":"https:\/\/mama-niemowlaka.pl\/sklep\/wp-json\/wp\/v2\/media\/15979"}],"wp:attachment":[{"href":"https:\/\/mama-niemowlaka.pl\/sklep\/wp-json\/wp\/v2\/media?parent=15983"}],"wp:term":[{"taxonomy":"product_brand","embeddable":true,"href":"https:\/\/mama-niemowlaka.pl\/sklep\/wp-json\/wp\/v2\/product_brand?post=15983"},{"taxonomy":"product_cat","embeddable":true,"href":"https:\/\/mama-niemowlaka.pl\/sklep\/wp-json\/wp\/v2\/product_cat?post=15983"},{"taxonomy":"product_tag","embeddable":true,"href":"https:\/\/mama-niemowlaka.pl\/sklep\/wp-json\/wp\/v2\/product_tag?post=15983"}],"curies":[{"name":"wp","href":"https:\/\/api.w.org\/{rel}","templated":true}]}}