{"id":16147,"date":"2025-02-10T23:12:31","date_gmt":"2025-02-10T22:12:31","guid":{"rendered":"https:\/\/mama-niemowlaka.pl\/sklep\/?post_type=product&#038;p=16147"},"modified":"2026-03-17T14:06:56","modified_gmt":"2026-03-17T13:06:56","slug":"komplet-niemowlecy-dla-chlopca","status":"publish","type":"product","link":"https:\/\/mama-niemowlaka.pl\/sklep\/produkt\/ubranka-niemowlece\/dres-dla-niemowlaka\/komplet-niemowlecy-dla-chlopca\/","title":{"rendered":"Komplet niemowl\u0119cy dla ch\u0142opca &#8211; bluza, spodnie i czapka"},"content":{"rendered":"<h2 data-pm-slice=\"1 1 []\">Komplet niemowl\u0119cy dla ch\u0142opca<\/h2>\n<p data-pm-slice=\"1 1 []\"><a href=\"https:\/\/mama-niemowlaka.pl\/sklep\/produkt\/ubranka-niemowlece\/komplet-niemowlecy\/komplet-dla-niemowlaka-chlopca-granatowy\/\" target=\"_blank\" rel=\"noopener\"><strong>Komplet niemowl\u0119cy dla ch\u0142opca<\/strong><\/a> to idealna opcja dla mam, kt\u00f3re poszukuj\u0105 wygodnego i stylowego ubrania dla swojego malucha. <a href=\"https:\/\/mama-niemowlaka.pl\/sklep\/c\/ubranka-niemowlece\/komplet-niemowlecy\/\" target=\"_blank\" rel=\"noopener\"><strong>Komplet ubranek<\/strong><\/a> sk\u0142ada si\u0119 z trzech cz\u0119\u015bci: granatowej czapki, bluzy niemowl\u0119cej i spodni niemowl\u0119cych. Bluza posiada urocze granatowe paski, d\u0142ugie r\u0119kawy. D\u00f3\u0142 bluzy oraz r\u0119kawy zosta\u0142y wyko\u0144czone nieuciskaj\u0105cymi \u015bci\u0105gaczami, co gwarantuje jeszcze wi\u0119ksz\u0105 wygod\u0119 dla dziecka. Spodnie wykonane s\u0105 z mi\u0119kkiej dzianiny bawe\u0142nianej, zapewniaj\u0105c maksymalny komfort noszenia. W pasie spodni znajduje si\u0119 bezuciskowa guma, a d\u00f3\u0142 spodni zosta\u0142 wyko\u0144czony wygodnymi \u015bci\u0105gaczami, kt\u00f3re rosn\u0105 razem z dzieckiem. <a href=\"https:\/\/mama-niemowlaka.pl\/sklep\/c\/ubranka-niemowlece\/komplet-niemowlecy\/\" target=\"_blank\" rel=\"noopener\"><strong>Komplet niemowl\u0119cy<\/strong><\/a> wykonany jest ze 100% bawe\u0142ny, co sprawia, \u017ce jest przyjemny w dotyku i przewiewny.<\/p>\n<p data-pm-slice=\"1 1 []\">Ten <a href=\"https:\/\/mama-niemowlaka.pl\/sklep\/produkt\/ubranka-niemowlece\/komplet-niemowlecy\/komplet-dla-niemowlaka-chlopca-granatowy\/\" target=\"_blank\" rel=\"noopener\"><strong>komplet niemowl\u0119cy dla ch\u0142opca<\/strong><\/a> \u015bwietnie sprawdzi si\u0119 jako codzienny str\u00f3j dla Twojego maluszka. To r\u00f3wnie\u017c odpowiednie ubranko na prezent.<\/p>\n<h2 data-pm-slice=\"1 1 []\"><strong>Jaki komplet niemowl\u0119cy warto kupi\u0107? Wybierz zestaw ubranek w sklepie <\/strong><a href=\"https:\/\/mama-niemowlaka.pl\/sklep\/\" target=\"_blank\" rel=\"noopener\"><strong>mama-niemowlaka.pl<\/strong><\/a><\/h2>\n<p data-pm-slice=\"1 1 []\">W sklepie <a href=\"https:\/\/mama-niemowlaka.pl\/sklep\/\" target=\"_blank\" rel=\"noopener\"><strong>mama-niemowlaka.pl<\/strong><\/a> znajdziesz komfortowe i wygodne ubranka dla maluszka. Szukaj\u0105c <a href=\"https:\/\/mama-niemowlaka.pl\/sklep\/\" target=\"_blank\" rel=\"noopener\"><strong>ubranek dla niemowlaka<\/strong><\/a>, mamy mo\u017cliwo\u015b\u0107 zakupu zar\u00f3wno pojedynczych element\u00f3w, jak i gotowych zestaw\u00f3w. W kategorii <a href=\"https:\/\/mama-niemowlaka.pl\/sklep\/c\/ubranka-niemowlece\/komplet-niemowlecy\/\" target=\"_blank\" rel=\"noopener\"><strong>Komplety niemowl\u0119ce<\/strong><\/a> znajdziesz <a href=\"https:\/\/mama-niemowlaka.pl\/sklep\/t\/ubranka-dla-niemowlat-dziewczynek\/\" target=\"_blank\" rel=\"noopener\"><strong>ubranka dla niemowl\u0105t dziewczynek<\/strong><\/a> oraz komplety niemowl\u0119ce ch\u0142opi\u0119ce a tak\u017ce <a href=\"https:\/\/mama-niemowlaka.pl\/sklep\/c\/ubranka-niemowlece\/eleganckie-ubranka-dla-niemowlaka\/\" target=\"_blank\" rel=\"noopener\"><strong>eleganckie ubranka niemowl\u0119ce<\/strong><\/a>. Odwied\u017a nasz sklep internetowy <a href=\"https:\/\/mama-niemowlaka.pl\/sklep\/\" target=\"_blank\" rel=\"noopener\"><strong>mama-niemowlaka.pl<\/strong><\/a>, gdzie znajdziesz szeroki wyb\u00f3r najwy\u017cszej jako\u015bci <a href=\"https:\/\/mama-niemowlaka.pl\/sklep\/ubranka-niemowlece\/\" target=\"_blank\" rel=\"noopener\"><strong>ubranek niemowl\u0119cych<\/strong><\/a>. Gwarantujemy wysy\u0142k\u0119 zam\u00f3wienia w ci\u0105gu 48 godzin oraz darmow\u0105 wymian\u0119 towaru lub mo\u017cliwo\u015b\u0107 zwrotu w ci\u0105gu 14 dni. Co wi\u0119cej, je\u015bli zam\u00f3wisz za minimum 249 PLN, dostawa b\u0119dzie ca\u0142kowicie darmowa.<\/p>\n<p data-pm-slice=\"1 1 []\">Skorzystaj teraz z naszych us\u0142ug i sprawd\u017a nasz\u0105 ofert\u0119 <a href=\"https:\/\/mama-niemowlaka.pl\/sklep\/\" target=\"_blank\" rel=\"noopener\"><strong>ubranek dla niemowlaka<\/strong><\/a> ju\u017c dzi\u015b! Wybierz wygodne dzieci\u0119ce ubrania odpowiednie dla delikatnej sk\u00f3ry dziecka. Sprawd\u017a nasze <a href=\"https:\/\/mama-niemowlaka.pl\/sklep\/c\/ubranka-niemowlece\/komplet-niemowlecy\/\" target=\"_blank\" rel=\"noopener\"><strong>gotowe zestawy ubranek dla niemowl\u0105t<\/strong><\/a> i kup urocze komplety ubranek dla swojego maluszka.<\/p>\n","protected":false},"excerpt":{"rendered":"<p data-pm-slice=\"1 1 []\"><a href=\"https:\/\/mama-niemowlaka.pl\/sklep\/produkt\/ubranka-niemowlece\/komplet-niemowlecy\/komplet-dla-niemowlaka-chlopca-granatowy\/\" target=\"_blank\" rel=\"noopener\"><strong>Komplet niemowl\u0119cy dla ch\u0142opca<\/strong><\/a> &#8211; bluza i spodnie to idealny wyb\u00f3r dla Twojego maluszka. Ten trzycz\u0119\u015bciowy zestaw sk\u0142ada si\u0119 z granatowej czapki, uroczej bluzy niemowl\u0119cej i komfortowych spodni niemowl\u0119cych. Nasze ubranka s\u0105 nie tylko urocze, ale tak\u017ce praktyczne i wygodne dla Twojego dziecka. Wykonane ze 100% bawe\u0142ny gwarantuj\u0105 wysok\u0105 jako\u015b\u0107 materia\u0142u. Zam\u00f3w teraz ten uroczy <a href=\"https:\/\/mama-niemowlaka.pl\/sklep\/c\/ubranka-niemowlece\/komplet-niemowlecy\/\" target=\"_blank\" rel=\"noopener\"><strong>komplet niemowl\u0119cy<\/strong><\/a> dla swojego ch\u0142opca<\/p>\n<p><a href=\"https:\/\/mama-niemowlaka.pl\/sklep\/produkt\/ubranka-niemowlece\/komplet-niemowlecy\/komplet-dla-niemowlaka-chlopca-granatowy\/\" target=\"_blank\" rel=\"noopener\"><strong>Komplet dla niemowlaka ch\u0142opca<\/strong><\/a> dost\u0119pny jest w czterech rozmiarach: 74, 80, 86 i 92.<br \/>\nGranatowa czapka jest dodadkiem do rozmiar\u00f3w 74 i 80.<\/p>\n<p>Sk\u0142ad: 95% bawe\u0142na, 5% elastan<\/p>\n<p>Kraj produkcji: Turcja<\/p>\n","protected":false},"featured_media":20067,"template":"","meta":[],"product_brand":[],"product_cat":[136,122,57],"product_tag":[118,145,239,352,180],"class_list":{"0":"post-16147","1":"product","2":"type-product","3":"status-publish","4":"has-post-thumbnail","6":"product_cat-dres-dla-niemowlaka","7":"product_cat-komplet-niemowlecy","8":"product_cat-ubranka-niemowlece","9":"product_tag-bawelna","10":"product_tag-ubranka-dla-niemowlat-chlopca","11":"product_tag-dresik-dla-chlopca","12":"product_tag-komplety-niemowlece-dla-chlopca","13":"product_tag-nowosc","14":"product_shipping_class-lekka","15":"pa_rozmiar-314","16":"pa_rozmiar-315","17":"pa_rozmiar-316","18":"pa_rozmiar-317","20":"first","21":"instock","22":"taxable","23":"shipping-taxable","24":"purchasable","25":"product-type-variable","26":"has-default-attributes","27":"wvs-archive-product-wrapper"},"_links":{"self":[{"href":"https:\/\/mama-niemowlaka.pl\/sklep\/wp-json\/wp\/v2\/product\/16147","targetHints":{"allow":["GET"]}}],"collection":[{"href":"https:\/\/mama-niemowlaka.pl\/sklep\/wp-json\/wp\/v2\/product"}],"about":[{"href":"https:\/\/mama-niemowlaka.pl\/sklep\/wp-json\/wp\/v2\/types\/product"}],"wp:featuredmedia":[{"embeddable":true,"href":"https:\/\/mama-niemowlaka.pl\/sklep\/wp-json\/wp\/v2\/media\/20067"}],"wp:attachment":[{"href":"https:\/\/mama-niemowlaka.pl\/sklep\/wp-json\/wp\/v2\/media?parent=16147"}],"wp:term":[{"taxonomy":"product_brand","embeddable":true,"href":"https:\/\/mama-niemowlaka.pl\/sklep\/wp-json\/wp\/v2\/product_brand?post=16147"},{"taxonomy":"product_cat","embeddable":true,"href":"https:\/\/mama-niemowlaka.pl\/sklep\/wp-json\/wp\/v2\/product_cat?post=16147"},{"taxonomy":"product_tag","embeddable":true,"href":"https:\/\/mama-niemowlaka.pl\/sklep\/wp-json\/wp\/v2\/product_tag?post=16147"}],"curies":[{"name":"wp","href":"https:\/\/api.w.org\/{rel}","templated":true}]}}